{"id":11224,"date":"2021-03-23T11:46:01","date_gmt":"2021-03-23T11:46:01","guid":{"rendered":"https:\/\/envasadoxiomara.com\/?page_id=11224"},"modified":"2022-03-04T10:06:55","modified_gmt":"2022-03-04T10:06:55","slug":"herstellung-von-aerosolen","status":"publish","type":"page","link":"https:\/\/envasadoxiomara.com\/de\/herstellung-von-aerosolen\/","title":{"rendered":"Landing"},"content":{"rendered":"<div class=\"wpb-content-wrapper\"><p>[vc_row full_width=&#8221;stretch_row_content&#8221; equal_height=&#8221;yes&#8221; content_placement=&#8221;middle&#8221;][vc_column width=&#8221;1\/3&#8243; css=&#8221;.vc_custom_1617201010913{padding-left: 3% !important;}&#8221;][vc_column_text]<\/p>\n<h1><span style=\"color: #ed3724;\">ENTWICKLUNG UND HERSTELLUNG VON AEROSOLEN<\/span><\/h1>\n<p>&nbsp;<\/p>\n<div>\n<p style=\"font-size: 22px;\">F\u00fchrende Gruppe in Herstellung, Marketing und Vertrieb von Reinigungs-, Hygiene-, Parf\u00fcmerie-, Automobil- und Drogerieprodukten.<\/p>\n<\/div>\n<p>[\/vc_column_text][vc_row_inner][vc_column_inner width=&#8221;1\/2&#8243;][vc_btn title=&#8221;Produkte ansehen&#8221; style=&#8221;custom&#8221; custom_background=&#8221;#ed3724&#8243; custom_text=&#8221;#ffffff&#8221; shape=&#8221;square&#8221; align=&#8221;left&#8221; link=&#8221;url:%2Fde%2Fherstellung-von-aerosolen%2F%23productos|title:Produkte%20ansehen||&#8221;][\/vc_column_inner][vc_column_inner width=&#8221;1\/2&#8243;][vc_btn title=&#8221;Angebot anfordern&#8221; style=&#8221;custom&#8221; custom_background=&#8221;#ed3724&#8243; custom_text=&#8221;#ffffff&#8221; shape=&#8221;square&#8221; align=&#8221;left&#8221; link=&#8221;url:%2Fde%2Fherstellung-von-aerosolen%2F%23formulario|title:Angebot%20anfordern||&#8221;][\/vc_column_inner][\/vc_row_inner][\/vc_column][vc_column width=&#8221;2\/3&#8243; css=&#8221;.vc_custom_1646379058904{padding-top: 30% !important;padding-bottom: 30% !important;background-image: url(https:\/\/envasadoxiomara.com\/wp-content\/uploads\/2022\/03\/aerosoles.jpg?id=23567) !important;background-position: center !important;background-repeat: no-repeat !important;background-size: cover !important;}&#8221;][\/vc_column][\/vc_row][vc_row css=&#8221;.vc_custom_1617201840041{margin-top: 6% !important;}&#8221;][vc_column width=&#8221;1\/2&#8243;]<div class=\"fancy_heading fancy_heading_icon\"><div class=\"fh-top\"><\/div><h2 class=\"title\">Effiziente F&amp;E und Innovation<\/h2><\/div>\n[vc_column_text]Gro\u00dfes Team von Pharmazeuten und Chemikern, die sich der Forschung und Entwicklung widmen<\/p>\n<p>Den Kundenbed\u00fcrfnissen immer einen Schritt voraus.<\/p>\n<p>Immer die perfekte Formel, um innovativ zu sein, ohne teurer zu werden.[\/vc_column_text][vc_btn title=&#8221;Angebot anfordern&#8221; style=&#8221;custom&#8221; custom_background=&#8221;#ed3724&#8243; custom_text=&#8221;#ffffff&#8221; shape=&#8221;square&#8221; align=&#8221;left&#8221; link=&#8221;url:%2Fde%2Fherstellung-von-aerosolen%2F%23formulario|title:Angebot%20anfordern||&#8221;][\/vc_column][vc_column width=&#8221;1\/2&#8243;][vc_single_image image=&#8221;13239&#8243; img_size=&#8221;full&#8221;][\/vc_column][\/vc_row][vc_row css=&#8221;.vc_custom_1617201834296{margin-top: 3% !important;}&#8221;][vc_column width=&#8221;1\/4&#8243;]<div class=\"hover_box\"><a href=\"\/de\/categoria-producto\/party-de\/\"  title=\"\"><div class=\"hover_box_wrapper\"><img loading=\"lazy\" decoding=\"async\" class=\"scale-with-grid visible_photo\" src=\"https:\/\/envasadoxiomara.com\/wp-content\/uploads\/2020\/07\/FIesta-gris-de.png\" alt=\"FIesta-gris-de\" width=\"200\" height=\"200\"\/><img loading=\"lazy\" decoding=\"async\" class=\"scale-with-grid hidden_photo\" src=\"https:\/\/envasadoxiomara.com\/wp-content\/uploads\/2020\/07\/fiesta-de.png\" alt=\"fiesta-de\" width=\"200\" height=\"200\"\/><\/div><\/a><\/div>\n[vc_column_text]Wir sind Spezialisten f\u00fcr die Herstellung und Abf\u00fcllung von Party-, Halloween- und Weihnachtsprodukten.[\/vc_column_text]<div class=\"hover_box\"><a href=\"\/de\/categoria-producto\/automobil-und-diy\/\"  title=\"\"><div class=\"hover_box_wrapper\"><img loading=\"lazy\" decoding=\"async\" class=\"scale-with-grid visible_photo\" src=\"https:\/\/envasadoxiomara.com\/wp-content\/uploads\/2022\/03\/automobil-r-e1646388468766.png\" alt=\"automobil\" width=\"200\" height=\"200\"\/><img loading=\"lazy\" decoding=\"async\" class=\"scale-with-grid hidden_photo\" src=\"https:\/\/envasadoxiomara.com\/wp-content\/uploads\/2022\/03\/automobil-g-e1646388485424.png\" alt=\"automobil\" width=\"200\" height=\"200\"\/><\/div><\/a><\/div>\n[vc_column_text]Wir sind Spezialisten f\u00fcr die Herstellung und Abf\u00fcllung von Automobil- und DIY-Produkten.[\/vc_column_text][\/vc_column][vc_column width=&#8221;1\/4&#8243;]<div class=\"hover_box\"><a href=\"\/de\/categoria-producto\/drogerie-und-reinigung\/\"  title=\"\"><div class=\"hover_box_wrapper\"><img loading=\"lazy\" decoding=\"async\" class=\"scale-with-grid visible_photo\" src=\"https:\/\/envasadoxiomara.com\/wp-content\/uploads\/2020\/07\/drogueria-gris-de.png\" alt=\"drogueria-gris-de\" width=\"200\" height=\"200\"\/><img loading=\"lazy\" decoding=\"async\" class=\"scale-with-grid hidden_photo\" src=\"https:\/\/envasadoxiomara.com\/wp-content\/uploads\/2020\/07\/drogueria-de.png\" alt=\"drogueria-de\" width=\"200\" height=\"200\"\/><\/div><\/a><\/div>\n[vc_column_text]Wir sind Spezialisten f\u00fcr die Herstellung und Abf\u00fcllung von Drogerieprodukten, Reinigungsmitteln und Lufterfrischern.[\/vc_column_text]<div class=\"hover_box\"><a href=\"\/de\/envasados-a-terceros\/\"  title=\"\"><div class=\"hover_box_wrapper\"><img loading=\"lazy\" decoding=\"async\" class=\"scale-with-grid visible_photo\" src=\"https:\/\/envasadoxiomara.com\/wp-content\/uploads\/2020\/07\/envasado-terceros-gris-de.png\" alt=\"envasado-terceros-gris-de\" width=\"200\" height=\"200\"\/><img loading=\"lazy\" decoding=\"async\" class=\"scale-with-grid hidden_photo\" src=\"https:\/\/envasadoxiomara.com\/wp-content\/uploads\/2020\/07\/envasado-terceros-de.png\" alt=\"envasado-terceros-de\" width=\"200\" height=\"200\"\/><\/div><\/a><\/div>\n[vc_column_text]Wir sind Spezialisten f\u00fcr die Herstellung und Abf\u00fcllung von kosmetischen Produkten.[\/vc_column_text][\/vc_column][vc_column width=&#8221;1\/2&#8243;]<div class=\"fancy_heading fancy_heading_icon\"><div class=\"fh-top\"><\/div><h2 class=\"title\">F\u00fchrend in der Aerosolherstellung<\/h2><div class=\"inside\">Kompletter Aerosol-Prozess<\/div><\/div>\n[vc_column_text]360\u00b0 Solutions: Entwicklung, Design, Herstellung, Abf\u00fcllung, Beratung und, <span style=\"font-weight: 400;\">Qualit\u00e4tskontrolle f\u00fcr Aerosole f\u00fcr Kosmetik-, Hygiene-, Party-, Automobil-<\/span>, und <span style=\"font-weight: 400;\">DIY-Produkte in verschiedenen Formaten.<\/span>[\/vc_column_text][vc_btn title=&#8221;Angebot anfordern&#8221; style=&#8221;custom&#8221; custom_background=&#8221;#ed3724&#8243; custom_text=&#8221;#ffffff&#8221; shape=&#8221;square&#8221; align=&#8221;left&#8221; link=&#8221;url:%2Fde%2Fherstellung-von-aerosolen%2F%23formulario|title:Angebot%20anfordern||&#8221;][\/vc_column][\/vc_row][vc_row css=&#8221;.vc_custom_1622712965008{margin-top: 3% !important;}&#8221; el_id=&#8221;productos&#8221;][vc_column]<div class=\"fancy_heading fancy_heading_icon\"><div class=\"fh-top\"><\/div><h2 class=\"title\">Spezialisten f\u00fcr Aerosole f\u00fcr Dritte<\/h2><\/div>\n[\/vc_column][\/vc_row][vc_row css=&#8221;.vc_custom_1617201820809{margin-top: 3% !important;}&#8221;][vc_column width=&#8221;1\/2&#8243;][vc_single_image image=&#8221;13479&#8243; img_size=&#8221;full&#8221;][\/vc_column][vc_column width=&#8221;1\/2&#8243;]<div class=\"fancy_heading fancy_heading_icon\"><div class=\"fh-top\"><\/div><h2 class=\"title\">Party-Sprays<\/h2><\/div>\n[vc_column_text]Wir sind Spezialisten f\u00fcr die Herstellung und Abf\u00fcllung von Partysprays.[\/vc_column_text][vc_separator]<div class=\"infobox\" ><div class=\"infobox_wrapper\"><span class=\"ib-desc\"><\/p>\n<ul>\n<li>Karosserie-Party<\/li>\n<li>Party-Dekorationen<\/li>\n<li>Party-Haar<\/li>\n<\/ul>\n<p><\/span><\/div><\/div>\n[vc_btn title=&#8221;Angebot anfordern&#8221; style=&#8221;custom&#8221; custom_background=&#8221;#ed3724&#8243; custom_text=&#8221;#ffffff&#8221; shape=&#8221;square&#8221; align=&#8221;left&#8221; link=&#8221;url:%2Fde%2Fherstellung-von-aerosolen%2F%23formulario|title:Angebot%20anfordern||&#8221;][\/vc_column][\/vc_row][vc_row css=&#8221;.vc_custom_1617201815211{margin-top: 3% !important;}&#8221;][vc_column width=&#8221;1\/2&#8243;]<div class=\"fancy_heading fancy_heading_icon\"><div class=\"fh-top\"><\/div><h2 class=\"title\">Aerosole f\u00fcr Drogerie und Reinigung<\/h2><\/div>\n[vc_column_text]<span style=\"font-weight: 400;\">Wir sind Spezialisiten f\u00fcr<\/span>\u00a0die Herstellung und Abf\u00fcllung von Drogerie- und Reinigungsprodukten.[\/vc_column_text][vc_separator]<div class=\"infobox\" ><div class=\"infobox_wrapper\"><span class=\"ib-desc\"><\/p>\n<ul>\n<li>Lufterfrischer<\/li>\n<li>Haushaltsreiniger<\/li>\n<li>Geschirrsp\u00fcler<\/li>\n<\/ul>\n<p><\/span><\/div><\/div>\n[vc_btn title=&#8221;Angebot anfordern&#8221; style=&#8221;custom&#8221; custom_background=&#8221;#ed3724&#8243; custom_text=&#8221;#ffffff&#8221; shape=&#8221;square&#8221; align=&#8221;left&#8221; link=&#8221;url:%2Fde%2Fherstellung-von-aerosolen%2F%23formulario|title:Angebot%20anfordern||&#8221;][\/vc_column][vc_column width=&#8221;1\/2&#8243;][vc_single_image image=&#8221;13499&#8243; img_size=&#8221;full&#8221;][\/vc_column][\/vc_row][vc_row css=&#8221;.vc_custom_1617201808313{margin-top: 3% !important;}&#8221;][vc_column width=&#8221;1\/2&#8243;][vc_single_image image=&#8221;13495&#8243; img_size=&#8221;full&#8221;][\/vc_column][vc_column width=&#8221;1\/2&#8243;]<div class=\"fancy_heading fancy_heading_icon\"><div class=\"fh-top\"><\/div><h2 class=\"title\">Automobil-Aerosole<\/h2><\/div>\n[vc_column_text]<span style=\"font-weight: 400;\">Wir sind Spezialisten<\/span> f\u00fcr die Herstellung und Abf\u00fcllung von Aerosolen f\u00fcr Automobil-, Heimwerker- und Garten<span style=\"font-weight: 400;\">produkte<\/span> und Haushaltsreiniger.[\/vc_column_text][vc_separator]<div class=\"infobox\" ><div class=\"infobox_wrapper\"><span class=\"ib-desc\"><\/p>\n<ul>\n<li>Automobil produkte<\/li>\n<li>Heimwerken und Gartenarbeit<\/li>\n<li>Haushaltsreiniger<\/li>\n<\/ul>\n<p><\/span><\/div><\/div>\n[vc_btn title=&#8221;Angebot anfordern&#8221; style=&#8221;custom&#8221; custom_background=&#8221;#ed3724&#8243; custom_text=&#8221;#ffffff&#8221; shape=&#8221;square&#8221; align=&#8221;left&#8221; link=&#8221;url:%2Fde%2Fherstellung-von-aerosolen%2F%23formulario|title:Angebot%20anfordern||&#8221;][\/vc_column][\/vc_row][vc_row css=&#8221;.vc_custom_1617201801668{margin-top: 3% !important;}&#8221;][vc_column width=&#8221;1\/2&#8243;]<div class=\"fancy_heading fancy_heading_icon\"><div class=\"fh-top\"><\/div><h2 class=\"title\">Kosmetische Sprays<\/h2><\/div>\n[vc_column_text]<span style=\"font-weight: 400;\">Wir sind <\/span>Spezialisten f\u00fcr die Herstellung und Abf\u00fcllung von kosmetischen Aerosolen[\/vc_column_text][vc_separator]<div class=\"infobox\" ><div class=\"infobox_wrapper\"><span class=\"ib-desc\"><\/p>\n<ul>\n<li>K\u00f6rperkosmetik<\/li>\n<li>Sonnenschutz<\/li>\n<li>K\u00f6lnischwasser und Parf\u00fcm<\/li>\n<li>Gesichtskosmetik<\/li>\n<li>Rasierprodukte<\/li>\n<\/ul>\n<p><\/span><\/div><\/div>\n[vc_btn title=&#8221;Angebot anfordern&#8221; style=&#8221;custom&#8221; custom_background=&#8221;#ed3724&#8243; custom_text=&#8221;#ffffff&#8221; shape=&#8221;square&#8221; align=&#8221;left&#8221; link=&#8221;url:%2Fde%2Fherstellung-von-aerosolen%2F%23formulario|title:Angebot%20anfordern||&#8221;][\/vc_column][vc_column width=&#8221;1\/2&#8243;][vc_single_image image=&#8221;13504&#8243; img_size=&#8221;full&#8221; alignment=&#8221;right&#8221;][\/vc_column][\/vc_row][vc_row css=&#8221;.vc_custom_1617201792544{margin-top: 3% !important;}&#8221;][vc_column][vc_separator]<div class=\"fancy_heading fancy_heading_icon\"><div class=\"fh-top\"><\/div><h2 class=\"title\">Wir halten uns an die strengsten Vorschriften der Europ\u00e4ischen Union<\/h2><div class=\"inside\">Wir garantieren die Qualit\u00e4t unserer Produkte und Dienstleistungen, sowie die Sicherheit aller unserer Produktionsprozesse.<br \/>\nDas zeigen die folgenden Zertifikate und Akkreditierungen, die verschiedenen Unternehmen der RGC-Gruppe erhalten haben.<br \/>\n.<\/div><\/div>\n[vc_row_inner css=&#8221;.vc_custom_1617201786264{margin-top: 2% !important;}&#8221;][vc_column_inner][vc_images_carousel images=&#8221;13249,13253,13257,13261,13265,13269,13273,13277,13281&#8243; img_size=&#8221;full&#8221; slides_per_view=&#8221;4&#8243; autoplay=&#8221;yes&#8221;][\/vc_column_inner][\/vc_row_inner][\/vc_column][\/vc_row][vc_row el_id=&#8221;formulario&#8221; css=&#8221;.vc_custom_1617707444771{margin-top: 3% !important;margin-bottom: 2% !important;padding-top: 3% !important;padding-right: 3% !important;padding-bottom: 3% !important;padding-left: 3% !important;border-radius: 3px !important;}&#8221;][vc_column css=&#8221;.vc_custom_1617706650641{padding-top: 2% !important;padding-right: 2% !important;padding-bottom: 2% !important;padding-left: 2% !important;background-color: #f2f2f2 !important;border-radius: 3px !important;}&#8221;][vc_column_text]<\/p>\n<h2 style=\"text-align: center;\"><span style=\"color: #ed3724;\">Angebot anfordern<\/span><\/h2>\n<p>[\/vc_column_text]\n<div class=\"wpcf7 no-js\" id=\"wpcf7-f11275-o1\" lang=\"de-DE\" dir=\"ltr\" data-wpcf7-id=\"11275\">\n<div class=\"screen-reader-response\"><p role=\"status\" aria-live=\"polite\" aria-atomic=\"true\"><\/p> <ul><\/ul><\/div>\n<form action=\"\/de\/wp-json\/wp\/v2\/pages\/11224#wpcf7-f11275-o1\" method=\"post\" class=\"wpcf7-form init\" aria-label=\"Contact form\" novalidate=\"novalidate\" data-status=\"init\">\n<div style=\"display: none;\">\n<input type=\"hidden\" name=\"_wpcf7\" value=\"11275\" \/>\n<input type=\"hidden\" name=\"_wpcf7_version\" value=\"6.0.6\" \/>\n<input type=\"hidden\" name=\"_wpcf7_locale\" value=\"de_DE\" \/>\n<input type=\"hidden\" name=\"_wpcf7_unit_tag\" value=\"wpcf7-f11275-o1\" \/>\n<input type=\"hidden\" name=\"_wpcf7_container_post\" value=\"0\" \/>\n<input type=\"hidden\" name=\"_wpcf7_posted_data_hash\" value=\"\" \/>\n<input type=\"hidden\" name=\"_wpcf7cf_hidden_group_fields\" value=\"[]\" \/>\n<input type=\"hidden\" name=\"_wpcf7cf_hidden_groups\" value=\"[]\" \/>\n<input type=\"hidden\" name=\"_wpcf7cf_visible_groups\" value=\"[]\" \/>\n<input type=\"hidden\" name=\"_wpcf7cf_repeaters\" value=\"[]\" \/>\n<input type=\"hidden\" name=\"_wpcf7cf_steps\" value=\"{}\" \/>\n<input type=\"hidden\" name=\"_wpcf7cf_options\" value=\"{&quot;form_id&quot;:11275,&quot;conditions&quot;:[],&quot;settings&quot;:{&quot;animation&quot;:&quot;yes&quot;,&quot;animation_intime&quot;:200,&quot;animation_outtime&quot;:200,&quot;conditions_ui&quot;:&quot;normal&quot;,&quot;notice_dismissed&quot;:false,&quot;notice_dismissed_update-cf7-5.9.4&quot;:true,&quot;notice_dismissed_update-cf7-6.0.5&quot;:true}}\" \/>\n<\/div>\n<div class=\"column one-second\">\n\t<p><span class=\"wpcf7-form-control-wrap\" data-name=\"your-name\"><input size=\"40\" maxlength=\"400\" class=\"wpcf7-form-control wpcf7-text wpcf7-validates-as-required\" aria-required=\"true\" aria-invalid=\"false\" placeholder=\"Gespr\u00e4chspartner:\" value=\"\" type=\"text\" name=\"your-name\" \/><\/span>\n\t<\/p>\n<\/div>\n<div class=\"column one-second\">\n\t<p><span class=\"wpcf7-form-control-wrap\" data-name=\"your-email\"><input size=\"40\" maxlength=\"400\" class=\"wpcf7-form-control wpcf7-email wpcf7-validates-as-required wpcf7-text wpcf7-validates-as-email\" aria-required=\"true\" aria-invalid=\"false\" placeholder=\"Email:\" value=\"\" type=\"email\" name=\"your-email\" \/><\/span>\n\t<\/p>\n<\/div>\n<div class=\"column one-second\">\n\t<p><span class=\"wpcf7-form-control-wrap\" data-name=\"tel\"><input size=\"40\" maxlength=\"400\" class=\"wpcf7-form-control wpcf7-tel wpcf7-validates-as-required wpcf7-text wpcf7-validates-as-tel\" aria-required=\"true\" aria-invalid=\"false\" placeholder=\"Telefon:\" value=\"\" type=\"tel\" name=\"tel\" \/><\/span>\n\t<\/p>\n<\/div>\n<div class=\"column one-second\">\n\t<p><span class=\"wpcf7-form-control-wrap\" data-name=\"bussines\"><input size=\"40\" maxlength=\"400\" class=\"wpcf7-form-control wpcf7-text\" aria-invalid=\"false\" placeholder=\"Unternehmen:\" value=\"\" type=\"text\" name=\"bussines\" \/><\/span>\n\t<\/p>\n<\/div>\n<div class=\"column one\">\n\t<p><span class=\"wpcf7-form-control-wrap\" data-name=\"your-subject\"><input size=\"40\" maxlength=\"400\" class=\"wpcf7-form-control wpcf7-text\" aria-invalid=\"false\" placeholder=\"Fall\" value=\"\" type=\"text\" name=\"your-subject\" \/><\/span>\n\t<\/p>\n<\/div>\n<div class=\"column one\">\n\t<p><span class=\"wpcf7-form-control-wrap\" data-name=\"Mensaje\"><textarea cols=\"40\" rows=\"10\" maxlength=\"2000\" class=\"wpcf7-form-control wpcf7-textarea\" aria-invalid=\"false\" placeholder=\"Beschreiben Sie kurz den Grund f\u00fcr Ihre Anfrage\" name=\"Mensaje\"><\/textarea><\/span>\n\t<\/p>\n<\/div>\n<p><span class=\"wpcf7-form-control-wrap\" data-name=\"politica-privacidad\"><span class=\"wpcf7-form-control wpcf7-acceptance\"><span class=\"wpcf7-list-item\"><label><input type=\"checkbox\" name=\"politica-privacidad\" value=\"1\" aria-invalid=\"false\" \/><span class=\"wpcf7-list-item-label\">Ich habe das gelesen und akzeptiert <a href=\"\/fr\/politique-de-confidentialite\/\" target=\"_blank\">Datenschutz-Bestimmungen<\/a><\/span><\/label><\/span><\/span><\/span><br \/>\n<input class=\"wpcf7-form-control wpcf7-submit has-spinner\" type=\"submit\" value=\"Senden\" \/>\n<\/p><label id=\"apbct_label_id_71983\" class=\"apbct_special_field\"><input\n                    class=\"apbct_special_field apbct__email_id__wp_contact_form_7\"\n                    name=\"apbct_email_id__wp_contact_form_7\"\n                    type=\"text\" size=\"30\" maxlength=\"200\" autocomplete=\"off\"\n                    value=\"\"\n                \/><\/label><div class=\"wpcf7-response-output\" aria-hidden=\"true\"><\/div>\n<\/form>\n<\/div>\n[\/vc_column][\/vc_row]<\/p>\n<\/div>","protected":false},"excerpt":{"rendered":"<p>[vc_row full_width=&#8221;stretch_row_content&#8221; equal_height=&#8221;yes&#8221; content_placement=&#8221;middle&#8221;][vc_column width=&#8221;1\/3&#8243; css=&#8221;.vc_custom_1617201010913{padding-left: 3% !important;}&#8221;][vc_column_text] ENTWICKLUNG UND HERSTELLUNG VON AEROSOLEN &nbsp; F\u00fchrende Gruppe in Herstellung, Marketing und Vertrieb von Reinigungs-, Hygiene-, Parf\u00fcmerie-, Automobil-<span class=\"excerpt-hellip\"> [\u2026]<\/span><\/p>\n","protected":false},"author":5,"featured_media":0,"parent":0,"menu_order":0,"comment_status":"closed","ping_status":"closed","template":"","meta":{"footnotes":""},"class_list":["post-11224","page","type-page","status-publish","hentry"],"yoast_head":"<!-- This site is optimized with the Yoast SEO plugin v25.2 - https:\/\/yoast.com\/wordpress\/plugins\/seo\/ -->\n<title>ENTWICKLUNG UND HERSTELLUNG VON AEROSOLEN | Envasados Xiomara<\/title>\n<meta name=\"description\" content=\"Landing | Envasados Xiomara\" \/>\n<meta name=\"robots\" content=\"index, follow, max-snippet:-1, max-image-preview:large, max-video-preview:-1\" \/>\n<link rel=\"canonical\" href=\"https:\/\/envasadoxiomara.com\/de\/herstellung-von-aerosolen\/\" \/>\n<meta property=\"og:locale\" content=\"de_DE\" \/>\n<meta property=\"og:type\" content=\"article\" \/>\n<meta property=\"og:title\" content=\"ENTWICKLUNG UND HERSTELLUNG VON AEROSOLEN | Envasados Xiomara\" \/>\n<meta property=\"og:description\" content=\"Landing | Envasados Xiomara\" \/>\n<meta property=\"og:url\" content=\"https:\/\/envasadoxiomara.com\/de\/herstellung-von-aerosolen\/\" \/>\n<meta property=\"og:site_name\" content=\"Envasados Xiomara\" \/>\n<meta property=\"article:modified_time\" content=\"2022-03-04T10:06:55+00:00\" \/>\n<meta property=\"og:image\" content=\"https:\/\/envasadoxiomara.com\/wp-content\/uploads\/2017\/04\/logo-empresa-aerosoles-xiomara.jpg\" \/>\n\t<meta property=\"og:image:width\" content=\"434\" \/>\n\t<meta property=\"og:image:height\" content=\"198\" \/>\n\t<meta property=\"og:image:type\" content=\"image\/jpeg\" \/>\n<meta name=\"twitter:card\" content=\"summary_large_image\" \/>\n<meta name=\"twitter:label1\" content=\"Est. reading time\" \/>\n\t<meta name=\"twitter:data1\" content=\"5 minutes\" \/>\n<script type=\"application\/ld+json\" class=\"yoast-schema-graph\">{\"@context\":\"https:\/\/schema.org\",\"@graph\":[{\"@type\":\"WebPage\",\"@id\":\"https:\/\/envasadoxiomara.com\/de\/herstellung-von-aerosolen\/\",\"url\":\"https:\/\/envasadoxiomara.com\/de\/herstellung-von-aerosolen\/\",\"name\":\"ENTWICKLUNG UND HERSTELLUNG VON AEROSOLEN | Envasados Xiomara\",\"isPartOf\":{\"@id\":\"https:\/\/envasadoxiomara.com\/#website\"},\"datePublished\":\"2021-03-23T11:46:01+00:00\",\"dateModified\":\"2022-03-04T10:06:55+00:00\",\"description\":\"Landing | Envasados Xiomara\",\"breadcrumb\":{\"@id\":\"https:\/\/envasadoxiomara.com\/de\/herstellung-von-aerosolen\/#breadcrumb\"},\"inLanguage\":\"de-DE\",\"potentialAction\":[{\"@type\":\"ReadAction\",\"target\":[\"https:\/\/envasadoxiomara.com\/de\/herstellung-von-aerosolen\/\"]}]},{\"@type\":\"BreadcrumbList\",\"@id\":\"https:\/\/envasadoxiomara.com\/de\/herstellung-von-aerosolen\/#breadcrumb\",\"itemListElement\":[{\"@type\":\"ListItem\",\"position\":1,\"name\":\"Portada\",\"item\":\"https:\/\/envasadoxiomara.com\/de\/aerosolhersteller-in-spanien\/\"},{\"@type\":\"ListItem\",\"position\":2,\"name\":\"Landing\"}]},{\"@type\":\"WebSite\",\"@id\":\"https:\/\/envasadoxiomara.com\/#website\",\"url\":\"https:\/\/envasadoxiomara.com\/\",\"name\":\"Envasados Xiomara\",\"description\":\"\",\"publisher\":{\"@id\":\"https:\/\/envasadoxiomara.com\/#organization\"},\"alternateName\":\"F\u00e1brica de aerosoles\",\"potentialAction\":[{\"@type\":\"SearchAction\",\"target\":{\"@type\":\"EntryPoint\",\"urlTemplate\":\"https:\/\/envasadoxiomara.com\/?s={search_term_string}\"},\"query-input\":{\"@type\":\"PropertyValueSpecification\",\"valueRequired\":true,\"valueName\":\"search_term_string\"}}],\"inLanguage\":\"de-DE\"},{\"@type\":\"Organization\",\"@id\":\"https:\/\/envasadoxiomara.com\/#organization\",\"name\":\"Envasado Xiomara\",\"url\":\"https:\/\/envasadoxiomara.com\/\",\"logo\":{\"@type\":\"ImageObject\",\"inLanguage\":\"de-DE\",\"@id\":\"https:\/\/envasadoxiomara.com\/#\/schema\/logo\/image\/\",\"url\":\"https:\/\/envasadoxiomara.com\/wp-content\/uploads\/2017\/04\/logo-empresa-aerosoles-xiomara.jpg\",\"contentUrl\":\"https:\/\/envasadoxiomara.com\/wp-content\/uploads\/2017\/04\/logo-empresa-aerosoles-xiomara.jpg\",\"width\":434,\"height\":198,\"caption\":\"Envasado Xiomara\"},\"image\":{\"@id\":\"https:\/\/envasadoxiomara.com\/#\/schema\/logo\/image\/\"}}]}<\/script>\n<!-- \/ Yoast SEO plugin. -->","yoast_head_json":{"title":"ENTWICKLUNG UND HERSTELLUNG VON AEROSOLEN | Envasados Xiomara","description":"Landing | Envasados Xiomara","robots":{"index":"index","follow":"follow","max-snippet":"max-snippet:-1","max-image-preview":"max-image-preview:large","max-video-preview":"max-video-preview:-1"},"canonical":"https:\/\/envasadoxiomara.com\/de\/herstellung-von-aerosolen\/","og_locale":"de_DE","og_type":"article","og_title":"ENTWICKLUNG UND HERSTELLUNG VON AEROSOLEN | Envasados Xiomara","og_description":"Landing | Envasados Xiomara","og_url":"https:\/\/envasadoxiomara.com\/de\/herstellung-von-aerosolen\/","og_site_name":"Envasados Xiomara","article_modified_time":"2022-03-04T10:06:55+00:00","og_image":[{"width":434,"height":198,"url":"https:\/\/envasadoxiomara.com\/wp-content\/uploads\/2017\/04\/logo-empresa-aerosoles-xiomara.jpg","type":"image\/jpeg"}],"twitter_card":"summary_large_image","twitter_misc":{"Est. reading time":"5 minutes"},"schema":{"@context":"https:\/\/schema.org","@graph":[{"@type":"WebPage","@id":"https:\/\/envasadoxiomara.com\/de\/herstellung-von-aerosolen\/","url":"https:\/\/envasadoxiomara.com\/de\/herstellung-von-aerosolen\/","name":"ENTWICKLUNG UND HERSTELLUNG VON AEROSOLEN | Envasados Xiomara","isPartOf":{"@id":"https:\/\/envasadoxiomara.com\/#website"},"datePublished":"2021-03-23T11:46:01+00:00","dateModified":"2022-03-04T10:06:55+00:00","description":"Landing | Envasados Xiomara","breadcrumb":{"@id":"https:\/\/envasadoxiomara.com\/de\/herstellung-von-aerosolen\/#breadcrumb"},"inLanguage":"de-DE","potentialAction":[{"@type":"ReadAction","target":["https:\/\/envasadoxiomara.com\/de\/herstellung-von-aerosolen\/"]}]},{"@type":"BreadcrumbList","@id":"https:\/\/envasadoxiomara.com\/de\/herstellung-von-aerosolen\/#breadcrumb","itemListElement":[{"@type":"ListItem","position":1,"name":"Portada","item":"https:\/\/envasadoxiomara.com\/de\/aerosolhersteller-in-spanien\/"},{"@type":"ListItem","position":2,"name":"Landing"}]},{"@type":"WebSite","@id":"https:\/\/envasadoxiomara.com\/#website","url":"https:\/\/envasadoxiomara.com\/","name":"Envasados Xiomara","description":"","publisher":{"@id":"https:\/\/envasadoxiomara.com\/#organization"},"alternateName":"F\u00e1brica de aerosoles","potentialAction":[{"@type":"SearchAction","target":{"@type":"EntryPoint","urlTemplate":"https:\/\/envasadoxiomara.com\/?s={search_term_string}"},"query-input":{"@type":"PropertyValueSpecification","valueRequired":true,"valueName":"search_term_string"}}],"inLanguage":"de-DE"},{"@type":"Organization","@id":"https:\/\/envasadoxiomara.com\/#organization","name":"Envasado Xiomara","url":"https:\/\/envasadoxiomara.com\/","logo":{"@type":"ImageObject","inLanguage":"de-DE","@id":"https:\/\/envasadoxiomara.com\/#\/schema\/logo\/image\/","url":"https:\/\/envasadoxiomara.com\/wp-content\/uploads\/2017\/04\/logo-empresa-aerosoles-xiomara.jpg","contentUrl":"https:\/\/envasadoxiomara.com\/wp-content\/uploads\/2017\/04\/logo-empresa-aerosoles-xiomara.jpg","width":434,"height":198,"caption":"Envasado Xiomara"},"image":{"@id":"https:\/\/envasadoxiomara.com\/#\/schema\/logo\/image\/"}}]}},"_links":{"self":[{"href":"https:\/\/envasadoxiomara.com\/de\/wp-json\/wp\/v2\/pages\/11224","targetHints":{"allow":["GET"]}}],"collection":[{"href":"https:\/\/envasadoxiomara.com\/de\/wp-json\/wp\/v2\/pages"}],"about":[{"href":"https:\/\/envasadoxiomara.com\/de\/wp-json\/wp\/v2\/types\/page"}],"author":[{"embeddable":true,"href":"https:\/\/envasadoxiomara.com\/de\/wp-json\/wp\/v2\/users\/5"}],"replies":[{"embeddable":true,"href":"https:\/\/envasadoxiomara.com\/de\/wp-json\/wp\/v2\/comments?post=11224"}],"version-history":[{"count":0,"href":"https:\/\/envasadoxiomara.com\/de\/wp-json\/wp\/v2\/pages\/11224\/revisions"}],"wp:attachment":[{"href":"https:\/\/envasadoxiomara.com\/de\/wp-json\/wp\/v2\/media?parent=11224"}],"curies":[{"name":"wp","href":"https:\/\/api.w.org\/{rel}","templated":true}]}}