{"id":32373,"date":"2023-05-18T13:49:18","date_gmt":"2023-05-18T13:49:18","guid":{"rendered":"https:\/\/envasadoxiomara.com\/qualitaetsstrategie\/"},"modified":"2024-09-06T09:07:30","modified_gmt":"2024-09-06T09:07:30","slug":"qualitaetsstrategie","status":"publish","type":"page","link":"https:\/\/envasadoxiomara.com\/de\/qualitaetsstrategie\/","title":{"rendered":"Qualit\u00e4tsstrategie"},"content":{"rendered":"<div class=\"wpb-content-wrapper\"><p>[vc_row full_width=&#8221;stretch_row_content_no_spaces&#8221; css=&#8221;.vc_custom_1594106560376{background-color: #f2f2f2 !important;}&#8221;][vc_column][vc_empty_space height=&#8221;16px&#8221;][vc_custom_heading text=&#8221;Qualit\u00e4tsstrategie&#8221; font_container=&#8221;tag:h1|text_align:center|color:%23ed3724&#8243; use_theme_fonts=&#8221;yes&#8221; css=&#8221;.vc_custom_1684749112150{background-color: #f2f2f2 !important;}&#8221;][vc_empty_space height=&#8221;16px&#8221;][\/vc_column][\/vc_row][vc_row][vc_column][vc_column_text]Der Verwaltungsrat der Romar Global Care Gruppe (RGC), bestehend aus der Gesellschaft QUIMI ROMAR, S.L., der Gesellschaft AGRADO COSMETICS CARE 3000 S.L. und der Gesellschaft ENVASADO XIOMARA S.L., unterh\u00e4lt ein Qualit\u00e4tsmanagementsystem (QMS), das auf der Qualit\u00e4tspolitik des Unternehmens basiert und den sozialen, wirtschaftlichen und \u00f6kologischen Kontext sowie die mit unserer T\u00e4tigkeit verbundenen Interessengruppen (Umfeld, Mitarbeiter, Wettbewerb\u2026) ber\u00fccksichtigt und das Vertrauen sowohl unserer Kunden als auch intern schafft, dass das Unternehmen in der Lage ist, konforme Produkte zu entwerfen und zu liefern, die die Kundenzufriedenheit erreichen und die M\u00e4rkte des Unternehmens erweitern.<\/p>\n<p>Der Verwaltungsrat der RGC Gruppe, als h\u00f6chste Instanz f\u00fcr die Anwendung der Qualit\u00e4tspolitik verantwortlich, verpflichtet sich, die Implementierung und Aufrechterhaltung des Qualit\u00e4tsmanagementsystems zu unterst\u00fctzen, um eine kontinuierliche Verbesserung zu erreichen, und die Einhaltung und Durchsetzung der in der QMS-Dokumentation zugewiesenen Verantwortlichkeiten und Aktivit\u00e4ten auf allen Ebenen des Unternehmens zu gew\u00e4hrleisten.<\/p>\n<p>Die Unternehmensleitung, vertreten durch ihren Pr\u00e4sidenten, \u00fcbernimmt die Verantwortung f\u00fcr die Einhaltung der Guten Herstellungspraxis (BPF-GMP Good Manufacturing Practices) und verpflichtet sich, alle verf\u00fcgbaren Mittel einzusetzen, um diese Ziele zu erreichen; dies erfordert die Teilnahme und das Engagement aller Mitarbeiter des Unternehmens sowie des Besuchspersonals.<\/p>\n<p>Die Qualit\u00e4tspolitik der RGC Gruppe basiert auf:<\/p>\n<ul>\n<li>Entwurf, Etablierung und Aufrechterhaltung eines Qualit\u00e4tssystems, das an unsere Aktivit\u00e4ten und die Art der Produkte f\u00fcr pers\u00f6nliche Hygiene, Reinigung und Insektizide angepasst ist, insbesondere in den Kosmetiklinien, die die Bed\u00fcrfnisse und Erwartungen der Kunden mit der bestm\u00f6glichen Technologie erf\u00fcllen.<\/li>\n<li>Einhaltung der geltenden gesetzlichen und normativen Anforderungen.<\/li>\n<li>Sicherstellung, dass die Rohstofflieferanten die Erwartungen an Qualit\u00e4t, Preis und Service erf\u00fcllen.<\/li>\n<li>Lieferung der Produkte zu wettbewerbsf\u00e4higen Preisen und in einem angemessenen Zeitraum, um einen guten Ruf f\u00fcr Qualit\u00e4t, Service und Preis zu erreichen und zu erhalten.<\/li>\n<li>F\u00f6rderung eines innovativen Geistes, unterst\u00fctzt durch einen kontinuierlichen Ausbildungsplan.<\/li>\n<li>Produktschutz: Verhinderung absichtlicher Verf\u00e4lschung.<\/li>\n<\/ul>\n<p>Das Endziel der RGC Gruppe ist es, eine herausragende Position auf dem Markt zu erreichen und dass unsere Kunden von den Verbesserungen profitieren, die durch die korrekte Anwendung des Qualit\u00e4tsmanagementsystems und die Einhaltung der GMP erzielt werden. Ebenso verpflichtet sie sich, ihre Kunden so schnell wie m\u00f6glich \u00fcber Probleme im Zusammenhang mit der Produktsicherheit oder -legalit\u00e4t zu informieren, einschlie\u00dflich der von den zust\u00e4ndigen Beh\u00f6rden festgestellten Abweichungen und Nichtkonformit\u00e4ten.<\/p>\n<p>Die verschiedenen physikalischen, chemischen und mikrobiologischen Risiken wurden in der HACCP-Studie ber\u00fccksichtigt, ebenso wie alle Aspekte der Produktsicherheit. Auf diese Weise garantiert die RGC Gruppe die Sicherheit und Unbedenklichkeit ihrer auf dem Markt befindlichen Produkte, indem sie sich mit den technischen und personellen Mitteln ausstattet, um die hygienische Eignung ihrer Produkte und die von den Kunden und Verbrauchern spezifizierten Anforderungen zu gew\u00e4hrleisten. In diesem Sinne werden die notwendigen Mittel bereitgestellt, um alle von den Vorschriften und den Kunden geforderten Aspekte zu erf\u00fcllen, was zur kontinuierlichen Verbesserung des Unternehmens und seiner angebotenen Produkte und Dienstleistungen beitr\u00e4gt. Ziel ist es, dass die Verbesserung der Prozesse und deren Management nachhaltig ist und den sozialen und \u00f6kologischen Rahmen respektiert, in dem das Unternehmen t\u00e4tig ist, und seine umweltbezogenen, ethischen und arbeitsrechtlichen Verantwortlichkeiten in seiner Entwicklung wahrnimmt.<\/p>\n<p>Die Leitung der RGC Gruppe m\u00f6chte die Bedeutung des richtigen Verst\u00e4ndnisses, der Umsetzung und der Aktualisierung dieser Politik auf allen Ebenen des Unternehmens vermitteln und verpflichtet sich, die notwendigen Ressourcen f\u00fcr deren Entwicklung und Umsetzung bereitzustellen sowie die Wirksamkeit entsprechend zu \u00fcberwachen.<\/p>\n<p>In Sagunto, den 26. August 2024.[\/vc_column_text][\/vc_column][\/vc_row]<\/p>\n<\/div>","protected":false},"excerpt":{"rendered":"<p>[vc_row full_width=&#8221;stretch_row_content_no_spaces&#8221; css=&#8221;.vc_custom_1594106560376{background-color: #f2f2f2 !important;}&#8221;][vc_column][vc_empty_space height=&#8221;16px&#8221;][vc_custom_heading text=&#8221;Qualit\u00e4tsstrategie&#8221; font_container=&#8221;tag:h1|text_align:center|color:%23ed3724&#8243; use_theme_fonts=&#8221;yes&#8221; css=&#8221;.vc_custom_1684749112150{background-color: #f2f2f2 !important;}&#8221;][vc_empty_space height=&#8221;16px&#8221;][\/vc_column][\/vc_row][vc_row][vc_column][vc_column_text]Der Verwaltungsrat der Romar Global Care Gruppe (RGC), bestehend aus der Gesellschaft QUIMI ROMAR,<span class=\"excerpt-hellip\"> [\u2026]<\/span><\/p>\n","protected":false},"author":5,"featured_media":0,"parent":0,"menu_order":0,"comment_status":"closed","ping_status":"closed","template":"","meta":{"footnotes":""},"class_list":["post-32373","page","type-page","status-publish","hentry"],"yoast_head":"<!-- This site is optimized with the Yoast SEO plugin v25.2 - https:\/\/yoast.com\/wordpress\/plugins\/seo\/ -->\n<title>Qualit\u00e4tsstrategie | Envasados Xiomara<\/title>\n<meta name=\"description\" content=\"Qualit\u00e4tsstrategie | Envasados Xiomara\" \/>\n<meta name=\"robots\" content=\"noindex, nofollow\" \/>\n<meta property=\"og:locale\" content=\"de_DE\" \/>\n<meta property=\"og:type\" content=\"article\" \/>\n<meta property=\"og:title\" content=\"Qualit\u00e4tsstrategie | Envasados Xiomara\" \/>\n<meta property=\"og:description\" content=\"Qualit\u00e4tsstrategie | Envasados Xiomara\" \/>\n<meta property=\"og:url\" content=\"https:\/\/envasadoxiomara.com\/politicas-de-calidad\/\" \/>\n<meta property=\"og:site_name\" content=\"Envasados Xiomara\" \/>\n<meta property=\"article:modified_time\" content=\"2024-09-06T09:07:30+00:00\" \/>\n<meta property=\"og:image\" content=\"https:\/\/envasadoxiomara.com\/wp-content\/uploads\/2017\/04\/logo-empresa-aerosoles-xiomara.jpg\" \/>\n\t<meta property=\"og:image:width\" content=\"434\" \/>\n\t<meta property=\"og:image:height\" content=\"198\" \/>\n\t<meta property=\"og:image:type\" content=\"image\/jpeg\" \/>\n<meta name=\"twitter:card\" content=\"summary_large_image\" \/>\n<meta name=\"twitter:label1\" content=\"Est. reading time\" \/>\n\t<meta name=\"twitter:data1\" content=\"3 minutes\" \/>\n<script type=\"application\/ld+json\" class=\"yoast-schema-graph\">{\"@context\":\"https:\/\/schema.org\",\"@graph\":[{\"@type\":\"WebPage\",\"@id\":\"https:\/\/envasadoxiomara.com\/politicas-de-calidad\/\",\"url\":\"https:\/\/envasadoxiomara.com\/politicas-de-calidad\/\",\"name\":\"Qualit\u00e4tsstrategie | Envasados Xiomara\",\"isPartOf\":{\"@id\":\"https:\/\/envasadoxiomara.com\/#website\"},\"datePublished\":\"2023-05-18T13:49:18+00:00\",\"dateModified\":\"2024-09-06T09:07:30+00:00\",\"description\":\"Qualit\u00e4tsstrategie | Envasados Xiomara\",\"breadcrumb\":{\"@id\":\"https:\/\/envasadoxiomara.com\/politicas-de-calidad\/#breadcrumb\"},\"inLanguage\":\"de-DE\",\"potentialAction\":[{\"@type\":\"ReadAction\",\"target\":[\"https:\/\/envasadoxiomara.com\/politicas-de-calidad\/\"]}]},{\"@type\":\"BreadcrumbList\",\"@id\":\"https:\/\/envasadoxiomara.com\/politicas-de-calidad\/#breadcrumb\",\"itemListElement\":[{\"@type\":\"ListItem\",\"position\":1,\"name\":\"Portada\",\"item\":\"https:\/\/envasadoxiomara.com\/de\/aerosolhersteller-in-spanien\/\"},{\"@type\":\"ListItem\",\"position\":2,\"name\":\"Qualit\u00e4tsstrategie\"}]},{\"@type\":\"WebSite\",\"@id\":\"https:\/\/envasadoxiomara.com\/#website\",\"url\":\"https:\/\/envasadoxiomara.com\/\",\"name\":\"Envasados Xiomara\",\"description\":\"\",\"publisher\":{\"@id\":\"https:\/\/envasadoxiomara.com\/#organization\"},\"alternateName\":\"F\u00e1brica de aerosoles\",\"potentialAction\":[{\"@type\":\"SearchAction\",\"target\":{\"@type\":\"EntryPoint\",\"urlTemplate\":\"https:\/\/envasadoxiomara.com\/?s={search_term_string}\"},\"query-input\":{\"@type\":\"PropertyValueSpecification\",\"valueRequired\":true,\"valueName\":\"search_term_string\"}}],\"inLanguage\":\"de-DE\"},{\"@type\":\"Organization\",\"@id\":\"https:\/\/envasadoxiomara.com\/#organization\",\"name\":\"Envasado Xiomara\",\"url\":\"https:\/\/envasadoxiomara.com\/\",\"logo\":{\"@type\":\"ImageObject\",\"inLanguage\":\"de-DE\",\"@id\":\"https:\/\/envasadoxiomara.com\/#\/schema\/logo\/image\/\",\"url\":\"https:\/\/envasadoxiomara.com\/wp-content\/uploads\/2017\/04\/logo-empresa-aerosoles-xiomara.jpg\",\"contentUrl\":\"https:\/\/envasadoxiomara.com\/wp-content\/uploads\/2017\/04\/logo-empresa-aerosoles-xiomara.jpg\",\"width\":434,\"height\":198,\"caption\":\"Envasado Xiomara\"},\"image\":{\"@id\":\"https:\/\/envasadoxiomara.com\/#\/schema\/logo\/image\/\"}}]}<\/script>\n<!-- \/ Yoast SEO plugin. -->","yoast_head_json":{"title":"Qualit\u00e4tsstrategie | Envasados Xiomara","description":"Qualit\u00e4tsstrategie | Envasados Xiomara","robots":{"index":"noindex","follow":"nofollow"},"og_locale":"de_DE","og_type":"article","og_title":"Qualit\u00e4tsstrategie | Envasados Xiomara","og_description":"Qualit\u00e4tsstrategie | Envasados Xiomara","og_url":"https:\/\/envasadoxiomara.com\/politicas-de-calidad\/","og_site_name":"Envasados Xiomara","article_modified_time":"2024-09-06T09:07:30+00:00","og_image":[{"width":434,"height":198,"url":"https:\/\/envasadoxiomara.com\/wp-content\/uploads\/2017\/04\/logo-empresa-aerosoles-xiomara.jpg","type":"image\/jpeg"}],"twitter_card":"summary_large_image","twitter_misc":{"Est. reading time":"3 minutes"},"schema":{"@context":"https:\/\/schema.org","@graph":[{"@type":"WebPage","@id":"https:\/\/envasadoxiomara.com\/politicas-de-calidad\/","url":"https:\/\/envasadoxiomara.com\/politicas-de-calidad\/","name":"Qualit\u00e4tsstrategie | Envasados Xiomara","isPartOf":{"@id":"https:\/\/envasadoxiomara.com\/#website"},"datePublished":"2023-05-18T13:49:18+00:00","dateModified":"2024-09-06T09:07:30+00:00","description":"Qualit\u00e4tsstrategie | Envasados Xiomara","breadcrumb":{"@id":"https:\/\/envasadoxiomara.com\/politicas-de-calidad\/#breadcrumb"},"inLanguage":"de-DE","potentialAction":[{"@type":"ReadAction","target":["https:\/\/envasadoxiomara.com\/politicas-de-calidad\/"]}]},{"@type":"BreadcrumbList","@id":"https:\/\/envasadoxiomara.com\/politicas-de-calidad\/#breadcrumb","itemListElement":[{"@type":"ListItem","position":1,"name":"Portada","item":"https:\/\/envasadoxiomara.com\/de\/aerosolhersteller-in-spanien\/"},{"@type":"ListItem","position":2,"name":"Qualit\u00e4tsstrategie"}]},{"@type":"WebSite","@id":"https:\/\/envasadoxiomara.com\/#website","url":"https:\/\/envasadoxiomara.com\/","name":"Envasados Xiomara","description":"","publisher":{"@id":"https:\/\/envasadoxiomara.com\/#organization"},"alternateName":"F\u00e1brica de aerosoles","potentialAction":[{"@type":"SearchAction","target":{"@type":"EntryPoint","urlTemplate":"https:\/\/envasadoxiomara.com\/?s={search_term_string}"},"query-input":{"@type":"PropertyValueSpecification","valueRequired":true,"valueName":"search_term_string"}}],"inLanguage":"de-DE"},{"@type":"Organization","@id":"https:\/\/envasadoxiomara.com\/#organization","name":"Envasado Xiomara","url":"https:\/\/envasadoxiomara.com\/","logo":{"@type":"ImageObject","inLanguage":"de-DE","@id":"https:\/\/envasadoxiomara.com\/#\/schema\/logo\/image\/","url":"https:\/\/envasadoxiomara.com\/wp-content\/uploads\/2017\/04\/logo-empresa-aerosoles-xiomara.jpg","contentUrl":"https:\/\/envasadoxiomara.com\/wp-content\/uploads\/2017\/04\/logo-empresa-aerosoles-xiomara.jpg","width":434,"height":198,"caption":"Envasado Xiomara"},"image":{"@id":"https:\/\/envasadoxiomara.com\/#\/schema\/logo\/image\/"}}]}},"_links":{"self":[{"href":"https:\/\/envasadoxiomara.com\/de\/wp-json\/wp\/v2\/pages\/32373","targetHints":{"allow":["GET"]}}],"collection":[{"href":"https:\/\/envasadoxiomara.com\/de\/wp-json\/wp\/v2\/pages"}],"about":[{"href":"https:\/\/envasadoxiomara.com\/de\/wp-json\/wp\/v2\/types\/page"}],"author":[{"embeddable":true,"href":"https:\/\/envasadoxiomara.com\/de\/wp-json\/wp\/v2\/users\/5"}],"replies":[{"embeddable":true,"href":"https:\/\/envasadoxiomara.com\/de\/wp-json\/wp\/v2\/comments?post=32373"}],"version-history":[{"count":0,"href":"https:\/\/envasadoxiomara.com\/de\/wp-json\/wp\/v2\/pages\/32373\/revisions"}],"wp:attachment":[{"href":"https:\/\/envasadoxiomara.com\/de\/wp-json\/wp\/v2\/media?parent=32373"}],"curies":[{"name":"wp","href":"https:\/\/api.w.org\/{rel}","templated":true}]}}