{"id":3429,"date":"2020-06-23T15:56:09","date_gmt":"2020-06-23T15:56:09","guid":{"rendered":"https:\/\/envasadoxiomara.com\/empresa-2"},"modified":"2022-12-19T10:52:46","modified_gmt":"2022-12-19T10:52:46","slug":"empresa","status":"publish","type":"page","link":"https:\/\/envasadoxiomara.com\/de\/empresa\/","title":{"rendered":"Unternehmen"},"content":{"rendered":"<div class=\"wpb-content-wrapper\"><p>[vc_row full_width=&#8221;stretch_row&#8221; content_placement=&#8221;middle&#8221; css=&#8221;.vc_custom_1594896021199{background-image: url(https:\/\/envasadoxiomara.com\/wp-content\/uploads\/2020\/06\/AdobeStock_200043420.jpg?id=2928) !important;background-position: center !important;background-repeat: no-repeat !important;background-size: cover !important;}&#8221;][vc_column][vc_empty_space height=&#8221;30px&#8221;][vc_custom_heading source=&#8221;post_title&#8221; font_container=&#8221;tag:h1|font_size:4rem|text_align:center|color:%23ffffff&#8221; use_theme_fonts=&#8221;yes&#8221;][vc_column_text]<\/p>\n<p style=\"text-align: center;\"><strong><span style=\"color: #ffffff;\">Envasado Xiomara wurde 1978 gegr\u00fcndet und ist ein f\u00fchrendes Unternehmen in der Aerosolproduktion mit \u00fcber 40 Jahren Erfahrung, das sich f\u00fcr die kontinuierliche Verbesserung der Produkte und den Umweltschutz engagiert. Wir geh\u00f6ren zur Romar Global Care-Gruppe und sind auf Party- und Drogerieprodukte in Sprayform spezialisiert.<\/span><\/strong><\/p>\n<p>[\/vc_column_text][vc_empty_space height=&#8221;30px&#8221;][\/vc_column][\/vc_row][vc_row][vc_column][\/vc_column][\/vc_row][vc_row][vc_column width=&#8221;1\/2&#8243;][vc_single_image image=&#8221;4564&#8243; img_size=&#8221;large&#8221; alignment=&#8221;center&#8221; title=&#8221;MISSION&#8221;][vc_column_text]<\/p>\n<p style=\"text-align: justify;\">Wir streben bei unserem gesamten Handeln danach, die besten Produkte zum geringstm\u00f6glichen Preis zu entwickeln, um unseren Kunden stets das beste Preis-Leistungsverh\u00e4ltnis bieten zu k\u00f6nnen.<\/p>\n<p>[\/vc_column_text][\/vc_column][vc_column width=&#8221;1\/2&#8243;][vc_single_image image=&#8221;4572&#8243; img_size=&#8221;large&#8221; alignment=&#8221;center&#8221; title=&#8221;VISION&#8221;][vc_column_text]<\/p>\n<p style=\"text-align: justify;\">Wir sind davon \u00fcberzeugt, dass nur beste Produkte am Markt bestehen k\u00f6nnen und wirkliche Kundenn\u00e4he nur durch ein engmaschiges Vertriebsnetz im In- und Ausland gew\u00e4hrleistet ist. Wir haben es uns zum Ziel gesetzt, weltweiter Marktf\u00fchrer bei Aerosolverpackungen zu werden.<\/p>\n<p>[\/vc_column_text][\/vc_column][\/vc_row][vc_row full_width=&#8221;stretch_row&#8221; css=&#8221;.vc_custom_1593427347762{background-image: url(https:\/\/envasadoxiomara.com\/wp-content\/uploads\/2020\/06\/envasado-a-terceros.jpg?id=2932) !important;background-position: center !important;background-repeat: no-repeat !important;background-size: cover !important;}&#8221;][vc_column][vc_empty_space height=&#8221;30px&#8221;][vc_column_text]<\/p>\n<p style=\"text-align: center; font-size: 1.4rem;\"><span style=\"color: #ffffff;\"><strong>Wir bieten ein umfangreiches Sortiment an anspruchsvollen Produktl\u00f6sungen f\u00fcr den Party- und Drogeriebereich. Wie vertreiben unsere Produkte auf dem spanischen Markt und exportieren sie dar\u00fcber hinaus in 21 L\u00e4nder. Unsere Artikel werden in verschiedenen Produktkategorien vertrieben, die sowohl anerkannte Marken wie La Fiesta und Aire Fresco, als auch Lohnverpackungsauftr\u00e4ge umfassen. <\/strong><\/span><\/p>\n<p>[\/vc_column_text][vc_btn title=&#8221;Katalog herunterladen&#8221; style=&#8221;custom&#8221; custom_background=&#8221;#f2f2f2&#8243; custom_text=&#8221;#ed3724&#8243; align=&#8221;center&#8221; link=&#8221;url:%2Fwp-content%2Fuploads%2F2020%2F06%2Fcatalogo-envasados-xiomara-2020.pdf|target:%20_blank|&#8221;][vc_empty_space height=&#8221;30px&#8221;][\/vc_column][\/vc_row][vc_row][vc_column][vc_column_text]<\/p>\n<h2 style=\"text-align: center;\">Unsere Essenz<\/h2>\n<p>[\/vc_column_text][vc_row_inner][vc_column_inner width=&#8221;1\/4&#8243;][vc_single_image image=&#8221;4378&#8243; alignment=&#8221;center&#8221;][vc_column_text]<\/p>\n<h3 style=\"text-align: center; font-size: 18px;\"><strong>Der Mensch im Mittelpunkt<\/strong><\/h3>\n<p style=\"text-align: justify;\">Die Menschen sind die Essenz, der Motor und der Grund f\u00fcr unsere Gesch\u00e4ftst\u00e4tigkeit. Unser Unternehmen z\u00e4hlt auf das Engagement hochqualifizierter Teams und hochspezialisierter Fachleute, die verschiedene Managementbereiche und Produktkategorien betreuen.<\/p>\n<p>[\/vc_column_text][\/vc_column_inner][vc_column_inner width=&#8221;1\/4&#8243;][vc_single_image image=&#8221;4382&#8243; alignment=&#8221;center&#8221;][vc_column_text]<\/p>\n<h3 style=\"text-align: center; font-size: 18px;\"><strong>F+E<\/strong><\/h3>\n<p style=\"text-align: justify;\">Die Forschungs- und Entwicklungsabteilung hat mit ihren innovativen Technologien sowohl f\u00fcr die eigene Marke als auch f\u00fcr Handelsmarken das Unternehmen mit Effizienz und optimierten Ressourcen an die Spitze des Marktes gebracht.<\/p>\n<p>[\/vc_column_text][\/vc_column_inner][vc_column_inner width=&#8221;1\/4&#8243;][vc_single_image image=&#8221;4362&#8243; alignment=&#8221;center&#8221;][vc_column_text]<\/p>\n<h3 style=\"text-align: center; font-size: 18px;\"><strong>Umwelt<\/strong><\/h3>\n<p style=\"text-align: justify;\">S\u00e4mtliche Produkte unterliegen bei der Herstellung strengsten Kontrollen, wobei f\u00fcr feste und fl\u00fcssige Abfallprodukte ein spezifischer Kontrollplan besteht. Wir bieten unseren Kunden hochwertige Qualit\u00e4tsprodukte zu wettbewerbsf\u00e4higen Preisen. Wir erf\u00fcllen die internationalen Qualit\u00e4ts- und Umweltnormen ISO 9001 und ISO 14001. Dar\u00fcber hinaus halten wir uns an die Vorgaben der C-TPAT und der FDA.<\/p>\n<p>[\/vc_column_text][\/vc_column_inner][vc_column_inner width=&#8221;1\/4&#8243;][vc_single_image image=&#8221;4465&#8243; alignment=&#8221;center&#8221;][vc_column_text]<\/p>\n<h3 style=\"text-align: center; font-size: 18px;\"><strong>Qualit\u00e4t<\/strong><\/h3>\n<p style=\"text-align: left;\">Als Mitglied des spanischen Aerosol-Verbandes AEDA gew\u00e4hrleistet Envasado Xiomara eine effiziente Aerosolabf\u00fcllung mit besonderem Augenmerk auf die zunehmenden Umweltanforderungen, die Entwicklung von innovativen Technologien und die stetige Produktverbesserung.<\/p>\n<p>[\/vc_column_text][\/vc_column_inner][\/vc_row_inner][\/vc_column][\/vc_row]<\/p>\n<\/div>","protected":false},"excerpt":{"rendered":"<p>[vc_row full_width=&#8221;stretch_row&#8221; content_placement=&#8221;middle&#8221; css=&#8221;.vc_custom_1594896021199{background-image: url(https:\/\/envasadoxiomara.com\/wp-content\/uploads\/2020\/06\/AdobeStock_200043420.jpg?id=2928) !important;background-position: center !important;background-repeat: no-repeat !important;background-size: cover !important;}&#8221;][vc_column][vc_empty_space height=&#8221;30px&#8221;][vc_custom_heading source=&#8221;post_title&#8221; font_container=&#8221;tag:h1|font_size:4rem|text_align:center|color:%23ffffff&#8221; use_theme_fonts=&#8221;yes&#8221;][vc_column_text] Envasado Xiomara wurde 1978 gegr\u00fcndet und ist ein f\u00fchrendes Unternehmen<span class=\"excerpt-hellip\"> [\u2026]<\/span><\/p>\n","protected":false},"author":5,"featured_media":30924,"parent":0,"menu_order":0,"comment_status":"closed","ping_status":"closed","template":"","meta":{"footnotes":""},"class_list":["post-3429","page","type-page","status-publish","has-post-thumbnail","hentry"],"yoast_head":"<!-- This site is optimized with the Yoast SEO plugin v25.2 - https:\/\/yoast.com\/wordpress\/plugins\/seo\/ -->\n<title>Aerosol empresa | Envasado Xiomara | +40 a\u00f1os fabricando aerosoles<\/title>\n<meta name=\"description\" content=\"Si buscas empresas de aerosoles, Envasado Xiomara es tu mejor opci\u00f3n. Nos dedicamos al envasado de aerosoles en Espa\u00f1a y a nivel mundial. \u00a1Informate!\" \/>\n<meta name=\"robots\" content=\"index, follow, max-snippet:-1, max-image-preview:large, max-video-preview:-1\" \/>\n<link rel=\"canonical\" href=\"https:\/\/envasadoxiomara.com\/empresa\/\" \/>\n<meta property=\"og:locale\" content=\"de_DE\" \/>\n<meta property=\"og:type\" content=\"article\" \/>\n<meta property=\"og:title\" content=\"Aerosol empresa | Envasado Xiomara | +40 a\u00f1os fabricando aerosoles\" \/>\n<meta property=\"og:description\" content=\"Si buscas empresas de aerosoles, Envasado Xiomara es tu mejor opci\u00f3n. Nos dedicamos al envasado de aerosoles en Espa\u00f1a y a nivel mundial. \u00a1Informate!\" \/>\n<meta property=\"og:url\" content=\"https:\/\/envasadoxiomara.com\/empresa\/\" \/>\n<meta property=\"og:site_name\" content=\"Envasados Xiomara\" \/>\n<meta property=\"article:modified_time\" content=\"2022-12-19T10:52:46+00:00\" \/>\n<meta property=\"og:image\" content=\"https:\/\/envasadoxiomara.com\/wp-content\/uploads\/2022\/12\/aerosol-empresa.jpg\" \/>\n\t<meta property=\"og:image:width\" content=\"500\" \/>\n\t<meta property=\"og:image:height\" content=\"400\" \/>\n\t<meta property=\"og:image:type\" content=\"image\/jpeg\" \/>\n<meta name=\"twitter:card\" content=\"summary_large_image\" \/>\n<meta name=\"twitter:label1\" content=\"Est. reading time\" \/>\n\t<meta name=\"twitter:data1\" content=\"3 minutes\" \/>\n<script type=\"application\/ld+json\" class=\"yoast-schema-graph\">{\"@context\":\"https:\/\/schema.org\",\"@graph\":[{\"@type\":\"WebPage\",\"@id\":\"https:\/\/envasadoxiomara.com\/empresa\/\",\"url\":\"https:\/\/envasadoxiomara.com\/empresa\/\",\"name\":\"Aerosol empresa | Envasado Xiomara | +40 a\u00f1os fabricando aerosoles\",\"isPartOf\":{\"@id\":\"https:\/\/envasadoxiomara.com\/#website\"},\"primaryImageOfPage\":{\"@id\":\"https:\/\/envasadoxiomara.com\/empresa\/#primaryimage\"},\"image\":{\"@id\":\"https:\/\/envasadoxiomara.com\/empresa\/#primaryimage\"},\"thumbnailUrl\":\"https:\/\/envasadoxiomara.com\/wp-content\/uploads\/2022\/12\/aerosol-empresa.jpg\",\"datePublished\":\"2020-06-23T15:56:09+00:00\",\"dateModified\":\"2022-12-19T10:52:46+00:00\",\"description\":\"Si buscas empresas de aerosoles, Envasado Xiomara es tu mejor opci\u00f3n. Nos dedicamos al envasado de aerosoles en Espa\u00f1a y a nivel mundial. \u00a1Informate!\",\"breadcrumb\":{\"@id\":\"https:\/\/envasadoxiomara.com\/empresa\/#breadcrumb\"},\"inLanguage\":\"de-DE\",\"potentialAction\":[{\"@type\":\"ReadAction\",\"target\":[\"https:\/\/envasadoxiomara.com\/empresa\/\"]}]},{\"@type\":\"ImageObject\",\"inLanguage\":\"de-DE\",\"@id\":\"https:\/\/envasadoxiomara.com\/empresa\/#primaryimage\",\"url\":\"https:\/\/envasadoxiomara.com\/wp-content\/uploads\/2022\/12\/aerosol-empresa.jpg\",\"contentUrl\":\"https:\/\/envasadoxiomara.com\/wp-content\/uploads\/2022\/12\/aerosol-empresa.jpg\",\"width\":500,\"height\":400,\"caption\":\"aerosol empresa\"},{\"@type\":\"BreadcrumbList\",\"@id\":\"https:\/\/envasadoxiomara.com\/empresa\/#breadcrumb\",\"itemListElement\":[{\"@type\":\"ListItem\",\"position\":1,\"name\":\"Portada\",\"item\":\"https:\/\/envasadoxiomara.com\/de\/aerosolhersteller-in-spanien\/\"},{\"@type\":\"ListItem\",\"position\":2,\"name\":\"Unternehmen\"}]},{\"@type\":\"WebSite\",\"@id\":\"https:\/\/envasadoxiomara.com\/#website\",\"url\":\"https:\/\/envasadoxiomara.com\/\",\"name\":\"Envasados Xiomara\",\"description\":\"\",\"publisher\":{\"@id\":\"https:\/\/envasadoxiomara.com\/#organization\"},\"alternateName\":\"F\u00e1brica de aerosoles\",\"potentialAction\":[{\"@type\":\"SearchAction\",\"target\":{\"@type\":\"EntryPoint\",\"urlTemplate\":\"https:\/\/envasadoxiomara.com\/?s={search_term_string}\"},\"query-input\":{\"@type\":\"PropertyValueSpecification\",\"valueRequired\":true,\"valueName\":\"search_term_string\"}}],\"inLanguage\":\"de-DE\"},{\"@type\":\"Organization\",\"@id\":\"https:\/\/envasadoxiomara.com\/#organization\",\"name\":\"Envasado Xiomara\",\"url\":\"https:\/\/envasadoxiomara.com\/\",\"logo\":{\"@type\":\"ImageObject\",\"inLanguage\":\"de-DE\",\"@id\":\"https:\/\/envasadoxiomara.com\/#\/schema\/logo\/image\/\",\"url\":\"https:\/\/envasadoxiomara.com\/wp-content\/uploads\/2017\/04\/logo-empresa-aerosoles-xiomara.jpg\",\"contentUrl\":\"https:\/\/envasadoxiomara.com\/wp-content\/uploads\/2017\/04\/logo-empresa-aerosoles-xiomara.jpg\",\"width\":434,\"height\":198,\"caption\":\"Envasado Xiomara\"},\"image\":{\"@id\":\"https:\/\/envasadoxiomara.com\/#\/schema\/logo\/image\/\"}}]}<\/script>\n<!-- \/ Yoast SEO plugin. -->","yoast_head_json":{"title":"Aerosol empresa | Envasado Xiomara | +40 a\u00f1os fabricando aerosoles","description":"Si buscas empresas de aerosoles, Envasado Xiomara es tu mejor opci\u00f3n. Nos dedicamos al envasado de aerosoles en Espa\u00f1a y a nivel mundial. \u00a1Informate!","robots":{"index":"index","follow":"follow","max-snippet":"max-snippet:-1","max-image-preview":"max-image-preview:large","max-video-preview":"max-video-preview:-1"},"canonical":"https:\/\/envasadoxiomara.com\/empresa\/","og_locale":"de_DE","og_type":"article","og_title":"Aerosol empresa | Envasado Xiomara | +40 a\u00f1os fabricando aerosoles","og_description":"Si buscas empresas de aerosoles, Envasado Xiomara es tu mejor opci\u00f3n. Nos dedicamos al envasado de aerosoles en Espa\u00f1a y a nivel mundial. \u00a1Informate!","og_url":"https:\/\/envasadoxiomara.com\/empresa\/","og_site_name":"Envasados Xiomara","article_modified_time":"2022-12-19T10:52:46+00:00","og_image":[{"width":500,"height":400,"url":"https:\/\/envasadoxiomara.com\/wp-content\/uploads\/2022\/12\/aerosol-empresa.jpg","type":"image\/jpeg"}],"twitter_card":"summary_large_image","twitter_misc":{"Est. reading time":"3 minutes"},"schema":{"@context":"https:\/\/schema.org","@graph":[{"@type":"WebPage","@id":"https:\/\/envasadoxiomara.com\/empresa\/","url":"https:\/\/envasadoxiomara.com\/empresa\/","name":"Aerosol empresa | Envasado Xiomara | +40 a\u00f1os fabricando aerosoles","isPartOf":{"@id":"https:\/\/envasadoxiomara.com\/#website"},"primaryImageOfPage":{"@id":"https:\/\/envasadoxiomara.com\/empresa\/#primaryimage"},"image":{"@id":"https:\/\/envasadoxiomara.com\/empresa\/#primaryimage"},"thumbnailUrl":"https:\/\/envasadoxiomara.com\/wp-content\/uploads\/2022\/12\/aerosol-empresa.jpg","datePublished":"2020-06-23T15:56:09+00:00","dateModified":"2022-12-19T10:52:46+00:00","description":"Si buscas empresas de aerosoles, Envasado Xiomara es tu mejor opci\u00f3n. Nos dedicamos al envasado de aerosoles en Espa\u00f1a y a nivel mundial. \u00a1Informate!","breadcrumb":{"@id":"https:\/\/envasadoxiomara.com\/empresa\/#breadcrumb"},"inLanguage":"de-DE","potentialAction":[{"@type":"ReadAction","target":["https:\/\/envasadoxiomara.com\/empresa\/"]}]},{"@type":"ImageObject","inLanguage":"de-DE","@id":"https:\/\/envasadoxiomara.com\/empresa\/#primaryimage","url":"https:\/\/envasadoxiomara.com\/wp-content\/uploads\/2022\/12\/aerosol-empresa.jpg","contentUrl":"https:\/\/envasadoxiomara.com\/wp-content\/uploads\/2022\/12\/aerosol-empresa.jpg","width":500,"height":400,"caption":"aerosol empresa"},{"@type":"BreadcrumbList","@id":"https:\/\/envasadoxiomara.com\/empresa\/#breadcrumb","itemListElement":[{"@type":"ListItem","position":1,"name":"Portada","item":"https:\/\/envasadoxiomara.com\/de\/aerosolhersteller-in-spanien\/"},{"@type":"ListItem","position":2,"name":"Unternehmen"}]},{"@type":"WebSite","@id":"https:\/\/envasadoxiomara.com\/#website","url":"https:\/\/envasadoxiomara.com\/","name":"Envasados Xiomara","description":"","publisher":{"@id":"https:\/\/envasadoxiomara.com\/#organization"},"alternateName":"F\u00e1brica de aerosoles","potentialAction":[{"@type":"SearchAction","target":{"@type":"EntryPoint","urlTemplate":"https:\/\/envasadoxiomara.com\/?s={search_term_string}"},"query-input":{"@type":"PropertyValueSpecification","valueRequired":true,"valueName":"search_term_string"}}],"inLanguage":"de-DE"},{"@type":"Organization","@id":"https:\/\/envasadoxiomara.com\/#organization","name":"Envasado Xiomara","url":"https:\/\/envasadoxiomara.com\/","logo":{"@type":"ImageObject","inLanguage":"de-DE","@id":"https:\/\/envasadoxiomara.com\/#\/schema\/logo\/image\/","url":"https:\/\/envasadoxiomara.com\/wp-content\/uploads\/2017\/04\/logo-empresa-aerosoles-xiomara.jpg","contentUrl":"https:\/\/envasadoxiomara.com\/wp-content\/uploads\/2017\/04\/logo-empresa-aerosoles-xiomara.jpg","width":434,"height":198,"caption":"Envasado Xiomara"},"image":{"@id":"https:\/\/envasadoxiomara.com\/#\/schema\/logo\/image\/"}}]}},"_links":{"self":[{"href":"https:\/\/envasadoxiomara.com\/de\/wp-json\/wp\/v2\/pages\/3429","targetHints":{"allow":["GET"]}}],"collection":[{"href":"https:\/\/envasadoxiomara.com\/de\/wp-json\/wp\/v2\/pages"}],"about":[{"href":"https:\/\/envasadoxiomara.com\/de\/wp-json\/wp\/v2\/types\/page"}],"author":[{"embeddable":true,"href":"https:\/\/envasadoxiomara.com\/de\/wp-json\/wp\/v2\/users\/5"}],"replies":[{"embeddable":true,"href":"https:\/\/envasadoxiomara.com\/de\/wp-json\/wp\/v2\/comments?post=3429"}],"version-history":[{"count":0,"href":"https:\/\/envasadoxiomara.com\/de\/wp-json\/wp\/v2\/pages\/3429\/revisions"}],"wp:featuredmedia":[{"embeddable":true,"href":"https:\/\/envasadoxiomara.com\/de\/wp-json\/wp\/v2\/media\/30924"}],"wp:attachment":[{"href":"https:\/\/envasadoxiomara.com\/de\/wp-json\/wp\/v2\/media?parent=3429"}],"curies":[{"name":"wp","href":"https:\/\/api.w.org\/{rel}","templated":true}]}}