{"id":3439,"date":"2020-06-29T08:05:59","date_gmt":"2020-06-29T08:05:59","guid":{"rendered":"https:\/\/envasadoxiomara.com\/envasados-a-terceros"},"modified":"2023-03-23T15:08:31","modified_gmt":"2023-03-23T15:08:31","slug":"envasados-a-terceros","status":"publish","type":"page","link":"https:\/\/envasadoxiomara.com\/de\/envasados-a-terceros\/","title":{"rendered":"Aerosolhersteller f\u00fcr Dritte"},"content":{"rendered":"<div class=\"wpb-content-wrapper\"><p>[vc_row full_width=&#8221;stretch_row_content&#8221; equal_height=&#8221;yes&#8221; content_placement=&#8221;middle&#8221; css=&#8221;.vc_custom_1594750657322{background-image: url(https:\/\/envasadoxiomara.com\/wp-content\/uploads\/2020\/07\/envasado-terceros-1.jpg?id=4211) !important;background-position: center !important;background-repeat: no-repeat !important;background-size: cover !important;}&#8221;][vc_column][vc_empty_space height=&#8221;30px&#8221;][vc_custom_heading source=&#8221;post_title&#8221; font_container=&#8221;tag:h1|font_size:4rem|text_align:center|color:%23ffffff&#8221; use_theme_fonts=&#8221;yes&#8221;][vc_empty_space height=&#8221;10px&#8221;][vc_column_text]<\/p>\n<p style=\"text-align: center;\"><span style=\"color: #ffffff; font-size: 18px;\"><strong>Sobald wir Ihre Anforderungen kennen, finden wir die optimale L\u00f6sung f\u00fcr Sie.<\/strong><\/span><\/p>\n<p style=\"text-align: center; font-size: 18px;\"><strong><span style=\"color: #ffffff;\">Unser Ziel ist es, in jeder Hinsicht die Anforderungen unserer Kunden umzusetzen und mit h\u00f6chster Flexibilit\u00e4t praktische L\u00f6sungen zu den besten Preisen am Markt anzubieten. Wir entwickeln f\u00fcr unsere Kunden innovative L\u00f6sungen f\u00fcr anspruchsvollste Anforderungen.<\/span><\/strong><\/p>\n<p>[\/vc_column_text][vc_empty_space height=&#8221;30px&#8221;][\/vc_column][\/vc_row][vc_row][vc_column][\/vc_column][\/vc_row][vc_row][vc_column][vc_column_text]<\/p>\n<h2 style=\"text-align: center;\">Was k\u00f6nnen wir f\u00fcr sie tun?<\/h2>\n<p>[\/vc_column_text][vc_empty_space height=&#8221;20px&#8221;][vc_row_inner][vc_column_inner width=&#8221;1\/4&#8243;][vc_single_image image=&#8221;4556&#8243; img_size=&#8221;large&#8221; alignment=&#8221;center&#8221;][vc_column_text]<\/p>\n<h3 style=\"font-size: 18px; line-height: 16px; text-align: left;\"><strong>Lohnverpackung f\u00fcr party-produkte, halloween und weihnachten<\/strong><\/h3>\n<p style=\"text-align: justify;\">Envasado Xiomara bietet als Service die Aerosol-Lohnverpackung f\u00fcr eine Vielzahl von Produkten f\u00fcr solche Feiergelegenheiten an.<\/p>\n<p>[\/vc_column_text][\/vc_column_inner][vc_column_inner width=&#8221;1\/4&#8243;][vc_single_image image=&#8221;4560&#8243; img_size=&#8221;large&#8221; alignment=&#8221;center&#8221;][vc_column_text]<\/p>\n<h3 style=\"font-size: 18px; line-height: 16px; text-align: center;\"><strong>Lohnverpackung von duftsprays<\/strong><\/h3>\n<p style=\"text-align: justify;\">Bei Envasado Xiomara finden Sie ein umfangreiches Sortiment f\u00fcr die pers\u00f6nliche Duftatmosph\u00e4re: Nachf\u00fcllaerosole, manuell dosierte Sprays und Minisprays.<\/p>\n<p>[\/vc_column_text][\/vc_column_inner][vc_column_inner width=&#8221;1\/4&#8243;][vc_single_image image=&#8221;4585&#8243; img_size=&#8221;large&#8221;][vc_column_text]<\/p>\n<h3 style=\"font-size: 18px; line-height: 16px; text-align: center;\"><strong>Lohnverpackung f\u00fcr insektizide, haushalt und heimwerkerbedarf<\/strong><\/h3>\n<p style=\"text-align: justify;\">Bei Envasado Xiomara finden Sie vielf\u00e4ltige Formate und Aerosolprodukte in Form von Insektizidsprays, Reinigungsprodukten f\u00fcr den Haushalt und das Auto sowie Reiniger auf Alkoholbasis, Armaturenbrett-Reiniger und Allzweck-\u00d6lsprays.<\/p>\n<p>[\/vc_column_text][\/vc_column_inner][vc_column_inner width=&#8221;1\/4&#8243;][vc_single_image image=&#8221;4568&#8243; img_size=&#8221;large&#8221;][vc_column_text]<\/p>\n<h3 style=\"font-size: 18px; line-height: 16px; text-align: center;\"><strong>Lohnverpackung f\u00fcr kosmetika<\/strong><\/h3>\n<p style=\"text-align: justify;\">Bei Envasado Xiomara finden Sie vielf\u00e4ltige Formate und Aerosolprodukte f\u00fcr die Hautpflege, z. B. Deodorants, Rasiersch\u00e4ume, Haarsprays, usw.<\/p>\n<p>[\/vc_column_text][\/vc_column_inner][\/vc_row_inner][\/vc_column][\/vc_row][vc_row][vc_column][vc_custom_heading text=&#8221;Vorteile f\u00fcr Sie&#8221; font_container=&#8221;tag:h2|text_align:center&#8221; use_theme_fonts=&#8221;yes&#8221;][vc_row_inner][vc_column_inner width=&#8221;1\/3&#8243;][vc_single_image image=&#8221;4370&#8243; alignment=&#8221;center&#8221;][vc_column_text]<\/p>\n<h3 style=\"text-align: center; font-size: 16px;\"><strong>Vielf\u00e4ltige formate<\/strong><\/h3>\n<p style=\"text-align: justify;\">Wir bieten eine vielf\u00e4ltige Auswahl an Aerosolformaten, mit denen Ihnen jeweils die optimale L\u00f6sung f\u00fcr Ihre spezifischen Anforderungen und die W\u00fcnsche Ihrer Kunden zur Verf\u00fcgung steht. Mit unseren Verpackungen k\u00f6nnen Sie Ihren Abnehmern attraktive Designs anbieten und sich so von den Produkten der Wettbewerber klar differenzieren.<\/p>\n<p>[\/vc_column_text][\/vc_column_inner][vc_column_inner width=&#8221;1\/3&#8243;][vc_single_image image=&#8221;4362&#8243; alignment=&#8221;center&#8221;][vc_column_text]<\/p>\n<h3 style=\"text-align: center; font-size: 16px; line-height: 16px;\"><strong>Umweltfreundliche verpackungen<\/strong><\/h3>\n<p style=\"text-align: justify;\">Wir optimieren unsere Herstellungsprozesse fortlaufend zur Sicherstellung der Nachhaltigkeit und des bestm\u00f6glichen Umweltschutzes. Hierf\u00fcr halten wir uns an internationale Protokolle zur Sicherstellung des Umweltschutzes und zur Erhaltung der Gesundheit und Luftreinheit.<\/p>\n<p>[\/vc_column_text][\/vc_column_inner][vc_column_inner width=&#8221;1\/3&#8243;][vc_single_image image=&#8221;4366&#8243; alignment=&#8221;center&#8221;][vc_column_text]<\/p>\n<h3 style=\"text-align: center; font-size: 16px;\"><strong>Sicherheit und qualit\u00e4t<\/strong><\/h3>\n<p style=\"text-align: justify;\">Wir tragen sowohl bei der Benutzung wie bei den Herstellungsprozessen in h\u00f6chstem Ma\u00dfe Sorge f\u00fcr die Unversehrtheit der Menschen, die mit unseren Aerosolen in Kontakt kommen. Daher achten wir auf die Einhaltung strengster Sicherheitsma\u00dfnahmen, um die Gesundheit aller zu gew\u00e4hrleisten.<\/p>\n<p>[\/vc_column_text][\/vc_column_inner][\/vc_row_inner][\/vc_column][\/vc_row]<\/p>\n<\/div>","protected":false},"excerpt":{"rendered":"<p>[vc_row full_width=&#8221;stretch_row_content&#8221; equal_height=&#8221;yes&#8221; content_placement=&#8221;middle&#8221; css=&#8221;.vc_custom_1594750657322{background-image: url(https:\/\/envasadoxiomara.com\/wp-content\/uploads\/2020\/07\/envasado-terceros-1.jpg?id=4211) !important;background-position: center !important;background-repeat: no-repeat !important;background-size: cover !important;}&#8221;][vc_column][vc_empty_space height=&#8221;30px&#8221;][vc_custom_heading source=&#8221;post_title&#8221; font_container=&#8221;tag:h1|font_size:4rem|text_align:center|color:%23ffffff&#8221; use_theme_fonts=&#8221;yes&#8221;][vc_empty_space height=&#8221;10px&#8221;][vc_column_text] Sobald wir Ihre Anforderungen kennen, finden wir die<span class=\"excerpt-hellip\"> [\u2026]<\/span><\/p>\n","protected":false},"author":5,"featured_media":0,"parent":0,"menu_order":0,"comment_status":"closed","ping_status":"closed","template":"","meta":{"footnotes":""},"class_list":["post-3439","page","type-page","status-publish","hentry"],"yoast_head":"<!-- This site is optimized with the Yoast SEO plugin v25.2 - https:\/\/yoast.com\/wordpress\/plugins\/seo\/ -->\n<title>Servicio de Aerosolhersteller f\u00fcr Dritte | Envasados Xiomara<\/title>\n<meta name=\"description\" content=\"Empresa de envasados a terceros de aerosoles cosm\u00e9ticos, limpieza, fiesta, mantenimiento de autom\u00f3vil y bricolaje | Solicita informaci\u00f3n y precio\" \/>\n<meta name=\"robots\" content=\"index, follow, max-snippet:-1, max-image-preview:large, max-video-preview:-1\" \/>\n<link rel=\"canonical\" href=\"https:\/\/envasadoxiomara.com\/envasados-a-terceros\/\" \/>\n<meta property=\"og:locale\" content=\"de_DE\" \/>\n<meta property=\"og:type\" content=\"article\" \/>\n<meta property=\"og:title\" content=\"Servicio de Aerosolhersteller f\u00fcr Dritte | Envasados Xiomara\" \/>\n<meta property=\"og:description\" content=\"Empresa de envasados a terceros de aerosoles cosm\u00e9ticos, limpieza, fiesta, mantenimiento de autom\u00f3vil y bricolaje | Solicita informaci\u00f3n y precio\" \/>\n<meta property=\"og:url\" content=\"https:\/\/envasadoxiomara.com\/envasados-a-terceros\/\" \/>\n<meta property=\"og:site_name\" content=\"Envasados Xiomara\" \/>\n<meta property=\"article:modified_time\" content=\"2023-03-23T15:08:31+00:00\" \/>\n<meta property=\"og:image\" content=\"https:\/\/envasadoxiomara.com\/wp-content\/uploads\/2017\/04\/logo-empresa-aerosoles-xiomara.jpg\" \/>\n\t<meta property=\"og:image:width\" content=\"434\" \/>\n\t<meta property=\"og:image:height\" content=\"198\" \/>\n\t<meta property=\"og:image:type\" content=\"image\/jpeg\" \/>\n<meta name=\"twitter:card\" content=\"summary_large_image\" \/>\n<meta name=\"twitter:label1\" content=\"Est. reading time\" \/>\n\t<meta name=\"twitter:data1\" content=\"3 minutes\" \/>\n<script type=\"application\/ld+json\" class=\"yoast-schema-graph\">{\"@context\":\"https:\/\/schema.org\",\"@graph\":[{\"@type\":\"WebPage\",\"@id\":\"https:\/\/envasadoxiomara.com\/envasados-a-terceros\/\",\"url\":\"https:\/\/envasadoxiomara.com\/envasados-a-terceros\/\",\"name\":\"Servicio de Aerosolhersteller f\u00fcr Dritte | Envasados Xiomara\",\"isPartOf\":{\"@id\":\"https:\/\/envasadoxiomara.com\/#website\"},\"datePublished\":\"2020-06-29T08:05:59+00:00\",\"dateModified\":\"2023-03-23T15:08:31+00:00\",\"description\":\"Empresa de envasados a terceros de aerosoles cosm\u00e9ticos, limpieza, fiesta, mantenimiento de autom\u00f3vil y bricolaje | Solicita informaci\u00f3n y precio\",\"breadcrumb\":{\"@id\":\"https:\/\/envasadoxiomara.com\/envasados-a-terceros\/#breadcrumb\"},\"inLanguage\":\"de-DE\",\"potentialAction\":[{\"@type\":\"ReadAction\",\"target\":[\"https:\/\/envasadoxiomara.com\/envasados-a-terceros\/\"]}]},{\"@type\":\"BreadcrumbList\",\"@id\":\"https:\/\/envasadoxiomara.com\/envasados-a-terceros\/#breadcrumb\",\"itemListElement\":[{\"@type\":\"ListItem\",\"position\":1,\"name\":\"Portada\",\"item\":\"https:\/\/envasadoxiomara.com\/de\/aerosolhersteller-in-spanien\/\"},{\"@type\":\"ListItem\",\"position\":2,\"name\":\"Aerosolhersteller f\u00fcr Dritte\"}]},{\"@type\":\"WebSite\",\"@id\":\"https:\/\/envasadoxiomara.com\/#website\",\"url\":\"https:\/\/envasadoxiomara.com\/\",\"name\":\"Envasados Xiomara\",\"description\":\"\",\"publisher\":{\"@id\":\"https:\/\/envasadoxiomara.com\/#organization\"},\"alternateName\":\"F\u00e1brica de aerosoles\",\"potentialAction\":[{\"@type\":\"SearchAction\",\"target\":{\"@type\":\"EntryPoint\",\"urlTemplate\":\"https:\/\/envasadoxiomara.com\/?s={search_term_string}\"},\"query-input\":{\"@type\":\"PropertyValueSpecification\",\"valueRequired\":true,\"valueName\":\"search_term_string\"}}],\"inLanguage\":\"de-DE\"},{\"@type\":\"Organization\",\"@id\":\"https:\/\/envasadoxiomara.com\/#organization\",\"name\":\"Envasado Xiomara\",\"url\":\"https:\/\/envasadoxiomara.com\/\",\"logo\":{\"@type\":\"ImageObject\",\"inLanguage\":\"de-DE\",\"@id\":\"https:\/\/envasadoxiomara.com\/#\/schema\/logo\/image\/\",\"url\":\"https:\/\/envasadoxiomara.com\/wp-content\/uploads\/2017\/04\/logo-empresa-aerosoles-xiomara.jpg\",\"contentUrl\":\"https:\/\/envasadoxiomara.com\/wp-content\/uploads\/2017\/04\/logo-empresa-aerosoles-xiomara.jpg\",\"width\":434,\"height\":198,\"caption\":\"Envasado Xiomara\"},\"image\":{\"@id\":\"https:\/\/envasadoxiomara.com\/#\/schema\/logo\/image\/\"}}]}<\/script>\n<!-- \/ Yoast SEO plugin. -->","yoast_head_json":{"title":"Servicio de Aerosolhersteller f\u00fcr Dritte | Envasados Xiomara","description":"Empresa de envasados a terceros de aerosoles cosm\u00e9ticos, limpieza, fiesta, mantenimiento de autom\u00f3vil y bricolaje | Solicita informaci\u00f3n y precio","robots":{"index":"index","follow":"follow","max-snippet":"max-snippet:-1","max-image-preview":"max-image-preview:large","max-video-preview":"max-video-preview:-1"},"canonical":"https:\/\/envasadoxiomara.com\/envasados-a-terceros\/","og_locale":"de_DE","og_type":"article","og_title":"Servicio de Aerosolhersteller f\u00fcr Dritte | Envasados Xiomara","og_description":"Empresa de envasados a terceros de aerosoles cosm\u00e9ticos, limpieza, fiesta, mantenimiento de autom\u00f3vil y bricolaje | Solicita informaci\u00f3n y precio","og_url":"https:\/\/envasadoxiomara.com\/envasados-a-terceros\/","og_site_name":"Envasados Xiomara","article_modified_time":"2023-03-23T15:08:31+00:00","og_image":[{"width":434,"height":198,"url":"https:\/\/envasadoxiomara.com\/wp-content\/uploads\/2017\/04\/logo-empresa-aerosoles-xiomara.jpg","type":"image\/jpeg"}],"twitter_card":"summary_large_image","twitter_misc":{"Est. reading time":"3 minutes"},"schema":{"@context":"https:\/\/schema.org","@graph":[{"@type":"WebPage","@id":"https:\/\/envasadoxiomara.com\/envasados-a-terceros\/","url":"https:\/\/envasadoxiomara.com\/envasados-a-terceros\/","name":"Servicio de Aerosolhersteller f\u00fcr Dritte | Envasados Xiomara","isPartOf":{"@id":"https:\/\/envasadoxiomara.com\/#website"},"datePublished":"2020-06-29T08:05:59+00:00","dateModified":"2023-03-23T15:08:31+00:00","description":"Empresa de envasados a terceros de aerosoles cosm\u00e9ticos, limpieza, fiesta, mantenimiento de autom\u00f3vil y bricolaje | Solicita informaci\u00f3n y precio","breadcrumb":{"@id":"https:\/\/envasadoxiomara.com\/envasados-a-terceros\/#breadcrumb"},"inLanguage":"de-DE","potentialAction":[{"@type":"ReadAction","target":["https:\/\/envasadoxiomara.com\/envasados-a-terceros\/"]}]},{"@type":"BreadcrumbList","@id":"https:\/\/envasadoxiomara.com\/envasados-a-terceros\/#breadcrumb","itemListElement":[{"@type":"ListItem","position":1,"name":"Portada","item":"https:\/\/envasadoxiomara.com\/de\/aerosolhersteller-in-spanien\/"},{"@type":"ListItem","position":2,"name":"Aerosolhersteller f\u00fcr Dritte"}]},{"@type":"WebSite","@id":"https:\/\/envasadoxiomara.com\/#website","url":"https:\/\/envasadoxiomara.com\/","name":"Envasados Xiomara","description":"","publisher":{"@id":"https:\/\/envasadoxiomara.com\/#organization"},"alternateName":"F\u00e1brica de aerosoles","potentialAction":[{"@type":"SearchAction","target":{"@type":"EntryPoint","urlTemplate":"https:\/\/envasadoxiomara.com\/?s={search_term_string}"},"query-input":{"@type":"PropertyValueSpecification","valueRequired":true,"valueName":"search_term_string"}}],"inLanguage":"de-DE"},{"@type":"Organization","@id":"https:\/\/envasadoxiomara.com\/#organization","name":"Envasado Xiomara","url":"https:\/\/envasadoxiomara.com\/","logo":{"@type":"ImageObject","inLanguage":"de-DE","@id":"https:\/\/envasadoxiomara.com\/#\/schema\/logo\/image\/","url":"https:\/\/envasadoxiomara.com\/wp-content\/uploads\/2017\/04\/logo-empresa-aerosoles-xiomara.jpg","contentUrl":"https:\/\/envasadoxiomara.com\/wp-content\/uploads\/2017\/04\/logo-empresa-aerosoles-xiomara.jpg","width":434,"height":198,"caption":"Envasado Xiomara"},"image":{"@id":"https:\/\/envasadoxiomara.com\/#\/schema\/logo\/image\/"}}]}},"_links":{"self":[{"href":"https:\/\/envasadoxiomara.com\/de\/wp-json\/wp\/v2\/pages\/3439","targetHints":{"allow":["GET"]}}],"collection":[{"href":"https:\/\/envasadoxiomara.com\/de\/wp-json\/wp\/v2\/pages"}],"about":[{"href":"https:\/\/envasadoxiomara.com\/de\/wp-json\/wp\/v2\/types\/page"}],"author":[{"embeddable":true,"href":"https:\/\/envasadoxiomara.com\/de\/wp-json\/wp\/v2\/users\/5"}],"replies":[{"embeddable":true,"href":"https:\/\/envasadoxiomara.com\/de\/wp-json\/wp\/v2\/comments?post=3439"}],"version-history":[{"count":0,"href":"https:\/\/envasadoxiomara.com\/de\/wp-json\/wp\/v2\/pages\/3439\/revisions"}],"wp:attachment":[{"href":"https:\/\/envasadoxiomara.com\/de\/wp-json\/wp\/v2\/media?parent=3439"}],"curies":[{"name":"wp","href":"https:\/\/api.w.org\/{rel}","templated":true}]}}