{"id":4169,"date":"2020-07-14T10:41:00","date_gmt":"2020-07-14T10:41:00","guid":{"rendered":"https:\/\/envasadoxiomara.com\/datenschutz\/"},"modified":"2020-12-01T08:01:03","modified_gmt":"2020-12-01T08:01:03","slug":"datenschutz","status":"publish","type":"page","link":"https:\/\/envasadoxiomara.com\/de\/datenschutz\/","title":{"rendered":"Datenschutz"},"content":{"rendered":"<div class=\"wpb-content-wrapper\"><p>[vc_row full_width=&#8221;stretch_row_content&#8221; css=&#8221;.vc_custom_1596027685272{background-color: #f2f2f2 !important;}&#8221;][vc_column][vc_empty_space height=&#8221;16px&#8221;][vc_custom_heading source=&#8221;post_title&#8221; font_container=&#8221;tag:h1|text_align:center|color:%23ed3724&#8243; use_theme_fonts=&#8221;yes&#8221;][vc_empty_space height=&#8221;16px&#8221;][\/vc_column][\/vc_row][vc_row][vc_column][vc_column_text]<b>DATENSCHUTZERKL\u00c4RUNG<\/b><\/p>\n<ol>\n<li><b> Erhebung, Verarbeitung und Nutzung personenbezogener Daten auf der Website:<\/b><\/li>\n<\/ol>\n<p><span style=\"font-weight: 400;\">Gem\u00e4\u00df den Bestimmungen der Datenschutz-Grundverordnung 2016\/679 (DSGVO) und des spanischen Organgesetzes 3\/2018 \u00fcber den Schutz personenbezogener Daten und die Gew\u00e4hrleistung digitaler Rechte (LOPDGDDD) teilen wir Ihnen mit, dass es f\u00fcr die Inanspruchnahme einiger der auf unserer Website angebotenen Dienstleistungen erforderlich sein kann, dass Sie uns bestimmte personenbezogene Daten zur Verf\u00fcgung stellen, die in automatisierte Dateien aufgenommen werden.<\/span><\/p>\n<p><span style=\"font-weight: 400;\">In Erf\u00fcllung der neuen Bestimmungen der Verordnung (EU) 2016\/679 des Europ\u00e4ischen Parlaments und des Rates vom 27. April 2016 und des spanischen Organgesetzes 3\/2018 vom 5. Dezember \u00fcber den Schutz personenbezogener Daten und die Gew\u00e4hrleistung digitaler Rechte, zum Schutz nat\u00fcrlicher Personen bei der Verarbeitung personenbezogener Daten, zum freien Datenverkehr und zur Aufhebung der Richtlinie 95\/46\/EG, teilen wir Ihnen hiermit mit, dass der Verantwortliche Folgender ist:<\/span><\/p>\n<p><b><i>ENVASADO XIOMARA S.L.U.<\/i><\/b><\/p>\n<p><b><i>Steueridentifikationsnummer (CIF): B45410610<\/i><\/b><\/p>\n<p><b><i>Gesch\u00e4ftssitz: POL. INDUSTRIAL LA TORRECILLA CHICA 6, 45220 DE YELES (TOLEDO) SPANIEN.<\/i><\/b><\/p>\n<p><b><i>E-Mail-Adresse: xiomara@envasadoxiomara.com\u00a0<\/i><\/b><\/p>\n<p><b><i>Website: www.envasadoxiomara.com<\/i><\/b><\/p>\n<p><span style=\"font-weight: 400;\">Falls Sie Anmerkungen zu m\u00f6glichen Verletzungen geistiger oder gewerblicher Eigentumsrechte sowie zu den Inhalten der Website machen m\u00f6chten, k\u00f6nnen Sie dies durch Kontaktaufnahme mit dem Unternehmen auf einem der oben genannten Wege tun.\u00a0<\/span><\/p>\n<p><span style=\"font-weight: 400;\">Der Inhalt der Website soll die Benutzer \u00fcber die Dienstleistungen informieren, die das Unternehmen infolge der Anfragen, Vorg\u00e4nge oder Handlungen, die der Benutzer \u00fcber die Website durchf\u00fchrt, anbietet. Gegenstand der Verarbeitung sind die Daten, die der Benutzer jeweils \u00fcber die Formulare auf der Website oder \u00fcber die E-Mails, die er an die auf der Website angegebenen E-Mail-Adressen schickt, zur Verf\u00fcgung stellt, sowie die Daten, die im Rahmen der Pflege der entsprechenden Beziehung generiert werden.<\/span><\/p>\n<p><span style=\"font-weight: 400;\">Alle in den Formularen als Pflichtfelder gekennzeichneten Felder m\u00fcssen zwingend ausgef\u00fcllt werden. Die Auslassung eines dieser Felder kann dazu f\u00fchren, dass wir Ihre Anfrage nicht bearbeiten oder Ihnen die entsprechenden Dienstleistungen nicht erbringen k\u00f6nnen.<\/span><\/p>\n<p><span style=\"font-weight: 400;\">Ferner kann w\u00e4hrend einer solchen Datenerhebung Ihre Zustimmung auch f\u00fcr andere Zwecke eingeholt werden, die nicht direkt mit der Dienstleistung oder der entsprechenden Beziehung zusammenh\u00e4ngen. Sollten Sie nicht mit dieser zus\u00e4tzlichen Verarbeitung einverstanden sein, kreuzen Sie bitte das entsprechende K\u00e4stchen an.\u00a0<\/span><\/p>\n<p><span style=\"font-weight: 400;\">Informationsanfragende: Die in diesen F\u00e4llen verwendeten personenbezogenen Daten stammen von der betroffenen Person selbst, welche sie beim Ausf\u00fcllen des auf der Website bereitgestellten Kontaktformulars, bei Telefongespr\u00e4chen oder beim Versand von E-Mails an ENVASADO XIOMARA S.L.U. \u00fcbermittelt.<\/span><\/p>\n<p><span style=\"font-weight: 400;\">Diese Daten werden zur Beantwortung von Anfragen und zur Bereitstellung von Informationen an Personen verwendet, die diese haupts\u00e4chlich per E-Mail anfordern oder dies ausdr\u00fccklich genehmigen.<\/span><\/p>\n<p><span style=\"font-weight: 400;\">Jede Person, die auf diese Website zugreift (im Folgenden der \u201eBenutzer\u201c), erkl\u00e4rt, dass sie das in der Datenschutz-Grundverordnung 679\/2016 (16 Jahre) oder in den f\u00fcr sie geltenden staatlichen Vorschriften festgelegte Mindestalter f\u00fcr die Erteilung der Zustimmung im Zusammenhang mit Dienstleistungen der Informationsgesellschaft erreicht hat.<\/span><\/p>\n<p><span style=\"font-weight: 400;\">Indem er auf diese Website zugreift, stimmt der Benutzer ausdr\u00fccklich allen Bestimmungen der darauf ausgewiesenen rechtlichen Hinweise, dieser Datenschutzerkl\u00e4rung und der Cookie-Richtlinie sowie allen besonderen Bedingungen zu, die f\u00fcr die Inanspruchnahme bestimmter Dienstleistungen gelten. Falls der Benutzer eine dieser Bestimmungen nicht annimmt, muss er den Zugriff auf diese Website unterlassen.<\/span><\/p>\n<p><span style=\"font-weight: 400;\">Durch den Zugriff auf die Konten von ENVASADO XIOMARA S.L.U. in den sozialen Netzwerken erkl\u00e4rt sich der Benutzer mit der Verarbeitung personenbezogener Daten auf diesen in \u00dcbereinstimmung mit den einschl\u00e4gigen Datenschutzerkl\u00e4rungen einverstanden.<\/span><\/p>\n<ol start=\"2\">\n<li><b> Zweck der Verarbeitung personenbezogener Daten:<\/b><\/li>\n<\/ol>\n<p><span style=\"font-weight: 400;\">ENVASADO XIOMARA S.L.U. verarbeitet Ihre \u00fcber die Website erhobenen personenbezogenen Daten zu den folgenden Zwecken:<\/span><\/p>\n<p><span style=\"font-weight: 400;\">\u2013 \u00dcbermittlung von Informationen, die \u00fcber die auf der Website bereitgestellten Kontaktformulare angefordert werden, um Anfragen in Bezug auf die von dem Unternehmen erbrachten Dienstleistungen zu stellen.<\/span><\/p>\n<p><span style=\"font-weight: 400;\">&#8211; Angaben aus den Lebensl\u00e4ufen, die Sie uns in irgendeiner Form zukommen lassen. Hierbei besteht der Zweck darin, Ihre Bewerbung zu beurteilen, falls in der Zukunft eine Stelle frei wird, die Ihren Eigenschaften entspricht.<\/span><\/p>\n<p><span style=\"font-weight: 400;\">\u00a0<\/span><span style=\"font-weight: 400;\">Ferner weisen wir Sie darauf hin, dass Sie der Zusendung kommerzieller Mitteilungen jederzeit und auf beliebigem Wege widersprechen k\u00f6nnen, indem Sie sich an ENVASADO XIOMARA S.L.U. wenden.<\/span><\/p>\n<p><span style=\"font-weight: 400;\">Die Felder in diesen Formularen m\u00fcssen ausgef\u00fcllt werden, da die angegebenen Zwecke nicht erf\u00fcllt werden k\u00f6nnen, wenn diese Daten nicht angegeben werden.<\/span><\/p>\n<ol start=\"3\">\n<li><b> Grundlage:<\/b><\/li>\n<\/ol>\n<p><span style=\"font-weight: 400;\">Die Verarbeitung Ihrer Daten beruht auf den folgenden rechtlichen Grundlagen:<\/span><\/p>\n<p><span style=\"font-weight: 400;\">&#8211; Die freie, spezifische, aufgekl\u00e4rte und unmissverst\u00e4ndliche Einwilligung. Die Aufkl\u00e4rung erfolgt mittels der vorliegenden Datenschutzerkl\u00e4rung, welche Sie, nachdem Sie sie gelesen haben und falls Sie mit ihr einverstanden sind, durch eine eindeutig best\u00e4tigende Erkl\u00e4rung oder Handlung, wie z. B. das Ankreuzen eines daf\u00fcr vorgesehenen K\u00e4stchens, akzeptieren k\u00f6nnen.<\/span><\/p>\n<p><span style=\"font-weight: 400;\">Falls Sie uns Ihre Daten nicht bzw. unrichtig oder unvollst\u00e4ndig zur Verf\u00fcgung stellen, k\u00f6nnen wir Ihrer Anfrage nicht nachkommen, und sind nicht in der Lage, Ihnen die angeforderten Informationen zur Verf\u00fcgung zu stellen oder die angeforderten Dienstleistungen zu erbringen.<\/span><\/p>\n<ol start=\"4\">\n<li><b> Gew\u00e4hrleistung:<\/b><\/li>\n<\/ol>\n<p><span style=\"font-weight: 400;\">Der Benutzer versichert, dass die bereitgestellten Angaben wahrheitsgetreu, zutreffend, vollst\u00e4ndig und aktuell sind, und ist f\u00fcr jeden direkten oder indirekten Schaden verantwortlich, der durch die Nichteinhaltung dieser Verpflichtung entstehen kann. Sollten die bereitgestellten Daten einem Dritten geh\u00f6ren, versichert der Benutzer, dass er diesen Dritten unterrichtet und seine Zustimmung zur Weitergabe seiner personenbezogenen Daten an ENVASADO XIOMARA S.L.U. eingeholt hat.<\/span><\/p>\n<ol start=\"5\">\n<li><b> Speicherung der Daten:<\/b><\/li>\n<\/ol>\n<p><span style=\"font-weight: 400;\">Ihre Daten werden f\u00fcr die Dauer des Vertragsverh\u00e4ltnisses oder f\u00fcr die zur Erf\u00fcllung etwaiger gesetzlicher Verpflichtungen erforderliche Anzahl von Jahren aufbewahrt, solange Sie dieses nicht k\u00fcndigen, oder f\u00fcr den Zeitraum, der zur Erreichung der f\u00fcr die erhobenen Daten vorgesehenen Zwecke erforderlich ist.<\/span><\/p>\n<ol start=\"6\">\n<li><b> Empf\u00e4nger:<\/b><\/li>\n<\/ol>\n<p><span style=\"font-weight: 400;\">Ihre Daten werden unter Einhaltung strenger Sicherheitsma\u00dfnahmen aufbewahrt, die ihre Vertraulichkeit und Sicherheit gew\u00e4hrleisten. Entsprechend werden sie ausschlie\u00dflich an die folgenden Stellen und ausschlie\u00dflich f\u00fcr die folgenden Zwecke weitergegeben:<\/span><\/p>\n<p><span style=\"font-weight: 400;\">&#8211; Unternehmen und Lieferanten, die ENVASADO XIOMARA S.L.U. Dienstleistungen f\u00fcr die ordnungsgem\u00e4\u00dfe Erbringung dieser Dienstleistungen bereitstellen. Diese Unternehmen und Lieferanten verf\u00fcgen \u00fcber eine ordnungsgem\u00e4\u00dfe Zulassung und schlie\u00dfen gem\u00e4\u00df den geltenden Datenschutzbestimmungen einen entsprechenden Datenverarbeitungsvertrag mit uns ab.<\/span><\/p>\n<p><span style=\"font-weight: 400;\">&#8211; \u00d6ffentliche Beh\u00f6rden und Stellen in \u00dcbereinstimmung mit den geltenden Vorschriften und Gesetzen.<\/span><\/p>\n<p><span style=\"font-weight: 400;\">Jegliche internationale Daten\u00fcbertragung im Rahmen der Nutzung amerikanischer Anwendungen erfolgt unter Einhaltung des Datenschutzschildabkommens, welches sicherstellt, dass amerikanische Softwareunternehmen die europ\u00e4ischen Datenschutzrichtlinien zum Schutz der Privatsph\u00e4re einhalten.<\/span><\/p>\n<p><span style=\"font-weight: 400;\">Mit Ausnahme der oben beschriebenen F\u00e4lle werden die Daten nicht an Dritte weitergegeben, die nicht zu ENVASADO XIOMARA S.LU. geh\u00f6ren, es sei denn, es besteht eine gesetzliche Verpflichtung oder es liegt eine vorherige Zustimmung vor.<\/span><\/p>\n<p><span style=\"font-weight: 400;\">Empf\u00e4nger au\u00dferhalb der Europ\u00e4ischen Union: ENVASADO XIOMARA S.L.U. gibt keine personenbezogenen Daten an Dritte weiter und schlie\u00dft keine Vertr\u00e4ge mit Dienstleistungsanbietern ab, die sich au\u00dferhalb der Europ\u00e4ischen Union befinden.<\/span><\/p>\n<ol start=\"7\">\n<li><b> Rechte:<\/b><\/li>\n<\/ol>\n<p><span style=\"font-weight: 400;\">Als betroffene Person, die uns Ihre personenbezogenen Daten zur Verf\u00fcgung gestellt hat, haben Sie das uneingeschr\u00e4nkte Recht, Auskunft dar\u00fcber zu erhalten, ob ENVASADO XIOMARA S.L.U. Ihre personenbezogenen Daten verarbeitet. Insbesondere haben Sie auch Anspruch auf Aus\u00fcbung der folgenden Rechte, die Ihnen gem\u00e4\u00df den datenschutzrechtlichen Bestimmungen zustehen:<\/span><\/p>\n<p><span style=\"font-weight: 400;\">\u2013 Recht auf AUSKUNFT \u00fcber Ihre personenbezogenen Daten.<\/span><\/p>\n<p><span style=\"font-weight: 400;\">\u2013 Das Recht, die BERICHTIGUNG unrichtiger Daten zu beantragen.<\/span><\/p>\n<p><span style=\"font-weight: 400;\">\u2013 Das Recht, die L\u00d6SCHUNG der Daten zu beantragen, wenn sie f\u00fcr die Zwecke, f\u00fcr die sie erhoben wurden, nicht mehr erforderlich sind, neben anderen Gr\u00fcnden.<\/span><\/p>\n<p><span style=\"font-weight: 400;\">\u00a0\u2013 Unter bestimmten Umst\u00e4nden k\u00f6nnen Sie die EINSCHR\u00c4NKUNG DER VERARBEITUNG Ihrer Daten beantragen. In diesem Fall werden wir sie nur f\u00fcr die Aus\u00fcbung oder Verteidigung von Rechtsanspr\u00fcchen speichern.<\/span><\/p>\n<p><span style=\"font-weight: 400;\">\u2013 Unter bestimmten Umst\u00e4nden und aus Gr\u00fcnden, die mit ihrer spezifischen Situation zusammenh\u00e4ngen, k\u00f6nnen betroffene Personen von ihrem Recht Gebrauch machen, der Verarbeitung ihrer Daten zu WIDERSPRECHEN. Wir stellen dann die Verarbeitung der Daten ein, es sei denn, es liegen zwingende berechtigte Gr\u00fcnde vor oder es handelt sich um die Aus\u00fcbung oder Verteidigung m\u00f6glicher Rechtsanspr\u00fcche.<\/span><\/p>\n<p><span style=\"font-weight: 400;\">\u2013 Unter bestimmten Umst\u00e4nden und aus Gr\u00fcnden, die mit Ihrer spezifischen Situation zusammenh\u00e4ngen, k\u00f6nnen Sie Ihr Recht auf \u00dcBERTRAGBARKEIT der Daten geltend machen.<\/span><\/p>\n<p><span style=\"font-weight: 400;\">Sie k\u00f6nnen diese Rechte aus\u00fcben oder zus\u00e4tzliche Informationen anfordern, indem Sie eine Kopie eines Ausweisdokuments vorlegen und Ihren Fall und das Recht, das Sie aus\u00fcben m\u00f6chten, kurz beschreiben. Wenden Sie sich dazu auf dem Postweg an ENVASADO XIOMARA S.L.U. unter der Anschrift\u00a0 POL . INDUSTRIAL LA TORRECILLA CHICA 6, 45220 DE YELES (TOLEDO) SPANIEN oder per E-Mail an xiomara@envasadoxiomara.com.<\/span><\/p>\n<p><span style=\"font-weight: 400;\">Sollte ein Versto\u00df gegen eines ihrer Rechte vorliegen, kann die betroffene Person Beschwerde bei der spanischen Datenschutzbeh\u00f6rde (AEPD) unter der Anschrift C\/ Jorge Juan, 6, 28001 Madrid (Spanien) oder \u00fcber die Website der AEPD einreichen: https:\/\/sedeagpd.gob.es\/sede-electronica-web\/.\u00a0<\/span><\/p>\n<ol start=\"8\">\n<li><b> \u00c4nderungen<\/b><\/li>\n<\/ol>\n<p><span style=\"font-weight: 400;\">Wir behalten uns das Recht vor, \u00c4nderungen an dieser Erkl\u00e4rung vorzunehmen, um sie an neue Gesetze oder Urteile anzupassen, die m\u00f6glicherweise in Kraft treten oder ver\u00f6ffentlicht werden, sowie die entsprechenden \u00c4nderungen in \u00dcbereinstimmung mit den Industrie- oder Handelspraktiken vorzunehmen.<\/span><span style=\"font-weight: 400;\"><br \/>\n<\/span><b>9. Geltungsdauer und \u00c4nderung der Datenschutzerkl\u00e4rung:<\/b><\/p>\n<p><span style=\"font-weight: 400;\">ENVASADO XIOMARA S.L. beh\u00e4lt sich das Recht vor, diese Datenschutzerkl\u00e4rung vollst\u00e4ndig oder teilweise zu \u00e4ndern und die \u00c4nderungen auf der Website zu ver\u00f6ffentlichen. Ferner kann das Unternehmen ohne vorherige Ank\u00fcndigung jede \u00c4nderung vornehmen, die es f\u00fcr angemessen h\u00e4lt, und sowohl die Inhalte und Dienstleistungen, die es anbietet, als auch die Art und Weise, auf die diese pr\u00e4sentiert oder bereitgestellt werden, \u00e4ndern, streichen oder erg\u00e4nzen. Ausschlaggebend sind daher die allgemeinen Bedingungen\/Richtlinien, die zum Zeitpunkt des Zugriffs durch den Benutzer ver\u00f6ffentlicht sind und die dieser regelm\u00e4\u00dfig lesen sollte.<\/span><\/p>\n<p><span style=\"font-weight: 400;\">Ungeachtet der obigen Bestimmungen steht es ENVASADO XIOMARA S.L.U. frei, den Zugang zu den Inhalten der Website jederzeit und ohne vorherige Ank\u00fcndigung zu beenden, auszusetzen oder zu unterbrechen, ohne dass der Benutzer eine Entsch\u00e4digung verlangen kann.<\/span><span style=\"font-weight: 400;\">\u00a0<\/span><\/p>\n<p><span style=\"font-weight: 400;\">Dieses Dokument wurde von <\/span><a href=\"https:\/\/www.protectionreport.com\"><span style=\"font-weight: 400;\">PROTECTION REPORT S.L<\/span><\/a><span style=\"font-weight: 400;\">. verfasst und erstellt. PROTECTION REPORT S.L. beh\u00e4lt sich das Recht vor, rechtliche Schritte zu unternehmen, falls der Inhalt auf rechtswidrige Weise kopiert und verwendet wird.<\/span><\/p>\n<p>&nbsp;<\/p>\n<p><span style=\"font-weight: 400;\">Zuletzt aktualisiert am 29. September 2020.<\/span><\/p>\n<p>&nbsp;[\/vc_column_text][\/vc_column][\/vc_row]<\/p>\n<\/div>","protected":false},"excerpt":{"rendered":"<p>[vc_row full_width=&#8221;stretch_row_content&#8221; css=&#8221;.vc_custom_1596027685272{background-color: #f2f2f2 !important;}&#8221;][vc_column][vc_empty_space height=&#8221;16px&#8221;][vc_custom_heading source=&#8221;post_title&#8221; font_container=&#8221;tag:h1|text_align:center|color:%23ed3724&#8243; use_theme_fonts=&#8221;yes&#8221;][vc_empty_space height=&#8221;16px&#8221;][\/vc_column][\/vc_row][vc_row][vc_column][vc_column_text]DATENSCHUTZERKL\u00c4RUNG Erhebung, Verarbeitung und Nutzung personenbezogener Daten auf der Website: Gem\u00e4\u00df den Bestimmungen der Datenschutz-Grundverordnung 2016\/679 (DSGVO)<span class=\"excerpt-hellip\"> [\u2026]<\/span><\/p>\n","protected":false},"author":5,"featured_media":0,"parent":0,"menu_order":0,"comment_status":"closed","ping_status":"closed","template":"","meta":{"footnotes":""},"class_list":["post-4169","page","type-page","status-publish","hentry"],"yoast_head":"<!-- This site is optimized with the Yoast SEO plugin v25.2 - https:\/\/yoast.com\/wordpress\/plugins\/seo\/ -->\n<title>Datenschutz | Envasados Xiomara<\/title>\n<meta name=\"description\" content=\"Datenschutz | Envasados Xiomara\" \/>\n<meta name=\"robots\" content=\"noindex, follow\" \/>\n<meta property=\"og:locale\" content=\"de_DE\" \/>\n<meta property=\"og:type\" content=\"article\" \/>\n<meta property=\"og:title\" content=\"Datenschutz | Envasados Xiomara\" \/>\n<meta property=\"og:description\" content=\"Datenschutz | Envasados Xiomara\" \/>\n<meta property=\"og:url\" content=\"https:\/\/envasadoxiomara.com\/politicas-de-privacidad\/\" \/>\n<meta property=\"og:site_name\" content=\"Envasados Xiomara\" \/>\n<meta property=\"article:modified_time\" content=\"2020-12-01T08:01:03+00:00\" \/>\n<meta property=\"og:image\" content=\"https:\/\/envasadoxiomara.com\/wp-content\/uploads\/2017\/04\/logo-empresa-aerosoles-xiomara.jpg\" \/>\n\t<meta property=\"og:image:width\" content=\"434\" \/>\n\t<meta property=\"og:image:height\" content=\"198\" \/>\n\t<meta property=\"og:image:type\" content=\"image\/jpeg\" \/>\n<meta name=\"twitter:card\" content=\"summary_large_image\" \/>\n<meta name=\"twitter:label1\" content=\"Est. reading time\" \/>\n\t<meta name=\"twitter:data1\" content=\"9 minutes\" \/>\n<script type=\"application\/ld+json\" class=\"yoast-schema-graph\">{\"@context\":\"https:\/\/schema.org\",\"@graph\":[{\"@type\":\"WebPage\",\"@id\":\"https:\/\/envasadoxiomara.com\/politicas-de-privacidad\/\",\"url\":\"https:\/\/envasadoxiomara.com\/politicas-de-privacidad\/\",\"name\":\"Datenschutz | Envasados Xiomara\",\"isPartOf\":{\"@id\":\"https:\/\/envasadoxiomara.com\/#website\"},\"datePublished\":\"2020-07-14T10:41:00+00:00\",\"dateModified\":\"2020-12-01T08:01:03+00:00\",\"description\":\"Datenschutz | Envasados Xiomara\",\"breadcrumb\":{\"@id\":\"https:\/\/envasadoxiomara.com\/politicas-de-privacidad\/#breadcrumb\"},\"inLanguage\":\"de-DE\",\"potentialAction\":[{\"@type\":\"ReadAction\",\"target\":[\"https:\/\/envasadoxiomara.com\/politicas-de-privacidad\/\"]}]},{\"@type\":\"BreadcrumbList\",\"@id\":\"https:\/\/envasadoxiomara.com\/politicas-de-privacidad\/#breadcrumb\",\"itemListElement\":[{\"@type\":\"ListItem\",\"position\":1,\"name\":\"Portada\",\"item\":\"https:\/\/envasadoxiomara.com\/de\/aerosolhersteller-in-spanien\/\"},{\"@type\":\"ListItem\",\"position\":2,\"name\":\"Datenschutz\"}]},{\"@type\":\"WebSite\",\"@id\":\"https:\/\/envasadoxiomara.com\/#website\",\"url\":\"https:\/\/envasadoxiomara.com\/\",\"name\":\"Envasados Xiomara\",\"description\":\"\",\"publisher\":{\"@id\":\"https:\/\/envasadoxiomara.com\/#organization\"},\"alternateName\":\"F\u00e1brica de aerosoles\",\"potentialAction\":[{\"@type\":\"SearchAction\",\"target\":{\"@type\":\"EntryPoint\",\"urlTemplate\":\"https:\/\/envasadoxiomara.com\/?s={search_term_string}\"},\"query-input\":{\"@type\":\"PropertyValueSpecification\",\"valueRequired\":true,\"valueName\":\"search_term_string\"}}],\"inLanguage\":\"de-DE\"},{\"@type\":\"Organization\",\"@id\":\"https:\/\/envasadoxiomara.com\/#organization\",\"name\":\"Envasado Xiomara\",\"url\":\"https:\/\/envasadoxiomara.com\/\",\"logo\":{\"@type\":\"ImageObject\",\"inLanguage\":\"de-DE\",\"@id\":\"https:\/\/envasadoxiomara.com\/#\/schema\/logo\/image\/\",\"url\":\"https:\/\/envasadoxiomara.com\/wp-content\/uploads\/2017\/04\/logo-empresa-aerosoles-xiomara.jpg\",\"contentUrl\":\"https:\/\/envasadoxiomara.com\/wp-content\/uploads\/2017\/04\/logo-empresa-aerosoles-xiomara.jpg\",\"width\":434,\"height\":198,\"caption\":\"Envasado Xiomara\"},\"image\":{\"@id\":\"https:\/\/envasadoxiomara.com\/#\/schema\/logo\/image\/\"}}]}<\/script>\n<!-- \/ Yoast SEO plugin. -->","yoast_head_json":{"title":"Datenschutz | Envasados Xiomara","description":"Datenschutz | Envasados Xiomara","robots":{"index":"noindex","follow":"follow"},"og_locale":"de_DE","og_type":"article","og_title":"Datenschutz | Envasados Xiomara","og_description":"Datenschutz | Envasados Xiomara","og_url":"https:\/\/envasadoxiomara.com\/politicas-de-privacidad\/","og_site_name":"Envasados Xiomara","article_modified_time":"2020-12-01T08:01:03+00:00","og_image":[{"width":434,"height":198,"url":"https:\/\/envasadoxiomara.com\/wp-content\/uploads\/2017\/04\/logo-empresa-aerosoles-xiomara.jpg","type":"image\/jpeg"}],"twitter_card":"summary_large_image","twitter_misc":{"Est. reading time":"9 minutes"},"schema":{"@context":"https:\/\/schema.org","@graph":[{"@type":"WebPage","@id":"https:\/\/envasadoxiomara.com\/politicas-de-privacidad\/","url":"https:\/\/envasadoxiomara.com\/politicas-de-privacidad\/","name":"Datenschutz | Envasados Xiomara","isPartOf":{"@id":"https:\/\/envasadoxiomara.com\/#website"},"datePublished":"2020-07-14T10:41:00+00:00","dateModified":"2020-12-01T08:01:03+00:00","description":"Datenschutz | Envasados Xiomara","breadcrumb":{"@id":"https:\/\/envasadoxiomara.com\/politicas-de-privacidad\/#breadcrumb"},"inLanguage":"de-DE","potentialAction":[{"@type":"ReadAction","target":["https:\/\/envasadoxiomara.com\/politicas-de-privacidad\/"]}]},{"@type":"BreadcrumbList","@id":"https:\/\/envasadoxiomara.com\/politicas-de-privacidad\/#breadcrumb","itemListElement":[{"@type":"ListItem","position":1,"name":"Portada","item":"https:\/\/envasadoxiomara.com\/de\/aerosolhersteller-in-spanien\/"},{"@type":"ListItem","position":2,"name":"Datenschutz"}]},{"@type":"WebSite","@id":"https:\/\/envasadoxiomara.com\/#website","url":"https:\/\/envasadoxiomara.com\/","name":"Envasados Xiomara","description":"","publisher":{"@id":"https:\/\/envasadoxiomara.com\/#organization"},"alternateName":"F\u00e1brica de aerosoles","potentialAction":[{"@type":"SearchAction","target":{"@type":"EntryPoint","urlTemplate":"https:\/\/envasadoxiomara.com\/?s={search_term_string}"},"query-input":{"@type":"PropertyValueSpecification","valueRequired":true,"valueName":"search_term_string"}}],"inLanguage":"de-DE"},{"@type":"Organization","@id":"https:\/\/envasadoxiomara.com\/#organization","name":"Envasado Xiomara","url":"https:\/\/envasadoxiomara.com\/","logo":{"@type":"ImageObject","inLanguage":"de-DE","@id":"https:\/\/envasadoxiomara.com\/#\/schema\/logo\/image\/","url":"https:\/\/envasadoxiomara.com\/wp-content\/uploads\/2017\/04\/logo-empresa-aerosoles-xiomara.jpg","contentUrl":"https:\/\/envasadoxiomara.com\/wp-content\/uploads\/2017\/04\/logo-empresa-aerosoles-xiomara.jpg","width":434,"height":198,"caption":"Envasado Xiomara"},"image":{"@id":"https:\/\/envasadoxiomara.com\/#\/schema\/logo\/image\/"}}]}},"_links":{"self":[{"href":"https:\/\/envasadoxiomara.com\/de\/wp-json\/wp\/v2\/pages\/4169","targetHints":{"allow":["GET"]}}],"collection":[{"href":"https:\/\/envasadoxiomara.com\/de\/wp-json\/wp\/v2\/pages"}],"about":[{"href":"https:\/\/envasadoxiomara.com\/de\/wp-json\/wp\/v2\/types\/page"}],"author":[{"embeddable":true,"href":"https:\/\/envasadoxiomara.com\/de\/wp-json\/wp\/v2\/users\/5"}],"replies":[{"embeddable":true,"href":"https:\/\/envasadoxiomara.com\/de\/wp-json\/wp\/v2\/comments?post=4169"}],"version-history":[{"count":0,"href":"https:\/\/envasadoxiomara.com\/de\/wp-json\/wp\/v2\/pages\/4169\/revisions"}],"wp:attachment":[{"href":"https:\/\/envasadoxiomara.com\/de\/wp-json\/wp\/v2\/media?parent=4169"}],"curies":[{"name":"wp","href":"https:\/\/api.w.org\/{rel}","templated":true}]}}