{"id":4178,"date":"2020-07-14T10:42:41","date_gmt":"2020-07-14T10:42:41","guid":{"rendered":"https:\/\/envasadoxiomara.com\/rechtlicher-hinweis\/"},"modified":"2020-07-14T10:42:42","modified_gmt":"2020-07-14T10:42:42","slug":"rechtlicher-hinweis","status":"publish","type":"page","link":"https:\/\/envasadoxiomara.com\/de\/rechtlicher-hinweis\/","title":{"rendered":"Rechtlicher Hinweis"},"content":{"rendered":"<div class=\"wpb-content-wrapper\"><p>[vc_row full_width=&#8221;stretch_row&#8221; css=&#8221;.vc_custom_1594106009231{background-color: #f2f2f2 !important;}&#8221;][vc_column][vc_empty_space height=&#8221;16px&#8221;][vc_custom_heading source=&#8221;post_title&#8221; font_container=&#8221;tag:h1|text_align:center|color:%23ed3724&#8243; use_theme_fonts=&#8221;yes&#8221;][vc_empty_space height=&#8221;16px&#8221;][\/vc_column][\/vc_row][vc_row][vc_column][vc_column_text]<\/p>\n<h2><strong>Nutzungsbedingungen f\u00fcr das Web<\/strong><\/h2>\n<p><strong>1.General<\/strong><\/p>\n<p>Die Benutzung dieser Website als Benutzer beinhaltet die Anerkennung dieser Bedingungen.<\/p>\n<p><strong>2. Geistiges Eigentum<\/strong><\/p>\n<p>Alle Rechte an dem geistigen Eigentum der Website aerosolxiomara.com, einschlie\u00dflich der darin enthaltenen Elementen (also: Text, Software, Bilder, \u2026 usw.) geh\u00f6ren zum Unternehmen XIOMARA, SL oder gegebenenfalls , an dritte weiter.<br \/>\nDer Benutzer kann den Inhalt sehen, gedruckt oder auf einem physischen Tr\u00e4ger gespeichert wie lange sie allein und ausschlie\u00dflich f\u00fcr die pers\u00f6nlichen und privaten Gebrauch verwendet werden. Es ist verboten, daher Vervielf\u00e4ltigung, Verbreitung, Ver\u00e4nderung, Dekompilierung und die Ver\u00f6ffentlichung, ganz oder in Teilen ohne entsprechende Genehmigung Inhaber aller Rechte erw\u00e4hnt, Xiomara, SL.<br \/>\nEbenso sind sie gesetzlich Handelsnamen gesch\u00fctzt, Logos, Marken, usw. von Inhalten unserer Website.<\/p>\n<p><strong>3. Nutzung von Inhalten<\/strong><\/p>\n<p>Sofern nichts anderes ausdr\u00fccklich vom Eigent\u00fcmer autorisiert, Sie sind nicht zu reproduzieren erlaubt, \u00fcbertragen oder den Inhalt dieser Website in irgendeiner Art und Weise zu nutzen.<\/p>\n<p><strong>4. AUFGABEN<\/strong><\/p>\n<p>Obwohl XIOMARA, SL ist bem\u00fcht , die Pr\u00e4zision und Genauigkeit der Inhalte dieser Website zu gew\u00e4hrleisten, k\u00f6nnen sie dennoch Fehler oder Ungenauigkeiten enthalten aufgrund des Herstellers Fehler oder Informationen \u00fcber das Herkunfts typographische. XIOMARA lehnt SL Verantwortung f\u00fcr die Informationen in Webseiten Dritter durch Links (Links) auf der Website von XIOMARA, SL verbunden enthalten.<br \/>\nUnter keinen Umst\u00e4nden, Xiomara, wird SL gehalten f\u00fcr Verluste oder Sch\u00e4den irgendwelcher Art entstehen , haftbar gemacht werden aus auf oder im Zusammenhang der Nutzung dieser Website.<br \/>\nSie m\u00fcssen die Unternehmen XIOMARA, SL gegen Sch\u00e4den oder Verletzungen , die sich aus Ihrer Verletzung dieser Bedingungen oder Verwendung der Inhalte dieser Website ohne Genehmigung frei.<\/p>\n<p><strong>5. Teilbarkeit<\/strong><\/p>\n<p>Sollte eine Bestimmung dieser Bedingungen fehlt oder ung\u00fcltig sein passieren oder nach geltendem Recht nicht durchsetzbar werden, w\u00fcrde diese Bestimmung keine Auswirkungen haben, aber nur in dem Ma\u00dfe, wie sehr der G\u00fcltigkeit fehlt, und \u00fcbernimmt keine andere Bestimmung Affekt diese Bedingungen.<\/p>\n<p><strong>6. Recht und Gerichtsstand<\/strong><\/p>\n<p>Diese Nutzungsbedingungen sollen nach spanischem Recht interpretiert und geregelt. F\u00fcr alle Streitigkeiten aus diesen Bedingungen entstehen , werden in den Gerichten von Madrid n\u00e4her an unsere Zentrale abgerechnet. Dies ist jedoch nicht verhindern , dass die Firma XIOMARA, SL das Recht vor , Streit in einem anderen Land niederzulassen.<br \/>\nGeltendes Recht K\u00e4ufe in XIOMARA gemacht, sind SL unterliegen der spanischen Gesetzgebung und andere damit verbundene Rechtsvorschriften die Eink\u00e4ufe Bedeutung sind in der Wohnung von XIOMARA, SL gemacht. Mit Bezug auf jede Streitigkeit oder Meinungsverschiedenheiten, die die Durchsetzung oder Auslegung des Kaufvertrages entstehen k\u00f6nnen , in Bezug auf erreicht, oder eine ihrer Bedingungen geben die Parteien f\u00fcr die Gerichte von Madrid n\u00e4her an den Sitz der XIOMARA, SL. Die Erkl\u00e4rung der Nichtigkeit eines oder mehrere der Bedingungen des Verkaufs \u2013 Set, nicht \u2013 essentielle, mit sich bringen nicht die Nichtigkeit des Kaufvertrags erreicht, der wird bleiben in Kraft.<\/p>\n<p><strong>7. MODIFIKATIONEN<\/strong><\/p>\n<p>XIOMARA, SL beh\u00e4lt sich das Recht vor, die Inhalte dieser Website zu \u00e4ndern, und die Preise der Produkte auf dem Display jederzeit und ohne vorherige Ank\u00fcndigung.<\/p>\n<p><strong>8. DATENSCHUTZ<\/strong><\/p>\n<p>Im Rahmen der aktuellen Gesetzgebung der Einhaltung in Organischen Gesetz enthielt 15\/1999 vom 13. Dezember zum Schutz pers\u00f6nlicher Daten (LOPD), die in Bezug auf die Behandlung gew\u00e4hrleisten soll und zum Schutz von pers\u00f6nliche Daten, Freiheiten und Grundrechte des Einzelnen und vor allem ihrer Ehre und Privatsph\u00e4re, Xiomara, informieren SL-Nutzer, die: XIOMARA, SL die technische und organisatorische Ma\u00dfnahmen ergriffen hat, wie in der geltenden Vorschriften vorgesehen. XIOMARA, SL erh\u00e4lt nur und h\u00e4lt Informationen \u00fcber die Anzahl der Besuche auf die verschiedenen Seiten dieser Website und Sucheinstellungen und keine Verwendung von \u201eCookies\u201c oder \u00e4hnlichen Mechanismen gemacht wird. Solche Informationen sind v\u00f6llig anonym, da in keiner Weise mit einem mit vollst\u00e4ndigen Namen, Adresse usw. identifizierten Benutzer zugeordnet werden Diese Daten k\u00f6nnen f\u00fcr statistische Inserate verwendet, die den Vorlieben des Benutzers und Typologie, um treffen dienen unsere verschiedenen Abschnitten zu verbessern und die Effektivit\u00e4t unserer Angebote zu bestimmen. Die pers\u00f6nlichen Daten im Kontaktformular enthalten (E-Mail, Telefon. Adresse, Ort, Name usw.) werden nicht automatisch eine Ausnahme f\u00fcr den Empfang Antwort auf die Konsultation verarbeitet und Zusendung eines Newsletters Promotionen. XIOMARA, SL hat die Sicherheitsstufen entsprechend den Daten erlassen. Der Benutzer kann jederzeit ihre Rechte nach dem Gesetz, Auskunft, Berichtigung, L\u00f6schung und Widerspruch aus\u00fcben. Die Aus\u00fcbung dieser Rechte kann der Benutzer von jeder Seite der Website sein, von einem der E-Mails Sie erhalten und E-Mail-Adresse xiomara@envasadoxiomara.com.<\/p>\n<p><strong>9. Verschiedenes<\/strong><\/p>\n<p>XIOMARA, SL verpflichtet sich durch bedeutet dies nicht zu irref\u00fchrend zu machen. Zu diesem Zweck daher werden sie formal oder numerische Fehler wie in der gesamten Inhalt der verschiedenen Abschnitte der Website gefunden werden kann, produziert nicht falsche Werbung in Betracht gezogen werden , die ein Ergebnis der Wartung und \/ oder unvollst\u00e4ndige oder fehlerhafte Update enthaltenen Informationen in diesen Abschnitten.<br \/>\nXIOMARA, SL, nach den Bestimmungen dieses Absatzes, so schnell zu korrigieren , verpflichtet sich , es bewusst solcher Fehler wird, wenn Sie irgendwelche Informationen oder l\u00e4sst die Frage, informieren Sie uns bitte durch eine E \u2013 Mail an das wei\u00dft xiomara@envasadoxiomara.com Richtung. \u2013 XIOMARA, SL ist nicht verantwortlich f\u00fcr die Verletzung von geltenden Regel , die durch den Benutzer entstehen k\u00f6nnen , w\u00e4hrend der Zugriff auf die Website aerosolxiomara.com und \/ oder die Verwendung der darin enthaltenen Angaben.<br \/>\nXIOMARA, SL haftet nicht f\u00fcr Sch\u00e4den verursacht oder wahrscheinlich zu kommen, unabh\u00e4ngig von ihrer Art, die aus der Nutzung von Informationen abgeleitet, die Angelegenheiten in dieser Website und die Programme enthielten. Die Links (Links) und Hypertext , die, \u00fcber die Website, die Benutzer erlauben, Zugriff auf Funktionen und Dienste von Dritten au\u00dferhalb des Unternehmens XIOMARA, SL angeboten, ist das Unternehmen nicht verantwortlich oder die darin enthaltenen Informationen oder jegliche Effekte , die von solcherart dargebotener Informationen entstehen k\u00f6nnten.<br \/>\nXIOMARA, SL ist nicht verantwortlich f\u00fcr die rechtswidrige Verwendung , die Dritte der Markennamen, Produktnamen machen k\u00f6nnen, Marken, nicht von dieser Einheit geh\u00f6rt, auf der Web-Seite erscheinen. Es ist nicht verantwortlich f\u00fcr die Integrit\u00e4t, Richtigkeit und Rechtm\u00e4\u00dfigkeit von Inhalten Links zu Webseiten , die von aerosolxiomara.com zugegriffen werden k\u00f6nnen.<br \/>\nXIOMARA, SL ist nicht verantwortlich f\u00fcr die Viren , die in einer Daten\u00fcbertragung durch Dritte (zB Makros in Textverarbeitung, Java \u2013 Applets und Active X \u2013 Programme), erstellt , um ihren Ursprung zu den Ergebnissen zu erhalten negativ f\u00fcr ein Computersystem.<br \/>\nAlle Artikel, Dienstleistungen, Angebote, Preise und auf der Seite angezeigten Bedingungen sind f\u00fcr die ausschlie\u00dfliche Nutzung unserer Internet \u2013 Kunden, mit denen auf die k\u00f6rperliche Belastung angeboten \u00fcbereinstimmen m\u00fcssen.<\/p>\n<p><strong>Firmenbezeichnung:<\/strong><\/p>\n<p>Name:\u00a0\u00a0<strong>VERPACKUNG XIOMARA, SL<\/strong><br \/>\nSITZ: Industrial Estate La Torrecilla M\u00e4dchen, 6, 45220 Yeles, Toledo, Spanien.<br \/>\nTELEFON:\u00a0<a href=\"tel:+34925545828\">(+34) 925 54 58 28<\/a><br \/>\nFax:\u00a0\u00a0<a href=\"fax:+34925545796\">(+34) 925 54 57 96<\/a><br \/>\nE \u2013 MAIL \u2013 ADRESSE:\u00a0<a href=\"mailto:xiomara@envasadoxiomara.com\">xiomara@envasadoxiomara.com<\/a>[\/vc_column_text][\/vc_column][\/vc_row]<\/p>\n<\/div>","protected":false},"excerpt":{"rendered":"<p>[vc_row full_width=&#8221;stretch_row&#8221; css=&#8221;.vc_custom_1594106009231{background-color: #f2f2f2 !important;}&#8221;][vc_column][vc_empty_space height=&#8221;16px&#8221;][vc_custom_heading source=&#8221;post_title&#8221; font_container=&#8221;tag:h1|text_align:center|color:%23ed3724&#8243; use_theme_fonts=&#8221;yes&#8221;][vc_empty_space height=&#8221;16px&#8221;][\/vc_column][\/vc_row][vc_row][vc_column][vc_column_text] Nutzungsbedingungen f\u00fcr das Web 1.General Die Benutzung dieser Website als Benutzer beinhaltet die Anerkennung dieser Bedingungen.<span class=\"excerpt-hellip\"> [\u2026]<\/span><\/p>\n","protected":false},"author":5,"featured_media":0,"parent":0,"menu_order":0,"comment_status":"closed","ping_status":"closed","template":"","meta":{"footnotes":""},"class_list":["post-4178","page","type-page","status-publish","hentry"],"yoast_head":"<!-- This site is optimized with the Yoast SEO plugin v25.2 - https:\/\/yoast.com\/wordpress\/plugins\/seo\/ -->\n<title>Rechtlicher Hinweis | Envasados Xiomara<\/title>\n<meta name=\"description\" content=\"Rechtlicher Hinweis | Envasados Xiomara\" \/>\n<meta name=\"robots\" content=\"noindex, nofollow\" \/>\n<meta property=\"og:locale\" content=\"de_DE\" \/>\n<meta property=\"og:type\" content=\"article\" \/>\n<meta property=\"og:title\" content=\"Rechtlicher Hinweis | Envasados Xiomara\" \/>\n<meta property=\"og:description\" content=\"Rechtlicher Hinweis | Envasados Xiomara\" \/>\n<meta property=\"og:url\" content=\"https:\/\/envasadoxiomara.com\/aviso-legal\/\" \/>\n<meta property=\"og:site_name\" content=\"Envasados Xiomara\" \/>\n<meta property=\"article:modified_time\" content=\"2020-07-14T10:42:42+00:00\" \/>\n<meta property=\"og:image\" content=\"https:\/\/envasadoxiomara.com\/wp-content\/uploads\/2017\/04\/logo-empresa-aerosoles-xiomara.jpg\" \/>\n\t<meta property=\"og:image:width\" content=\"434\" \/>\n\t<meta property=\"og:image:height\" content=\"198\" \/>\n\t<meta property=\"og:image:type\" content=\"image\/jpeg\" \/>\n<meta name=\"twitter:card\" content=\"summary_large_image\" \/>\n<meta name=\"twitter:label1\" content=\"Est. reading time\" \/>\n\t<meta name=\"twitter:data1\" content=\"6 minutes\" \/>\n<script type=\"application\/ld+json\" class=\"yoast-schema-graph\">{\"@context\":\"https:\/\/schema.org\",\"@graph\":[{\"@type\":\"WebPage\",\"@id\":\"https:\/\/envasadoxiomara.com\/aviso-legal\/\",\"url\":\"https:\/\/envasadoxiomara.com\/aviso-legal\/\",\"name\":\"Rechtlicher Hinweis | Envasados Xiomara\",\"isPartOf\":{\"@id\":\"https:\/\/envasadoxiomara.com\/#website\"},\"datePublished\":\"2020-07-14T10:42:41+00:00\",\"dateModified\":\"2020-07-14T10:42:42+00:00\",\"description\":\"Rechtlicher Hinweis | Envasados Xiomara\",\"breadcrumb\":{\"@id\":\"https:\/\/envasadoxiomara.com\/aviso-legal\/#breadcrumb\"},\"inLanguage\":\"de-DE\",\"potentialAction\":[{\"@type\":\"ReadAction\",\"target\":[\"https:\/\/envasadoxiomara.com\/aviso-legal\/\"]}]},{\"@type\":\"BreadcrumbList\",\"@id\":\"https:\/\/envasadoxiomara.com\/aviso-legal\/#breadcrumb\",\"itemListElement\":[{\"@type\":\"ListItem\",\"position\":1,\"name\":\"Portada\",\"item\":\"https:\/\/envasadoxiomara.com\/de\/aerosolhersteller-in-spanien\/\"},{\"@type\":\"ListItem\",\"position\":2,\"name\":\"Rechtlicher Hinweis\"}]},{\"@type\":\"WebSite\",\"@id\":\"https:\/\/envasadoxiomara.com\/#website\",\"url\":\"https:\/\/envasadoxiomara.com\/\",\"name\":\"Envasados Xiomara\",\"description\":\"\",\"publisher\":{\"@id\":\"https:\/\/envasadoxiomara.com\/#organization\"},\"alternateName\":\"F\u00e1brica de aerosoles\",\"potentialAction\":[{\"@type\":\"SearchAction\",\"target\":{\"@type\":\"EntryPoint\",\"urlTemplate\":\"https:\/\/envasadoxiomara.com\/?s={search_term_string}\"},\"query-input\":{\"@type\":\"PropertyValueSpecification\",\"valueRequired\":true,\"valueName\":\"search_term_string\"}}],\"inLanguage\":\"de-DE\"},{\"@type\":\"Organization\",\"@id\":\"https:\/\/envasadoxiomara.com\/#organization\",\"name\":\"Envasado Xiomara\",\"url\":\"https:\/\/envasadoxiomara.com\/\",\"logo\":{\"@type\":\"ImageObject\",\"inLanguage\":\"de-DE\",\"@id\":\"https:\/\/envasadoxiomara.com\/#\/schema\/logo\/image\/\",\"url\":\"https:\/\/envasadoxiomara.com\/wp-content\/uploads\/2017\/04\/logo-empresa-aerosoles-xiomara.jpg\",\"contentUrl\":\"https:\/\/envasadoxiomara.com\/wp-content\/uploads\/2017\/04\/logo-empresa-aerosoles-xiomara.jpg\",\"width\":434,\"height\":198,\"caption\":\"Envasado Xiomara\"},\"image\":{\"@id\":\"https:\/\/envasadoxiomara.com\/#\/schema\/logo\/image\/\"}}]}<\/script>\n<!-- \/ Yoast SEO plugin. -->","yoast_head_json":{"title":"Rechtlicher Hinweis | Envasados Xiomara","description":"Rechtlicher Hinweis | Envasados Xiomara","robots":{"index":"noindex","follow":"nofollow"},"og_locale":"de_DE","og_type":"article","og_title":"Rechtlicher Hinweis | Envasados Xiomara","og_description":"Rechtlicher Hinweis | Envasados Xiomara","og_url":"https:\/\/envasadoxiomara.com\/aviso-legal\/","og_site_name":"Envasados Xiomara","article_modified_time":"2020-07-14T10:42:42+00:00","og_image":[{"width":434,"height":198,"url":"https:\/\/envasadoxiomara.com\/wp-content\/uploads\/2017\/04\/logo-empresa-aerosoles-xiomara.jpg","type":"image\/jpeg"}],"twitter_card":"summary_large_image","twitter_misc":{"Est. reading time":"6 minutes"},"schema":{"@context":"https:\/\/schema.org","@graph":[{"@type":"WebPage","@id":"https:\/\/envasadoxiomara.com\/aviso-legal\/","url":"https:\/\/envasadoxiomara.com\/aviso-legal\/","name":"Rechtlicher Hinweis | Envasados Xiomara","isPartOf":{"@id":"https:\/\/envasadoxiomara.com\/#website"},"datePublished":"2020-07-14T10:42:41+00:00","dateModified":"2020-07-14T10:42:42+00:00","description":"Rechtlicher Hinweis | Envasados Xiomara","breadcrumb":{"@id":"https:\/\/envasadoxiomara.com\/aviso-legal\/#breadcrumb"},"inLanguage":"de-DE","potentialAction":[{"@type":"ReadAction","target":["https:\/\/envasadoxiomara.com\/aviso-legal\/"]}]},{"@type":"BreadcrumbList","@id":"https:\/\/envasadoxiomara.com\/aviso-legal\/#breadcrumb","itemListElement":[{"@type":"ListItem","position":1,"name":"Portada","item":"https:\/\/envasadoxiomara.com\/de\/aerosolhersteller-in-spanien\/"},{"@type":"ListItem","position":2,"name":"Rechtlicher Hinweis"}]},{"@type":"WebSite","@id":"https:\/\/envasadoxiomara.com\/#website","url":"https:\/\/envasadoxiomara.com\/","name":"Envasados Xiomara","description":"","publisher":{"@id":"https:\/\/envasadoxiomara.com\/#organization"},"alternateName":"F\u00e1brica de aerosoles","potentialAction":[{"@type":"SearchAction","target":{"@type":"EntryPoint","urlTemplate":"https:\/\/envasadoxiomara.com\/?s={search_term_string}"},"query-input":{"@type":"PropertyValueSpecification","valueRequired":true,"valueName":"search_term_string"}}],"inLanguage":"de-DE"},{"@type":"Organization","@id":"https:\/\/envasadoxiomara.com\/#organization","name":"Envasado Xiomara","url":"https:\/\/envasadoxiomara.com\/","logo":{"@type":"ImageObject","inLanguage":"de-DE","@id":"https:\/\/envasadoxiomara.com\/#\/schema\/logo\/image\/","url":"https:\/\/envasadoxiomara.com\/wp-content\/uploads\/2017\/04\/logo-empresa-aerosoles-xiomara.jpg","contentUrl":"https:\/\/envasadoxiomara.com\/wp-content\/uploads\/2017\/04\/logo-empresa-aerosoles-xiomara.jpg","width":434,"height":198,"caption":"Envasado Xiomara"},"image":{"@id":"https:\/\/envasadoxiomara.com\/#\/schema\/logo\/image\/"}}]}},"_links":{"self":[{"href":"https:\/\/envasadoxiomara.com\/de\/wp-json\/wp\/v2\/pages\/4178","targetHints":{"allow":["GET"]}}],"collection":[{"href":"https:\/\/envasadoxiomara.com\/de\/wp-json\/wp\/v2\/pages"}],"about":[{"href":"https:\/\/envasadoxiomara.com\/de\/wp-json\/wp\/v2\/types\/page"}],"author":[{"embeddable":true,"href":"https:\/\/envasadoxiomara.com\/de\/wp-json\/wp\/v2\/users\/5"}],"replies":[{"embeddable":true,"href":"https:\/\/envasadoxiomara.com\/de\/wp-json\/wp\/v2\/comments?post=4178"}],"version-history":[{"count":0,"href":"https:\/\/envasadoxiomara.com\/de\/wp-json\/wp\/v2\/pages\/4178\/revisions"}],"wp:attachment":[{"href":"https:\/\/envasadoxiomara.com\/de\/wp-json\/wp\/v2\/media?parent=4178"}],"curies":[{"name":"wp","href":"https:\/\/api.w.org\/{rel}","templated":true}]}}