{"id":5988,"date":"2020-09-21T11:20:24","date_gmt":"2020-09-21T11:20:24","guid":{"rendered":"https:\/\/envasadoxiomara.com\/produktinformation\/"},"modified":"2020-09-21T11:23:49","modified_gmt":"2020-09-21T11:23:49","slug":"produktinformation","status":"publish","type":"page","link":"https:\/\/envasadoxiomara.com\/de\/produktinformation\/","title":{"rendered":"Produktinformation"},"content":{"rendered":"<div class=\"wpb-content-wrapper\"><p>[vc_row full_width=&#8221;stretch_row&#8221; content_placement=&#8221;middle&#8221; css=&#8221;.vc_custom_1600685426409{background-image: url(https:\/\/envasadoxiomara.com\/wp-content\/uploads\/2020\/07\/envasado-terceros-1.jpg?id=4211) !important;}&#8221;][vc_column][vc_empty_space height=&#8221;30px&#8221;][vc_custom_heading source=&#8221;post_title&#8221; font_container=&#8221;tag:h1|font_size:4rem|text_align:center|color:%23ffffff&#8221; use_theme_fonts=&#8221;yes&#8221;][vc_empty_space height=&#8221;30px&#8221;][\/vc_column][\/vc_row][vc_row][vc_column][\/vc_column][\/vc_row][vc_row][vc_column][vc_column_text]<\/p>\n<h2 style=\"text-align: center;\">Konsultieren Sie die Informationen zur Sicherheit und zu den Inhaltsstoffen unserer Produkte.<\/h2>\n<p>[\/vc_column_text][vc_raw_html]W3dkX2FzcCBpZD0yXQ==[\/vc_raw_html][vc_column_text]<\/p>\n<p style=\"text-align: justify;\">In \u00dcbereinstimmung mit den Anforderungen der Verordnung (EG) Nr. 648\/2004 k\u00f6nnen Sie ab dem 8. Oktober 2005 die Inhaltsstofflisten unserer Produkte \u00fcber diese Webseite einsehen. Die Inhaltsstoffe werden durch ihren INCI-Namen (Internationale Nomenklatur f\u00fcr kosmetische Inhaltsstoffe, weitere Informationen unter http:\/\/ec.eoropa.eu\/consumers\/cosmetics\/cosing\/) in absteigender Reihenfolge nach Gewicht beschrieben. Wenn kein INCI-Name vorhanden ist, erscheinen sie auf ihrem gemeinsamen Namen. In den &#8220;Listen der Inhaltsstoffe&#8221; k\u00f6nnen Sie die Inhaltsstoffe erhalten, die in der letzten auf den Markt gebrachten Formulierung enthalten sind. Bei Fragen kontaktieren Sie uns bitte.<\/p>\n<p>[\/vc_column_text][\/vc_column][\/vc_row]<\/p>\n<\/div>","protected":false},"excerpt":{"rendered":"<p>[vc_row full_width=&#8221;stretch_row&#8221; content_placement=&#8221;middle&#8221; css=&#8221;.vc_custom_1600685426409{background-image: url(https:\/\/envasadoxiomara.com\/wp-content\/uploads\/2020\/07\/envasado-terceros-1.jpg?id=4211) !important;}&#8221;][vc_column][vc_empty_space height=&#8221;30px&#8221;][vc_custom_heading source=&#8221;post_title&#8221; font_container=&#8221;tag:h1|font_size:4rem|text_align:center|color:%23ffffff&#8221; use_theme_fonts=&#8221;yes&#8221;][vc_empty_space height=&#8221;30px&#8221;][\/vc_column][\/vc_row][vc_row][vc_column][\/vc_column][\/vc_row][vc_row][vc_column][vc_column_text] Konsultieren Sie die Informationen zur Sicherheit und zu den Inhaltsstoffen unserer Produkte. [\/vc_column_text][vc_raw_html]W3dkX2FzcCBpZD0yXQ==[\/vc_raw_html][vc_column_text] In \u00dcbereinstimmung<span class=\"excerpt-hellip\"> [\u2026]<\/span><\/p>\n","protected":false},"author":5,"featured_media":0,"parent":0,"menu_order":0,"comment_status":"closed","ping_status":"closed","template":"","meta":{"footnotes":""},"class_list":["post-5988","page","type-page","status-publish","hentry"],"yoast_head":"<!-- This site is optimized with the Yoast SEO plugin v25.2 - https:\/\/yoast.com\/wordpress\/plugins\/seo\/ -->\n<title>Produktinformation | Envasados Xiomara<\/title>\n<meta name=\"description\" content=\"Produktinformation | Envasados Xiomara\" \/>\n<meta name=\"robots\" content=\"noindex, follow\" \/>\n<meta property=\"og:locale\" content=\"de_DE\" \/>\n<meta property=\"og:type\" content=\"article\" \/>\n<meta property=\"og:title\" content=\"Produktinformation | Envasados Xiomara\" \/>\n<meta property=\"og:description\" content=\"Produktinformation | Envasados Xiomara\" \/>\n<meta property=\"og:url\" content=\"https:\/\/envasadoxiomara.com\/informacion-de-productos\/\" \/>\n<meta property=\"og:site_name\" content=\"Envasados Xiomara\" \/>\n<meta property=\"article:modified_time\" content=\"2020-09-21T11:23:49+00:00\" \/>\n<meta property=\"og:image\" content=\"https:\/\/envasadoxiomara.com\/wp-content\/uploads\/2017\/04\/logo-empresa-aerosoles-xiomara.jpg\" \/>\n\t<meta property=\"og:image:width\" content=\"434\" \/>\n\t<meta property=\"og:image:height\" content=\"198\" \/>\n\t<meta property=\"og:image:type\" content=\"image\/jpeg\" \/>\n<meta name=\"twitter:card\" content=\"summary_large_image\" \/>\n<meta name=\"twitter:label1\" content=\"Est. reading time\" \/>\n\t<meta name=\"twitter:data1\" content=\"1 minute\" \/>\n<script type=\"application\/ld+json\" class=\"yoast-schema-graph\">{\"@context\":\"https:\/\/schema.org\",\"@graph\":[{\"@type\":\"WebPage\",\"@id\":\"https:\/\/envasadoxiomara.com\/informacion-de-productos\/\",\"url\":\"https:\/\/envasadoxiomara.com\/informacion-de-productos\/\",\"name\":\"Produktinformation | Envasados Xiomara\",\"isPartOf\":{\"@id\":\"https:\/\/envasadoxiomara.com\/#website\"},\"datePublished\":\"2020-09-21T11:20:24+00:00\",\"dateModified\":\"2020-09-21T11:23:49+00:00\",\"description\":\"Produktinformation | Envasados Xiomara\",\"breadcrumb\":{\"@id\":\"https:\/\/envasadoxiomara.com\/informacion-de-productos\/#breadcrumb\"},\"inLanguage\":\"de-DE\",\"potentialAction\":[{\"@type\":\"ReadAction\",\"target\":[\"https:\/\/envasadoxiomara.com\/informacion-de-productos\/\"]}]},{\"@type\":\"BreadcrumbList\",\"@id\":\"https:\/\/envasadoxiomara.com\/informacion-de-productos\/#breadcrumb\",\"itemListElement\":[{\"@type\":\"ListItem\",\"position\":1,\"name\":\"Portada\",\"item\":\"https:\/\/envasadoxiomara.com\/de\/aerosolhersteller-in-spanien\/\"},{\"@type\":\"ListItem\",\"position\":2,\"name\":\"Produktinformation\"}]},{\"@type\":\"WebSite\",\"@id\":\"https:\/\/envasadoxiomara.com\/#website\",\"url\":\"https:\/\/envasadoxiomara.com\/\",\"name\":\"Envasados Xiomara\",\"description\":\"\",\"publisher\":{\"@id\":\"https:\/\/envasadoxiomara.com\/#organization\"},\"alternateName\":\"F\u00e1brica de aerosoles\",\"potentialAction\":[{\"@type\":\"SearchAction\",\"target\":{\"@type\":\"EntryPoint\",\"urlTemplate\":\"https:\/\/envasadoxiomara.com\/?s={search_term_string}\"},\"query-input\":{\"@type\":\"PropertyValueSpecification\",\"valueRequired\":true,\"valueName\":\"search_term_string\"}}],\"inLanguage\":\"de-DE\"},{\"@type\":\"Organization\",\"@id\":\"https:\/\/envasadoxiomara.com\/#organization\",\"name\":\"Envasado Xiomara\",\"url\":\"https:\/\/envasadoxiomara.com\/\",\"logo\":{\"@type\":\"ImageObject\",\"inLanguage\":\"de-DE\",\"@id\":\"https:\/\/envasadoxiomara.com\/#\/schema\/logo\/image\/\",\"url\":\"https:\/\/envasadoxiomara.com\/wp-content\/uploads\/2017\/04\/logo-empresa-aerosoles-xiomara.jpg\",\"contentUrl\":\"https:\/\/envasadoxiomara.com\/wp-content\/uploads\/2017\/04\/logo-empresa-aerosoles-xiomara.jpg\",\"width\":434,\"height\":198,\"caption\":\"Envasado Xiomara\"},\"image\":{\"@id\":\"https:\/\/envasadoxiomara.com\/#\/schema\/logo\/image\/\"}}]}<\/script>\n<!-- \/ Yoast SEO plugin. -->","yoast_head_json":{"title":"Produktinformation | Envasados Xiomara","description":"Produktinformation | Envasados Xiomara","robots":{"index":"noindex","follow":"follow"},"og_locale":"de_DE","og_type":"article","og_title":"Produktinformation | Envasados Xiomara","og_description":"Produktinformation | Envasados Xiomara","og_url":"https:\/\/envasadoxiomara.com\/informacion-de-productos\/","og_site_name":"Envasados Xiomara","article_modified_time":"2020-09-21T11:23:49+00:00","og_image":[{"width":434,"height":198,"url":"https:\/\/envasadoxiomara.com\/wp-content\/uploads\/2017\/04\/logo-empresa-aerosoles-xiomara.jpg","type":"image\/jpeg"}],"twitter_card":"summary_large_image","twitter_misc":{"Est. reading time":"1 minute"},"schema":{"@context":"https:\/\/schema.org","@graph":[{"@type":"WebPage","@id":"https:\/\/envasadoxiomara.com\/informacion-de-productos\/","url":"https:\/\/envasadoxiomara.com\/informacion-de-productos\/","name":"Produktinformation | Envasados Xiomara","isPartOf":{"@id":"https:\/\/envasadoxiomara.com\/#website"},"datePublished":"2020-09-21T11:20:24+00:00","dateModified":"2020-09-21T11:23:49+00:00","description":"Produktinformation | Envasados Xiomara","breadcrumb":{"@id":"https:\/\/envasadoxiomara.com\/informacion-de-productos\/#breadcrumb"},"inLanguage":"de-DE","potentialAction":[{"@type":"ReadAction","target":["https:\/\/envasadoxiomara.com\/informacion-de-productos\/"]}]},{"@type":"BreadcrumbList","@id":"https:\/\/envasadoxiomara.com\/informacion-de-productos\/#breadcrumb","itemListElement":[{"@type":"ListItem","position":1,"name":"Portada","item":"https:\/\/envasadoxiomara.com\/de\/aerosolhersteller-in-spanien\/"},{"@type":"ListItem","position":2,"name":"Produktinformation"}]},{"@type":"WebSite","@id":"https:\/\/envasadoxiomara.com\/#website","url":"https:\/\/envasadoxiomara.com\/","name":"Envasados Xiomara","description":"","publisher":{"@id":"https:\/\/envasadoxiomara.com\/#organization"},"alternateName":"F\u00e1brica de aerosoles","potentialAction":[{"@type":"SearchAction","target":{"@type":"EntryPoint","urlTemplate":"https:\/\/envasadoxiomara.com\/?s={search_term_string}"},"query-input":{"@type":"PropertyValueSpecification","valueRequired":true,"valueName":"search_term_string"}}],"inLanguage":"de-DE"},{"@type":"Organization","@id":"https:\/\/envasadoxiomara.com\/#organization","name":"Envasado Xiomara","url":"https:\/\/envasadoxiomara.com\/","logo":{"@type":"ImageObject","inLanguage":"de-DE","@id":"https:\/\/envasadoxiomara.com\/#\/schema\/logo\/image\/","url":"https:\/\/envasadoxiomara.com\/wp-content\/uploads\/2017\/04\/logo-empresa-aerosoles-xiomara.jpg","contentUrl":"https:\/\/envasadoxiomara.com\/wp-content\/uploads\/2017\/04\/logo-empresa-aerosoles-xiomara.jpg","width":434,"height":198,"caption":"Envasado Xiomara"},"image":{"@id":"https:\/\/envasadoxiomara.com\/#\/schema\/logo\/image\/"}}]}},"_links":{"self":[{"href":"https:\/\/envasadoxiomara.com\/de\/wp-json\/wp\/v2\/pages\/5988","targetHints":{"allow":["GET"]}}],"collection":[{"href":"https:\/\/envasadoxiomara.com\/de\/wp-json\/wp\/v2\/pages"}],"about":[{"href":"https:\/\/envasadoxiomara.com\/de\/wp-json\/wp\/v2\/types\/page"}],"author":[{"embeddable":true,"href":"https:\/\/envasadoxiomara.com\/de\/wp-json\/wp\/v2\/users\/5"}],"replies":[{"embeddable":true,"href":"https:\/\/envasadoxiomara.com\/de\/wp-json\/wp\/v2\/comments?post=5988"}],"version-history":[{"count":0,"href":"https:\/\/envasadoxiomara.com\/de\/wp-json\/wp\/v2\/pages\/5988\/revisions"}],"wp:attachment":[{"href":"https:\/\/envasadoxiomara.com\/de\/wp-json\/wp\/v2\/media?parent=5988"}],"curies":[{"name":"wp","href":"https:\/\/api.w.org\/{rel}","templated":true}]}}