{"id":11350,"date":"2020-06-19T09:44:39","date_gmt":"2020-06-19T09:44:39","guid":{"rendered":"https:\/\/envasadoxiomara.com\/tienda\/unkategorisiert\/teppichreiniger-500-ml-bur\/"},"modified":"2020-06-19T09:44:39","modified_gmt":"2020-06-19T09:44:39","slug":"teppichreiniger-500-ml-bur","status":"publish","type":"product","link":"https:\/\/envasadoxiomara.com\/de\/tienda\/drogerie-und-reinigung\/haushaltsreiniger\/allgemeiner-gebrauch\/teppichreiniger-500-ml-bur\/","title":{"rendered":"TEPPICHREINIGER 500 ML. B\u00dcR"},"content":{"rendered":"<p>Der Teppichreiniger von Aledia reinigt gr\u00fcndlich alle Arten von Woll-, Baumwoll- und Kunstfaserteppichen und -l\u00e4ufern, ohne sie zu verf\u00e4rben. Schnelltrocknend.<\/p>\n<h6><strong>Anwendung<\/strong><\/h6>\n<p>Den Beh\u00e4lter sch\u00fctteln und das Produkt aus einem Abstand von ca. 60 cm auftragen. Auf eine Fl\u00e4che von ungef\u00e4hr 1 m\u00b2 anwenden. Den Schaum mit der B\u00fcrstenkappe oder einem feuchten Schwamm einreiben, bis er verschwindet, und dabei darauf achten, dass die Fasern aufrecht bleiben. Den Schwamm auswaschen und den gesamten Vorgang so oft wie n\u00f6tig wiederholen, bis die zu reinigende Fl\u00e4che vollst\u00e4ndig gereinigt ist. Alles vollst\u00e4ndig trocknen lassen (ca. 3 Stunden) und anschlie\u00dfend mit dem Staubsauger absaugen.<\/p>\n","protected":false},"excerpt":{"rendered":"<p>Der Teppichreiniger von Aledia reinigt gr\u00fcndlich alle Arten von Woll-, Baumwoll- und Kunstfaserteppichen und -l\u00e4ufern, ohne sie zu verf\u00e4rben. Schnelltrocknend. Anwendung Den Beh\u00e4lter sch\u00fctteln und das<span class=\"excerpt-hellip\"> [\u2026]<\/span><\/p>\n","protected":false},"featured_media":13590,"comment_status":"open","ping_status":"closed","template":"","meta":[],"pwb-brand":[407],"product_brand":[],"product_cat":[275,266,274],"product_tag":[],"class_list":{"0":"post-11350","1":"product","2":"type-product","3":"status-publish","4":"has-post-thumbnail","6":"pwb-brand-aledia-de","7":"product_cat-allgemeiner-gebrauch","8":"product_cat-drogerie-und-reinigung","9":"product_cat-haushaltsreiniger","11":"first","12":"instock","13":"product-type-simple"},"yoast_head":"<!-- This site is optimized with the Yoast SEO plugin v25.2 - https:\/\/yoast.com\/wordpress\/plugins\/seo\/ -->\n<title>TEPPICHREINIGER 500 ML. B\u00dcR | Envasados Xiomara<\/title>\n<meta name=\"description\" content=\"TEPPICHREINIGER 500 ML. B\u00dcR Descubre nuestro amplio cat\u00e1logo.\" \/>\n<meta name=\"robots\" content=\"index, follow, max-snippet:-1, max-image-preview:large, max-video-preview:-1\" \/>\n<link rel=\"canonical\" href=\"https:\/\/envasadoxiomara.com\/de\/tienda\/drogerie-und-reinigung\/haushaltsreiniger\/allgemeiner-gebrauch\/teppichreiniger-500-ml-bur\/\" \/>\n<meta property=\"og:locale\" content=\"de_DE\" \/>\n<meta property=\"og:type\" content=\"article\" \/>\n<meta property=\"og:title\" content=\"TEPPICHREINIGER 500 ML. B\u00dcR | Envasados Xiomara\" \/>\n<meta property=\"og:description\" content=\"TEPPICHREINIGER 500 ML. B\u00dcR Descubre nuestro amplio cat\u00e1logo.\" \/>\n<meta property=\"og:url\" content=\"https:\/\/envasadoxiomara.com\/de\/tienda\/drogerie-und-reinigung\/haushaltsreiniger\/allgemeiner-gebrauch\/teppichreiniger-500-ml-bur\/\" \/>\n<meta property=\"og:site_name\" content=\"Envasados Xiomara\" \/>\n<meta property=\"og:image\" content=\"https:\/\/envasadoxiomara.com\/wp-content\/uploads\/2020\/06\/0199-LIMPIA-ALFOMBRAS-500.png.png\" \/>\n\t<meta property=\"og:image:width\" content=\"600\" \/>\n\t<meta property=\"og:image:height\" content=\"600\" \/>\n\t<meta property=\"og:image:type\" content=\"image\/png\" \/>\n<meta name=\"twitter:card\" content=\"summary_large_image\" \/>\n<meta name=\"twitter:label1\" content=\"Est. reading time\" \/>\n\t<meta name=\"twitter:data1\" content=\"1 minute\" \/>\n<script type=\"application\/ld+json\" class=\"yoast-schema-graph\">{\"@context\":\"https:\/\/schema.org\",\"@graph\":[{\"@type\":\"WebPage\",\"@id\":\"https:\/\/envasadoxiomara.com\/de\/tienda\/drogerie-und-reinigung\/haushaltsreiniger\/allgemeiner-gebrauch\/teppichreiniger-500-ml-bur\/\",\"url\":\"https:\/\/envasadoxiomara.com\/de\/tienda\/drogerie-und-reinigung\/haushaltsreiniger\/allgemeiner-gebrauch\/teppichreiniger-500-ml-bur\/\",\"name\":\"TEPPICHREINIGER 500 ML. B\u00dcR | Envasados Xiomara\",\"isPartOf\":{\"@id\":\"https:\/\/envasadoxiomara.com\/#website\"},\"primaryImageOfPage\":{\"@id\":\"https:\/\/envasadoxiomara.com\/de\/tienda\/drogerie-und-reinigung\/haushaltsreiniger\/allgemeiner-gebrauch\/teppichreiniger-500-ml-bur\/#primaryimage\"},\"image\":{\"@id\":\"https:\/\/envasadoxiomara.com\/de\/tienda\/drogerie-und-reinigung\/haushaltsreiniger\/allgemeiner-gebrauch\/teppichreiniger-500-ml-bur\/#primaryimage\"},\"thumbnailUrl\":\"https:\/\/envasadoxiomara.com\/wp-content\/uploads\/2020\/06\/0199-LIMPIA-ALFOMBRAS-500.png.png\",\"datePublished\":\"2020-06-19T09:44:39+00:00\",\"description\":\"TEPPICHREINIGER 500 ML. B\u00dcR Descubre nuestro amplio cat\u00e1logo.\",\"breadcrumb\":{\"@id\":\"https:\/\/envasadoxiomara.com\/de\/tienda\/drogerie-und-reinigung\/haushaltsreiniger\/allgemeiner-gebrauch\/teppichreiniger-500-ml-bur\/#breadcrumb\"},\"inLanguage\":\"de-DE\",\"potentialAction\":[{\"@type\":\"ReadAction\",\"target\":[\"https:\/\/envasadoxiomara.com\/de\/tienda\/drogerie-und-reinigung\/haushaltsreiniger\/allgemeiner-gebrauch\/teppichreiniger-500-ml-bur\/\"]}]},{\"@type\":\"ImageObject\",\"inLanguage\":\"de-DE\",\"@id\":\"https:\/\/envasadoxiomara.com\/de\/tienda\/drogerie-und-reinigung\/haushaltsreiniger\/allgemeiner-gebrauch\/teppichreiniger-500-ml-bur\/#primaryimage\",\"url\":\"https:\/\/envasadoxiomara.com\/wp-content\/uploads\/2020\/06\/0199-LIMPIA-ALFOMBRAS-500.png.png\",\"contentUrl\":\"https:\/\/envasadoxiomara.com\/wp-content\/uploads\/2020\/06\/0199-LIMPIA-ALFOMBRAS-500.png.png\",\"width\":600,\"height\":600,\"caption\":\"limpia alfombras\"},{\"@type\":\"BreadcrumbList\",\"@id\":\"https:\/\/envasadoxiomara.com\/de\/tienda\/drogerie-und-reinigung\/haushaltsreiniger\/allgemeiner-gebrauch\/teppichreiniger-500-ml-bur\/#breadcrumb\",\"itemListElement\":[{\"@type\":\"ListItem\",\"position\":1,\"name\":\"Portada\",\"item\":\"https:\/\/envasadoxiomara.com\/de\/aerosolhersteller-in-spanien\/\"},{\"@type\":\"ListItem\",\"position\":2,\"name\":\"Tienda\",\"item\":\"https:\/\/envasadoxiomara.com\/tienda\/\"},{\"@type\":\"ListItem\",\"position\":3,\"name\":\"TEPPICHREINIGER 500 ML. B\u00dcR\"}]},{\"@type\":\"WebSite\",\"@id\":\"https:\/\/envasadoxiomara.com\/#website\",\"url\":\"https:\/\/envasadoxiomara.com\/\",\"name\":\"Envasados Xiomara\",\"description\":\"\",\"publisher\":{\"@id\":\"https:\/\/envasadoxiomara.com\/#organization\"},\"alternateName\":\"F\u00e1brica de aerosoles\",\"potentialAction\":[{\"@type\":\"SearchAction\",\"target\":{\"@type\":\"EntryPoint\",\"urlTemplate\":\"https:\/\/envasadoxiomara.com\/?s={search_term_string}\"},\"query-input\":{\"@type\":\"PropertyValueSpecification\",\"valueRequired\":true,\"valueName\":\"search_term_string\"}}],\"inLanguage\":\"de-DE\"},{\"@type\":\"Organization\",\"@id\":\"https:\/\/envasadoxiomara.com\/#organization\",\"name\":\"Envasado Xiomara\",\"url\":\"https:\/\/envasadoxiomara.com\/\",\"logo\":{\"@type\":\"ImageObject\",\"inLanguage\":\"de-DE\",\"@id\":\"https:\/\/envasadoxiomara.com\/#\/schema\/logo\/image\/\",\"url\":\"https:\/\/envasadoxiomara.com\/wp-content\/uploads\/2017\/04\/logo-empresa-aerosoles-xiomara.jpg\",\"contentUrl\":\"https:\/\/envasadoxiomara.com\/wp-content\/uploads\/2017\/04\/logo-empresa-aerosoles-xiomara.jpg\",\"width\":434,\"height\":198,\"caption\":\"Envasado Xiomara\"},\"image\":{\"@id\":\"https:\/\/envasadoxiomara.com\/#\/schema\/logo\/image\/\"}}]}<\/script>\n<!-- \/ Yoast SEO plugin. -->","yoast_head_json":{"title":"TEPPICHREINIGER 500 ML. B\u00dcR | Envasados Xiomara","description":"TEPPICHREINIGER 500 ML. B\u00dcR Descubre nuestro amplio cat\u00e1logo.","robots":{"index":"index","follow":"follow","max-snippet":"max-snippet:-1","max-image-preview":"max-image-preview:large","max-video-preview":"max-video-preview:-1"},"canonical":"https:\/\/envasadoxiomara.com\/de\/tienda\/drogerie-und-reinigung\/haushaltsreiniger\/allgemeiner-gebrauch\/teppichreiniger-500-ml-bur\/","og_locale":"de_DE","og_type":"article","og_title":"TEPPICHREINIGER 500 ML. B\u00dcR | Envasados Xiomara","og_description":"TEPPICHREINIGER 500 ML. B\u00dcR Descubre nuestro amplio cat\u00e1logo.","og_url":"https:\/\/envasadoxiomara.com\/de\/tienda\/drogerie-und-reinigung\/haushaltsreiniger\/allgemeiner-gebrauch\/teppichreiniger-500-ml-bur\/","og_site_name":"Envasados Xiomara","og_image":[{"width":600,"height":600,"url":"https:\/\/envasadoxiomara.com\/wp-content\/uploads\/2020\/06\/0199-LIMPIA-ALFOMBRAS-500.png.png","type":"image\/png"}],"twitter_card":"summary_large_image","twitter_misc":{"Est. reading time":"1 minute"},"schema":{"@context":"https:\/\/schema.org","@graph":[{"@type":"WebPage","@id":"https:\/\/envasadoxiomara.com\/de\/tienda\/drogerie-und-reinigung\/haushaltsreiniger\/allgemeiner-gebrauch\/teppichreiniger-500-ml-bur\/","url":"https:\/\/envasadoxiomara.com\/de\/tienda\/drogerie-und-reinigung\/haushaltsreiniger\/allgemeiner-gebrauch\/teppichreiniger-500-ml-bur\/","name":"TEPPICHREINIGER 500 ML. B\u00dcR | Envasados Xiomara","isPartOf":{"@id":"https:\/\/envasadoxiomara.com\/#website"},"primaryImageOfPage":{"@id":"https:\/\/envasadoxiomara.com\/de\/tienda\/drogerie-und-reinigung\/haushaltsreiniger\/allgemeiner-gebrauch\/teppichreiniger-500-ml-bur\/#primaryimage"},"image":{"@id":"https:\/\/envasadoxiomara.com\/de\/tienda\/drogerie-und-reinigung\/haushaltsreiniger\/allgemeiner-gebrauch\/teppichreiniger-500-ml-bur\/#primaryimage"},"thumbnailUrl":"https:\/\/envasadoxiomara.com\/wp-content\/uploads\/2020\/06\/0199-LIMPIA-ALFOMBRAS-500.png.png","datePublished":"2020-06-19T09:44:39+00:00","description":"TEPPICHREINIGER 500 ML. B\u00dcR Descubre nuestro amplio cat\u00e1logo.","breadcrumb":{"@id":"https:\/\/envasadoxiomara.com\/de\/tienda\/drogerie-und-reinigung\/haushaltsreiniger\/allgemeiner-gebrauch\/teppichreiniger-500-ml-bur\/#breadcrumb"},"inLanguage":"de-DE","potentialAction":[{"@type":"ReadAction","target":["https:\/\/envasadoxiomara.com\/de\/tienda\/drogerie-und-reinigung\/haushaltsreiniger\/allgemeiner-gebrauch\/teppichreiniger-500-ml-bur\/"]}]},{"@type":"ImageObject","inLanguage":"de-DE","@id":"https:\/\/envasadoxiomara.com\/de\/tienda\/drogerie-und-reinigung\/haushaltsreiniger\/allgemeiner-gebrauch\/teppichreiniger-500-ml-bur\/#primaryimage","url":"https:\/\/envasadoxiomara.com\/wp-content\/uploads\/2020\/06\/0199-LIMPIA-ALFOMBRAS-500.png.png","contentUrl":"https:\/\/envasadoxiomara.com\/wp-content\/uploads\/2020\/06\/0199-LIMPIA-ALFOMBRAS-500.png.png","width":600,"height":600,"caption":"limpia alfombras"},{"@type":"BreadcrumbList","@id":"https:\/\/envasadoxiomara.com\/de\/tienda\/drogerie-und-reinigung\/haushaltsreiniger\/allgemeiner-gebrauch\/teppichreiniger-500-ml-bur\/#breadcrumb","itemListElement":[{"@type":"ListItem","position":1,"name":"Portada","item":"https:\/\/envasadoxiomara.com\/de\/aerosolhersteller-in-spanien\/"},{"@type":"ListItem","position":2,"name":"Tienda","item":"https:\/\/envasadoxiomara.com\/tienda\/"},{"@type":"ListItem","position":3,"name":"TEPPICHREINIGER 500 ML. B\u00dcR"}]},{"@type":"WebSite","@id":"https:\/\/envasadoxiomara.com\/#website","url":"https:\/\/envasadoxiomara.com\/","name":"Envasados Xiomara","description":"","publisher":{"@id":"https:\/\/envasadoxiomara.com\/#organization"},"alternateName":"F\u00e1brica de aerosoles","potentialAction":[{"@type":"SearchAction","target":{"@type":"EntryPoint","urlTemplate":"https:\/\/envasadoxiomara.com\/?s={search_term_string}"},"query-input":{"@type":"PropertyValueSpecification","valueRequired":true,"valueName":"search_term_string"}}],"inLanguage":"de-DE"},{"@type":"Organization","@id":"https:\/\/envasadoxiomara.com\/#organization","name":"Envasado Xiomara","url":"https:\/\/envasadoxiomara.com\/","logo":{"@type":"ImageObject","inLanguage":"de-DE","@id":"https:\/\/envasadoxiomara.com\/#\/schema\/logo\/image\/","url":"https:\/\/envasadoxiomara.com\/wp-content\/uploads\/2017\/04\/logo-empresa-aerosoles-xiomara.jpg","contentUrl":"https:\/\/envasadoxiomara.com\/wp-content\/uploads\/2017\/04\/logo-empresa-aerosoles-xiomara.jpg","width":434,"height":198,"caption":"Envasado Xiomara"},"image":{"@id":"https:\/\/envasadoxiomara.com\/#\/schema\/logo\/image\/"}}]}},"brands":[{"id":407,"name":"Aledia","slug":"aledia-de"}],"_links":{"self":[{"href":"https:\/\/envasadoxiomara.com\/de\/wp-json\/wp\/v2\/product\/11350","targetHints":{"allow":["GET"]}}],"collection":[{"href":"https:\/\/envasadoxiomara.com\/de\/wp-json\/wp\/v2\/product"}],"about":[{"href":"https:\/\/envasadoxiomara.com\/de\/wp-json\/wp\/v2\/types\/product"}],"replies":[{"embeddable":true,"href":"https:\/\/envasadoxiomara.com\/de\/wp-json\/wp\/v2\/comments?post=11350"}],"wp:featuredmedia":[{"embeddable":true,"href":"https:\/\/envasadoxiomara.com\/de\/wp-json\/wp\/v2\/media\/13590"}],"wp:attachment":[{"href":"https:\/\/envasadoxiomara.com\/de\/wp-json\/wp\/v2\/media?parent=11350"}],"wp:term":[{"taxonomy":"pwb-brand","embeddable":true,"href":"https:\/\/envasadoxiomara.com\/de\/wp-json\/wp\/v2\/pwb-brand?post=11350"},{"taxonomy":"product_brand","embeddable":true,"href":"https:\/\/envasadoxiomara.com\/de\/wp-json\/wp\/v2\/product_brand?post=11350"},{"taxonomy":"product_cat","embeddable":true,"href":"https:\/\/envasadoxiomara.com\/de\/wp-json\/wp\/v2\/product_cat?post=11350"},{"taxonomy":"product_tag","embeddable":true,"href":"https:\/\/envasadoxiomara.com\/de\/wp-json\/wp\/v2\/product_tag?post=11350"}],"curies":[{"name":"wp","href":"https:\/\/api.w.org\/{rel}","templated":true}]}}