{"id":11362,"date":"2020-06-19T09:44:41","date_gmt":"2020-06-19T09:44:41","guid":{"rendered":"https:\/\/envasadoxiomara.com\/tienda\/unkategorisiert\/fleckenreinigerspray-150-ml\/"},"modified":"2020-06-19T09:44:41","modified_gmt":"2020-06-19T09:44:41","slug":"fleckenreinigerspray-150-ml","status":"publish","type":"product","link":"https:\/\/envasadoxiomara.com\/de\/tienda\/drogerie-und-reinigung\/haushaltsreiniger\/allgemeiner-gebrauch\/fleckenreinigerspray-150-ml\/","title":{"rendered":"FLECKENREINIGERSPRAY 150 ml"},"content":{"rendered":"<p>Das Fleckenreinigerspray von Aledia entfernt Flecken ohne Scheuern. Es eignet sich besonders zum Entfernen von Fettflecken.<\/p>\n<h6><strong>Anwendung<\/strong><\/h6>\n<p>Jegliche R\u00fcckst\u00e4nde vom Fleck entfernen, den Beh\u00e4lter sch\u00fctteln und aus einem Abstand von ca. 15 cm auf den Fleck spr\u00fchen. Dabei den Beh\u00e4lter senkrecht halten. Warten, bis das Pulver auf dem Fleck vollst\u00e4ndig getrocknet ist. Dann abb\u00fcrsten und gegebenenfalls den Vorgang wiederholen. Bei hartn\u00e4ckigen Flecken auf beiden Seiten des Stoffes auftragen.<\/p>\n<p>&nbsp;<\/p>\n<p>&nbsp;<\/p>\n","protected":false},"excerpt":{"rendered":"<p>Das Fleckenreinigerspray von Aledia entfernt Flecken ohne Scheuern. Es eignet sich besonders zum Entfernen von Fettflecken. Anwendung Jegliche R\u00fcckst\u00e4nde vom Fleck entfernen, den Beh\u00e4lter sch\u00fctteln und<span class=\"excerpt-hellip\"> [\u2026]<\/span><\/p>\n","protected":false},"featured_media":13578,"comment_status":"open","ping_status":"closed","template":"","meta":[],"pwb-brand":[407],"product_brand":[],"product_cat":[275,266,274],"product_tag":[],"class_list":{"0":"post-11362","1":"product","2":"type-product","3":"status-publish","4":"has-post-thumbnail","6":"pwb-brand-aledia-de","7":"product_cat-allgemeiner-gebrauch","8":"product_cat-drogerie-und-reinigung","9":"product_cat-haushaltsreiniger","11":"first","12":"instock","13":"product-type-simple"},"yoast_head":"<!-- This site is optimized with the Yoast SEO plugin v25.2 - https:\/\/yoast.com\/wordpress\/plugins\/seo\/ -->\n<title>FLECKENREINIGERSPRAY 150 ml | Envasados Xiomara<\/title>\n<meta name=\"description\" content=\"FLECKENREINIGERSPRAY 150 ml Descubre nuestro amplio cat\u00e1logo.\" \/>\n<meta name=\"robots\" content=\"index, follow, max-snippet:-1, max-image-preview:large, max-video-preview:-1\" \/>\n<link rel=\"canonical\" href=\"https:\/\/envasadoxiomara.com\/de\/tienda\/drogerie-und-reinigung\/haushaltsreiniger\/allgemeiner-gebrauch\/fleckenreinigerspray-150-ml\/\" \/>\n<meta property=\"og:locale\" content=\"de_DE\" \/>\n<meta property=\"og:type\" content=\"article\" \/>\n<meta property=\"og:title\" content=\"FLECKENREINIGERSPRAY 150 ml | Envasados Xiomara\" \/>\n<meta property=\"og:description\" content=\"FLECKENREINIGERSPRAY 150 ml Descubre nuestro amplio cat\u00e1logo.\" \/>\n<meta property=\"og:url\" content=\"https:\/\/envasadoxiomara.com\/de\/tienda\/drogerie-und-reinigung\/haushaltsreiniger\/allgemeiner-gebrauch\/fleckenreinigerspray-150-ml\/\" \/>\n<meta property=\"og:site_name\" content=\"Envasados Xiomara\" \/>\n<meta property=\"og:image\" content=\"https:\/\/envasadoxiomara.com\/wp-content\/uploads\/2020\/06\/0065-QUITAMANCHAS-ALEDIA.png.png\" \/>\n\t<meta property=\"og:image:width\" content=\"600\" \/>\n\t<meta property=\"og:image:height\" content=\"600\" \/>\n\t<meta property=\"og:image:type\" content=\"image\/png\" \/>\n<meta name=\"twitter:card\" content=\"summary_large_image\" \/>\n<script type=\"application\/ld+json\" class=\"yoast-schema-graph\">{\"@context\":\"https:\/\/schema.org\",\"@graph\":[{\"@type\":\"WebPage\",\"@id\":\"https:\/\/envasadoxiomara.com\/de\/tienda\/drogerie-und-reinigung\/haushaltsreiniger\/allgemeiner-gebrauch\/fleckenreinigerspray-150-ml\/\",\"url\":\"https:\/\/envasadoxiomara.com\/de\/tienda\/drogerie-und-reinigung\/haushaltsreiniger\/allgemeiner-gebrauch\/fleckenreinigerspray-150-ml\/\",\"name\":\"FLECKENREINIGERSPRAY 150 ml | Envasados Xiomara\",\"isPartOf\":{\"@id\":\"https:\/\/envasadoxiomara.com\/#website\"},\"primaryImageOfPage\":{\"@id\":\"https:\/\/envasadoxiomara.com\/de\/tienda\/drogerie-und-reinigung\/haushaltsreiniger\/allgemeiner-gebrauch\/fleckenreinigerspray-150-ml\/#primaryimage\"},\"image\":{\"@id\":\"https:\/\/envasadoxiomara.com\/de\/tienda\/drogerie-und-reinigung\/haushaltsreiniger\/allgemeiner-gebrauch\/fleckenreinigerspray-150-ml\/#primaryimage\"},\"thumbnailUrl\":\"https:\/\/envasadoxiomara.com\/wp-content\/uploads\/2020\/06\/0065-QUITAMANCHAS-ALEDIA.png.png\",\"datePublished\":\"2020-06-19T09:44:41+00:00\",\"description\":\"FLECKENREINIGERSPRAY 150 ml Descubre nuestro amplio cat\u00e1logo.\",\"breadcrumb\":{\"@id\":\"https:\/\/envasadoxiomara.com\/de\/tienda\/drogerie-und-reinigung\/haushaltsreiniger\/allgemeiner-gebrauch\/fleckenreinigerspray-150-ml\/#breadcrumb\"},\"inLanguage\":\"de-DE\",\"potentialAction\":[{\"@type\":\"ReadAction\",\"target\":[\"https:\/\/envasadoxiomara.com\/de\/tienda\/drogerie-und-reinigung\/haushaltsreiniger\/allgemeiner-gebrauch\/fleckenreinigerspray-150-ml\/\"]}]},{\"@type\":\"ImageObject\",\"inLanguage\":\"de-DE\",\"@id\":\"https:\/\/envasadoxiomara.com\/de\/tienda\/drogerie-und-reinigung\/haushaltsreiniger\/allgemeiner-gebrauch\/fleckenreinigerspray-150-ml\/#primaryimage\",\"url\":\"https:\/\/envasadoxiomara.com\/wp-content\/uploads\/2020\/06\/0065-QUITAMANCHAS-ALEDIA.png.png\",\"contentUrl\":\"https:\/\/envasadoxiomara.com\/wp-content\/uploads\/2020\/06\/0065-QUITAMANCHAS-ALEDIA.png.png\",\"width\":600,\"height\":600,\"caption\":\"quita manchas aldea\"},{\"@type\":\"BreadcrumbList\",\"@id\":\"https:\/\/envasadoxiomara.com\/de\/tienda\/drogerie-und-reinigung\/haushaltsreiniger\/allgemeiner-gebrauch\/fleckenreinigerspray-150-ml\/#breadcrumb\",\"itemListElement\":[{\"@type\":\"ListItem\",\"position\":1,\"name\":\"Portada\",\"item\":\"https:\/\/envasadoxiomara.com\/de\/aerosolhersteller-in-spanien\/\"},{\"@type\":\"ListItem\",\"position\":2,\"name\":\"Tienda\",\"item\":\"https:\/\/envasadoxiomara.com\/tienda\/\"},{\"@type\":\"ListItem\",\"position\":3,\"name\":\"FLECKENREINIGERSPRAY 150 ml\"}]},{\"@type\":\"WebSite\",\"@id\":\"https:\/\/envasadoxiomara.com\/#website\",\"url\":\"https:\/\/envasadoxiomara.com\/\",\"name\":\"Envasados Xiomara\",\"description\":\"\",\"publisher\":{\"@id\":\"https:\/\/envasadoxiomara.com\/#organization\"},\"alternateName\":\"F\u00e1brica de aerosoles\",\"potentialAction\":[{\"@type\":\"SearchAction\",\"target\":{\"@type\":\"EntryPoint\",\"urlTemplate\":\"https:\/\/envasadoxiomara.com\/?s={search_term_string}\"},\"query-input\":{\"@type\":\"PropertyValueSpecification\",\"valueRequired\":true,\"valueName\":\"search_term_string\"}}],\"inLanguage\":\"de-DE\"},{\"@type\":\"Organization\",\"@id\":\"https:\/\/envasadoxiomara.com\/#organization\",\"name\":\"Envasado Xiomara\",\"url\":\"https:\/\/envasadoxiomara.com\/\",\"logo\":{\"@type\":\"ImageObject\",\"inLanguage\":\"de-DE\",\"@id\":\"https:\/\/envasadoxiomara.com\/#\/schema\/logo\/image\/\",\"url\":\"https:\/\/envasadoxiomara.com\/wp-content\/uploads\/2017\/04\/logo-empresa-aerosoles-xiomara.jpg\",\"contentUrl\":\"https:\/\/envasadoxiomara.com\/wp-content\/uploads\/2017\/04\/logo-empresa-aerosoles-xiomara.jpg\",\"width\":434,\"height\":198,\"caption\":\"Envasado Xiomara\"},\"image\":{\"@id\":\"https:\/\/envasadoxiomara.com\/#\/schema\/logo\/image\/\"}}]}<\/script>\n<!-- \/ Yoast SEO plugin. -->","yoast_head_json":{"title":"FLECKENREINIGERSPRAY 150 ml | Envasados Xiomara","description":"FLECKENREINIGERSPRAY 150 ml Descubre nuestro amplio cat\u00e1logo.","robots":{"index":"index","follow":"follow","max-snippet":"max-snippet:-1","max-image-preview":"max-image-preview:large","max-video-preview":"max-video-preview:-1"},"canonical":"https:\/\/envasadoxiomara.com\/de\/tienda\/drogerie-und-reinigung\/haushaltsreiniger\/allgemeiner-gebrauch\/fleckenreinigerspray-150-ml\/","og_locale":"de_DE","og_type":"article","og_title":"FLECKENREINIGERSPRAY 150 ml | Envasados Xiomara","og_description":"FLECKENREINIGERSPRAY 150 ml Descubre nuestro amplio cat\u00e1logo.","og_url":"https:\/\/envasadoxiomara.com\/de\/tienda\/drogerie-und-reinigung\/haushaltsreiniger\/allgemeiner-gebrauch\/fleckenreinigerspray-150-ml\/","og_site_name":"Envasados Xiomara","og_image":[{"width":600,"height":600,"url":"https:\/\/envasadoxiomara.com\/wp-content\/uploads\/2020\/06\/0065-QUITAMANCHAS-ALEDIA.png.png","type":"image\/png"}],"twitter_card":"summary_large_image","schema":{"@context":"https:\/\/schema.org","@graph":[{"@type":"WebPage","@id":"https:\/\/envasadoxiomara.com\/de\/tienda\/drogerie-und-reinigung\/haushaltsreiniger\/allgemeiner-gebrauch\/fleckenreinigerspray-150-ml\/","url":"https:\/\/envasadoxiomara.com\/de\/tienda\/drogerie-und-reinigung\/haushaltsreiniger\/allgemeiner-gebrauch\/fleckenreinigerspray-150-ml\/","name":"FLECKENREINIGERSPRAY 150 ml | Envasados Xiomara","isPartOf":{"@id":"https:\/\/envasadoxiomara.com\/#website"},"primaryImageOfPage":{"@id":"https:\/\/envasadoxiomara.com\/de\/tienda\/drogerie-und-reinigung\/haushaltsreiniger\/allgemeiner-gebrauch\/fleckenreinigerspray-150-ml\/#primaryimage"},"image":{"@id":"https:\/\/envasadoxiomara.com\/de\/tienda\/drogerie-und-reinigung\/haushaltsreiniger\/allgemeiner-gebrauch\/fleckenreinigerspray-150-ml\/#primaryimage"},"thumbnailUrl":"https:\/\/envasadoxiomara.com\/wp-content\/uploads\/2020\/06\/0065-QUITAMANCHAS-ALEDIA.png.png","datePublished":"2020-06-19T09:44:41+00:00","description":"FLECKENREINIGERSPRAY 150 ml Descubre nuestro amplio cat\u00e1logo.","breadcrumb":{"@id":"https:\/\/envasadoxiomara.com\/de\/tienda\/drogerie-und-reinigung\/haushaltsreiniger\/allgemeiner-gebrauch\/fleckenreinigerspray-150-ml\/#breadcrumb"},"inLanguage":"de-DE","potentialAction":[{"@type":"ReadAction","target":["https:\/\/envasadoxiomara.com\/de\/tienda\/drogerie-und-reinigung\/haushaltsreiniger\/allgemeiner-gebrauch\/fleckenreinigerspray-150-ml\/"]}]},{"@type":"ImageObject","inLanguage":"de-DE","@id":"https:\/\/envasadoxiomara.com\/de\/tienda\/drogerie-und-reinigung\/haushaltsreiniger\/allgemeiner-gebrauch\/fleckenreinigerspray-150-ml\/#primaryimage","url":"https:\/\/envasadoxiomara.com\/wp-content\/uploads\/2020\/06\/0065-QUITAMANCHAS-ALEDIA.png.png","contentUrl":"https:\/\/envasadoxiomara.com\/wp-content\/uploads\/2020\/06\/0065-QUITAMANCHAS-ALEDIA.png.png","width":600,"height":600,"caption":"quita manchas aldea"},{"@type":"BreadcrumbList","@id":"https:\/\/envasadoxiomara.com\/de\/tienda\/drogerie-und-reinigung\/haushaltsreiniger\/allgemeiner-gebrauch\/fleckenreinigerspray-150-ml\/#breadcrumb","itemListElement":[{"@type":"ListItem","position":1,"name":"Portada","item":"https:\/\/envasadoxiomara.com\/de\/aerosolhersteller-in-spanien\/"},{"@type":"ListItem","position":2,"name":"Tienda","item":"https:\/\/envasadoxiomara.com\/tienda\/"},{"@type":"ListItem","position":3,"name":"FLECKENREINIGERSPRAY 150 ml"}]},{"@type":"WebSite","@id":"https:\/\/envasadoxiomara.com\/#website","url":"https:\/\/envasadoxiomara.com\/","name":"Envasados Xiomara","description":"","publisher":{"@id":"https:\/\/envasadoxiomara.com\/#organization"},"alternateName":"F\u00e1brica de aerosoles","potentialAction":[{"@type":"SearchAction","target":{"@type":"EntryPoint","urlTemplate":"https:\/\/envasadoxiomara.com\/?s={search_term_string}"},"query-input":{"@type":"PropertyValueSpecification","valueRequired":true,"valueName":"search_term_string"}}],"inLanguage":"de-DE"},{"@type":"Organization","@id":"https:\/\/envasadoxiomara.com\/#organization","name":"Envasado Xiomara","url":"https:\/\/envasadoxiomara.com\/","logo":{"@type":"ImageObject","inLanguage":"de-DE","@id":"https:\/\/envasadoxiomara.com\/#\/schema\/logo\/image\/","url":"https:\/\/envasadoxiomara.com\/wp-content\/uploads\/2017\/04\/logo-empresa-aerosoles-xiomara.jpg","contentUrl":"https:\/\/envasadoxiomara.com\/wp-content\/uploads\/2017\/04\/logo-empresa-aerosoles-xiomara.jpg","width":434,"height":198,"caption":"Envasado Xiomara"},"image":{"@id":"https:\/\/envasadoxiomara.com\/#\/schema\/logo\/image\/"}}]}},"brands":[{"id":407,"name":"Aledia","slug":"aledia-de"}],"_links":{"self":[{"href":"https:\/\/envasadoxiomara.com\/de\/wp-json\/wp\/v2\/product\/11362","targetHints":{"allow":["GET"]}}],"collection":[{"href":"https:\/\/envasadoxiomara.com\/de\/wp-json\/wp\/v2\/product"}],"about":[{"href":"https:\/\/envasadoxiomara.com\/de\/wp-json\/wp\/v2\/types\/product"}],"replies":[{"embeddable":true,"href":"https:\/\/envasadoxiomara.com\/de\/wp-json\/wp\/v2\/comments?post=11362"}],"wp:featuredmedia":[{"embeddable":true,"href":"https:\/\/envasadoxiomara.com\/de\/wp-json\/wp\/v2\/media\/13578"}],"wp:attachment":[{"href":"https:\/\/envasadoxiomara.com\/de\/wp-json\/wp\/v2\/media?parent=11362"}],"wp:term":[{"taxonomy":"pwb-brand","embeddable":true,"href":"https:\/\/envasadoxiomara.com\/de\/wp-json\/wp\/v2\/pwb-brand?post=11362"},{"taxonomy":"product_brand","embeddable":true,"href":"https:\/\/envasadoxiomara.com\/de\/wp-json\/wp\/v2\/product_brand?post=11362"},{"taxonomy":"product_cat","embeddable":true,"href":"https:\/\/envasadoxiomara.com\/de\/wp-json\/wp\/v2\/product_cat?post=11362"},{"taxonomy":"product_tag","embeddable":true,"href":"https:\/\/envasadoxiomara.com\/de\/wp-json\/wp\/v2\/product_tag?post=11362"}],"curies":[{"name":"wp","href":"https:\/\/api.w.org\/{rel}","templated":true}]}}