{"id":11473,"date":"2020-06-19T09:42:35","date_gmt":"2020-06-19T09:42:35","guid":{"rendered":"https:\/\/envasadoxiomara.com\/tienda\/unkategorisiert\/automatischer-duftspender-fur-250-ml-nachfullpackung\/"},"modified":"2020-06-19T09:42:35","modified_gmt":"2020-06-19T09:42:35","slug":"automatischer-duftspender-fur-250-ml-nachfullpackung","status":"publish","type":"product","link":"https:\/\/envasadoxiomara.com\/de\/tienda\/drogerie-und-reinigung\/lufterfrischer\/spruhpistole\/automatischer-duftspender-fur-250-ml-nachfullpackung\/","title":{"rendered":"AUTOMATISCHER DUFTSPENDER F\u00dcR 250-ML-NACHF\u00dcLLPACKUNG"},"content":{"rendered":"<p>Duftspender, der den Duft automatisch in regelm\u00e4\u00dfigen Abst\u00e4nden zerst\u00e4ubt. Die Zeitabst\u00e4nde der Lufterfrischerdosierung k\u00f6nnen auf alle 7,5, 15 oder 30 Minuten programmiert werden. Batteriebetrieben und an der Wand montierbar. Dieser Duftspender ist mit den 250-ml-Lufterfrischernachf\u00fcllpackungen kompatibel.<\/p>\n","protected":false},"excerpt":{"rendered":"<p>Duftspender, der den Duft automatisch in regelm\u00e4\u00dfigen Abst\u00e4nden zerst\u00e4ubt. Die Zeitabst\u00e4nde der Lufterfrischerdosierung k\u00f6nnen auf alle 7,5, 15 oder 30 Minuten programmiert werden. Batteriebetrieben und an<span class=\"excerpt-hellip\"> [\u2026]<\/span><\/p>\n","protected":false},"featured_media":11085,"comment_status":"open","ping_status":"closed","template":"","meta":[],"pwb-brand":[410],"product_brand":[],"product_cat":[267,266,268,269],"product_tag":[],"class_list":{"0":"post-11473","1":"product","2":"type-product","3":"status-publish","4":"has-post-thumbnail","6":"pwb-brand-aire-fresco-de","7":"product_cat-aerosolsprays-de","8":"product_cat-drogerie-und-reinigung","9":"product_cat-lufterfrischer","10":"product_cat-spruhpistole","12":"first","13":"instock","14":"product-type-simple"},"yoast_head":"<!-- This site is optimized with the Yoast SEO plugin v25.2 - https:\/\/yoast.com\/wordpress\/plugins\/seo\/ -->\n<title>AUTOMATISCHER DUFTSPENDER F\u00dcR 250-ML-NACHF\u00dcLLPACKUNG | Envasados Xiomara<\/title>\n<meta name=\"description\" content=\"AUTOMATISCHER DUFTSPENDER F\u00dcR 250-ML-NACHF\u00dcLLPACKUNG Descubre nuestro amplio cat\u00e1logo.\" \/>\n<meta name=\"robots\" content=\"index, follow, max-snippet:-1, max-image-preview:large, max-video-preview:-1\" \/>\n<link rel=\"canonical\" href=\"https:\/\/envasadoxiomara.com\/de\/tienda\/drogerie-und-reinigung\/lufterfrischer\/spruhpistole\/automatischer-duftspender-fur-250-ml-nachfullpackung\/\" \/>\n<meta property=\"og:locale\" content=\"de_DE\" \/>\n<meta property=\"og:type\" content=\"article\" \/>\n<meta property=\"og:title\" content=\"AUTOMATISCHER DUFTSPENDER F\u00dcR 250-ML-NACHF\u00dcLLPACKUNG | Envasados Xiomara\" \/>\n<meta property=\"og:description\" content=\"AUTOMATISCHER DUFTSPENDER F\u00dcR 250-ML-NACHF\u00dcLLPACKUNG Descubre nuestro amplio cat\u00e1logo.\" \/>\n<meta property=\"og:url\" content=\"https:\/\/envasadoxiomara.com\/de\/tienda\/drogerie-und-reinigung\/lufterfrischer\/spruhpistole\/automatischer-duftspender-fur-250-ml-nachfullpackung\/\" \/>\n<meta property=\"og:site_name\" content=\"Envasados Xiomara\" \/>\n<meta property=\"og:image\" content=\"https:\/\/envasadoxiomara.com\/wp-content\/uploads\/2020\/06\/DISPENSADOR.png\" \/>\n\t<meta property=\"og:image:width\" content=\"600\" \/>\n\t<meta property=\"og:image:height\" content=\"600\" \/>\n\t<meta property=\"og:image:type\" content=\"image\/png\" \/>\n<meta name=\"twitter:card\" content=\"summary_large_image\" \/>\n<script type=\"application\/ld+json\" class=\"yoast-schema-graph\">{\"@context\":\"https:\/\/schema.org\",\"@graph\":[{\"@type\":\"WebPage\",\"@id\":\"https:\/\/envasadoxiomara.com\/de\/tienda\/drogerie-und-reinigung\/lufterfrischer\/spruhpistole\/automatischer-duftspender-fur-250-ml-nachfullpackung\/\",\"url\":\"https:\/\/envasadoxiomara.com\/de\/tienda\/drogerie-und-reinigung\/lufterfrischer\/spruhpistole\/automatischer-duftspender-fur-250-ml-nachfullpackung\/\",\"name\":\"AUTOMATISCHER DUFTSPENDER F\u00dcR 250-ML-NACHF\u00dcLLPACKUNG | Envasados Xiomara\",\"isPartOf\":{\"@id\":\"https:\/\/envasadoxiomara.com\/#website\"},\"primaryImageOfPage\":{\"@id\":\"https:\/\/envasadoxiomara.com\/de\/tienda\/drogerie-und-reinigung\/lufterfrischer\/spruhpistole\/automatischer-duftspender-fur-250-ml-nachfullpackung\/#primaryimage\"},\"image\":{\"@id\":\"https:\/\/envasadoxiomara.com\/de\/tienda\/drogerie-und-reinigung\/lufterfrischer\/spruhpistole\/automatischer-duftspender-fur-250-ml-nachfullpackung\/#primaryimage\"},\"thumbnailUrl\":\"https:\/\/envasadoxiomara.com\/wp-content\/uploads\/2020\/06\/DISPENSADOR.png\",\"datePublished\":\"2020-06-19T09:42:35+00:00\",\"description\":\"AUTOMATISCHER DUFTSPENDER F\u00dcR 250-ML-NACHF\u00dcLLPACKUNG Descubre nuestro amplio cat\u00e1logo.\",\"breadcrumb\":{\"@id\":\"https:\/\/envasadoxiomara.com\/de\/tienda\/drogerie-und-reinigung\/lufterfrischer\/spruhpistole\/automatischer-duftspender-fur-250-ml-nachfullpackung\/#breadcrumb\"},\"inLanguage\":\"de-DE\",\"potentialAction\":[{\"@type\":\"ReadAction\",\"target\":[\"https:\/\/envasadoxiomara.com\/de\/tienda\/drogerie-und-reinigung\/lufterfrischer\/spruhpistole\/automatischer-duftspender-fur-250-ml-nachfullpackung\/\"]}]},{\"@type\":\"ImageObject\",\"inLanguage\":\"de-DE\",\"@id\":\"https:\/\/envasadoxiomara.com\/de\/tienda\/drogerie-und-reinigung\/lufterfrischer\/spruhpistole\/automatischer-duftspender-fur-250-ml-nachfullpackung\/#primaryimage\",\"url\":\"https:\/\/envasadoxiomara.com\/wp-content\/uploads\/2020\/06\/DISPENSADOR.png\",\"contentUrl\":\"https:\/\/envasadoxiomara.com\/wp-content\/uploads\/2020\/06\/DISPENSADOR.png\",\"width\":600,\"height\":600,\"caption\":\"dispensador\"},{\"@type\":\"BreadcrumbList\",\"@id\":\"https:\/\/envasadoxiomara.com\/de\/tienda\/drogerie-und-reinigung\/lufterfrischer\/spruhpistole\/automatischer-duftspender-fur-250-ml-nachfullpackung\/#breadcrumb\",\"itemListElement\":[{\"@type\":\"ListItem\",\"position\":1,\"name\":\"Portada\",\"item\":\"https:\/\/envasadoxiomara.com\/de\/aerosolhersteller-in-spanien\/\"},{\"@type\":\"ListItem\",\"position\":2,\"name\":\"Tienda\",\"item\":\"https:\/\/envasadoxiomara.com\/tienda\/\"},{\"@type\":\"ListItem\",\"position\":3,\"name\":\"AUTOMATISCHER DUFTSPENDER F\u00dcR 250-ML-NACHF\u00dcLLPACKUNG\"}]},{\"@type\":\"WebSite\",\"@id\":\"https:\/\/envasadoxiomara.com\/#website\",\"url\":\"https:\/\/envasadoxiomara.com\/\",\"name\":\"Envasados Xiomara\",\"description\":\"\",\"publisher\":{\"@id\":\"https:\/\/envasadoxiomara.com\/#organization\"},\"alternateName\":\"F\u00e1brica de aerosoles\",\"potentialAction\":[{\"@type\":\"SearchAction\",\"target\":{\"@type\":\"EntryPoint\",\"urlTemplate\":\"https:\/\/envasadoxiomara.com\/?s={search_term_string}\"},\"query-input\":{\"@type\":\"PropertyValueSpecification\",\"valueRequired\":true,\"valueName\":\"search_term_string\"}}],\"inLanguage\":\"de-DE\"},{\"@type\":\"Organization\",\"@id\":\"https:\/\/envasadoxiomara.com\/#organization\",\"name\":\"Envasado Xiomara\",\"url\":\"https:\/\/envasadoxiomara.com\/\",\"logo\":{\"@type\":\"ImageObject\",\"inLanguage\":\"de-DE\",\"@id\":\"https:\/\/envasadoxiomara.com\/#\/schema\/logo\/image\/\",\"url\":\"https:\/\/envasadoxiomara.com\/wp-content\/uploads\/2017\/04\/logo-empresa-aerosoles-xiomara.jpg\",\"contentUrl\":\"https:\/\/envasadoxiomara.com\/wp-content\/uploads\/2017\/04\/logo-empresa-aerosoles-xiomara.jpg\",\"width\":434,\"height\":198,\"caption\":\"Envasado Xiomara\"},\"image\":{\"@id\":\"https:\/\/envasadoxiomara.com\/#\/schema\/logo\/image\/\"}}]}<\/script>\n<!-- \/ Yoast SEO plugin. -->","yoast_head_json":{"title":"AUTOMATISCHER DUFTSPENDER F\u00dcR 250-ML-NACHF\u00dcLLPACKUNG | Envasados Xiomara","description":"AUTOMATISCHER DUFTSPENDER F\u00dcR 250-ML-NACHF\u00dcLLPACKUNG Descubre nuestro amplio cat\u00e1logo.","robots":{"index":"index","follow":"follow","max-snippet":"max-snippet:-1","max-image-preview":"max-image-preview:large","max-video-preview":"max-video-preview:-1"},"canonical":"https:\/\/envasadoxiomara.com\/de\/tienda\/drogerie-und-reinigung\/lufterfrischer\/spruhpistole\/automatischer-duftspender-fur-250-ml-nachfullpackung\/","og_locale":"de_DE","og_type":"article","og_title":"AUTOMATISCHER DUFTSPENDER F\u00dcR 250-ML-NACHF\u00dcLLPACKUNG | Envasados Xiomara","og_description":"AUTOMATISCHER DUFTSPENDER F\u00dcR 250-ML-NACHF\u00dcLLPACKUNG Descubre nuestro amplio cat\u00e1logo.","og_url":"https:\/\/envasadoxiomara.com\/de\/tienda\/drogerie-und-reinigung\/lufterfrischer\/spruhpistole\/automatischer-duftspender-fur-250-ml-nachfullpackung\/","og_site_name":"Envasados Xiomara","og_image":[{"width":600,"height":600,"url":"https:\/\/envasadoxiomara.com\/wp-content\/uploads\/2020\/06\/DISPENSADOR.png","type":"image\/png"}],"twitter_card":"summary_large_image","schema":{"@context":"https:\/\/schema.org","@graph":[{"@type":"WebPage","@id":"https:\/\/envasadoxiomara.com\/de\/tienda\/drogerie-und-reinigung\/lufterfrischer\/spruhpistole\/automatischer-duftspender-fur-250-ml-nachfullpackung\/","url":"https:\/\/envasadoxiomara.com\/de\/tienda\/drogerie-und-reinigung\/lufterfrischer\/spruhpistole\/automatischer-duftspender-fur-250-ml-nachfullpackung\/","name":"AUTOMATISCHER DUFTSPENDER F\u00dcR 250-ML-NACHF\u00dcLLPACKUNG | Envasados Xiomara","isPartOf":{"@id":"https:\/\/envasadoxiomara.com\/#website"},"primaryImageOfPage":{"@id":"https:\/\/envasadoxiomara.com\/de\/tienda\/drogerie-und-reinigung\/lufterfrischer\/spruhpistole\/automatischer-duftspender-fur-250-ml-nachfullpackung\/#primaryimage"},"image":{"@id":"https:\/\/envasadoxiomara.com\/de\/tienda\/drogerie-und-reinigung\/lufterfrischer\/spruhpistole\/automatischer-duftspender-fur-250-ml-nachfullpackung\/#primaryimage"},"thumbnailUrl":"https:\/\/envasadoxiomara.com\/wp-content\/uploads\/2020\/06\/DISPENSADOR.png","datePublished":"2020-06-19T09:42:35+00:00","description":"AUTOMATISCHER DUFTSPENDER F\u00dcR 250-ML-NACHF\u00dcLLPACKUNG Descubre nuestro amplio cat\u00e1logo.","breadcrumb":{"@id":"https:\/\/envasadoxiomara.com\/de\/tienda\/drogerie-und-reinigung\/lufterfrischer\/spruhpistole\/automatischer-duftspender-fur-250-ml-nachfullpackung\/#breadcrumb"},"inLanguage":"de-DE","potentialAction":[{"@type":"ReadAction","target":["https:\/\/envasadoxiomara.com\/de\/tienda\/drogerie-und-reinigung\/lufterfrischer\/spruhpistole\/automatischer-duftspender-fur-250-ml-nachfullpackung\/"]}]},{"@type":"ImageObject","inLanguage":"de-DE","@id":"https:\/\/envasadoxiomara.com\/de\/tienda\/drogerie-und-reinigung\/lufterfrischer\/spruhpistole\/automatischer-duftspender-fur-250-ml-nachfullpackung\/#primaryimage","url":"https:\/\/envasadoxiomara.com\/wp-content\/uploads\/2020\/06\/DISPENSADOR.png","contentUrl":"https:\/\/envasadoxiomara.com\/wp-content\/uploads\/2020\/06\/DISPENSADOR.png","width":600,"height":600,"caption":"dispensador"},{"@type":"BreadcrumbList","@id":"https:\/\/envasadoxiomara.com\/de\/tienda\/drogerie-und-reinigung\/lufterfrischer\/spruhpistole\/automatischer-duftspender-fur-250-ml-nachfullpackung\/#breadcrumb","itemListElement":[{"@type":"ListItem","position":1,"name":"Portada","item":"https:\/\/envasadoxiomara.com\/de\/aerosolhersteller-in-spanien\/"},{"@type":"ListItem","position":2,"name":"Tienda","item":"https:\/\/envasadoxiomara.com\/tienda\/"},{"@type":"ListItem","position":3,"name":"AUTOMATISCHER DUFTSPENDER F\u00dcR 250-ML-NACHF\u00dcLLPACKUNG"}]},{"@type":"WebSite","@id":"https:\/\/envasadoxiomara.com\/#website","url":"https:\/\/envasadoxiomara.com\/","name":"Envasados Xiomara","description":"","publisher":{"@id":"https:\/\/envasadoxiomara.com\/#organization"},"alternateName":"F\u00e1brica de aerosoles","potentialAction":[{"@type":"SearchAction","target":{"@type":"EntryPoint","urlTemplate":"https:\/\/envasadoxiomara.com\/?s={search_term_string}"},"query-input":{"@type":"PropertyValueSpecification","valueRequired":true,"valueName":"search_term_string"}}],"inLanguage":"de-DE"},{"@type":"Organization","@id":"https:\/\/envasadoxiomara.com\/#organization","name":"Envasado Xiomara","url":"https:\/\/envasadoxiomara.com\/","logo":{"@type":"ImageObject","inLanguage":"de-DE","@id":"https:\/\/envasadoxiomara.com\/#\/schema\/logo\/image\/","url":"https:\/\/envasadoxiomara.com\/wp-content\/uploads\/2017\/04\/logo-empresa-aerosoles-xiomara.jpg","contentUrl":"https:\/\/envasadoxiomara.com\/wp-content\/uploads\/2017\/04\/logo-empresa-aerosoles-xiomara.jpg","width":434,"height":198,"caption":"Envasado Xiomara"},"image":{"@id":"https:\/\/envasadoxiomara.com\/#\/schema\/logo\/image\/"}}]}},"brands":[{"id":410,"name":"Aire fresco","slug":"aire-fresco-de"}],"_links":{"self":[{"href":"https:\/\/envasadoxiomara.com\/de\/wp-json\/wp\/v2\/product\/11473","targetHints":{"allow":["GET"]}}],"collection":[{"href":"https:\/\/envasadoxiomara.com\/de\/wp-json\/wp\/v2\/product"}],"about":[{"href":"https:\/\/envasadoxiomara.com\/de\/wp-json\/wp\/v2\/types\/product"}],"replies":[{"embeddable":true,"href":"https:\/\/envasadoxiomara.com\/de\/wp-json\/wp\/v2\/comments?post=11473"}],"wp:featuredmedia":[{"embeddable":true,"href":"https:\/\/envasadoxiomara.com\/de\/wp-json\/wp\/v2\/media\/11085"}],"wp:attachment":[{"href":"https:\/\/envasadoxiomara.com\/de\/wp-json\/wp\/v2\/media?parent=11473"}],"wp:term":[{"taxonomy":"pwb-brand","embeddable":true,"href":"https:\/\/envasadoxiomara.com\/de\/wp-json\/wp\/v2\/pwb-brand?post=11473"},{"taxonomy":"product_brand","embeddable":true,"href":"https:\/\/envasadoxiomara.com\/de\/wp-json\/wp\/v2\/product_brand?post=11473"},{"taxonomy":"product_cat","embeddable":true,"href":"https:\/\/envasadoxiomara.com\/de\/wp-json\/wp\/v2\/product_cat?post=11473"},{"taxonomy":"product_tag","embeddable":true,"href":"https:\/\/envasadoxiomara.com\/de\/wp-json\/wp\/v2\/product_tag?post=11473"}],"curies":[{"name":"wp","href":"https:\/\/api.w.org\/{rel}","templated":true}]}}