{"id":11510,"date":"2020-06-19T09:42:34","date_gmt":"2020-06-19T09:42:34","guid":{"rendered":"https:\/\/envasadoxiomara.com\/tienda\/unkategorisiert\/nachfullspray-automatik-tropengarten-250-ml\/"},"modified":"2020-06-19T09:42:34","modified_gmt":"2020-06-19T09:42:34","slug":"nachfullspray-automatik-tropengarten-250-ml","status":"publish","type":"product","link":"https:\/\/envasadoxiomara.com\/de\/tienda\/drogerie-und-reinigung\/lufterfrischer\/spruhpistole\/nachfullspray-automatik-tropengarten-250-ml\/","title":{"rendered":"NACHF\u00dcLLSPRAY AUTOMATIK TROPENGARTEN 250 ML"},"content":{"rendered":"<p>Das Lufterfrischer-Nachf\u00fcllspray Frischluft kann manuell oder mit allen Arten von automatischen Aerosol-Zerst\u00e4ubern verwendet werden. Beseitigt unangenehme Ger\u00fcche und sorgt f\u00fcr eine angenehme nat\u00fcrliche Frische f\u00fcr bis zu 60 Tage.<\/p>\n","protected":false},"excerpt":{"rendered":"<p>Das Lufterfrischer-Nachf\u00fcllspray Frischluft kann manuell oder mit allen Arten von automatischen Aerosol-Zerst\u00e4ubern verwendet werden. Beseitigt unangenehme Ger\u00fcche und sorgt f\u00fcr eine angenehme nat\u00fcrliche Frische f\u00fcr bis<span class=\"excerpt-hellip\"> [\u2026]<\/span><\/p>\n","protected":false},"featured_media":30616,"comment_status":"open","ping_status":"closed","template":"","meta":[],"pwb-brand":[410],"product_brand":[],"product_cat":[267,266,268,269],"product_tag":[],"class_list":{"0":"post-11510","1":"product","2":"type-product","3":"status-publish","4":"has-post-thumbnail","6":"pwb-brand-aire-fresco-de","7":"product_cat-aerosolsprays-de","8":"product_cat-drogerie-und-reinigung","9":"product_cat-lufterfrischer","10":"product_cat-spruhpistole","12":"first","13":"instock","14":"product-type-simple"},"yoast_head":"<!-- This site is optimized with the Yoast SEO plugin v25.2 - https:\/\/yoast.com\/wordpress\/plugins\/seo\/ -->\n<title>NACHF\u00dcLLSPRAY AUTOMATIK TROPENGARTEN 250 ML | Envasados Xiomara<\/title>\n<meta name=\"description\" content=\"NACHF\u00dcLLSPRAY AUTOMATIK TROPENGARTEN 250 ML Descubre nuestro amplio cat\u00e1logo.\" \/>\n<meta name=\"robots\" content=\"index, follow, max-snippet:-1, max-image-preview:large, max-video-preview:-1\" \/>\n<link rel=\"canonical\" href=\"https:\/\/envasadoxiomara.com\/de\/tienda\/drogerie-und-reinigung\/lufterfrischer\/spruhpistole\/nachfullspray-automatik-tropengarten-250-ml\/\" \/>\n<meta property=\"og:locale\" content=\"de_DE\" \/>\n<meta property=\"og:type\" content=\"article\" \/>\n<meta property=\"og:title\" content=\"NACHF\u00dcLLSPRAY AUTOMATIK TROPENGARTEN 250 ML | Envasados Xiomara\" \/>\n<meta property=\"og:description\" content=\"NACHF\u00dcLLSPRAY AUTOMATIK TROPENGARTEN 250 ML Descubre nuestro amplio cat\u00e1logo.\" \/>\n<meta property=\"og:url\" content=\"https:\/\/envasadoxiomara.com\/de\/tienda\/drogerie-und-reinigung\/lufterfrischer\/spruhpistole\/nachfullspray-automatik-tropengarten-250-ml\/\" \/>\n<meta property=\"og:site_name\" content=\"Envasados Xiomara\" \/>\n<meta property=\"og:image\" content=\"https:\/\/envasadoxiomara.com\/wp-content\/uploads\/2020\/06\/6443-5_QR.png\" \/>\n\t<meta property=\"og:image:width\" content=\"917\" \/>\n\t<meta property=\"og:image:height\" content=\"1126\" \/>\n\t<meta property=\"og:image:type\" content=\"image\/png\" \/>\n<meta name=\"twitter:card\" content=\"summary_large_image\" \/>\n<script type=\"application\/ld+json\" class=\"yoast-schema-graph\">{\"@context\":\"https:\/\/schema.org\",\"@graph\":[{\"@type\":\"WebPage\",\"@id\":\"https:\/\/envasadoxiomara.com\/de\/tienda\/drogerie-und-reinigung\/lufterfrischer\/spruhpistole\/nachfullspray-automatik-tropengarten-250-ml\/\",\"url\":\"https:\/\/envasadoxiomara.com\/de\/tienda\/drogerie-und-reinigung\/lufterfrischer\/spruhpistole\/nachfullspray-automatik-tropengarten-250-ml\/\",\"name\":\"NACHF\u00dcLLSPRAY AUTOMATIK TROPENGARTEN 250 ML | Envasados Xiomara\",\"isPartOf\":{\"@id\":\"https:\/\/envasadoxiomara.com\/#website\"},\"primaryImageOfPage\":{\"@id\":\"https:\/\/envasadoxiomara.com\/de\/tienda\/drogerie-und-reinigung\/lufterfrischer\/spruhpistole\/nachfullspray-automatik-tropengarten-250-ml\/#primaryimage\"},\"image\":{\"@id\":\"https:\/\/envasadoxiomara.com\/de\/tienda\/drogerie-und-reinigung\/lufterfrischer\/spruhpistole\/nachfullspray-automatik-tropengarten-250-ml\/#primaryimage\"},\"thumbnailUrl\":\"https:\/\/envasadoxiomara.com\/wp-content\/uploads\/2020\/06\/6443-5_QR.png\",\"datePublished\":\"2020-06-19T09:42:34+00:00\",\"description\":\"NACHF\u00dcLLSPRAY AUTOMATIK TROPENGARTEN 250 ML Descubre nuestro amplio cat\u00e1logo.\",\"breadcrumb\":{\"@id\":\"https:\/\/envasadoxiomara.com\/de\/tienda\/drogerie-und-reinigung\/lufterfrischer\/spruhpistole\/nachfullspray-automatik-tropengarten-250-ml\/#breadcrumb\"},\"inLanguage\":\"de-DE\",\"potentialAction\":[{\"@type\":\"ReadAction\",\"target\":[\"https:\/\/envasadoxiomara.com\/de\/tienda\/drogerie-und-reinigung\/lufterfrischer\/spruhpistole\/nachfullspray-automatik-tropengarten-250-ml\/\"]}]},{\"@type\":\"ImageObject\",\"inLanguage\":\"de-DE\",\"@id\":\"https:\/\/envasadoxiomara.com\/de\/tienda\/drogerie-und-reinigung\/lufterfrischer\/spruhpistole\/nachfullspray-automatik-tropengarten-250-ml\/#primaryimage\",\"url\":\"https:\/\/envasadoxiomara.com\/wp-content\/uploads\/2020\/06\/6443-5_QR.png\",\"contentUrl\":\"https:\/\/envasadoxiomara.com\/wp-content\/uploads\/2020\/06\/6443-5_QR.png\",\"width\":917,\"height\":1126},{\"@type\":\"BreadcrumbList\",\"@id\":\"https:\/\/envasadoxiomara.com\/de\/tienda\/drogerie-und-reinigung\/lufterfrischer\/spruhpistole\/nachfullspray-automatik-tropengarten-250-ml\/#breadcrumb\",\"itemListElement\":[{\"@type\":\"ListItem\",\"position\":1,\"name\":\"Portada\",\"item\":\"https:\/\/envasadoxiomara.com\/de\/aerosolhersteller-in-spanien\/\"},{\"@type\":\"ListItem\",\"position\":2,\"name\":\"Tienda\",\"item\":\"https:\/\/envasadoxiomara.com\/tienda\/\"},{\"@type\":\"ListItem\",\"position\":3,\"name\":\"NACHF\u00dcLLSPRAY AUTOMATIK TROPENGARTEN 250 ML\"}]},{\"@type\":\"WebSite\",\"@id\":\"https:\/\/envasadoxiomara.com\/#website\",\"url\":\"https:\/\/envasadoxiomara.com\/\",\"name\":\"Envasados Xiomara\",\"description\":\"\",\"publisher\":{\"@id\":\"https:\/\/envasadoxiomara.com\/#organization\"},\"alternateName\":\"F\u00e1brica de aerosoles\",\"potentialAction\":[{\"@type\":\"SearchAction\",\"target\":{\"@type\":\"EntryPoint\",\"urlTemplate\":\"https:\/\/envasadoxiomara.com\/?s={search_term_string}\"},\"query-input\":{\"@type\":\"PropertyValueSpecification\",\"valueRequired\":true,\"valueName\":\"search_term_string\"}}],\"inLanguage\":\"de-DE\"},{\"@type\":\"Organization\",\"@id\":\"https:\/\/envasadoxiomara.com\/#organization\",\"name\":\"Envasado Xiomara\",\"url\":\"https:\/\/envasadoxiomara.com\/\",\"logo\":{\"@type\":\"ImageObject\",\"inLanguage\":\"de-DE\",\"@id\":\"https:\/\/envasadoxiomara.com\/#\/schema\/logo\/image\/\",\"url\":\"https:\/\/envasadoxiomara.com\/wp-content\/uploads\/2017\/04\/logo-empresa-aerosoles-xiomara.jpg\",\"contentUrl\":\"https:\/\/envasadoxiomara.com\/wp-content\/uploads\/2017\/04\/logo-empresa-aerosoles-xiomara.jpg\",\"width\":434,\"height\":198,\"caption\":\"Envasado Xiomara\"},\"image\":{\"@id\":\"https:\/\/envasadoxiomara.com\/#\/schema\/logo\/image\/\"}}]}<\/script>\n<!-- \/ Yoast SEO plugin. -->","yoast_head_json":{"title":"NACHF\u00dcLLSPRAY AUTOMATIK TROPENGARTEN 250 ML | Envasados Xiomara","description":"NACHF\u00dcLLSPRAY AUTOMATIK TROPENGARTEN 250 ML Descubre nuestro amplio cat\u00e1logo.","robots":{"index":"index","follow":"follow","max-snippet":"max-snippet:-1","max-image-preview":"max-image-preview:large","max-video-preview":"max-video-preview:-1"},"canonical":"https:\/\/envasadoxiomara.com\/de\/tienda\/drogerie-und-reinigung\/lufterfrischer\/spruhpistole\/nachfullspray-automatik-tropengarten-250-ml\/","og_locale":"de_DE","og_type":"article","og_title":"NACHF\u00dcLLSPRAY AUTOMATIK TROPENGARTEN 250 ML | Envasados Xiomara","og_description":"NACHF\u00dcLLSPRAY AUTOMATIK TROPENGARTEN 250 ML Descubre nuestro amplio cat\u00e1logo.","og_url":"https:\/\/envasadoxiomara.com\/de\/tienda\/drogerie-und-reinigung\/lufterfrischer\/spruhpistole\/nachfullspray-automatik-tropengarten-250-ml\/","og_site_name":"Envasados Xiomara","og_image":[{"width":917,"height":1126,"url":"https:\/\/envasadoxiomara.com\/wp-content\/uploads\/2020\/06\/6443-5_QR.png","type":"image\/png"}],"twitter_card":"summary_large_image","schema":{"@context":"https:\/\/schema.org","@graph":[{"@type":"WebPage","@id":"https:\/\/envasadoxiomara.com\/de\/tienda\/drogerie-und-reinigung\/lufterfrischer\/spruhpistole\/nachfullspray-automatik-tropengarten-250-ml\/","url":"https:\/\/envasadoxiomara.com\/de\/tienda\/drogerie-und-reinigung\/lufterfrischer\/spruhpistole\/nachfullspray-automatik-tropengarten-250-ml\/","name":"NACHF\u00dcLLSPRAY AUTOMATIK TROPENGARTEN 250 ML | Envasados Xiomara","isPartOf":{"@id":"https:\/\/envasadoxiomara.com\/#website"},"primaryImageOfPage":{"@id":"https:\/\/envasadoxiomara.com\/de\/tienda\/drogerie-und-reinigung\/lufterfrischer\/spruhpistole\/nachfullspray-automatik-tropengarten-250-ml\/#primaryimage"},"image":{"@id":"https:\/\/envasadoxiomara.com\/de\/tienda\/drogerie-und-reinigung\/lufterfrischer\/spruhpistole\/nachfullspray-automatik-tropengarten-250-ml\/#primaryimage"},"thumbnailUrl":"https:\/\/envasadoxiomara.com\/wp-content\/uploads\/2020\/06\/6443-5_QR.png","datePublished":"2020-06-19T09:42:34+00:00","description":"NACHF\u00dcLLSPRAY AUTOMATIK TROPENGARTEN 250 ML Descubre nuestro amplio cat\u00e1logo.","breadcrumb":{"@id":"https:\/\/envasadoxiomara.com\/de\/tienda\/drogerie-und-reinigung\/lufterfrischer\/spruhpistole\/nachfullspray-automatik-tropengarten-250-ml\/#breadcrumb"},"inLanguage":"de-DE","potentialAction":[{"@type":"ReadAction","target":["https:\/\/envasadoxiomara.com\/de\/tienda\/drogerie-und-reinigung\/lufterfrischer\/spruhpistole\/nachfullspray-automatik-tropengarten-250-ml\/"]}]},{"@type":"ImageObject","inLanguage":"de-DE","@id":"https:\/\/envasadoxiomara.com\/de\/tienda\/drogerie-und-reinigung\/lufterfrischer\/spruhpistole\/nachfullspray-automatik-tropengarten-250-ml\/#primaryimage","url":"https:\/\/envasadoxiomara.com\/wp-content\/uploads\/2020\/06\/6443-5_QR.png","contentUrl":"https:\/\/envasadoxiomara.com\/wp-content\/uploads\/2020\/06\/6443-5_QR.png","width":917,"height":1126},{"@type":"BreadcrumbList","@id":"https:\/\/envasadoxiomara.com\/de\/tienda\/drogerie-und-reinigung\/lufterfrischer\/spruhpistole\/nachfullspray-automatik-tropengarten-250-ml\/#breadcrumb","itemListElement":[{"@type":"ListItem","position":1,"name":"Portada","item":"https:\/\/envasadoxiomara.com\/de\/aerosolhersteller-in-spanien\/"},{"@type":"ListItem","position":2,"name":"Tienda","item":"https:\/\/envasadoxiomara.com\/tienda\/"},{"@type":"ListItem","position":3,"name":"NACHF\u00dcLLSPRAY AUTOMATIK TROPENGARTEN 250 ML"}]},{"@type":"WebSite","@id":"https:\/\/envasadoxiomara.com\/#website","url":"https:\/\/envasadoxiomara.com\/","name":"Envasados Xiomara","description":"","publisher":{"@id":"https:\/\/envasadoxiomara.com\/#organization"},"alternateName":"F\u00e1brica de aerosoles","potentialAction":[{"@type":"SearchAction","target":{"@type":"EntryPoint","urlTemplate":"https:\/\/envasadoxiomara.com\/?s={search_term_string}"},"query-input":{"@type":"PropertyValueSpecification","valueRequired":true,"valueName":"search_term_string"}}],"inLanguage":"de-DE"},{"@type":"Organization","@id":"https:\/\/envasadoxiomara.com\/#organization","name":"Envasado Xiomara","url":"https:\/\/envasadoxiomara.com\/","logo":{"@type":"ImageObject","inLanguage":"de-DE","@id":"https:\/\/envasadoxiomara.com\/#\/schema\/logo\/image\/","url":"https:\/\/envasadoxiomara.com\/wp-content\/uploads\/2017\/04\/logo-empresa-aerosoles-xiomara.jpg","contentUrl":"https:\/\/envasadoxiomara.com\/wp-content\/uploads\/2017\/04\/logo-empresa-aerosoles-xiomara.jpg","width":434,"height":198,"caption":"Envasado Xiomara"},"image":{"@id":"https:\/\/envasadoxiomara.com\/#\/schema\/logo\/image\/"}}]}},"brands":[{"id":410,"name":"Aire fresco","slug":"aire-fresco-de"}],"_links":{"self":[{"href":"https:\/\/envasadoxiomara.com\/de\/wp-json\/wp\/v2\/product\/11510","targetHints":{"allow":["GET"]}}],"collection":[{"href":"https:\/\/envasadoxiomara.com\/de\/wp-json\/wp\/v2\/product"}],"about":[{"href":"https:\/\/envasadoxiomara.com\/de\/wp-json\/wp\/v2\/types\/product"}],"replies":[{"embeddable":true,"href":"https:\/\/envasadoxiomara.com\/de\/wp-json\/wp\/v2\/comments?post=11510"}],"wp:featuredmedia":[{"embeddable":true,"href":"https:\/\/envasadoxiomara.com\/de\/wp-json\/wp\/v2\/media\/30616"}],"wp:attachment":[{"href":"https:\/\/envasadoxiomara.com\/de\/wp-json\/wp\/v2\/media?parent=11510"}],"wp:term":[{"taxonomy":"pwb-brand","embeddable":true,"href":"https:\/\/envasadoxiomara.com\/de\/wp-json\/wp\/v2\/pwb-brand?post=11510"},{"taxonomy":"product_brand","embeddable":true,"href":"https:\/\/envasadoxiomara.com\/de\/wp-json\/wp\/v2\/product_brand?post=11510"},{"taxonomy":"product_cat","embeddable":true,"href":"https:\/\/envasadoxiomara.com\/de\/wp-json\/wp\/v2\/product_cat?post=11510"},{"taxonomy":"product_tag","embeddable":true,"href":"https:\/\/envasadoxiomara.com\/de\/wp-json\/wp\/v2\/product_tag?post=11510"}],"curies":[{"name":"wp","href":"https:\/\/api.w.org\/{rel}","templated":true}]}}