{"id":15803,"date":"2020-06-19T09:45:33","date_gmt":"2020-06-19T09:45:33","guid":{"rendered":"https:\/\/envasadoxiomara.com\/tienda\/unkategorisiert\/schminkstift-leuchtendes-orange-14-g\/"},"modified":"2020-06-19T09:45:33","modified_gmt":"2020-06-19T09:45:33","slug":"schminkstift-leuchtendes-orange-14-g","status":"publish","type":"product","link":"https:\/\/envasadoxiomara.com\/de\/tienda\/party-de-2\/unteroffizier\/schminkstift-leuchtendes-orange-14-g\/","title":{"rendered":"SCHMINKSTIFT LEUCHTENDES ORANGE 14 g"},"content":{"rendered":"<p>Der Schminkstift \u201eLa Fiesta\u201c bietet Schminke im kompakten Stiftformat, die beim Auftragen auf die Haut eine hohe Deckkraft mit einem gl\u00e4nzenden Finish gew\u00e4hrleistet. Mit diesem Produkt lassen sich gro\u00dfe K\u00f6rperfl\u00e4chen leicht schminken.<\/p>\n<h6>Anwendung<\/h6>\n<p>Direkt auf die Haut auftragen. Zum Entfernen lauwarmes Wasser und Seife oder einen Make-up-Entferner verwenden.<\/p>\n","protected":false},"excerpt":{"rendered":"<p>Der Schminkstift \u201eLa Fiesta\u201c bietet Schminke im kompakten Stiftformat, die beim Auftragen auf die Haut eine hohe Deckkraft mit einem gl\u00e4nzenden Finish gew\u00e4hrleistet. Mit diesem Produkt<span class=\"excerpt-hellip\"> [\u2026]<\/span><\/p>\n","protected":false},"featured_media":12043,"comment_status":"open","ping_status":"closed","template":"","meta":[],"pwb-brand":[404],"product_brand":[],"product_cat":[257,276,258],"product_tag":[],"class_list":{"0":"post-15803","1":"product","2":"type-product","3":"status-publish","4":"has-post-thumbnail","6":"pwb-brand-la-fiesta-de","7":"product_cat-make-up-riegel","8":"product_cat-party-de-2","9":"product_cat-unteroffizier","11":"first","12":"instock","13":"product-type-simple"},"yoast_head":"<!-- This site is optimized with the Yoast SEO plugin v25.2 - https:\/\/yoast.com\/wordpress\/plugins\/seo\/ -->\n<title>SCHMINKSTIFT LEUCHTENDES ORANGE 14 g | Envasados Xiomara<\/title>\n<meta name=\"description\" content=\"SCHMINKSTIFT LEUCHTENDES ORANGE 14 g Descubre nuestro amplio cat\u00e1logo.\" \/>\n<meta name=\"robots\" content=\"index, follow, max-snippet:-1, max-image-preview:large, max-video-preview:-1\" \/>\n<link rel=\"canonical\" href=\"https:\/\/envasadoxiomara.com\/de\/tienda\/party-de-2\/unteroffizier\/schminkstift-leuchtendes-orange-14-g\/\" \/>\n<meta property=\"og:locale\" content=\"de_DE\" \/>\n<meta property=\"og:type\" content=\"article\" \/>\n<meta property=\"og:title\" content=\"SCHMINKSTIFT LEUCHTENDES ORANGE 14 g | Envasados Xiomara\" \/>\n<meta property=\"og:description\" content=\"SCHMINKSTIFT LEUCHTENDES ORANGE 14 g Descubre nuestro amplio cat\u00e1logo.\" \/>\n<meta property=\"og:url\" content=\"https:\/\/envasadoxiomara.com\/de\/tienda\/party-de-2\/unteroffizier\/schminkstift-leuchtendes-orange-14-g\/\" \/>\n<meta property=\"og:site_name\" content=\"Envasados Xiomara\" \/>\n<meta property=\"og:image\" content=\"https:\/\/envasadoxiomara.com\/wp-content\/uploads\/2020\/06\/6674.png\" \/>\n\t<meta property=\"og:image:width\" content=\"600\" \/>\n\t<meta property=\"og:image:height\" content=\"600\" \/>\n\t<meta property=\"og:image:type\" content=\"image\/png\" \/>\n<meta name=\"twitter:card\" content=\"summary_large_image\" \/>\n<script type=\"application\/ld+json\" class=\"yoast-schema-graph\">{\"@context\":\"https:\/\/schema.org\",\"@graph\":[{\"@type\":\"WebPage\",\"@id\":\"https:\/\/envasadoxiomara.com\/de\/tienda\/party-de-2\/unteroffizier\/schminkstift-leuchtendes-orange-14-g\/\",\"url\":\"https:\/\/envasadoxiomara.com\/de\/tienda\/party-de-2\/unteroffizier\/schminkstift-leuchtendes-orange-14-g\/\",\"name\":\"SCHMINKSTIFT LEUCHTENDES ORANGE 14 g | Envasados Xiomara\",\"isPartOf\":{\"@id\":\"https:\/\/envasadoxiomara.com\/#website\"},\"primaryImageOfPage\":{\"@id\":\"https:\/\/envasadoxiomara.com\/de\/tienda\/party-de-2\/unteroffizier\/schminkstift-leuchtendes-orange-14-g\/#primaryimage\"},\"image\":{\"@id\":\"https:\/\/envasadoxiomara.com\/de\/tienda\/party-de-2\/unteroffizier\/schminkstift-leuchtendes-orange-14-g\/#primaryimage\"},\"thumbnailUrl\":\"https:\/\/envasadoxiomara.com\/wp-content\/uploads\/2020\/06\/6674.png\",\"datePublished\":\"2020-06-19T09:45:33+00:00\",\"description\":\"SCHMINKSTIFT LEUCHTENDES ORANGE 14 g Descubre nuestro amplio cat\u00e1logo.\",\"breadcrumb\":{\"@id\":\"https:\/\/envasadoxiomara.com\/de\/tienda\/party-de-2\/unteroffizier\/schminkstift-leuchtendes-orange-14-g\/#breadcrumb\"},\"inLanguage\":\"de-DE\",\"potentialAction\":[{\"@type\":\"ReadAction\",\"target\":[\"https:\/\/envasadoxiomara.com\/de\/tienda\/party-de-2\/unteroffizier\/schminkstift-leuchtendes-orange-14-g\/\"]}]},{\"@type\":\"ImageObject\",\"inLanguage\":\"de-DE\",\"@id\":\"https:\/\/envasadoxiomara.com\/de\/tienda\/party-de-2\/unteroffizier\/schminkstift-leuchtendes-orange-14-g\/#primaryimage\",\"url\":\"https:\/\/envasadoxiomara.com\/wp-content\/uploads\/2020\/06\/6674.png\",\"contentUrl\":\"https:\/\/envasadoxiomara.com\/wp-content\/uploads\/2020\/06\/6674.png\",\"width\":600,\"height\":600,\"caption\":\"barra maquillaje fluorescente naranja\"},{\"@type\":\"BreadcrumbList\",\"@id\":\"https:\/\/envasadoxiomara.com\/de\/tienda\/party-de-2\/unteroffizier\/schminkstift-leuchtendes-orange-14-g\/#breadcrumb\",\"itemListElement\":[{\"@type\":\"ListItem\",\"position\":1,\"name\":\"Portada\",\"item\":\"https:\/\/envasadoxiomara.com\/de\/aerosolhersteller-in-spanien\/\"},{\"@type\":\"ListItem\",\"position\":2,\"name\":\"Tienda\",\"item\":\"https:\/\/envasadoxiomara.com\/tienda\/\"},{\"@type\":\"ListItem\",\"position\":3,\"name\":\"SCHMINKSTIFT LEUCHTENDES ORANGE 14 g\"}]},{\"@type\":\"WebSite\",\"@id\":\"https:\/\/envasadoxiomara.com\/#website\",\"url\":\"https:\/\/envasadoxiomara.com\/\",\"name\":\"Envasados Xiomara\",\"description\":\"\",\"publisher\":{\"@id\":\"https:\/\/envasadoxiomara.com\/#organization\"},\"alternateName\":\"F\u00e1brica de aerosoles\",\"potentialAction\":[{\"@type\":\"SearchAction\",\"target\":{\"@type\":\"EntryPoint\",\"urlTemplate\":\"https:\/\/envasadoxiomara.com\/?s={search_term_string}\"},\"query-input\":{\"@type\":\"PropertyValueSpecification\",\"valueRequired\":true,\"valueName\":\"search_term_string\"}}],\"inLanguage\":\"de-DE\"},{\"@type\":\"Organization\",\"@id\":\"https:\/\/envasadoxiomara.com\/#organization\",\"name\":\"Envasado Xiomara\",\"url\":\"https:\/\/envasadoxiomara.com\/\",\"logo\":{\"@type\":\"ImageObject\",\"inLanguage\":\"de-DE\",\"@id\":\"https:\/\/envasadoxiomara.com\/#\/schema\/logo\/image\/\",\"url\":\"https:\/\/envasadoxiomara.com\/wp-content\/uploads\/2017\/04\/logo-empresa-aerosoles-xiomara.jpg\",\"contentUrl\":\"https:\/\/envasadoxiomara.com\/wp-content\/uploads\/2017\/04\/logo-empresa-aerosoles-xiomara.jpg\",\"width\":434,\"height\":198,\"caption\":\"Envasado Xiomara\"},\"image\":{\"@id\":\"https:\/\/envasadoxiomara.com\/#\/schema\/logo\/image\/\"}}]}<\/script>\n<!-- \/ Yoast SEO plugin. -->","yoast_head_json":{"title":"SCHMINKSTIFT LEUCHTENDES ORANGE 14 g | Envasados Xiomara","description":"SCHMINKSTIFT LEUCHTENDES ORANGE 14 g Descubre nuestro amplio cat\u00e1logo.","robots":{"index":"index","follow":"follow","max-snippet":"max-snippet:-1","max-image-preview":"max-image-preview:large","max-video-preview":"max-video-preview:-1"},"canonical":"https:\/\/envasadoxiomara.com\/de\/tienda\/party-de-2\/unteroffizier\/schminkstift-leuchtendes-orange-14-g\/","og_locale":"de_DE","og_type":"article","og_title":"SCHMINKSTIFT LEUCHTENDES ORANGE 14 g | Envasados Xiomara","og_description":"SCHMINKSTIFT LEUCHTENDES ORANGE 14 g Descubre nuestro amplio cat\u00e1logo.","og_url":"https:\/\/envasadoxiomara.com\/de\/tienda\/party-de-2\/unteroffizier\/schminkstift-leuchtendes-orange-14-g\/","og_site_name":"Envasados Xiomara","og_image":[{"width":600,"height":600,"url":"https:\/\/envasadoxiomara.com\/wp-content\/uploads\/2020\/06\/6674.png","type":"image\/png"}],"twitter_card":"summary_large_image","schema":{"@context":"https:\/\/schema.org","@graph":[{"@type":"WebPage","@id":"https:\/\/envasadoxiomara.com\/de\/tienda\/party-de-2\/unteroffizier\/schminkstift-leuchtendes-orange-14-g\/","url":"https:\/\/envasadoxiomara.com\/de\/tienda\/party-de-2\/unteroffizier\/schminkstift-leuchtendes-orange-14-g\/","name":"SCHMINKSTIFT LEUCHTENDES ORANGE 14 g | Envasados Xiomara","isPartOf":{"@id":"https:\/\/envasadoxiomara.com\/#website"},"primaryImageOfPage":{"@id":"https:\/\/envasadoxiomara.com\/de\/tienda\/party-de-2\/unteroffizier\/schminkstift-leuchtendes-orange-14-g\/#primaryimage"},"image":{"@id":"https:\/\/envasadoxiomara.com\/de\/tienda\/party-de-2\/unteroffizier\/schminkstift-leuchtendes-orange-14-g\/#primaryimage"},"thumbnailUrl":"https:\/\/envasadoxiomara.com\/wp-content\/uploads\/2020\/06\/6674.png","datePublished":"2020-06-19T09:45:33+00:00","description":"SCHMINKSTIFT LEUCHTENDES ORANGE 14 g Descubre nuestro amplio cat\u00e1logo.","breadcrumb":{"@id":"https:\/\/envasadoxiomara.com\/de\/tienda\/party-de-2\/unteroffizier\/schminkstift-leuchtendes-orange-14-g\/#breadcrumb"},"inLanguage":"de-DE","potentialAction":[{"@type":"ReadAction","target":["https:\/\/envasadoxiomara.com\/de\/tienda\/party-de-2\/unteroffizier\/schminkstift-leuchtendes-orange-14-g\/"]}]},{"@type":"ImageObject","inLanguage":"de-DE","@id":"https:\/\/envasadoxiomara.com\/de\/tienda\/party-de-2\/unteroffizier\/schminkstift-leuchtendes-orange-14-g\/#primaryimage","url":"https:\/\/envasadoxiomara.com\/wp-content\/uploads\/2020\/06\/6674.png","contentUrl":"https:\/\/envasadoxiomara.com\/wp-content\/uploads\/2020\/06\/6674.png","width":600,"height":600,"caption":"barra maquillaje fluorescente naranja"},{"@type":"BreadcrumbList","@id":"https:\/\/envasadoxiomara.com\/de\/tienda\/party-de-2\/unteroffizier\/schminkstift-leuchtendes-orange-14-g\/#breadcrumb","itemListElement":[{"@type":"ListItem","position":1,"name":"Portada","item":"https:\/\/envasadoxiomara.com\/de\/aerosolhersteller-in-spanien\/"},{"@type":"ListItem","position":2,"name":"Tienda","item":"https:\/\/envasadoxiomara.com\/tienda\/"},{"@type":"ListItem","position":3,"name":"SCHMINKSTIFT LEUCHTENDES ORANGE 14 g"}]},{"@type":"WebSite","@id":"https:\/\/envasadoxiomara.com\/#website","url":"https:\/\/envasadoxiomara.com\/","name":"Envasados Xiomara","description":"","publisher":{"@id":"https:\/\/envasadoxiomara.com\/#organization"},"alternateName":"F\u00e1brica de aerosoles","potentialAction":[{"@type":"SearchAction","target":{"@type":"EntryPoint","urlTemplate":"https:\/\/envasadoxiomara.com\/?s={search_term_string}"},"query-input":{"@type":"PropertyValueSpecification","valueRequired":true,"valueName":"search_term_string"}}],"inLanguage":"de-DE"},{"@type":"Organization","@id":"https:\/\/envasadoxiomara.com\/#organization","name":"Envasado Xiomara","url":"https:\/\/envasadoxiomara.com\/","logo":{"@type":"ImageObject","inLanguage":"de-DE","@id":"https:\/\/envasadoxiomara.com\/#\/schema\/logo\/image\/","url":"https:\/\/envasadoxiomara.com\/wp-content\/uploads\/2017\/04\/logo-empresa-aerosoles-xiomara.jpg","contentUrl":"https:\/\/envasadoxiomara.com\/wp-content\/uploads\/2017\/04\/logo-empresa-aerosoles-xiomara.jpg","width":434,"height":198,"caption":"Envasado Xiomara"},"image":{"@id":"https:\/\/envasadoxiomara.com\/#\/schema\/logo\/image\/"}}]}},"brands":[{"id":404,"name":"La fiesta","slug":"la-fiesta-de"}],"_links":{"self":[{"href":"https:\/\/envasadoxiomara.com\/de\/wp-json\/wp\/v2\/product\/15803","targetHints":{"allow":["GET"]}}],"collection":[{"href":"https:\/\/envasadoxiomara.com\/de\/wp-json\/wp\/v2\/product"}],"about":[{"href":"https:\/\/envasadoxiomara.com\/de\/wp-json\/wp\/v2\/types\/product"}],"replies":[{"embeddable":true,"href":"https:\/\/envasadoxiomara.com\/de\/wp-json\/wp\/v2\/comments?post=15803"}],"wp:featuredmedia":[{"embeddable":true,"href":"https:\/\/envasadoxiomara.com\/de\/wp-json\/wp\/v2\/media\/12043"}],"wp:attachment":[{"href":"https:\/\/envasadoxiomara.com\/de\/wp-json\/wp\/v2\/media?parent=15803"}],"wp:term":[{"taxonomy":"pwb-brand","embeddable":true,"href":"https:\/\/envasadoxiomara.com\/de\/wp-json\/wp\/v2\/pwb-brand?post=15803"},{"taxonomy":"product_brand","embeddable":true,"href":"https:\/\/envasadoxiomara.com\/de\/wp-json\/wp\/v2\/product_brand?post=15803"},{"taxonomy":"product_cat","embeddable":true,"href":"https:\/\/envasadoxiomara.com\/de\/wp-json\/wp\/v2\/product_cat?post=15803"},{"taxonomy":"product_tag","embeddable":true,"href":"https:\/\/envasadoxiomara.com\/de\/wp-json\/wp\/v2\/product_tag?post=15803"}],"curies":[{"name":"wp","href":"https:\/\/api.w.org\/{rel}","templated":true}]}}