{"id":32370,"date":"2023-05-18T13:48:26","date_gmt":"2023-05-18T13:48:26","guid":{"rendered":"https:\/\/envasadoxiomara.com\/politique-de-qualite\/"},"modified":"2024-09-06T09:06:43","modified_gmt":"2024-09-06T09:06:43","slug":"politique-de-qualite","status":"publish","type":"page","link":"https:\/\/envasadoxiomara.com\/fr\/politique-de-qualite\/","title":{"rendered":"Politique de qualit\u00e9"},"content":{"rendered":"<div class=\"wpb-content-wrapper\"><p>[vc_row full_width=&#8221;stretch_row_content_no_spaces&#8221; css=&#8221;.vc_custom_1594106560376{background-color: #f2f2f2 !important;}&#8221;][vc_column][vc_empty_space height=&#8221;16px&#8221;][vc_custom_heading text=&#8221;Politique de qualit\u00e9&#8221; font_container=&#8221;tag:h1|text_align:center|color:%23ed3724&#8243; use_theme_fonts=&#8221;yes&#8221; css=&#8221;.vc_custom_1684749112150{background-color: #f2f2f2 !important;}&#8221;][vc_empty_space height=&#8221;16px&#8221;][\/vc_column][\/vc_row][vc_row][vc_column][vc_column_text]Le Conseil d&#8217;administration du Groupe Romar Global Care (RGC), compos\u00e9 de la soci\u00e9t\u00e9 QUIMI ROMAR, S.L., de la soci\u00e9t\u00e9 AGRADO COSMETICS CARE 3000 S.L. et de la soci\u00e9t\u00e9 ENVASADO XIOMARA S.L., maintient un Syst\u00e8me de Gestion de la Qualit\u00e9 (SGQ) fond\u00e9 sur la Politique de Qualit\u00e9 de l&#8217;entreprise qui prend en compte le contexte social, \u00e9conomique et environnemental, ainsi que les parties prenantes li\u00e9es \u00e0 notre activit\u00e9 (environnement, travailleurs, concurrence&#8230;) et g\u00e9n\u00e8re la confiance, tant de nos clients qu&#8217;en interne, que l&#8217;entreprise a la capacit\u00e9 de concevoir et de fournir des produits conformes qui r\u00e9pondent \u00e0 la satisfaction des clients, en \u00e9largissant les march\u00e9s de l&#8217;entreprise.<\/p>\n<p>Le Conseil d&#8217;administration du Groupe RGC, en tant qu&#8217;autorit\u00e9 supr\u00eame responsable de l&#8217;application de la Politique de Qualit\u00e9, s&#8217;engage \u00e0 soutenir la mise en \u0153uvre et le maintien du Syst\u00e8me de Gestion de la Qualit\u00e9 afin d&#8217;assurer l&#8217;am\u00e9lioration continue, et \u00e0 se conformer et faire respecter \u00e0 tous les niveaux de l&#8217;entreprise les responsabilit\u00e9s et activit\u00e9s assign\u00e9es dans la documentation du SGQ.<\/p>\n<p>La direction de l&#8217;entreprise, \u00e0 travers son pr\u00e9sident, assume la responsabilit\u00e9 du respect des Bonnes Pratiques de Fabrication (BPF-GMP Good Manufacturing Practices) et s&#8217;engage \u00e0 fournir tous les moyens \u00e0 sa disposition pour atteindre ces objectifs; cela n\u00e9cessite la participation et l&#8217;engagement de tout le personnel de l&#8217;entreprise ainsi que du personnel visiteur.<\/p>\n<p>La Politique de Qualit\u00e9 du Groupe RGC est bas\u00e9e sur :<\/p>\n<ul>\n<li>Concevoir, \u00e9tablir et maintenir un Syst\u00e8me de Qualit\u00e9 adapt\u00e9 \u00e0 nos activit\u00e9s et \u00e0 la nature des produits d&#8217;hygi\u00e8ne personnelle, de nettoyage et d&#8217;insecticides, en particulier dans les lignes de cosm\u00e9tiques qui r\u00e9pondent aux besoins et attentes des clients, avec la meilleure technologie possible.<\/li>\n<li>Se conformer aux exigences l\u00e9gislatives et r\u00e9glementaires applicables.<\/li>\n<li>S&#8217;assurer que les fournisseurs de mati\u00e8res premi\u00e8res r\u00e9pondent aux attentes de qualit\u00e9, de prix et de service.<\/li>\n<li>Fournir les produits \u00e0 des prix comp\u00e9titifs et dans un d\u00e9lai appropri\u00e9, atteignant et maintenant une r\u00e9putation de qualit\u00e9 avec un bon service et un bon prix.<\/li>\n<li>Favoriser un esprit innovant soutenu par un plan de formation continue.<\/li>\n<li>D\u00e9fense du produit : Pr\u00e9vention de l&#8217;adult\u00e9ration intentionnelle.<\/li>\n<\/ul>\n<p>L&#8217;objectif final du Groupe RGC est d&#8217;obtenir une place importante sur le march\u00e9 et que nos clients b\u00e9n\u00e9ficient des am\u00e9liorations obtenues gr\u00e2ce \u00e0 la bonne application du Syst\u00e8me de Gestion de la Qualit\u00e9 et au respect des BPF. De m\u00eame, il s&#8217;engage \u00e0 informer ses clients d\u00e8s que possible de tout probl\u00e8me li\u00e9 \u00e0 la s\u00e9curit\u00e9 ou \u00e0 la l\u00e9galit\u00e9 du produit, y compris les \u00e9carts et non-conformit\u00e9s identifi\u00e9s par les autorit\u00e9s comp\u00e9tentes.<\/p>\n<p>Les diff\u00e9rents risques physiques, chimiques et microbiologiques ont \u00e9t\u00e9 pris en compte dans l&#8217;\u00e9tude HACCP, ainsi que tous les aspects de s\u00e9curit\u00e9 des produits. De cette mani\u00e8re, le Groupe RGC garantit la s\u00e9curit\u00e9 et l&#8217;innocuit\u00e9 de ses produits mis sur le march\u00e9, en se dotant des moyens techniques et humains pour assurer l&#8217;aptitude sanitaire de ses produits et des exigences sp\u00e9cifi\u00e9es par les clients et les consommateurs. \u00c0 cet \u00e9gard, les moyens n\u00e9cessaires seront mis en \u0153uvre pour r\u00e9pondre \u00e0 tout aspect requis par la r\u00e9glementation et les clients, contribuant ainsi \u00e0 l&#8217;am\u00e9lioration continue de l&#8217;entreprise et de ses produits et services offerts. L&#8217;objectif est que l&#8217;am\u00e9lioration des processus et leur gestion soient durables et respectueuses de l&#8217;environnement et du c[\/vc_column_text][\/vc_column][\/vc_row]<\/p>\n<\/div>","protected":false},"excerpt":{"rendered":"<p>[vc_row full_width=&#8221;stretch_row_content_no_spaces&#8221; css=&#8221;.vc_custom_1594106560376{background-color: #f2f2f2 !important;}&#8221;][vc_column][vc_empty_space height=&#8221;16px&#8221;][vc_custom_heading text=&#8221;Politique de qualit\u00e9&#8221; font_container=&#8221;tag:h1|text_align:center|color:%23ed3724&#8243; use_theme_fonts=&#8221;yes&#8221; css=&#8221;.vc_custom_1684749112150{background-color: #f2f2f2 !important;}&#8221;][vc_empty_space height=&#8221;16px&#8221;][\/vc_column][\/vc_row][vc_row][vc_column][vc_column_text]Le Conseil d&#8217;administration du Groupe Romar Global Care (RGC), compos\u00e9 de la<span class=\"excerpt-hellip\"> [\u2026]<\/span><\/p>\n","protected":false},"author":5,"featured_media":0,"parent":0,"menu_order":0,"comment_status":"closed","ping_status":"closed","template":"","meta":{"footnotes":""},"class_list":["post-32370","page","type-page","status-publish","hentry"],"yoast_head":"<!-- This site is optimized with the Yoast SEO plugin v25.2 - https:\/\/yoast.com\/wordpress\/plugins\/seo\/ -->\n<title>Politique de qualit\u00e9 | Envasados Xiomara<\/title>\n<meta name=\"description\" content=\"Politique de qualit\u00e9 | Envasados Xiomara\" \/>\n<meta name=\"robots\" content=\"noindex, nofollow\" \/>\n<meta property=\"og:locale\" content=\"fr_FR\" \/>\n<meta property=\"og:type\" content=\"article\" \/>\n<meta property=\"og:title\" content=\"Politique de qualit\u00e9 | Envasados Xiomara\" \/>\n<meta property=\"og:description\" content=\"Politique de qualit\u00e9 | Envasados Xiomara\" \/>\n<meta property=\"og:url\" content=\"https:\/\/envasadoxiomara.com\/politicas-de-calidad\/\" \/>\n<meta property=\"og:site_name\" content=\"Envasados Xiomara\" \/>\n<meta property=\"article:modified_time\" content=\"2024-09-06T09:06:43+00:00\" \/>\n<meta property=\"og:image\" content=\"https:\/\/envasadoxiomara.com\/wp-content\/uploads\/2017\/04\/logo-empresa-aerosoles-xiomara.jpg\" \/>\n\t<meta property=\"og:image:width\" content=\"434\" \/>\n\t<meta property=\"og:image:height\" content=\"198\" \/>\n\t<meta property=\"og:image:type\" content=\"image\/jpeg\" \/>\n<meta name=\"twitter:card\" content=\"summary_large_image\" \/>\n<meta name=\"twitter:label1\" content=\"Est. reading time\" \/>\n\t<meta name=\"twitter:data1\" content=\"3 minutes\" \/>\n<script type=\"application\/ld+json\" class=\"yoast-schema-graph\">{\"@context\":\"https:\/\/schema.org\",\"@graph\":[{\"@type\":\"WebPage\",\"@id\":\"https:\/\/envasadoxiomara.com\/politicas-de-calidad\/\",\"url\":\"https:\/\/envasadoxiomara.com\/politicas-de-calidad\/\",\"name\":\"Politique de qualit\u00e9 | Envasados Xiomara\",\"isPartOf\":{\"@id\":\"https:\/\/envasadoxiomara.com\/#website\"},\"datePublished\":\"2023-05-18T13:48:26+00:00\",\"dateModified\":\"2024-09-06T09:06:43+00:00\",\"description\":\"Politique de qualit\u00e9 | Envasados Xiomara\",\"breadcrumb\":{\"@id\":\"https:\/\/envasadoxiomara.com\/politicas-de-calidad\/#breadcrumb\"},\"inLanguage\":\"fr-FR\",\"potentialAction\":[{\"@type\":\"ReadAction\",\"target\":[\"https:\/\/envasadoxiomara.com\/politicas-de-calidad\/\"]}]},{\"@type\":\"BreadcrumbList\",\"@id\":\"https:\/\/envasadoxiomara.com\/politicas-de-calidad\/#breadcrumb\",\"itemListElement\":[{\"@type\":\"ListItem\",\"position\":1,\"name\":\"Portada\",\"item\":\"https:\/\/envasadoxiomara.com\/fr\/fabricant-daerosols-en-espagne\/\"},{\"@type\":\"ListItem\",\"position\":2,\"name\":\"Politique de qualit\u00e9\"}]},{\"@type\":\"WebSite\",\"@id\":\"https:\/\/envasadoxiomara.com\/#website\",\"url\":\"https:\/\/envasadoxiomara.com\/\",\"name\":\"Envasados Xiomara\",\"description\":\"\",\"publisher\":{\"@id\":\"https:\/\/envasadoxiomara.com\/#organization\"},\"alternateName\":\"F\u00e1brica de aerosoles\",\"potentialAction\":[{\"@type\":\"SearchAction\",\"target\":{\"@type\":\"EntryPoint\",\"urlTemplate\":\"https:\/\/envasadoxiomara.com\/?s={search_term_string}\"},\"query-input\":{\"@type\":\"PropertyValueSpecification\",\"valueRequired\":true,\"valueName\":\"search_term_string\"}}],\"inLanguage\":\"fr-FR\"},{\"@type\":\"Organization\",\"@id\":\"https:\/\/envasadoxiomara.com\/#organization\",\"name\":\"Envasado Xiomara\",\"url\":\"https:\/\/envasadoxiomara.com\/\",\"logo\":{\"@type\":\"ImageObject\",\"inLanguage\":\"fr-FR\",\"@id\":\"https:\/\/envasadoxiomara.com\/#\/schema\/logo\/image\/\",\"url\":\"https:\/\/envasadoxiomara.com\/wp-content\/uploads\/2017\/04\/logo-empresa-aerosoles-xiomara.jpg\",\"contentUrl\":\"https:\/\/envasadoxiomara.com\/wp-content\/uploads\/2017\/04\/logo-empresa-aerosoles-xiomara.jpg\",\"width\":434,\"height\":198,\"caption\":\"Envasado Xiomara\"},\"image\":{\"@id\":\"https:\/\/envasadoxiomara.com\/#\/schema\/logo\/image\/\"}}]}<\/script>\n<!-- \/ Yoast SEO plugin. -->","yoast_head_json":{"title":"Politique de qualit\u00e9 | Envasados Xiomara","description":"Politique de qualit\u00e9 | Envasados Xiomara","robots":{"index":"noindex","follow":"nofollow"},"og_locale":"fr_FR","og_type":"article","og_title":"Politique de qualit\u00e9 | Envasados Xiomara","og_description":"Politique de qualit\u00e9 | Envasados Xiomara","og_url":"https:\/\/envasadoxiomara.com\/politicas-de-calidad\/","og_site_name":"Envasados Xiomara","article_modified_time":"2024-09-06T09:06:43+00:00","og_image":[{"width":434,"height":198,"url":"https:\/\/envasadoxiomara.com\/wp-content\/uploads\/2017\/04\/logo-empresa-aerosoles-xiomara.jpg","type":"image\/jpeg"}],"twitter_card":"summary_large_image","twitter_misc":{"Est. reading time":"3 minutes"},"schema":{"@context":"https:\/\/schema.org","@graph":[{"@type":"WebPage","@id":"https:\/\/envasadoxiomara.com\/politicas-de-calidad\/","url":"https:\/\/envasadoxiomara.com\/politicas-de-calidad\/","name":"Politique de qualit\u00e9 | Envasados Xiomara","isPartOf":{"@id":"https:\/\/envasadoxiomara.com\/#website"},"datePublished":"2023-05-18T13:48:26+00:00","dateModified":"2024-09-06T09:06:43+00:00","description":"Politique de qualit\u00e9 | Envasados Xiomara","breadcrumb":{"@id":"https:\/\/envasadoxiomara.com\/politicas-de-calidad\/#breadcrumb"},"inLanguage":"fr-FR","potentialAction":[{"@type":"ReadAction","target":["https:\/\/envasadoxiomara.com\/politicas-de-calidad\/"]}]},{"@type":"BreadcrumbList","@id":"https:\/\/envasadoxiomara.com\/politicas-de-calidad\/#breadcrumb","itemListElement":[{"@type":"ListItem","position":1,"name":"Portada","item":"https:\/\/envasadoxiomara.com\/fr\/fabricant-daerosols-en-espagne\/"},{"@type":"ListItem","position":2,"name":"Politique de qualit\u00e9"}]},{"@type":"WebSite","@id":"https:\/\/envasadoxiomara.com\/#website","url":"https:\/\/envasadoxiomara.com\/","name":"Envasados Xiomara","description":"","publisher":{"@id":"https:\/\/envasadoxiomara.com\/#organization"},"alternateName":"F\u00e1brica de aerosoles","potentialAction":[{"@type":"SearchAction","target":{"@type":"EntryPoint","urlTemplate":"https:\/\/envasadoxiomara.com\/?s={search_term_string}"},"query-input":{"@type":"PropertyValueSpecification","valueRequired":true,"valueName":"search_term_string"}}],"inLanguage":"fr-FR"},{"@type":"Organization","@id":"https:\/\/envasadoxiomara.com\/#organization","name":"Envasado Xiomara","url":"https:\/\/envasadoxiomara.com\/","logo":{"@type":"ImageObject","inLanguage":"fr-FR","@id":"https:\/\/envasadoxiomara.com\/#\/schema\/logo\/image\/","url":"https:\/\/envasadoxiomara.com\/wp-content\/uploads\/2017\/04\/logo-empresa-aerosoles-xiomara.jpg","contentUrl":"https:\/\/envasadoxiomara.com\/wp-content\/uploads\/2017\/04\/logo-empresa-aerosoles-xiomara.jpg","width":434,"height":198,"caption":"Envasado Xiomara"},"image":{"@id":"https:\/\/envasadoxiomara.com\/#\/schema\/logo\/image\/"}}]}},"_links":{"self":[{"href":"https:\/\/envasadoxiomara.com\/fr\/wp-json\/wp\/v2\/pages\/32370","targetHints":{"allow":["GET"]}}],"collection":[{"href":"https:\/\/envasadoxiomara.com\/fr\/wp-json\/wp\/v2\/pages"}],"about":[{"href":"https:\/\/envasadoxiomara.com\/fr\/wp-json\/wp\/v2\/types\/page"}],"author":[{"embeddable":true,"href":"https:\/\/envasadoxiomara.com\/fr\/wp-json\/wp\/v2\/users\/5"}],"replies":[{"embeddable":true,"href":"https:\/\/envasadoxiomara.com\/fr\/wp-json\/wp\/v2\/comments?post=32370"}],"version-history":[{"count":0,"href":"https:\/\/envasadoxiomara.com\/fr\/wp-json\/wp\/v2\/pages\/32370\/revisions"}],"wp:attachment":[{"href":"https:\/\/envasadoxiomara.com\/fr\/wp-json\/wp\/v2\/media?parent=32370"}],"curies":[{"name":"wp","href":"https:\/\/api.w.org\/{rel}","templated":true}]}}