{"id":3427,"date":"2020-06-23T15:56:09","date_gmt":"2020-06-23T15:56:09","guid":{"rendered":"https:\/\/envasadoxiomara.com\/empresa-2"},"modified":"2022-12-19T10:52:26","modified_gmt":"2022-12-19T10:52:26","slug":"empresa","status":"publish","type":"page","link":"https:\/\/envasadoxiomara.com\/fr\/empresa\/","title":{"rendered":"Entreprise"},"content":{"rendered":"<div class=\"wpb-content-wrapper\"><p>[vc_row full_width=&#8221;stretch_row&#8221; content_placement=&#8221;middle&#8221; css=&#8221;.vc_custom_1594896021199{background-image: url(https:\/\/envasadoxiomara.com\/wp-content\/uploads\/2020\/06\/AdobeStock_200043420.jpg?id=2928) !important;background-position: center !important;background-repeat: no-repeat !important;background-size: cover !important;}&#8221;][vc_column][vc_empty_space height=&#8221;30px&#8221;][vc_custom_heading source=&#8221;post_title&#8221; font_container=&#8221;tag:h1|font_size:4rem|text_align:center|color:%23ffffff&#8221; use_theme_fonts=&#8221;yes&#8221;][vc_column_text]<\/p>\n<p style=\"text-align: center;\"><strong><span style=\"color: #ffffff;\">L\u2019entreprise Envasado Xiomara a \u00e9t\u00e9 cr\u00e9\u00e9e en 1978, nous sommes leaders dans notre secteur d\u2019activit\u00e9, la fabrication d\u2019a\u00e9rosols avec plus de 40 ans d\u2019exp\u00e9rience, nous sommes engag\u00e9s dans l\u2019am\u00e9lioration continue et l\u2019environnement. Appartenant au groupe Romar Global Care, nous sommes sp\u00e9cialis\u00e9s dans les produits de f\u00eate et de droguerie en a\u00e9rosol.<\/span><\/strong><\/p>\n<p>[\/vc_column_text][vc_empty_space height=&#8221;30px&#8221;][\/vc_column][\/vc_row][vc_row][vc_column][\/vc_column][\/vc_row][vc_row][vc_column width=&#8221;1\/2&#8243;][vc_single_image image=&#8221;4563&#8243; img_size=&#8221;large&#8221; alignment=&#8221;center&#8221; title=&#8221;MISSION&#8221;][vc_column_text]<\/p>\n<p style=\"text-align: justify;\">Nous luttons chaque jour pour obtenir les meilleurs produits au moindre co\u00fbt possible, notre objectif fondamental est donc d&#8217;apporter \u00e0 nos clients le meilleur rapport qualit\u00e9-prix.<\/p>\n<p>[\/vc_column_text][\/vc_column][vc_column width=&#8221;1\/2&#8243;][vc_single_image image=&#8221;4571&#8243; img_size=&#8221;large&#8221; alignment=&#8221;center&#8221; title=&#8221;VISION&#8221;][vc_column_text]<\/p>\n<p style=\"text-align: justify;\">Gr\u00e2ce \u00e0 notre pers\u00e9v\u00e9rance \u00e0 obtenir les meilleurs produits, nous poss\u00e9dons un vaste r\u00e9seau commercial national et international. Notre objectif est d\u2019\u00eatre leader international sur le march\u00e9 du remplissage des a\u00e9rosols.<\/p>\n<p>[\/vc_column_text][\/vc_column][\/vc_row][vc_row full_width=&#8221;stretch_row&#8221; css=&#8221;.vc_custom_1593427347762{background-image: url(https:\/\/envasadoxiomara.com\/wp-content\/uploads\/2020\/06\/envasado-a-terceros.jpg?id=2932) !important;background-position: center !important;background-repeat: no-repeat !important;background-size: cover !important;}&#8221;][vc_column][vc_empty_space height=&#8221;30px&#8221;][vc_column_text]<\/p>\n<p style=\"text-align: center; font-size: 1.4rem;\"><span style=\"color: #ffffff;\"><strong>Nous proposons un vaste catalogue de solutions en produits de f\u00eate et de droguerie pour les clients les plus exigeants r\u00e9partis sur le territoire national et nous exportons vers plus de 21 pays. Nos r\u00e9f\u00e9rences sont distribu\u00e9es dans diff\u00e9rentes cat\u00e9gories de produits, aussi bien chez des marques reconnues comme La Fiesta et Aire Fresco que dans le conditionnement pour compte de tiers. <\/strong><\/span><\/p>\n<p>[\/vc_column_text][vc_btn title=&#8221;T\u00e9l\u00e9chargez le catalogue&#8221; style=&#8221;custom&#8221; custom_background=&#8221;#f2f2f2&#8243; custom_text=&#8221;#ed3724&#8243; align=&#8221;center&#8221; link=&#8221;url:%2Fwp-content%2Fuploads%2F2020%2F06%2Fcatalogo-envasados-xiomara-2020.pdf|target:%20_blank|&#8221;][vc_empty_space height=&#8221;30px&#8221;][\/vc_column][\/vc_row][vc_row][vc_column][vc_column_text]<\/p>\n<h2 style=\"text-align: center;\">Notre essence<\/h2>\n<p>[\/vc_column_text][vc_row_inner][vc_column_inner width=&#8221;1\/4&#8243;][vc_single_image image=&#8221;4377&#8243; alignment=&#8221;center&#8221;][vc_column_text]<\/p>\n<h3 style=\"text-align: center; font-size: 18px;\"><strong>Les personnes<\/strong><\/h3>\n<p style=\"text-align: justify;\">Les personnes sont l\u2019essence, le moteur et la raison d\u2019\u00eatre de notre entreprise. Nous avons des \u00e9quipes hautement qualifi\u00e9es, et des professionnels experts et sp\u00e9cialis\u00e9s dans diff\u00e9rents domaines de gestion et par cat\u00e9gories de produits.<\/p>\n<p>[\/vc_column_text][\/vc_column_inner][vc_column_inner width=&#8221;1\/4&#8243;][vc_single_image image=&#8221;4381&#8243; alignment=&#8221;center&#8221;][vc_column_text]<\/p>\n<h3 style=\"text-align: center; font-size: 18px;\"><strong>R+D<\/strong><\/h3>\n<p style=\"text-align: justify;\">Le d\u00e9partement R&amp;D place l\u2019entreprise \u00e0 l\u2019avant-garde des nouveaux d\u00e9veloppements aussi bien en marque de fabricant qu\u2019en marque de distributeur, alliant efficacit\u00e9 et optimisation des ressources.<\/p>\n<p>[\/vc_column_text][\/vc_column_inner][vc_column_inner width=&#8221;1\/4&#8243;][vc_single_image image=&#8221;4361&#8243; alignment=&#8221;center&#8221;][vc_column_text]<\/p>\n<h3 style=\"text-align: center; font-size: 18px;\"><strong>Qualit\u00e9 et environnement<\/strong><\/h3>\n<p style=\"text-align: justify;\">Nous exer\u00e7ons un contr\u00f4le strict sur la fabrication des produits et nous suivons un plan de contr\u00f4le des d\u00e9chets solides et liquides. Nos prix comp\u00e9titifs sont compatibles avec une haute qualit\u00e9. Nous travaillons conform\u00e9ment aux normes internationales standardis\u00e9es ISO 9001 et ISO 14001, ainsi que selon les proc\u00e9dures propos\u00e9es par C-TPAT et la FDA.<\/p>\n<p>[\/vc_column_text][\/vc_column_inner][vc_column_inner width=&#8221;1\/4&#8243;][vc_single_image image=&#8221;4464&#8243; alignment=&#8221;center&#8221;][vc_column_text]<\/p>\n<h3 style=\"text-align: center; font-size: 18px;\"><strong>Qualit\u00e9<\/strong><\/h3>\n<p style=\"text-align: left;\">En tant que membre de l\u2019AEDA (association espagnole de l\u2019a\u00e9rosol), Envasado Xiomara veille au remplissage efficace des a\u00e9rosols en accordant une attention croissante \u00e0 l\u2019environnement, l\u2019innovation et l\u2019am\u00e9lioration continue.<\/p>\n<p>[\/vc_column_text][\/vc_column_inner][\/vc_row_inner][\/vc_column][\/vc_row]<\/p>\n<\/div>","protected":false},"excerpt":{"rendered":"<p>[vc_row full_width=&#8221;stretch_row&#8221; content_placement=&#8221;middle&#8221; css=&#8221;.vc_custom_1594896021199{background-image: url(https:\/\/envasadoxiomara.com\/wp-content\/uploads\/2020\/06\/AdobeStock_200043420.jpg?id=2928) !important;background-position: center !important;background-repeat: no-repeat !important;background-size: cover !important;}&#8221;][vc_column][vc_empty_space height=&#8221;30px&#8221;][vc_custom_heading source=&#8221;post_title&#8221; font_container=&#8221;tag:h1|font_size:4rem|text_align:center|color:%23ffffff&#8221; use_theme_fonts=&#8221;yes&#8221;][vc_column_text] L\u2019entreprise Envasado Xiomara a \u00e9t\u00e9 cr\u00e9\u00e9e en 1978, nous sommes<span class=\"excerpt-hellip\"> [\u2026]<\/span><\/p>\n","protected":false},"author":5,"featured_media":30923,"parent":0,"menu_order":0,"comment_status":"closed","ping_status":"closed","template":"","meta":{"footnotes":""},"class_list":["post-3427","page","type-page","status-publish","has-post-thumbnail","hentry"],"yoast_head":"<!-- This site is optimized with the Yoast SEO plugin v25.2 - https:\/\/yoast.com\/wordpress\/plugins\/seo\/ -->\n<title>Aerosol empresa | Envasado Xiomara | +40 a\u00f1os fabricando aerosoles<\/title>\n<meta name=\"description\" content=\"Si buscas empresas de aerosoles, Envasado Xiomara es tu mejor opci\u00f3n. Nos dedicamos al envasado de aerosoles en Espa\u00f1a y a nivel mundial. \u00a1Informate!\" \/>\n<meta name=\"robots\" content=\"index, follow, max-snippet:-1, max-image-preview:large, max-video-preview:-1\" \/>\n<link rel=\"canonical\" href=\"https:\/\/envasadoxiomara.com\/empresa\/\" \/>\n<meta property=\"og:locale\" content=\"fr_FR\" \/>\n<meta property=\"og:type\" content=\"article\" \/>\n<meta property=\"og:title\" content=\"Aerosol empresa | Envasado Xiomara | +40 a\u00f1os fabricando aerosoles\" \/>\n<meta property=\"og:description\" content=\"Si buscas empresas de aerosoles, Envasado Xiomara es tu mejor opci\u00f3n. Nos dedicamos al envasado de aerosoles en Espa\u00f1a y a nivel mundial. \u00a1Informate!\" \/>\n<meta property=\"og:url\" content=\"https:\/\/envasadoxiomara.com\/empresa\/\" \/>\n<meta property=\"og:site_name\" content=\"Envasados Xiomara\" \/>\n<meta property=\"article:modified_time\" content=\"2022-12-19T10:52:26+00:00\" \/>\n<meta property=\"og:image\" content=\"https:\/\/envasadoxiomara.com\/wp-content\/uploads\/2022\/12\/aerosol-empresa.jpg\" \/>\n\t<meta property=\"og:image:width\" content=\"500\" \/>\n\t<meta property=\"og:image:height\" content=\"400\" \/>\n\t<meta property=\"og:image:type\" content=\"image\/jpeg\" \/>\n<meta name=\"twitter:card\" content=\"summary_large_image\" \/>\n<meta name=\"twitter:label1\" content=\"Est. reading time\" \/>\n\t<meta name=\"twitter:data1\" content=\"3 minutes\" \/>\n<script type=\"application\/ld+json\" class=\"yoast-schema-graph\">{\"@context\":\"https:\/\/schema.org\",\"@graph\":[{\"@type\":\"WebPage\",\"@id\":\"https:\/\/envasadoxiomara.com\/empresa\/\",\"url\":\"https:\/\/envasadoxiomara.com\/empresa\/\",\"name\":\"Aerosol empresa | Envasado Xiomara | +40 a\u00f1os fabricando aerosoles\",\"isPartOf\":{\"@id\":\"https:\/\/envasadoxiomara.com\/#website\"},\"primaryImageOfPage\":{\"@id\":\"https:\/\/envasadoxiomara.com\/empresa\/#primaryimage\"},\"image\":{\"@id\":\"https:\/\/envasadoxiomara.com\/empresa\/#primaryimage\"},\"thumbnailUrl\":\"https:\/\/envasadoxiomara.com\/wp-content\/uploads\/2022\/12\/aerosol-empresa.jpg\",\"datePublished\":\"2020-06-23T15:56:09+00:00\",\"dateModified\":\"2022-12-19T10:52:26+00:00\",\"description\":\"Si buscas empresas de aerosoles, Envasado Xiomara es tu mejor opci\u00f3n. Nos dedicamos al envasado de aerosoles en Espa\u00f1a y a nivel mundial. \u00a1Informate!\",\"breadcrumb\":{\"@id\":\"https:\/\/envasadoxiomara.com\/empresa\/#breadcrumb\"},\"inLanguage\":\"fr-FR\",\"potentialAction\":[{\"@type\":\"ReadAction\",\"target\":[\"https:\/\/envasadoxiomara.com\/empresa\/\"]}]},{\"@type\":\"ImageObject\",\"inLanguage\":\"fr-FR\",\"@id\":\"https:\/\/envasadoxiomara.com\/empresa\/#primaryimage\",\"url\":\"https:\/\/envasadoxiomara.com\/wp-content\/uploads\/2022\/12\/aerosol-empresa.jpg\",\"contentUrl\":\"https:\/\/envasadoxiomara.com\/wp-content\/uploads\/2022\/12\/aerosol-empresa.jpg\",\"width\":500,\"height\":400,\"caption\":\"aerosol empresa\"},{\"@type\":\"BreadcrumbList\",\"@id\":\"https:\/\/envasadoxiomara.com\/empresa\/#breadcrumb\",\"itemListElement\":[{\"@type\":\"ListItem\",\"position\":1,\"name\":\"Portada\",\"item\":\"https:\/\/envasadoxiomara.com\/fr\/fabricant-daerosols-en-espagne\/\"},{\"@type\":\"ListItem\",\"position\":2,\"name\":\"Entreprise\"}]},{\"@type\":\"WebSite\",\"@id\":\"https:\/\/envasadoxiomara.com\/#website\",\"url\":\"https:\/\/envasadoxiomara.com\/\",\"name\":\"Envasados Xiomara\",\"description\":\"\",\"publisher\":{\"@id\":\"https:\/\/envasadoxiomara.com\/#organization\"},\"alternateName\":\"F\u00e1brica de aerosoles\",\"potentialAction\":[{\"@type\":\"SearchAction\",\"target\":{\"@type\":\"EntryPoint\",\"urlTemplate\":\"https:\/\/envasadoxiomara.com\/?s={search_term_string}\"},\"query-input\":{\"@type\":\"PropertyValueSpecification\",\"valueRequired\":true,\"valueName\":\"search_term_string\"}}],\"inLanguage\":\"fr-FR\"},{\"@type\":\"Organization\",\"@id\":\"https:\/\/envasadoxiomara.com\/#organization\",\"name\":\"Envasado Xiomara\",\"url\":\"https:\/\/envasadoxiomara.com\/\",\"logo\":{\"@type\":\"ImageObject\",\"inLanguage\":\"fr-FR\",\"@id\":\"https:\/\/envasadoxiomara.com\/#\/schema\/logo\/image\/\",\"url\":\"https:\/\/envasadoxiomara.com\/wp-content\/uploads\/2017\/04\/logo-empresa-aerosoles-xiomara.jpg\",\"contentUrl\":\"https:\/\/envasadoxiomara.com\/wp-content\/uploads\/2017\/04\/logo-empresa-aerosoles-xiomara.jpg\",\"width\":434,\"height\":198,\"caption\":\"Envasado Xiomara\"},\"image\":{\"@id\":\"https:\/\/envasadoxiomara.com\/#\/schema\/logo\/image\/\"}}]}<\/script>\n<!-- \/ Yoast SEO plugin. -->","yoast_head_json":{"title":"Aerosol empresa | Envasado Xiomara | +40 a\u00f1os fabricando aerosoles","description":"Si buscas empresas de aerosoles, Envasado Xiomara es tu mejor opci\u00f3n. Nos dedicamos al envasado de aerosoles en Espa\u00f1a y a nivel mundial. \u00a1Informate!","robots":{"index":"index","follow":"follow","max-snippet":"max-snippet:-1","max-image-preview":"max-image-preview:large","max-video-preview":"max-video-preview:-1"},"canonical":"https:\/\/envasadoxiomara.com\/empresa\/","og_locale":"fr_FR","og_type":"article","og_title":"Aerosol empresa | Envasado Xiomara | +40 a\u00f1os fabricando aerosoles","og_description":"Si buscas empresas de aerosoles, Envasado Xiomara es tu mejor opci\u00f3n. Nos dedicamos al envasado de aerosoles en Espa\u00f1a y a nivel mundial. \u00a1Informate!","og_url":"https:\/\/envasadoxiomara.com\/empresa\/","og_site_name":"Envasados Xiomara","article_modified_time":"2022-12-19T10:52:26+00:00","og_image":[{"width":500,"height":400,"url":"https:\/\/envasadoxiomara.com\/wp-content\/uploads\/2022\/12\/aerosol-empresa.jpg","type":"image\/jpeg"}],"twitter_card":"summary_large_image","twitter_misc":{"Est. reading time":"3 minutes"},"schema":{"@context":"https:\/\/schema.org","@graph":[{"@type":"WebPage","@id":"https:\/\/envasadoxiomara.com\/empresa\/","url":"https:\/\/envasadoxiomara.com\/empresa\/","name":"Aerosol empresa | Envasado Xiomara | +40 a\u00f1os fabricando aerosoles","isPartOf":{"@id":"https:\/\/envasadoxiomara.com\/#website"},"primaryImageOfPage":{"@id":"https:\/\/envasadoxiomara.com\/empresa\/#primaryimage"},"image":{"@id":"https:\/\/envasadoxiomara.com\/empresa\/#primaryimage"},"thumbnailUrl":"https:\/\/envasadoxiomara.com\/wp-content\/uploads\/2022\/12\/aerosol-empresa.jpg","datePublished":"2020-06-23T15:56:09+00:00","dateModified":"2022-12-19T10:52:26+00:00","description":"Si buscas empresas de aerosoles, Envasado Xiomara es tu mejor opci\u00f3n. Nos dedicamos al envasado de aerosoles en Espa\u00f1a y a nivel mundial. \u00a1Informate!","breadcrumb":{"@id":"https:\/\/envasadoxiomara.com\/empresa\/#breadcrumb"},"inLanguage":"fr-FR","potentialAction":[{"@type":"ReadAction","target":["https:\/\/envasadoxiomara.com\/empresa\/"]}]},{"@type":"ImageObject","inLanguage":"fr-FR","@id":"https:\/\/envasadoxiomara.com\/empresa\/#primaryimage","url":"https:\/\/envasadoxiomara.com\/wp-content\/uploads\/2022\/12\/aerosol-empresa.jpg","contentUrl":"https:\/\/envasadoxiomara.com\/wp-content\/uploads\/2022\/12\/aerosol-empresa.jpg","width":500,"height":400,"caption":"aerosol empresa"},{"@type":"BreadcrumbList","@id":"https:\/\/envasadoxiomara.com\/empresa\/#breadcrumb","itemListElement":[{"@type":"ListItem","position":1,"name":"Portada","item":"https:\/\/envasadoxiomara.com\/fr\/fabricant-daerosols-en-espagne\/"},{"@type":"ListItem","position":2,"name":"Entreprise"}]},{"@type":"WebSite","@id":"https:\/\/envasadoxiomara.com\/#website","url":"https:\/\/envasadoxiomara.com\/","name":"Envasados Xiomara","description":"","publisher":{"@id":"https:\/\/envasadoxiomara.com\/#organization"},"alternateName":"F\u00e1brica de aerosoles","potentialAction":[{"@type":"SearchAction","target":{"@type":"EntryPoint","urlTemplate":"https:\/\/envasadoxiomara.com\/?s={search_term_string}"},"query-input":{"@type":"PropertyValueSpecification","valueRequired":true,"valueName":"search_term_string"}}],"inLanguage":"fr-FR"},{"@type":"Organization","@id":"https:\/\/envasadoxiomara.com\/#organization","name":"Envasado Xiomara","url":"https:\/\/envasadoxiomara.com\/","logo":{"@type":"ImageObject","inLanguage":"fr-FR","@id":"https:\/\/envasadoxiomara.com\/#\/schema\/logo\/image\/","url":"https:\/\/envasadoxiomara.com\/wp-content\/uploads\/2017\/04\/logo-empresa-aerosoles-xiomara.jpg","contentUrl":"https:\/\/envasadoxiomara.com\/wp-content\/uploads\/2017\/04\/logo-empresa-aerosoles-xiomara.jpg","width":434,"height":198,"caption":"Envasado Xiomara"},"image":{"@id":"https:\/\/envasadoxiomara.com\/#\/schema\/logo\/image\/"}}]}},"_links":{"self":[{"href":"https:\/\/envasadoxiomara.com\/fr\/wp-json\/wp\/v2\/pages\/3427","targetHints":{"allow":["GET"]}}],"collection":[{"href":"https:\/\/envasadoxiomara.com\/fr\/wp-json\/wp\/v2\/pages"}],"about":[{"href":"https:\/\/envasadoxiomara.com\/fr\/wp-json\/wp\/v2\/types\/page"}],"author":[{"embeddable":true,"href":"https:\/\/envasadoxiomara.com\/fr\/wp-json\/wp\/v2\/users\/5"}],"replies":[{"embeddable":true,"href":"https:\/\/envasadoxiomara.com\/fr\/wp-json\/wp\/v2\/comments?post=3427"}],"version-history":[{"count":0,"href":"https:\/\/envasadoxiomara.com\/fr\/wp-json\/wp\/v2\/pages\/3427\/revisions"}],"wp:featuredmedia":[{"embeddable":true,"href":"https:\/\/envasadoxiomara.com\/fr\/wp-json\/wp\/v2\/media\/30923"}],"wp:attachment":[{"href":"https:\/\/envasadoxiomara.com\/fr\/wp-json\/wp\/v2\/media?parent=3427"}],"curies":[{"name":"wp","href":"https:\/\/api.w.org\/{rel}","templated":true}]}}