{"id":3437,"date":"2020-06-29T08:05:59","date_gmt":"2020-06-29T08:05:59","guid":{"rendered":"https:\/\/envasadoxiomara.com\/envasados-a-terceros"},"modified":"2023-03-23T15:07:56","modified_gmt":"2023-03-23T15:07:56","slug":"envasados-a-terceros","status":"publish","type":"page","link":"https:\/\/envasadoxiomara.com\/fr\/envasados-a-terceros\/","title":{"rendered":"Emball\u00e9s \u00e0 des tiers"},"content":{"rendered":"<div class=\"wpb-content-wrapper\"><p>[vc_row full_width=&#8221;stretch_row_content&#8221; equal_height=&#8221;yes&#8221; content_placement=&#8221;middle&#8221; css=&#8221;.vc_custom_1594750657322{background-image: url(https:\/\/envasadoxiomara.com\/wp-content\/uploads\/2020\/07\/envasado-terceros-1.jpg?id=4211) !important;background-position: center !important;background-repeat: no-repeat !important;background-size: cover !important;}&#8221;][vc_column][vc_empty_space height=&#8221;30px&#8221;][vc_custom_heading source=&#8221;post_title&#8221; font_container=&#8221;tag:h1|font_size:4rem|text_align:center|color:%23ffffff&#8221; use_theme_fonts=&#8221;yes&#8221;][vc_empty_space height=&#8221;10px&#8221;][vc_column_text]<\/p>\n<p style=\"text-align: center;\"><span style=\"color: #ffffff; font-size: 18px;\"><strong>Si nous connaissons le besoin, nous trouvons la solution.<\/strong><\/span><\/p>\n<p style=\"text-align: center; font-size: 18px;\"><strong><span style=\"color: #ffffff;\">Nous recherchons une adaptation totale aux exigences de nos clients en essayant toujours d\u2019\u00eatre flexibles face \u00e0 leurs demandes, avec les meilleurs prix sur le march\u00e9. Nous leur apportons les solutions dont ils ont besoin en mati\u00e8re d\u2019innovation et de d\u00e9veloppement de produits. <\/span><\/strong><\/p>\n<p>[\/vc_column_text][vc_empty_space height=&#8221;30px&#8221;][\/vc_column][\/vc_row][vc_row][vc_column][\/vc_column][\/vc_row][vc_row][vc_column][vc_column_text]<\/p>\n<h2 style=\"text-align: center;\">\u00bfQue pouvons-nous vous proposer?<\/h2>\n<p>[\/vc_column_text][vc_empty_space height=&#8221;20px&#8221;][vc_row_inner][vc_column_inner width=&#8221;1\/4&#8243;][vc_single_image image=&#8221;4555&#8243; img_size=&#8221;large&#8221; alignment=&#8221;center&#8221;][vc_column_text]<\/p>\n<h3 style=\"font-size: 18px; line-height: 16px; text-align: left;\"><strong>Conditionnements de f\u00eate, halloween et no\u00ebl pour compte de tiers<\/strong><\/h3>\n<p style=\"text-align: justify;\">Chez Envasado Xiomara nous proposons un service de conditionnement d\u2019a\u00e9rosols qui permet la cr\u00e9ation de nombreux produits pour ces f\u00eates.<\/p>\n<p>[\/vc_column_text][\/vc_column_inner][vc_column_inner width=&#8221;1\/4&#8243;][vc_single_image image=&#8221;4559&#8243; img_size=&#8221;large&#8221; alignment=&#8221;center&#8221;][vc_column_text]<\/p>\n<h3 style=\"font-size: 18px; line-height: 16px; text-align: center;\"><strong>Conditionnements de produits d\u2019ambiance pour compte de tiers<\/strong><\/h3>\n<p style=\"text-align: justify;\">Chez Envasado Xiomara, nous proposons un vaste catalogue de produits d\u2019ambiance personnalis\u00e9s, recharges d\u2019a\u00e9rosols, vaporisateurs manuels et miniclicks.<\/p>\n<p>[\/vc_column_text][\/vc_column_inner][vc_column_inner width=&#8221;1\/4&#8243;][vc_single_image image=&#8221;4584&#8243; img_size=&#8221;large&#8221;][vc_column_text]<\/p>\n<h3 style=\"font-size: 18px; line-height: 16px; text-align: center;\"><strong>Conditionnements de produits insecticides, pour la maison et le bricolage\u00a0<\/strong><\/h3>\n<p style=\"text-align: justify;\">Chez Envasado Xiomara nous proposons une vari\u00e9t\u00e9 de formats et de produits en a\u00e9rosol insecticides et pour le nettoyage de la maison et de l\u2019automobile, tels que les nettoyants alcoolis\u00e9s, nettoyants pour tableau de bord et les huiles lubrifiantes et d\u00e9grippantes.<\/p>\n<p>[\/vc_column_text][\/vc_column_inner][vc_column_inner width=&#8221;1\/4&#8243;][vc_single_image image=&#8221;4567&#8243; img_size=&#8221;large&#8221;][vc_column_text]<\/p>\n<h3 style=\"font-size: 18px; line-height: 16px; text-align: center;\"><strong>Conditionnements de cosm\u00e9tiques pour compte de tiers<\/strong><\/h3>\n<p style=\"text-align: justify;\">Chez Envasado Xiomara, nous proposons une vari\u00e9t\u00e9 de formats et de produits en a\u00e9rosol pour les soins de la peau tels que les d\u00e9odorants, les mousses \u00e0 raser, les laques pour cheveux\u2026<\/p>\n<p>[\/vc_column_text][\/vc_column_inner][\/vc_row_inner][\/vc_column][\/vc_row][vc_row][vc_column][vc_custom_heading text=&#8221;Quels avantages apportons-nous ?&#8221; font_container=&#8221;tag:h2|text_align:center&#8221; use_theme_fonts=&#8221;yes&#8221;][vc_row_inner][vc_column_inner width=&#8221;1\/3&#8243;][vc_single_image image=&#8221;4369&#8243; alignment=&#8221;center&#8221;][vc_column_text]<\/p>\n<h3 style=\"text-align: center; font-size: 16px;\"><strong>Vari\u00e9t\u00e9 de formats<\/strong><\/h3>\n<p style=\"text-align: justify;\">Nous disposons d\u2019une large gamme de formats d\u2019a\u00e9rosols afin que vous puissiez choisir celui qui s\u2019adapte le mieux \u00e0 vos besoins et \u00e0 ceux de vos clients. Avec nos conditionnements, vous pourrez offrir un design qui attire les acheteurs et vous diff\u00e9rencier des produits de vos concurrents.<\/p>\n<p>[\/vc_column_text][\/vc_column_inner][vc_column_inner width=&#8221;1\/3&#8243;][vc_single_image image=&#8221;4361&#8243; alignment=&#8221;center&#8221;][vc_column_text]<\/p>\n<h3 style=\"text-align: center; font-size: 16px; line-height: 16px;\"><strong>Emballages respectueux de l\u2019environnement<\/strong><\/h3>\n<p style=\"text-align: justify;\">Nous \u0153uvrons en continu pour une production durable et dans le plus grand respect de l\u2019environnement. Pour ce faire, nous suivons des protocoles internationaux d\u2019action qui garantissent cette attention et qui sont utilis\u00e9s dans le but de maintenir une atmosph\u00e8re propre et saine.<\/p>\n<p>[\/vc_column_text][\/vc_column_inner][vc_column_inner width=&#8221;1\/3&#8243;][vc_single_image image=&#8221;4365&#8243; alignment=&#8221;center&#8221;][vc_column_text]<\/p>\n<h3 style=\"text-align: center; font-size: 16px;\"><strong>S\u00e9curit\u00e9 et qualit\u00e9<\/strong><\/h3>\n<p style=\"text-align: justify;\">Nous nous pr\u00e9occupons de l\u2019int\u00e9grit\u00e9 de toutes les personnes qui entrent en contact avec nos a\u00e9rosols aussi bien pendant le processus de fabrication que lorsqu\u2019il s\u2019agit de les utiliser. C\u2019est pourquoi nous maintenons des mesures de s\u00e9curit\u00e9 strictes qui garantissent la sant\u00e9 de tous.<\/p>\n<p>[\/vc_column_text][\/vc_column_inner][\/vc_row_inner][\/vc_column][\/vc_row]<\/p>\n<\/div>","protected":false},"excerpt":{"rendered":"<p>[vc_row full_width=&#8221;stretch_row_content&#8221; equal_height=&#8221;yes&#8221; content_placement=&#8221;middle&#8221; css=&#8221;.vc_custom_1594750657322{background-image: url(https:\/\/envasadoxiomara.com\/wp-content\/uploads\/2020\/07\/envasado-terceros-1.jpg?id=4211) !important;background-position: center !important;background-repeat: no-repeat !important;background-size: cover !important;}&#8221;][vc_column][vc_empty_space height=&#8221;30px&#8221;][vc_custom_heading source=&#8221;post_title&#8221; font_container=&#8221;tag:h1|font_size:4rem|text_align:center|color:%23ffffff&#8221; use_theme_fonts=&#8221;yes&#8221;][vc_empty_space height=&#8221;10px&#8221;][vc_column_text] Si nous connaissons le besoin, nous trouvons la<span class=\"excerpt-hellip\"> [\u2026]<\/span><\/p>\n","protected":false},"author":5,"featured_media":0,"parent":0,"menu_order":0,"comment_status":"closed","ping_status":"closed","template":"","meta":{"footnotes":""},"class_list":["post-3437","page","type-page","status-publish","hentry"],"yoast_head":"<!-- This site is optimized with the Yoast SEO plugin v25.2 - https:\/\/yoast.com\/wordpress\/plugins\/seo\/ -->\n<title>Servicio de Emball\u00e9s \u00e0 des tiers | Envasados Xiomara<\/title>\n<meta name=\"description\" content=\"Empresa de envasados a terceros de aerosoles cosm\u00e9ticos, limpieza, fiesta, mantenimiento de autom\u00f3vil y bricolaje | Solicita informaci\u00f3n y precio\" \/>\n<meta name=\"robots\" content=\"index, follow, max-snippet:-1, max-image-preview:large, max-video-preview:-1\" \/>\n<link rel=\"canonical\" href=\"https:\/\/envasadoxiomara.com\/envasados-a-terceros\/\" \/>\n<meta property=\"og:locale\" content=\"fr_FR\" \/>\n<meta property=\"og:type\" content=\"article\" \/>\n<meta property=\"og:title\" content=\"Servicio de Emball\u00e9s \u00e0 des tiers | Envasados Xiomara\" \/>\n<meta property=\"og:description\" content=\"Empresa de envasados a terceros de aerosoles cosm\u00e9ticos, limpieza, fiesta, mantenimiento de autom\u00f3vil y bricolaje | Solicita informaci\u00f3n y precio\" \/>\n<meta property=\"og:url\" content=\"https:\/\/envasadoxiomara.com\/envasados-a-terceros\/\" \/>\n<meta property=\"og:site_name\" content=\"Envasados Xiomara\" \/>\n<meta property=\"article:modified_time\" content=\"2023-03-23T15:07:56+00:00\" \/>\n<meta property=\"og:image\" content=\"https:\/\/envasadoxiomara.com\/wp-content\/uploads\/2017\/04\/logo-empresa-aerosoles-xiomara.jpg\" \/>\n\t<meta property=\"og:image:width\" content=\"434\" \/>\n\t<meta property=\"og:image:height\" content=\"198\" \/>\n\t<meta property=\"og:image:type\" content=\"image\/jpeg\" \/>\n<meta name=\"twitter:card\" content=\"summary_large_image\" \/>\n<meta name=\"twitter:label1\" content=\"Est. reading time\" \/>\n\t<meta name=\"twitter:data1\" content=\"3 minutes\" \/>\n<script type=\"application\/ld+json\" class=\"yoast-schema-graph\">{\"@context\":\"https:\/\/schema.org\",\"@graph\":[{\"@type\":\"WebPage\",\"@id\":\"https:\/\/envasadoxiomara.com\/envasados-a-terceros\/\",\"url\":\"https:\/\/envasadoxiomara.com\/envasados-a-terceros\/\",\"name\":\"Servicio de Emball\u00e9s \u00e0 des tiers | Envasados Xiomara\",\"isPartOf\":{\"@id\":\"https:\/\/envasadoxiomara.com\/#website\"},\"datePublished\":\"2020-06-29T08:05:59+00:00\",\"dateModified\":\"2023-03-23T15:07:56+00:00\",\"description\":\"Empresa de envasados a terceros de aerosoles cosm\u00e9ticos, limpieza, fiesta, mantenimiento de autom\u00f3vil y bricolaje | Solicita informaci\u00f3n y precio\",\"breadcrumb\":{\"@id\":\"https:\/\/envasadoxiomara.com\/envasados-a-terceros\/#breadcrumb\"},\"inLanguage\":\"fr-FR\",\"potentialAction\":[{\"@type\":\"ReadAction\",\"target\":[\"https:\/\/envasadoxiomara.com\/envasados-a-terceros\/\"]}]},{\"@type\":\"BreadcrumbList\",\"@id\":\"https:\/\/envasadoxiomara.com\/envasados-a-terceros\/#breadcrumb\",\"itemListElement\":[{\"@type\":\"ListItem\",\"position\":1,\"name\":\"Portada\",\"item\":\"https:\/\/envasadoxiomara.com\/fr\/fabricant-daerosols-en-espagne\/\"},{\"@type\":\"ListItem\",\"position\":2,\"name\":\"Emball\u00e9s \u00e0 des tiers\"}]},{\"@type\":\"WebSite\",\"@id\":\"https:\/\/envasadoxiomara.com\/#website\",\"url\":\"https:\/\/envasadoxiomara.com\/\",\"name\":\"Envasados Xiomara\",\"description\":\"\",\"publisher\":{\"@id\":\"https:\/\/envasadoxiomara.com\/#organization\"},\"alternateName\":\"F\u00e1brica de aerosoles\",\"potentialAction\":[{\"@type\":\"SearchAction\",\"target\":{\"@type\":\"EntryPoint\",\"urlTemplate\":\"https:\/\/envasadoxiomara.com\/?s={search_term_string}\"},\"query-input\":{\"@type\":\"PropertyValueSpecification\",\"valueRequired\":true,\"valueName\":\"search_term_string\"}}],\"inLanguage\":\"fr-FR\"},{\"@type\":\"Organization\",\"@id\":\"https:\/\/envasadoxiomara.com\/#organization\",\"name\":\"Envasado Xiomara\",\"url\":\"https:\/\/envasadoxiomara.com\/\",\"logo\":{\"@type\":\"ImageObject\",\"inLanguage\":\"fr-FR\",\"@id\":\"https:\/\/envasadoxiomara.com\/#\/schema\/logo\/image\/\",\"url\":\"https:\/\/envasadoxiomara.com\/wp-content\/uploads\/2017\/04\/logo-empresa-aerosoles-xiomara.jpg\",\"contentUrl\":\"https:\/\/envasadoxiomara.com\/wp-content\/uploads\/2017\/04\/logo-empresa-aerosoles-xiomara.jpg\",\"width\":434,\"height\":198,\"caption\":\"Envasado Xiomara\"},\"image\":{\"@id\":\"https:\/\/envasadoxiomara.com\/#\/schema\/logo\/image\/\"}}]}<\/script>\n<!-- \/ Yoast SEO plugin. -->","yoast_head_json":{"title":"Servicio de Emball\u00e9s \u00e0 des tiers | Envasados Xiomara","description":"Empresa de envasados a terceros de aerosoles cosm\u00e9ticos, limpieza, fiesta, mantenimiento de autom\u00f3vil y bricolaje | Solicita informaci\u00f3n y precio","robots":{"index":"index","follow":"follow","max-snippet":"max-snippet:-1","max-image-preview":"max-image-preview:large","max-video-preview":"max-video-preview:-1"},"canonical":"https:\/\/envasadoxiomara.com\/envasados-a-terceros\/","og_locale":"fr_FR","og_type":"article","og_title":"Servicio de Emball\u00e9s \u00e0 des tiers | Envasados Xiomara","og_description":"Empresa de envasados a terceros de aerosoles cosm\u00e9ticos, limpieza, fiesta, mantenimiento de autom\u00f3vil y bricolaje | Solicita informaci\u00f3n y precio","og_url":"https:\/\/envasadoxiomara.com\/envasados-a-terceros\/","og_site_name":"Envasados Xiomara","article_modified_time":"2023-03-23T15:07:56+00:00","og_image":[{"width":434,"height":198,"url":"https:\/\/envasadoxiomara.com\/wp-content\/uploads\/2017\/04\/logo-empresa-aerosoles-xiomara.jpg","type":"image\/jpeg"}],"twitter_card":"summary_large_image","twitter_misc":{"Est. reading time":"3 minutes"},"schema":{"@context":"https:\/\/schema.org","@graph":[{"@type":"WebPage","@id":"https:\/\/envasadoxiomara.com\/envasados-a-terceros\/","url":"https:\/\/envasadoxiomara.com\/envasados-a-terceros\/","name":"Servicio de Emball\u00e9s \u00e0 des tiers | Envasados Xiomara","isPartOf":{"@id":"https:\/\/envasadoxiomara.com\/#website"},"datePublished":"2020-06-29T08:05:59+00:00","dateModified":"2023-03-23T15:07:56+00:00","description":"Empresa de envasados a terceros de aerosoles cosm\u00e9ticos, limpieza, fiesta, mantenimiento de autom\u00f3vil y bricolaje | Solicita informaci\u00f3n y precio","breadcrumb":{"@id":"https:\/\/envasadoxiomara.com\/envasados-a-terceros\/#breadcrumb"},"inLanguage":"fr-FR","potentialAction":[{"@type":"ReadAction","target":["https:\/\/envasadoxiomara.com\/envasados-a-terceros\/"]}]},{"@type":"BreadcrumbList","@id":"https:\/\/envasadoxiomara.com\/envasados-a-terceros\/#breadcrumb","itemListElement":[{"@type":"ListItem","position":1,"name":"Portada","item":"https:\/\/envasadoxiomara.com\/fr\/fabricant-daerosols-en-espagne\/"},{"@type":"ListItem","position":2,"name":"Emball\u00e9s \u00e0 des tiers"}]},{"@type":"WebSite","@id":"https:\/\/envasadoxiomara.com\/#website","url":"https:\/\/envasadoxiomara.com\/","name":"Envasados Xiomara","description":"","publisher":{"@id":"https:\/\/envasadoxiomara.com\/#organization"},"alternateName":"F\u00e1brica de aerosoles","potentialAction":[{"@type":"SearchAction","target":{"@type":"EntryPoint","urlTemplate":"https:\/\/envasadoxiomara.com\/?s={search_term_string}"},"query-input":{"@type":"PropertyValueSpecification","valueRequired":true,"valueName":"search_term_string"}}],"inLanguage":"fr-FR"},{"@type":"Organization","@id":"https:\/\/envasadoxiomara.com\/#organization","name":"Envasado Xiomara","url":"https:\/\/envasadoxiomara.com\/","logo":{"@type":"ImageObject","inLanguage":"fr-FR","@id":"https:\/\/envasadoxiomara.com\/#\/schema\/logo\/image\/","url":"https:\/\/envasadoxiomara.com\/wp-content\/uploads\/2017\/04\/logo-empresa-aerosoles-xiomara.jpg","contentUrl":"https:\/\/envasadoxiomara.com\/wp-content\/uploads\/2017\/04\/logo-empresa-aerosoles-xiomara.jpg","width":434,"height":198,"caption":"Envasado Xiomara"},"image":{"@id":"https:\/\/envasadoxiomara.com\/#\/schema\/logo\/image\/"}}]}},"_links":{"self":[{"href":"https:\/\/envasadoxiomara.com\/fr\/wp-json\/wp\/v2\/pages\/3437","targetHints":{"allow":["GET"]}}],"collection":[{"href":"https:\/\/envasadoxiomara.com\/fr\/wp-json\/wp\/v2\/pages"}],"about":[{"href":"https:\/\/envasadoxiomara.com\/fr\/wp-json\/wp\/v2\/types\/page"}],"author":[{"embeddable":true,"href":"https:\/\/envasadoxiomara.com\/fr\/wp-json\/wp\/v2\/users\/5"}],"replies":[{"embeddable":true,"href":"https:\/\/envasadoxiomara.com\/fr\/wp-json\/wp\/v2\/comments?post=3437"}],"version-history":[{"count":0,"href":"https:\/\/envasadoxiomara.com\/fr\/wp-json\/wp\/v2\/pages\/3437\/revisions"}],"wp:attachment":[{"href":"https:\/\/envasadoxiomara.com\/fr\/wp-json\/wp\/v2\/media?parent=3437"}],"curies":[{"name":"wp","href":"https:\/\/api.w.org\/{rel}","templated":true}]}}