{"id":4166,"date":"2020-07-14T10:40:14","date_gmt":"2020-07-14T10:40:14","guid":{"rendered":"https:\/\/envasadoxiomara.com\/politique-de-confidentialite\/"},"modified":"2023-02-27T15:16:09","modified_gmt":"2023-02-27T15:16:09","slug":"politique-de-confidentialite","status":"publish","type":"page","link":"https:\/\/envasadoxiomara.com\/fr\/politique-de-confidentialite\/","title":{"rendered":"POLITIQUE DE CONFIDENTIALIT\u00c9 ET PROTECTION DES DONN\u00c9ES"},"content":{"rendered":"<div class=\"wpb-content-wrapper\"><p>[vc_row full_width=&#8221;stretch_row_content&#8221; css=&#8221;.vc_custom_1596027685272{background-color: #f2f2f2 !important;}&#8221;][vc_column][vc_empty_space height=&#8221;16px&#8221;][vc_custom_heading source=&#8221;post_title&#8221; font_container=&#8221;tag:h1|text_align:center|color:%23ed3724&#8243; use_theme_fonts=&#8221;yes&#8221;][vc_empty_space height=&#8221;16px&#8221;][\/vc_column][\/vc_row][vc_row][vc_column][vc_column_text]<\/p>\n<ol>\n<li>\n<ol>\n<li><b> Collecte, traitement et utilisation des donn\u00e9es personnelles sur le site web\u00a0:<\/b><\/li>\n<\/ol>\n<p><span style=\"font-weight: 400;\">D\u2019apr\u00e8s les dispositions du r\u00e8glement g\u00e9n\u00e9ral sur la protection des donn\u00e9es 2016\/679 (RGPD) et de la loi organique 3\/2018 sur la protection des donn\u00e9es \u00e0 caract\u00e8re personnel et la garantie des droits num\u00e9riques (LOPDGDD), nous vous informons que pour pouvoir utiliser certains des services offerts sur notre site web, il peut \u00eatre n\u00e9cessaire de nous fournir certaines donn\u00e9es personnelles qui seront incorpor\u00e9es \u00e0 des fichiers automatis\u00e9s.<\/span><\/p>\n<p><span style=\"font-weight: 400;\">Conform\u00e9ment aux nouvelles dispositions du r\u00e8glement (UE) 2016\/679 du PE et du Conseil du 27 avril 2016 et de la loi organique 3\/2018 du 5 d\u00e9cembre sur la protection des donn\u00e9es \u00e0 caract\u00e8re personnel et la garantie des droits num\u00e9riques, relatives \u00e0 la protection des personnes physiques \u00e0 propos du traitement des donn\u00e9es \u00e0 caract\u00e8re personnel et \u00e0 la libre circulation de ces donn\u00e9es et abrogeant la directive 95\/46\/CE, nous vous informons que le responsable du traitement des donn\u00e9es est\u00a0:<\/span><\/p>\n<p><b><i>ENVASADO XIOMARA S.L.U.<\/i><\/b><\/p>\n<p><b><i>CIF : B45410610<\/i><\/b><\/p>\n<p><b><i>Si\u00e8ge social\u00a0: POL. INDUSTRIAL LA TORRECILLA CHICA 6, 45220 YELES (TOL\u00c8DE).<\/i><\/b><\/p>\n<p><b><i>Courrier \u00e9lectronique\u00a0: xiomara@envasadoxiomara.com\u00a0<\/i><\/b><\/p>\n<p><b><i>Site web\u00a0: www.envasadoxiomara.com<\/i><\/b><\/p>\n<p><span style=\"font-weight: 400;\">Pour toute observation concernant d\u2019\u00e9ventuelles atteintes aux droits de propri\u00e9t\u00e9 intellectuelle ou industrielle, ainsi que pour tout contenu du site web, vous pouvez contacter l\u2019entreprise par l\u2019un des moyens indiqu\u00e9s ci-dessus.\u00a0<\/span><\/p>\n<p><span style=\"font-weight: 400;\">Les contenus du site web sont destin\u00e9s \u00e0 informer les utilisateurs des services offerts par l\u2019entreprise pour donner suite aux demandes, d\u00e9marches ou formalit\u00e9s que l\u2019utilisateur effectue par le biais du site web. Les donn\u00e9es faisant l\u2019objet du traitement seront celles fournies par l&#8217;utilisateur \u00e0 travers les formulaires contenus dans la page \u00e0 un moment donn\u00e9 ou par le biais des courriers \u00e9lectroniques qu\u2019il envoie aux adresses \u00e9lectroniques y \u00e9tant identifi\u00e9es, ainsi que toute autre donn\u00e9e obtenue dans le cadre du maintien de la relation correspondante.<\/span><\/p>\n<p><span style=\"font-weight: 400;\">Tous les champs qui apparaissent comme obligatoires dans l\u2019un des formulaires doivent \u00eatre imp\u00e9rativement remplis, de sorte que l\u2019omission de l\u2019un d\u2019eux peut occasionner l\u2019impossibilit\u00e9 de notre part de r\u00e9pondre \u00e0 votre demande ou de vous fournir les services correspondants.<\/span><\/p>\n<p><span style=\"font-weight: 400;\">En outre, lors de cette collecte de donn\u00e9es, il est possible que votre consentement soit demand\u00e9 pour d&#8217;autres finalit\u00e9s qui ne sont pas directement li\u00e9es au service ou \u00e0 la relation correspondante. Si vous n\u2019\u00eates pas d\u2019accord avec ces traitements suppl\u00e9mentaires, cochez la case correspondante pr\u00e9vue \u00e0 cet effet.\u00a0<\/span><\/p>\n<p><span style=\"font-weight: 400;\">Demandeurs d\u2019informations\u00a0: Les donn\u00e9es personnelles utilis\u00e9es dans ces cas proviennent de la personne concern\u00e9e qui les fournit \u00e0 ENVASADO XIOMARA S.L.U. en remplissant le formulaire de contact du site web, en t\u00e9l\u00e9phonant ou en envoyant un courrier \u00e9lectronique.<\/span><\/p>\n<p><span style=\"font-weight: 400;\">Ces donn\u00e9es sont utilis\u00e9es dans le but de renseigner et de fournir des informations \u00e0 ceux qui le demandent ou l\u2019autorisent express\u00e9ment, principalement par le biais du courrier \u00e9lectronique.<\/span><\/p>\n<p><span style=\"font-weight: 400;\">La personne qui acc\u00e8de \u00e0 ce site web (ci-apr\u00e8s, l\u2019utilisateur), assure qu\u2019elle a l\u2019\u00e2ge minimum l\u00e9gal requis par le r\u00e8glement g\u00e9n\u00e9ral sur la protection des donn\u00e9es 679\/2016 (16 ans) ou par la r\u00e9glementation nationale qui lui est applicable pour donner son consentement en ce qui concerne les services de la soci\u00e9t\u00e9 de l\u2019information.<\/span><\/p>\n<p><span style=\"font-weight: 400;\">En acc\u00e9dant \u00e0 ce site web, l\u2019utilisateur accepte express\u00e9ment toutes les clauses de ses informations l\u00e9gales, de la pr\u00e9sente politique de confidentialit\u00e9 et de la politique de cookies, ainsi que toutes les conditions particuli\u00e8res recueillies pour l\u2019utilisation de certains services. S\u2019il n\u2019accepte pas certaines des clauses mentionn\u00e9es, l\u2019utilisateur devra s\u2019abstenir d&#8217;acc\u00e9der \u00e0 ce site web.<\/span><\/p>\n<p><span style=\"font-weight: 400;\">Si l\u2019utilisateur acc\u00e8de aux comptes d\u2019ENVASADO XIOMARA S.L.U. sur les r\u00e9seaux sociaux, il accepte le traitement de ses donn\u00e9es personnelles par ceux-ci selon leurs politiques de confidentialit\u00e9.<\/span><\/p>\n<ol start=\"2\">\n<li><b> Objectif du traitement des donn\u00e9es personnelles\u00a0:<\/b><\/li>\n<\/ol>\n<p><span style=\"font-weight: 400;\">ENVASADO XIOMARA S.L.U. traitera vos donn\u00e9es personnelles, recueillies par le biais du site web, aux fins suivantes\u00a0:<\/span><\/p>\n<p><span style=\"font-weight: 400;\">\u2013 L\u2019envoi des informations demand\u00e9es \u00e0 travers les formulaires de contact disponibles sur le site web dans le but de demander tout type de consultation li\u00e9e aux services fournis par l\u2019entreprise.<\/span><\/p>\n<p><span style=\"font-weight: 400;\">&#8211; Donn\u00e9es de votre curriculum vit\u00e6 envoy\u00e9 par n\u2019importe quel moyen. Le but est d\u2019\u00e9valuer votre candidature au cas o\u00f9 un poste vacant correspondant \u00e0 vos caract\u00e9ristiques se lib\u00e9rerait \u00e0 l\u2019avenir.<\/span><\/p>\n<p><span style=\"font-weight: 400;\">\u00a0<\/span><span style=\"font-weight: 400;\">De m\u00eame, nous vous rappelons que vous pouvez vous opposer \u00e0 l\u2019envoi de communications commerciales quel que soit le moyen et \u00e0 tout moment, en contactant ENVASADO XIOMARA S.L.U.<\/span><\/p>\n<p><span style=\"font-weight: 400;\">Les champs de ces inscriptions sont obligatoires, et il est impossible de remplir les objectifs cit\u00e9s si ces donn\u00e9es ne sont pas fournies.<\/span><\/p>\n<ol start=\"3\">\n<li><b> L\u00e9gitimation\u00a0:<\/b><\/li>\n<\/ol>\n<p><span style=\"font-weight: 400;\">Le traitement de vos donn\u00e9es est effectu\u00e9 sur les bases juridiques suivantes qui les l\u00e9galisent\u00a0:<\/span><\/p>\n<p><span style=\"font-weight: 400;\">&#8211; Le consentement libre, sp\u00e9cifique, inform\u00e9 et manifeste, alors que nous vous informons en mettant \u00e0 votre disposition la pr\u00e9sente politique de confidentialit\u00e9 que, apr\u00e8s sa lecture, si vous \u00eates d\u2019accord, vous pouvez accepter par une d\u00e9claration ou une action affirmative claire, comme cocher une case pr\u00e9vue \u00e0 cet effet.<\/span><\/p>\n<p><span style=\"font-weight: 400;\">Si vous ne nous fournissez pas vos donn\u00e9es ou si vous le faites de mani\u00e8re incorrecte ou incompl\u00e8te, nous ne pourrons pas r\u00e9pondre \u00e0 votre demande et il nous sera impossible de vous fournir les informations demand\u00e9es ou de mettre \u00e0 ex\u00e9cution les services contract\u00e9s.<\/span><\/p>\n<ol start=\"4\">\n<li><b> Garantie\u00a0:<\/b><\/li>\n<\/ol>\n<p><span style=\"font-weight: 400;\">L\u2019utilisateur garantit que les informations fournies sont vraies, exactes, compl\u00e8tes et \u00e0 jour, et est responsable de tout dommage ou tort, direct ou indirect, qui pourrait \u00eatre occasionn\u00e9 par le non-respect de cette obligation. Dans le cas o\u00f9 les donn\u00e9es fournies appartiendraient \u00e0 un tiers, l\u2019utilisateur garantit avoir inform\u00e9 ledit tiers et obtenu son autorisation pour fournir ses donn\u00e9es personnelles \u00e0 ENVASADO XIOMARA S.L.U.<\/span><\/p>\n<ol start=\"5\">\n<li><b> Conservation des donn\u00e9es\u00a0:<\/b><\/li>\n<\/ol>\n<p><span style=\"font-weight: 400;\">Vos donn\u00e9es seront conserv\u00e9es pendant la dur\u00e9e de la relation contractuelle ou pendant les ann\u00e9es n\u00e9cessaires au respect des obligations l\u00e9gales, tant que vous ne nous demandez pas d\u2019arr\u00eater ou pendant le temps n\u00e9cessaire \u00e0 l\u2019ex\u00e9cution des fins requises pour les donn\u00e9es collect\u00e9es.<\/span><\/p>\n<ol start=\"6\">\n<li><b> Destinataires\u00a0:<\/b><\/li>\n<\/ol>\n<p><span style=\"font-weight: 400;\">Vos donn\u00e9es seront conserv\u00e9es selon des mesures de s\u00e9curit\u00e9s strictes qui garantissent leur confidentialit\u00e9 et leur s\u00e9curit\u00e9. De m\u00eame, elles ne seront c\u00e9d\u00e9es qu\u2019aux entreprises indiqu\u00e9es ci-apr\u00e8s et aux fins suivantes\u00a0:<\/span><\/p>\n<p><span style=\"font-weight: 400;\">&#8211; Des entreprises et fournisseurs qui assurent des services \u00e0 ENVASADO XIOMARA S.L.U. pour la bonne r\u00e9alisation de ces services. Ces entreprises et fournisseurs sont d\u00fbment accr\u00e9dit\u00e9s et signent avec nous le contrat de traitement des donn\u00e9es correspondant, conform\u00e9ment \u00e0 la r\u00e9glementation en vigueur relative \u00e0 la protection des donn\u00e9es.<\/span><\/p>\n<p><span style=\"font-weight: 400;\">&#8211; Des organismes et entreprises officielles conform\u00e9ment aux r\u00e9glementations et lois en vigueur.<\/span><\/p>\n<p><span style=\"font-weight: 400;\">Tout transfert international de donn\u00e9es lors de l\u2019utilisation d\u2019applications am\u00e9ricaines sera r\u00e9gi par l\u2019accord Privacy Shield, qui garantit le respect des politiques europ\u00e9ennes de protection des donn\u00e9es en mati\u00e8re de confidentialit\u00e9 par les entreprises de logiciels am\u00e9ricaines.<\/span><\/p>\n<p><span style=\"font-weight: 400;\">Les donn\u00e9es ne seront pas communiqu\u00e9es \u00e0 des tiers en dehors d\u2019ENVASADO XIOMARA S.L.U., sauf dans les cas d\u00e9crits ci-dessus, obligation l\u00e9gale ou autorisation pr\u00e9alable.<\/span><\/p>\n<p><span style=\"font-weight: 400;\">Destinataires en dehors de l\u2019Union Europ\u00e9enne\u00a0: ENVASADO XIOMARA S.L.U. ne c\u00e8de pas de donn\u00e9es personnelles \u00e0 des tiers ni ne passe de contrats avec des fournisseurs prestataires de services hors de l\u2019Union Europ\u00e9enne.<\/span><\/p>\n<ol start=\"7\">\n<li><b> Droits\u00a0:<\/b><\/li>\n<\/ol>\n<p><span style=\"font-weight: 400;\">\u00c9tant donn\u00e9 que vous nous avez fourni vos donn\u00e9es personnelles, vous avez le droit d\u2019obtenir la confirmation si ENVASADO XIOMARA S.L.U. traite vos donn\u00e9es personnelles et, en somme, vous pouvez faire valoir les droits suivants que la r\u00e9glementation sur la protection des donn\u00e9es vous reconna\u00eet, conform\u00e9ment aux dispositions de celle-ci :<\/span><\/p>\n<p><span style=\"font-weight: 400;\">\u2013 Droit d\u2019acc\u00e8s \u00e0 vos donn\u00e9es personnelles.<\/span><\/p>\n<p><span style=\"font-weight: 400;\">\u2013 Droits de demander la RECTIFICATION des donn\u00e9es incorrectes.<\/span><\/p>\n<p><span style=\"font-weight: 400;\">\u2013 Droit de demander leur SUPPRESSION quand, entre autres raisons, les donn\u00e9es ne sont plus n\u00e9cessaires pour les fins auxquelles elles ont \u00e9t\u00e9 recueillies.<\/span><\/p>\n<p><span style=\"font-weight: 400;\">\u00a0\u2013 Dans certaines conditions, vous pourrez demander la LIMITATION DU TRAITEMENT de vos donn\u00e9es. Dans ce cas, nous les conserverons uniquement pour l\u2019exercice ou la d\u00e9fense des r\u00e9clamations.<\/span><\/p>\n<p><span style=\"font-weight: 400;\">\u2013 Dans certaines conditions et pour des raisons li\u00e9es \u00e0 leur situation personnelle, les personnes concern\u00e9es pourront faire valoir leur droit D\u2019OPPOSITION au traitement de leurs donn\u00e9es. Nous cesserons de traiter les donn\u00e9es, sauf pour des raisons l\u00e9gitimes imp\u00e9rieuses ou pour l\u2019exercice ou la d\u00e9fense de possibles r\u00e9clamations.<\/span><\/p>\n<p><span style=\"font-weight: 400;\">\u2013 Dans certaines conditions et pour des raisons li\u00e9es \u00e0 votre situation personnelle, vous pourrez faire valoir votre droit \u00e0 la PORTABILIT\u00c9 de vos donn\u00e9es.<\/span><\/p>\n<p><span style=\"font-weight: 400;\">Vous pouvez faire valoir ces droits ou demander des informations compl\u00e9mentaires en pr\u00e9sentant une copie d\u2019une pi\u00e8ce d\u2019identit\u00e9 et en exposant bri\u00e8vement votre cas et le droit que vous souhaitez exercer, par le biais d\u2019une lettre adress\u00e9e \u00e0 ENVASADO XIOMARA S.L.U. \u00e0 l\u2019adresse postale POL. INDUSTRIAL LA TORRECILLA CHICA 6, 45220 YELES (TOL\u00c8DE), ou bien par e-mail \u00e0 xiomara@envasadoxiomara.com.<\/span><\/p>\n<p><span style=\"font-weight: 400;\">En outre, en cas de violation de l\u2019un de ces droits, la personne concern\u00e9e a le droit de pr\u00e9senter une r\u00e9clamation aupr\u00e8s de l\u2019Agence espagnole de protection des donn\u00e9es (AEPD), \u00e0 C\/ Jorge Juan, 6, 28001-Madrid ou bien par le biais du site internet de l\u2019AEPD\u00a0: https:\/\/sedeagpd.gob.es\/sede-electronica-web\/.\u00a0<\/span><\/p>\n<ol start=\"8\">\n<li><b> Modifications<\/b><\/li>\n<\/ol>\n<p><span style=\"font-weight: 400;\">Nous nous r\u00e9servons le droit de modifier le pr\u00e9sent avis afin de l\u2019adapter \u00e0 la nouvelle l\u00e9gislation ou jurisprudence qui pourrait se pr\u00e9senter ou \u00eatre publi\u00e9e, ainsi que d\u2019apporter les modifications pertinentes conform\u00e9ment aux pratiques industrielles ou commerciales.<\/span><\/p>\n<p>&nbsp;<\/p>\n<ol start=\"9\">\n<li><b> Dur\u00e9e et modification de la politique de confidentialit\u00e9\u00a0:<\/b><\/li>\n<\/ol>\n<p><span style=\"font-weight: 400;\">ENVASADO XIOMARA S.L. se r\u00e9serve le droit de modifier, totalement ou partiellement, la pr\u00e9sente politique de confidentialit\u00e9, en publiant les changements sur le site web. Elle peut \u00e9galement apporter toute modification qu\u2019elle juge appropri\u00e9e sans pr\u00e9avis, et peut modifier, supprimer ou ajouter les contenus et les services qu\u2019elle fournit, ainsi que la mani\u00e8re dont ils sont pr\u00e9sent\u00e9s ou localis\u00e9s. Par cons\u00e9quent, les conditions g\u00e9n\u00e9rales\/politiques qui sont publi\u00e9es au moment o\u00f9 l\u2019utilisateur y acc\u00e8de seront en vigueur et doivent \u00eatre lues r\u00e9guli\u00e8rement.<\/span><\/p>\n<p><span style=\"font-weight: 400;\">Ind\u00e9pendamment de ce qui est pr\u00e9vu, ENVASADO XIOMARA S.L.U. peut mettre fin, suspendre ou interrompre, \u00e0 tout moment et sans pr\u00e9avis, l\u2019acc\u00e8s aux contenus du site web, sans que l\u2019utilisateur puisse exiger une quelconque indemnisation.<\/span><span style=\"font-weight: 400;\">\u00a0<\/span><\/p>\n<p><span style=\"font-weight: 400;\">Document r\u00e9dig\u00e9 et \u00e9labor\u00e9 par <\/span><a href=\"https:\/\/www.protectionreport.com\"><span style=\"font-weight: 400;\">PROTECTION REPORT S.L.<\/span><\/a><span style=\"font-weight: 400;\">, qui se r\u00e9serve les actions l\u00e9gales correspondantes contre toute personne qui copie et utilise le contenu de mani\u00e8re ill\u00e9gale.<\/span><\/p>\n<p><span style=\"font-weight: 400;\">Date de la derni\u00e8re mise \u00e0 jour, le 29 septembre 2020.<\/span><\/li>\n<\/ol>\n<p>[\/vc_column_text][\/vc_column][\/vc_row]<\/p>\n<\/div>","protected":false},"excerpt":{"rendered":"<p>[vc_row full_width=&#8221;stretch_row_content&#8221; css=&#8221;.vc_custom_1596027685272{background-color: #f2f2f2 !important;}&#8221;][vc_column][vc_empty_space height=&#8221;16px&#8221;][vc_custom_heading source=&#8221;post_title&#8221; font_container=&#8221;tag:h1|text_align:center|color:%23ed3724&#8243; use_theme_fonts=&#8221;yes&#8221;][vc_empty_space height=&#8221;16px&#8221;][\/vc_column][\/vc_row][vc_row][vc_column][vc_column_text] Collecte, traitement et utilisation des donn\u00e9es personnelles sur le site web\u00a0: D\u2019apr\u00e8s les dispositions du r\u00e8glement<span class=\"excerpt-hellip\"> [\u2026]<\/span><\/p>\n","protected":false},"author":5,"featured_media":0,"parent":0,"menu_order":0,"comment_status":"closed","ping_status":"closed","template":"","meta":{"footnotes":""},"class_list":["post-4166","page","type-page","status-publish","hentry"],"yoast_head":"<!-- This site is optimized with the Yoast SEO plugin v25.2 - https:\/\/yoast.com\/wordpress\/plugins\/seo\/ -->\n<title>POLITIQUE DE CONFIDENTIALIT\u00c9 ET PROTECTION DES DONN\u00c9ES | Envasados Xiomara<\/title>\n<meta name=\"description\" content=\"POLITIQUE DE CONFIDENTIALIT\u00c9 ET PROTECTION DES DONN\u00c9ES | Envasados Xiomara\" \/>\n<meta name=\"robots\" content=\"noindex, follow\" \/>\n<meta property=\"og:locale\" content=\"fr_FR\" \/>\n<meta property=\"og:type\" content=\"article\" \/>\n<meta property=\"og:title\" content=\"POLITIQUE DE CONFIDENTIALIT\u00c9 ET PROTECTION DES DONN\u00c9ES | Envasados Xiomara\" \/>\n<meta property=\"og:description\" content=\"POLITIQUE DE CONFIDENTIALIT\u00c9 ET PROTECTION DES DONN\u00c9ES | Envasados Xiomara\" \/>\n<meta property=\"og:url\" content=\"https:\/\/envasadoxiomara.com\/politicas-de-privacidad\/\" \/>\n<meta property=\"og:site_name\" content=\"Envasados Xiomara\" \/>\n<meta property=\"article:modified_time\" content=\"2023-02-27T15:16:09+00:00\" \/>\n<meta property=\"og:image\" content=\"https:\/\/envasadoxiomara.com\/wp-content\/uploads\/2017\/04\/logo-empresa-aerosoles-xiomara.jpg\" \/>\n\t<meta property=\"og:image:width\" content=\"434\" \/>\n\t<meta property=\"og:image:height\" content=\"198\" \/>\n\t<meta property=\"og:image:type\" content=\"image\/jpeg\" \/>\n<meta name=\"twitter:card\" content=\"summary_large_image\" \/>\n<meta name=\"twitter:label1\" content=\"Est. reading time\" \/>\n\t<meta name=\"twitter:data1\" content=\"10 minutes\" \/>\n<script type=\"application\/ld+json\" class=\"yoast-schema-graph\">{\"@context\":\"https:\/\/schema.org\",\"@graph\":[{\"@type\":\"WebPage\",\"@id\":\"https:\/\/envasadoxiomara.com\/politicas-de-privacidad\/\",\"url\":\"https:\/\/envasadoxiomara.com\/politicas-de-privacidad\/\",\"name\":\"POLITIQUE DE CONFIDENTIALIT\u00c9 ET PROTECTION DES DONN\u00c9ES | Envasados Xiomara\",\"isPartOf\":{\"@id\":\"https:\/\/envasadoxiomara.com\/#website\"},\"datePublished\":\"2020-07-14T10:40:14+00:00\",\"dateModified\":\"2023-02-27T15:16:09+00:00\",\"description\":\"POLITIQUE DE CONFIDENTIALIT\u00c9 ET PROTECTION DES DONN\u00c9ES | Envasados Xiomara\",\"breadcrumb\":{\"@id\":\"https:\/\/envasadoxiomara.com\/politicas-de-privacidad\/#breadcrumb\"},\"inLanguage\":\"fr-FR\",\"potentialAction\":[{\"@type\":\"ReadAction\",\"target\":[\"https:\/\/envasadoxiomara.com\/politicas-de-privacidad\/\"]}]},{\"@type\":\"BreadcrumbList\",\"@id\":\"https:\/\/envasadoxiomara.com\/politicas-de-privacidad\/#breadcrumb\",\"itemListElement\":[{\"@type\":\"ListItem\",\"position\":1,\"name\":\"Portada\",\"item\":\"https:\/\/envasadoxiomara.com\/fr\/fabricant-daerosols-en-espagne\/\"},{\"@type\":\"ListItem\",\"position\":2,\"name\":\"POLITIQUE DE CONFIDENTIALIT\u00c9 ET PROTECTION DES DONN\u00c9ES\"}]},{\"@type\":\"WebSite\",\"@id\":\"https:\/\/envasadoxiomara.com\/#website\",\"url\":\"https:\/\/envasadoxiomara.com\/\",\"name\":\"Envasados Xiomara\",\"description\":\"\",\"publisher\":{\"@id\":\"https:\/\/envasadoxiomara.com\/#organization\"},\"alternateName\":\"F\u00e1brica de aerosoles\",\"potentialAction\":[{\"@type\":\"SearchAction\",\"target\":{\"@type\":\"EntryPoint\",\"urlTemplate\":\"https:\/\/envasadoxiomara.com\/?s={search_term_string}\"},\"query-input\":{\"@type\":\"PropertyValueSpecification\",\"valueRequired\":true,\"valueName\":\"search_term_string\"}}],\"inLanguage\":\"fr-FR\"},{\"@type\":\"Organization\",\"@id\":\"https:\/\/envasadoxiomara.com\/#organization\",\"name\":\"Envasado Xiomara\",\"url\":\"https:\/\/envasadoxiomara.com\/\",\"logo\":{\"@type\":\"ImageObject\",\"inLanguage\":\"fr-FR\",\"@id\":\"https:\/\/envasadoxiomara.com\/#\/schema\/logo\/image\/\",\"url\":\"https:\/\/envasadoxiomara.com\/wp-content\/uploads\/2017\/04\/logo-empresa-aerosoles-xiomara.jpg\",\"contentUrl\":\"https:\/\/envasadoxiomara.com\/wp-content\/uploads\/2017\/04\/logo-empresa-aerosoles-xiomara.jpg\",\"width\":434,\"height\":198,\"caption\":\"Envasado Xiomara\"},\"image\":{\"@id\":\"https:\/\/envasadoxiomara.com\/#\/schema\/logo\/image\/\"}}]}<\/script>\n<!-- \/ Yoast SEO plugin. -->","yoast_head_json":{"title":"POLITIQUE DE CONFIDENTIALIT\u00c9 ET PROTECTION DES DONN\u00c9ES | Envasados Xiomara","description":"POLITIQUE DE CONFIDENTIALIT\u00c9 ET PROTECTION DES DONN\u00c9ES | Envasados Xiomara","robots":{"index":"noindex","follow":"follow"},"og_locale":"fr_FR","og_type":"article","og_title":"POLITIQUE DE CONFIDENTIALIT\u00c9 ET PROTECTION DES DONN\u00c9ES | Envasados Xiomara","og_description":"POLITIQUE DE CONFIDENTIALIT\u00c9 ET PROTECTION DES DONN\u00c9ES | Envasados Xiomara","og_url":"https:\/\/envasadoxiomara.com\/politicas-de-privacidad\/","og_site_name":"Envasados Xiomara","article_modified_time":"2023-02-27T15:16:09+00:00","og_image":[{"width":434,"height":198,"url":"https:\/\/envasadoxiomara.com\/wp-content\/uploads\/2017\/04\/logo-empresa-aerosoles-xiomara.jpg","type":"image\/jpeg"}],"twitter_card":"summary_large_image","twitter_misc":{"Est. reading time":"10 minutes"},"schema":{"@context":"https:\/\/schema.org","@graph":[{"@type":"WebPage","@id":"https:\/\/envasadoxiomara.com\/politicas-de-privacidad\/","url":"https:\/\/envasadoxiomara.com\/politicas-de-privacidad\/","name":"POLITIQUE DE CONFIDENTIALIT\u00c9 ET PROTECTION DES DONN\u00c9ES | Envasados Xiomara","isPartOf":{"@id":"https:\/\/envasadoxiomara.com\/#website"},"datePublished":"2020-07-14T10:40:14+00:00","dateModified":"2023-02-27T15:16:09+00:00","description":"POLITIQUE DE CONFIDENTIALIT\u00c9 ET PROTECTION DES DONN\u00c9ES | Envasados Xiomara","breadcrumb":{"@id":"https:\/\/envasadoxiomara.com\/politicas-de-privacidad\/#breadcrumb"},"inLanguage":"fr-FR","potentialAction":[{"@type":"ReadAction","target":["https:\/\/envasadoxiomara.com\/politicas-de-privacidad\/"]}]},{"@type":"BreadcrumbList","@id":"https:\/\/envasadoxiomara.com\/politicas-de-privacidad\/#breadcrumb","itemListElement":[{"@type":"ListItem","position":1,"name":"Portada","item":"https:\/\/envasadoxiomara.com\/fr\/fabricant-daerosols-en-espagne\/"},{"@type":"ListItem","position":2,"name":"POLITIQUE DE CONFIDENTIALIT\u00c9 ET PROTECTION DES DONN\u00c9ES"}]},{"@type":"WebSite","@id":"https:\/\/envasadoxiomara.com\/#website","url":"https:\/\/envasadoxiomara.com\/","name":"Envasados Xiomara","description":"","publisher":{"@id":"https:\/\/envasadoxiomara.com\/#organization"},"alternateName":"F\u00e1brica de aerosoles","potentialAction":[{"@type":"SearchAction","target":{"@type":"EntryPoint","urlTemplate":"https:\/\/envasadoxiomara.com\/?s={search_term_string}"},"query-input":{"@type":"PropertyValueSpecification","valueRequired":true,"valueName":"search_term_string"}}],"inLanguage":"fr-FR"},{"@type":"Organization","@id":"https:\/\/envasadoxiomara.com\/#organization","name":"Envasado Xiomara","url":"https:\/\/envasadoxiomara.com\/","logo":{"@type":"ImageObject","inLanguage":"fr-FR","@id":"https:\/\/envasadoxiomara.com\/#\/schema\/logo\/image\/","url":"https:\/\/envasadoxiomara.com\/wp-content\/uploads\/2017\/04\/logo-empresa-aerosoles-xiomara.jpg","contentUrl":"https:\/\/envasadoxiomara.com\/wp-content\/uploads\/2017\/04\/logo-empresa-aerosoles-xiomara.jpg","width":434,"height":198,"caption":"Envasado Xiomara"},"image":{"@id":"https:\/\/envasadoxiomara.com\/#\/schema\/logo\/image\/"}}]}},"_links":{"self":[{"href":"https:\/\/envasadoxiomara.com\/fr\/wp-json\/wp\/v2\/pages\/4166","targetHints":{"allow":["GET"]}}],"collection":[{"href":"https:\/\/envasadoxiomara.com\/fr\/wp-json\/wp\/v2\/pages"}],"about":[{"href":"https:\/\/envasadoxiomara.com\/fr\/wp-json\/wp\/v2\/types\/page"}],"author":[{"embeddable":true,"href":"https:\/\/envasadoxiomara.com\/fr\/wp-json\/wp\/v2\/users\/5"}],"replies":[{"embeddable":true,"href":"https:\/\/envasadoxiomara.com\/fr\/wp-json\/wp\/v2\/comments?post=4166"}],"version-history":[{"count":0,"href":"https:\/\/envasadoxiomara.com\/fr\/wp-json\/wp\/v2\/pages\/4166\/revisions"}],"wp:attachment":[{"href":"https:\/\/envasadoxiomara.com\/fr\/wp-json\/wp\/v2\/media?parent=4166"}],"curies":[{"name":"wp","href":"https:\/\/api.w.org\/{rel}","templated":true}]}}