{"id":4175,"date":"2020-07-14T10:42:16","date_gmt":"2020-07-14T10:42:16","guid":{"rendered":"https:\/\/envasadoxiomara.com\/avis-juridique\/"},"modified":"2020-07-14T10:42:16","modified_gmt":"2020-07-14T10:42:16","slug":"avis-juridique","status":"publish","type":"page","link":"https:\/\/envasadoxiomara.com\/fr\/avis-juridique\/","title":{"rendered":"Avis juridique"},"content":{"rendered":"<div class=\"wpb-content-wrapper\"><p>[vc_row full_width=&#8221;stretch_row&#8221; css=&#8221;.vc_custom_1594106009231{background-color: #f2f2f2 !important;}&#8221;][vc_column][vc_empty_space height=&#8221;16px&#8221;][vc_custom_heading source=&#8221;post_title&#8221; font_container=&#8221;tag:h1|text_align:center|color:%23ed3724&#8243; use_theme_fonts=&#8221;yes&#8221;][vc_empty_space height=&#8221;16px&#8221;][\/vc_column][\/vc_row][vc_row][vc_column][vc_column_text]<\/p>\n<h2><strong>Conditions d\u2019utilisation du Web<\/strong><\/h2>\n<p><strong>1.G\u00e9n\u00e9ralit\u00e9s<\/strong><\/p>\n<p>L\u2019utilisation de ce site en tant qu\u2019utilisateur implique l\u2019acceptation de ces conditions.<\/p>\n<p><strong>2. PROPRI\u00c9T\u00c9 INTELLECTUELLE<\/strong><\/p>\n<p>Tous les droits de la propri\u00e9t\u00e9 intellectuelle du site aerosolxiomara.com, y compris les \u00e9l\u00e9ments qui y sont contenus (ainsi: textes, logiciels, images, \u2026, etc.) appartiennent \u00e0 la soci\u00e9t\u00e9 XIOMARA, SL ou, le cas \u00e9ch\u00e9ant , \u00e0 des tiers.<br \/>\nL\u2019utilisateur peut afficher le contenu, imprim\u00e9s ou stock\u00e9s sur un support physique comme tant qu\u2019ils sont utilis\u00e9s uniquement et exclusivement pour un usage personnel et priv\u00e9. Il est interdit, donc la reproduction, la distribution, la modification, la d\u00e9compilation et la divulgation publique de celle \u2013 ci, tout ou en partie, sans propri\u00e9taire d\u2019autorisation de tous les droits mentionn\u00e9s, Xiomara, SL.<br \/>\nDe m\u00eame , ils sont prot\u00e9g\u00e9s par des noms commerciaux de la loi, logos, marques, etc., de tout contenu de notre site Web.<\/p>\n<p><strong>3. UTILISATION DU CONTENU<\/strong><\/p>\n<p>Sauf autorisation expresse du propri\u00e9taire, vous n\u2019\u00eates pas autoris\u00e9 \u00e0 reproduire, transmettre ou exploiter le contenu de ce site de quelque fa\u00e7on.<\/p>\n<p><strong>4. RESPONSABILIT\u00c9S<\/strong><\/p>\n<p>Bien que XIOMARA, SL met tout en \u0153uvre pour assurer la pr\u00e9cision et l\u2019 exactitude du contenu de ce site, il peut contenir des erreurs ou des inexactitudes dues \u00e0 des erreurs typographiques ou des informations d\u2019origine fournies par le fabricant. XIOMARA, SL rejette la responsabilit\u00e9 de l\u2019information contenue dans les pages Web de tiers reli\u00e9s par des liens (links) sur le site de XIOMARA, SL.<br \/>\nEn aucun cas, Xiomara, SL sera tenu responsable de toute perte ou dommage de toute nature r\u00e9sultant sur ou se rapportant \u00e0 l\u2019 utilisation de ce site.<br \/>\nVous devez indemniser la soci\u00e9t\u00e9 XIOMARA, SL contre tout dommage ou blessure r\u00e9sultant de votre violation de ces conditions ou l\u2019 utilisation du contenu de ce site sans l\u2019 autorisation.<\/p>\n<p><strong>5. DIVISIBILITE<\/strong><\/p>\n<p>Si une disposition de ces conditions est manquant ou passer invalide ou inapplicable en vertu du droit devenu applicable, cette disposition aurait aucun effet, mais seulement dans la mesure o\u00f9 tr\u00e8s manque de validit\u00e9, et ne porte pas atteinte \u00e0 toute autre disposition de ces conditions.<\/p>\n<p><strong>6. LOI ET JURIDICTION<\/strong><\/p>\n<p>Ces conditions d\u2019utilisation doivent \u00eatre interpr\u00e9t\u00e9es et r\u00e9gies par la loi espagnole. Tout litige d\u00e9coulant de ces conditions doit \u00eatre r\u00e9gl\u00e9 devant les tribunaux de Madrid pr\u00e8s de notre si\u00e8ge. Toutefois, cela ne l\u2019 emp\u00eache pas la soci\u00e9t\u00e9 XIOMARA, SL le droit de r\u00e9gler tout diff\u00e9rend dans une autre juridiction.<br \/>\nLes achats de la loi applicable \u00e0 fait XIOMARA, SL sont soumis \u00e0 la l\u00e9gislation espagnole et d\u2019 autres lois connexes, ce qui signifie les achats sont effectu\u00e9s \u00e0 la maison de XIOMARA, SL. En ce qui concerne tout diff\u00e9rend ou d\u00e9saccord pouvant survenir au sujet de l\u2019application ou l\u2019 interpr\u00e9tation de l\u2019accord d\u2019achat conclu, ou l\u2019 un de ses termes, les parties se soumettent aux tribunaux de Madrid pr\u00e8s de la si\u00e8ge social de XIOMARA, SL. La d\u00e9claration d\u2019invalidit\u00e9 d\u2019un ou plusieurs des conditions de jeu de vente, non essentiel, pas entra\u00eener la nullit\u00e9 de la convention d\u2019achat conclu que sera demeurera en vigueur.<\/p>\n<p><strong>7. MODIFICATIONS<\/strong><\/p>\n<p>XIOMARA, SL se r\u00e9serve le droit de modifier le contenu de ce site, et les prix des produits expos\u00e9s \u00e0 tout moment et sans pr\u00e9avis.<\/p>\n<p><strong>8. PROTECTION DES DONNEES<\/strong><\/p>\n<p>Dans le cadre du respect de la l\u00e9gislation en vigueur inclus dans la loi organique 15\/1999 du 13 D\u00e9cembre sur la protection des donn\u00e9es personnelles (LOPD), qui vise \u00e0 garantir et \u00e0 prot\u00e9ger, en ce qui concerne le traitement des donn\u00e9es personnelles, les libert\u00e9s et les droits fondamentaux des individus, et surtout leur honneur et l\u2019intimit\u00e9 personnelle, Xiomara, SL informe les utilisateurs que: XIOMARA, SL a adopt\u00e9 les mesures techniques et organisationnelles pr\u00e9vues dans la r\u00e9glementation en vigueur. XIOMARA, SL obtient seulement et conserve des informations sur le nombre de visites dans les diff\u00e9rentes pages de ce site et les pr\u00e9f\u00e9rences de recherche, et aucune utilisation de \u00ab cookies \u00bb ou des m\u00e9canismes similaires est fait. Ces informations sont totalement anonymes, car en aucun cas \u00eatre associ\u00e9 \u00e0 un utilisateur identifi\u00e9 avec nom, adresse, etc. Ces donn\u00e9es sont utilis\u00e9es pour les listes statistiques qui servent \u00e0 r\u00e9pondre aux go\u00fbts et typologie de l\u2019utilisateur, afin d\u2019am\u00e9liorer nos diff\u00e9rentes sections et de d\u00e9terminer l\u2019efficacit\u00e9 de nos offres. Les donn\u00e9es personnelles incluses dans le formulaire de contact (e-mail, t\u00e9l\u00e9phone. Adresse, localit\u00e9, nom, etc.) ne sont pas trait\u00e9es automatiquement une exception de la r\u00e9ponse de la r\u00e9ception \u00e0 la consultation et l\u2019envoi d\u2019un bulletin de promotion. XIOMARA, SL a adopt\u00e9 les niveaux de s\u00e9curit\u00e9 appropri\u00e9s aux donn\u00e9es fournies. L\u2019utilisateur peut \u00e0 tout moment exercer leurs droits en vertu de la loi, l\u2019acc\u00e8s, de rectification, annulation et opposition. L\u2019exercice de ces droits peut \u00eatre l\u2019utilisateur de toute page du site Web, de l\u2019un des e-mails que vous recevez et adresse e-mail xiomara@envasadoxiomara.com.<\/p>\n<p><strong>9. DIVERS<\/strong><\/p>\n<p>XIOMARA, SL est d\u00e9termin\u00e9 par cela ne signifie pas \u00e0 faire induire en erreur. A cet effet, par cons\u00e9quent, ils ne seront pas consid\u00e9r\u00e9es comme des erreurs formelles ou num\u00e9riques publicitaires faux qui peuvent \u00eatre trouv\u00e9s dans le contenu des diff\u00e9rentes sections du site, produit comme un r\u00e9sultat de la maintenance et \/ ou mise \u00e0 jour incompl\u00e8te ou d\u00e9fectueuse informations contenues dans ces sections.<br \/>\nXIOMARA, SL, conform\u00e9ment aux dispositions du pr\u00e9sent paragraphe, s\u2019engage \u00e0 corriger d\u00e8s qu\u2019il prend conscience de ces erreurs, si vous trouvez ou une question toute information, s\u2019il vous pla\u00eet laissez-nous faire savoir par le biais d\u2019 un e \u2013 mail \u00e0 direction de xiomara@envasadoxiomara.com. \u2013 XIOMARA, SL est pas responsable de la violation d\u2019une r\u00e8gle applicable qui peut \u00eatre encourue par l\u2019 utilisateur tout en acc\u00e9dant au site Web aerosolxiomara.com et \/ ou l\u2019 utilisation des informations qui y sont contenues.<br \/>\nXIOMARA, SL pas responsable des dommages caus\u00e9s ou susceptibles de se produire, quelle que soit leur nature, provenant de l\u2019utilisation de l\u2019 information, les questions contenues dans ce site Web et les programmes inclus. Les liens (liens) et de l\u2019 hypertexte , qui, \u00e0 travers le site Web, permettent \u00e0 l\u2019utilisateur d\u2019 acc\u00e9der \u00e0 des fonctionnalit\u00e9s et services offerts par des tiers en dehors de la soci\u00e9t\u00e9 XIOMARA, SL, la soci\u00e9t\u00e9 n\u2019est pas responsable ou les informations qui y sont contenues ou les effets qui pourraient r\u00e9sulter de ces informations.<br \/>\nXIOMARA, SL est pas responsable de l\u2019usage ill\u00e9gitime que des tiers peuvent faire des noms de marque, noms de produits, marques, non d\u00e9tenues par cette entit\u00e9, figurant sur le site Web. Il n\u2019est pas responsable de l\u2019int\u00e9grit\u00e9, la v\u00e9racit\u00e9 et la l\u00e9galit\u00e9 des liens de contenu aux sites Web qui peuvent \u00eatre accessibles \u00e0 partir aerosolxiomara.com.<br \/>\nXIOMARA, SL est pas responsable des virus qui proviennent d\u2019une transmission de donn\u00e9es par des tiers (par exemple, les macros de traitement de texte, les applets Java et les programmes Active X), cr\u00e9\u00e9 afin d\u2019obtenir des r\u00e9sultats n\u00e9gative pour un syst\u00e8me d\u2019ordinateur.<br \/>\nTous les produits, services, offres, prix et conditions affich\u00e9es sur la page sont pour l\u2019 usage exclusif de nos clients Internet, ayant co\u00efncider avec ceux offerts sur l\u2019 exposition physique.<\/p>\n<p><strong>Identification de la soci\u00e9t\u00e9:<\/strong><\/p>\n<p>NOM:\u00a0\u00a0<strong>PACKING XIOMARA, SL<\/strong><br \/>\nSIEGE SOCIAL: Industrial Estate La Torrecilla Girl, 6, 45220 Yeles, Toledo, Espagne.<br \/>\nT\u00c9L\u00c9PHONE:\u00a0<a href=\"tel:+34925545828\">(+34) 925 54 58 28<\/a><br \/>\nFAX:\u00a0\u00a0<a href=\"fax:+34925545796\">(+34) 925 54 57 96<\/a><br \/>\nADRESSE EMAIL:\u00a0<a href=\"mailto:xiomara@envasadoxiomara.com\">xiomara@envasadoxiomara.com<\/a>[\/vc_column_text][\/vc_column][\/vc_row]<\/p>\n<\/div>","protected":false},"excerpt":{"rendered":"<p>[vc_row full_width=&#8221;stretch_row&#8221; css=&#8221;.vc_custom_1594106009231{background-color: #f2f2f2 !important;}&#8221;][vc_column][vc_empty_space height=&#8221;16px&#8221;][vc_custom_heading source=&#8221;post_title&#8221; font_container=&#8221;tag:h1|text_align:center|color:%23ed3724&#8243; use_theme_fonts=&#8221;yes&#8221;][vc_empty_space height=&#8221;16px&#8221;][\/vc_column][\/vc_row][vc_row][vc_column][vc_column_text] Conditions d\u2019utilisation du Web 1.G\u00e9n\u00e9ralit\u00e9s L\u2019utilisation de ce site en tant qu\u2019utilisateur implique l\u2019acceptation de ces<span class=\"excerpt-hellip\"> [\u2026]<\/span><\/p>\n","protected":false},"author":5,"featured_media":0,"parent":0,"menu_order":0,"comment_status":"closed","ping_status":"closed","template":"","meta":{"footnotes":""},"class_list":["post-4175","page","type-page","status-publish","hentry"],"yoast_head":"<!-- This site is optimized with the Yoast SEO plugin v25.2 - https:\/\/yoast.com\/wordpress\/plugins\/seo\/ -->\n<title>Avis juridique | Envasados Xiomara<\/title>\n<meta name=\"description\" content=\"Avis juridique | Envasados Xiomara\" \/>\n<meta name=\"robots\" content=\"noindex, nofollow\" \/>\n<meta property=\"og:locale\" content=\"fr_FR\" \/>\n<meta property=\"og:type\" content=\"article\" \/>\n<meta property=\"og:title\" content=\"Avis juridique | Envasados Xiomara\" \/>\n<meta property=\"og:description\" content=\"Avis juridique | Envasados Xiomara\" \/>\n<meta property=\"og:url\" content=\"https:\/\/envasadoxiomara.com\/aviso-legal\/\" \/>\n<meta property=\"og:site_name\" content=\"Envasados Xiomara\" \/>\n<meta property=\"og:image\" content=\"https:\/\/envasadoxiomara.com\/wp-content\/uploads\/2017\/04\/logo-empresa-aerosoles-xiomara.jpg\" \/>\n\t<meta property=\"og:image:width\" content=\"434\" \/>\n\t<meta property=\"og:image:height\" content=\"198\" \/>\n\t<meta property=\"og:image:type\" content=\"image\/jpeg\" \/>\n<meta name=\"twitter:card\" content=\"summary_large_image\" \/>\n<meta name=\"twitter:label1\" content=\"Est. reading time\" \/>\n\t<meta name=\"twitter:data1\" content=\"7 minutes\" \/>\n<script type=\"application\/ld+json\" class=\"yoast-schema-graph\">{\"@context\":\"https:\/\/schema.org\",\"@graph\":[{\"@type\":\"WebPage\",\"@id\":\"https:\/\/envasadoxiomara.com\/aviso-legal\/\",\"url\":\"https:\/\/envasadoxiomara.com\/aviso-legal\/\",\"name\":\"Avis juridique | Envasados Xiomara\",\"isPartOf\":{\"@id\":\"https:\/\/envasadoxiomara.com\/#website\"},\"datePublished\":\"2020-07-14T10:42:16+00:00\",\"description\":\"Avis juridique | Envasados Xiomara\",\"breadcrumb\":{\"@id\":\"https:\/\/envasadoxiomara.com\/aviso-legal\/#breadcrumb\"},\"inLanguage\":\"fr-FR\",\"potentialAction\":[{\"@type\":\"ReadAction\",\"target\":[\"https:\/\/envasadoxiomara.com\/aviso-legal\/\"]}]},{\"@type\":\"BreadcrumbList\",\"@id\":\"https:\/\/envasadoxiomara.com\/aviso-legal\/#breadcrumb\",\"itemListElement\":[{\"@type\":\"ListItem\",\"position\":1,\"name\":\"Portada\",\"item\":\"https:\/\/envasadoxiomara.com\/fr\/fabricant-daerosols-en-espagne\/\"},{\"@type\":\"ListItem\",\"position\":2,\"name\":\"Avis juridique\"}]},{\"@type\":\"WebSite\",\"@id\":\"https:\/\/envasadoxiomara.com\/#website\",\"url\":\"https:\/\/envasadoxiomara.com\/\",\"name\":\"Envasados Xiomara\",\"description\":\"\",\"publisher\":{\"@id\":\"https:\/\/envasadoxiomara.com\/#organization\"},\"alternateName\":\"F\u00e1brica de aerosoles\",\"potentialAction\":[{\"@type\":\"SearchAction\",\"target\":{\"@type\":\"EntryPoint\",\"urlTemplate\":\"https:\/\/envasadoxiomara.com\/?s={search_term_string}\"},\"query-input\":{\"@type\":\"PropertyValueSpecification\",\"valueRequired\":true,\"valueName\":\"search_term_string\"}}],\"inLanguage\":\"fr-FR\"},{\"@type\":\"Organization\",\"@id\":\"https:\/\/envasadoxiomara.com\/#organization\",\"name\":\"Envasado Xiomara\",\"url\":\"https:\/\/envasadoxiomara.com\/\",\"logo\":{\"@type\":\"ImageObject\",\"inLanguage\":\"fr-FR\",\"@id\":\"https:\/\/envasadoxiomara.com\/#\/schema\/logo\/image\/\",\"url\":\"https:\/\/envasadoxiomara.com\/wp-content\/uploads\/2017\/04\/logo-empresa-aerosoles-xiomara.jpg\",\"contentUrl\":\"https:\/\/envasadoxiomara.com\/wp-content\/uploads\/2017\/04\/logo-empresa-aerosoles-xiomara.jpg\",\"width\":434,\"height\":198,\"caption\":\"Envasado Xiomara\"},\"image\":{\"@id\":\"https:\/\/envasadoxiomara.com\/#\/schema\/logo\/image\/\"}}]}<\/script>\n<!-- \/ Yoast SEO plugin. -->","yoast_head_json":{"title":"Avis juridique | Envasados Xiomara","description":"Avis juridique | Envasados Xiomara","robots":{"index":"noindex","follow":"nofollow"},"og_locale":"fr_FR","og_type":"article","og_title":"Avis juridique | Envasados Xiomara","og_description":"Avis juridique | Envasados Xiomara","og_url":"https:\/\/envasadoxiomara.com\/aviso-legal\/","og_site_name":"Envasados Xiomara","og_image":[{"width":434,"height":198,"url":"https:\/\/envasadoxiomara.com\/wp-content\/uploads\/2017\/04\/logo-empresa-aerosoles-xiomara.jpg","type":"image\/jpeg"}],"twitter_card":"summary_large_image","twitter_misc":{"Est. reading time":"7 minutes"},"schema":{"@context":"https:\/\/schema.org","@graph":[{"@type":"WebPage","@id":"https:\/\/envasadoxiomara.com\/aviso-legal\/","url":"https:\/\/envasadoxiomara.com\/aviso-legal\/","name":"Avis juridique | Envasados Xiomara","isPartOf":{"@id":"https:\/\/envasadoxiomara.com\/#website"},"datePublished":"2020-07-14T10:42:16+00:00","description":"Avis juridique | Envasados Xiomara","breadcrumb":{"@id":"https:\/\/envasadoxiomara.com\/aviso-legal\/#breadcrumb"},"inLanguage":"fr-FR","potentialAction":[{"@type":"ReadAction","target":["https:\/\/envasadoxiomara.com\/aviso-legal\/"]}]},{"@type":"BreadcrumbList","@id":"https:\/\/envasadoxiomara.com\/aviso-legal\/#breadcrumb","itemListElement":[{"@type":"ListItem","position":1,"name":"Portada","item":"https:\/\/envasadoxiomara.com\/fr\/fabricant-daerosols-en-espagne\/"},{"@type":"ListItem","position":2,"name":"Avis juridique"}]},{"@type":"WebSite","@id":"https:\/\/envasadoxiomara.com\/#website","url":"https:\/\/envasadoxiomara.com\/","name":"Envasados Xiomara","description":"","publisher":{"@id":"https:\/\/envasadoxiomara.com\/#organization"},"alternateName":"F\u00e1brica de aerosoles","potentialAction":[{"@type":"SearchAction","target":{"@type":"EntryPoint","urlTemplate":"https:\/\/envasadoxiomara.com\/?s={search_term_string}"},"query-input":{"@type":"PropertyValueSpecification","valueRequired":true,"valueName":"search_term_string"}}],"inLanguage":"fr-FR"},{"@type":"Organization","@id":"https:\/\/envasadoxiomara.com\/#organization","name":"Envasado Xiomara","url":"https:\/\/envasadoxiomara.com\/","logo":{"@type":"ImageObject","inLanguage":"fr-FR","@id":"https:\/\/envasadoxiomara.com\/#\/schema\/logo\/image\/","url":"https:\/\/envasadoxiomara.com\/wp-content\/uploads\/2017\/04\/logo-empresa-aerosoles-xiomara.jpg","contentUrl":"https:\/\/envasadoxiomara.com\/wp-content\/uploads\/2017\/04\/logo-empresa-aerosoles-xiomara.jpg","width":434,"height":198,"caption":"Envasado Xiomara"},"image":{"@id":"https:\/\/envasadoxiomara.com\/#\/schema\/logo\/image\/"}}]}},"_links":{"self":[{"href":"https:\/\/envasadoxiomara.com\/fr\/wp-json\/wp\/v2\/pages\/4175","targetHints":{"allow":["GET"]}}],"collection":[{"href":"https:\/\/envasadoxiomara.com\/fr\/wp-json\/wp\/v2\/pages"}],"about":[{"href":"https:\/\/envasadoxiomara.com\/fr\/wp-json\/wp\/v2\/types\/page"}],"author":[{"embeddable":true,"href":"https:\/\/envasadoxiomara.com\/fr\/wp-json\/wp\/v2\/users\/5"}],"replies":[{"embeddable":true,"href":"https:\/\/envasadoxiomara.com\/fr\/wp-json\/wp\/v2\/comments?post=4175"}],"version-history":[{"count":0,"href":"https:\/\/envasadoxiomara.com\/fr\/wp-json\/wp\/v2\/pages\/4175\/revisions"}],"wp:attachment":[{"href":"https:\/\/envasadoxiomara.com\/fr\/wp-json\/wp\/v2\/media?parent=4175"}],"curies":[{"name":"wp","href":"https:\/\/api.w.org\/{rel}","templated":true}]}}