{"id":11143,"date":"2020-06-19T09:44:41","date_gmt":"2020-06-19T09:44:41","guid":{"rendered":"https:\/\/envasadoxiomara.com\/tienda\/non class\u00e9\/huile-lubrifiante-spray-1000-usages-250-ml-avec-canule\/"},"modified":"2020-06-19T09:44:41","modified_gmt":"2020-06-19T09:44:41","slug":"huile-lubrifiante-spray-1000-usages-250-ml-avec-canule","status":"publish","type":"product","link":"https:\/\/envasadoxiomara.com\/fr\/tienda\/automobile-et-diy\/produits-pour-lautomobile\/sprays-automobiles\/huile-lubrifiante-spray-1000-usages-250-ml-avec-canule\/","title":{"rendered":"HUILE LUBRIFIANTE SPRAY 1000 USAGES 250\u00a0ml. AVEC CANULE"},"content":{"rendered":"<p>L\u2019huile lubrifiante spray 1000 usages lubrifie et expulse l\u2019humidit\u00e9 des surfaces m\u00e9talliques. Elle permet de desserrer et de lib\u00e9rer les pi\u00e8ces gripp\u00e9es et rouill\u00e9es, de les lubrifier et d\u2019\u00e9liminer les grincements. Elle peut s\u2019utiliser pour lubrifier tous les types de serrures, charni\u00e8res, ressorts, machines m\u00e9nag\u00e8res, etc. car elle forme une couche protectrice \u00e0 la surface et emp\u00eache la salet\u00e9 de s&#8217;incruster, ce qui augmente la dur\u00e9e de vie utile de ces \u00e9l\u00e9ments.<\/p>\n<h6><strong>Mode d\u2019emploi<\/strong><\/h6>\n<p>Vaporiser directement sur les pi\u00e8ces ou les zones requises. Si vous souhaitez lubrifier une zone sp\u00e9cifique, nettoyez soigneusement les points \u00e0 graisser, en \u00e9liminant les restes de salet\u00e9, la graisse et m\u00eame les lubrifiants pr\u00e9c\u00e9dents.<\/p>\n","protected":false},"excerpt":{"rendered":"<p>L\u2019huile lubrifiante spray 1000 usages lubrifie et expulse l\u2019humidit\u00e9 des surfaces m\u00e9talliques. Elle permet de desserrer et de lib\u00e9rer les pi\u00e8ces gripp\u00e9es et rouill\u00e9es, de les<span class=\"excerpt-hellip\"> [\u2026]<\/span><\/p>\n","protected":false},"featured_media":10359,"comment_status":"open","ping_status":"closed","template":"","meta":[],"pwb-brand":[],"product_brand":[],"product_cat":[218,219,220],"product_tag":[],"class_list":{"0":"post-11143","1":"product","2":"type-product","3":"status-publish","4":"has-post-thumbnail","6":"product_cat-automobile-et-diy","7":"product_cat-produits-pour-lautomobile","8":"product_cat-sprays-automobiles","10":"first","11":"instock","12":"product-type-simple"},"yoast_head":"<!-- This site is optimized with the Yoast SEO plugin v25.2 - https:\/\/yoast.com\/wordpress\/plugins\/seo\/ -->\n<title>HUILE LUBRIFIANTE SPRAY 1000 USAGES 250\u00a0ml. AVEC CANULE | Envasados Xiomara<\/title>\n<meta name=\"description\" content=\"HUILE LUBRIFIANTE SPRAY 1000 USAGES 250\u00a0ml. AVEC CANULE Descubre nuestro amplio cat\u00e1logo.\" \/>\n<meta name=\"robots\" content=\"index, follow, max-snippet:-1, max-image-preview:large, max-video-preview:-1\" \/>\n<link rel=\"canonical\" href=\"https:\/\/envasadoxiomara.com\/fr\/tienda\/automobile-et-diy\/produits-pour-lautomobile\/sprays-automobiles\/huile-lubrifiante-spray-1000-usages-250-ml-avec-canule\/\" \/>\n<meta property=\"og:locale\" content=\"fr_FR\" \/>\n<meta property=\"og:type\" content=\"article\" \/>\n<meta property=\"og:title\" content=\"HUILE LUBRIFIANTE SPRAY 1000 USAGES 250\u00a0ml. AVEC CANULE | Envasados Xiomara\" \/>\n<meta property=\"og:description\" content=\"HUILE LUBRIFIANTE SPRAY 1000 USAGES 250\u00a0ml. AVEC CANULE Descubre nuestro amplio cat\u00e1logo.\" \/>\n<meta property=\"og:url\" content=\"https:\/\/envasadoxiomara.com\/fr\/tienda\/automobile-et-diy\/produits-pour-lautomobile\/sprays-automobiles\/huile-lubrifiante-spray-1000-usages-250-ml-avec-canule\/\" \/>\n<meta property=\"og:site_name\" content=\"Envasados Xiomara\" \/>\n<meta property=\"og:image\" content=\"https:\/\/envasadoxiomara.com\/wp-content\/uploads\/2020\/06\/6469.png\" \/>\n\t<meta property=\"og:image:width\" content=\"600\" \/>\n\t<meta property=\"og:image:height\" content=\"600\" \/>\n\t<meta property=\"og:image:type\" content=\"image\/png\" \/>\n<meta name=\"twitter:card\" content=\"summary_large_image\" \/>\n<meta name=\"twitter:label1\" content=\"Est. reading time\" \/>\n\t<meta name=\"twitter:data1\" content=\"1 minute\" \/>\n<script type=\"application\/ld+json\" class=\"yoast-schema-graph\">{\"@context\":\"https:\/\/schema.org\",\"@graph\":[{\"@type\":\"WebPage\",\"@id\":\"https:\/\/envasadoxiomara.com\/fr\/tienda\/automobile-et-diy\/produits-pour-lautomobile\/sprays-automobiles\/huile-lubrifiante-spray-1000-usages-250-ml-avec-canule\/\",\"url\":\"https:\/\/envasadoxiomara.com\/fr\/tienda\/automobile-et-diy\/produits-pour-lautomobile\/sprays-automobiles\/huile-lubrifiante-spray-1000-usages-250-ml-avec-canule\/\",\"name\":\"HUILE LUBRIFIANTE SPRAY 1000 USAGES 250\u00a0ml. AVEC CANULE | Envasados Xiomara\",\"isPartOf\":{\"@id\":\"https:\/\/envasadoxiomara.com\/#website\"},\"primaryImageOfPage\":{\"@id\":\"https:\/\/envasadoxiomara.com\/fr\/tienda\/automobile-et-diy\/produits-pour-lautomobile\/sprays-automobiles\/huile-lubrifiante-spray-1000-usages-250-ml-avec-canule\/#primaryimage\"},\"image\":{\"@id\":\"https:\/\/envasadoxiomara.com\/fr\/tienda\/automobile-et-diy\/produits-pour-lautomobile\/sprays-automobiles\/huile-lubrifiante-spray-1000-usages-250-ml-avec-canule\/#primaryimage\"},\"thumbnailUrl\":\"https:\/\/envasadoxiomara.com\/wp-content\/uploads\/2020\/06\/6469.png\",\"datePublished\":\"2020-06-19T09:44:41+00:00\",\"description\":\"HUILE LUBRIFIANTE SPRAY 1000 USAGES 250\u00a0ml. AVEC CANULE Descubre nuestro amplio cat\u00e1logo.\",\"breadcrumb\":{\"@id\":\"https:\/\/envasadoxiomara.com\/fr\/tienda\/automobile-et-diy\/produits-pour-lautomobile\/sprays-automobiles\/huile-lubrifiante-spray-1000-usages-250-ml-avec-canule\/#breadcrumb\"},\"inLanguage\":\"fr-FR\",\"potentialAction\":[{\"@type\":\"ReadAction\",\"target\":[\"https:\/\/envasadoxiomara.com\/fr\/tienda\/automobile-et-diy\/produits-pour-lautomobile\/sprays-automobiles\/huile-lubrifiante-spray-1000-usages-250-ml-avec-canule\/\"]}]},{\"@type\":\"ImageObject\",\"inLanguage\":\"fr-FR\",\"@id\":\"https:\/\/envasadoxiomara.com\/fr\/tienda\/automobile-et-diy\/produits-pour-lautomobile\/sprays-automobiles\/huile-lubrifiante-spray-1000-usages-250-ml-avec-canule\/#primaryimage\",\"url\":\"https:\/\/envasadoxiomara.com\/wp-content\/uploads\/2020\/06\/6469.png\",\"contentUrl\":\"https:\/\/envasadoxiomara.com\/wp-content\/uploads\/2020\/06\/6469.png\",\"width\":600,\"height\":600,\"caption\":\"Aceite Lubricante Antioxidante\"},{\"@type\":\"BreadcrumbList\",\"@id\":\"https:\/\/envasadoxiomara.com\/fr\/tienda\/automobile-et-diy\/produits-pour-lautomobile\/sprays-automobiles\/huile-lubrifiante-spray-1000-usages-250-ml-avec-canule\/#breadcrumb\",\"itemListElement\":[{\"@type\":\"ListItem\",\"position\":1,\"name\":\"Portada\",\"item\":\"https:\/\/envasadoxiomara.com\/fr\/fabricant-daerosols-en-espagne\/\"},{\"@type\":\"ListItem\",\"position\":2,\"name\":\"Tienda\",\"item\":\"https:\/\/envasadoxiomara.com\/tienda\/\"},{\"@type\":\"ListItem\",\"position\":3,\"name\":\"HUILE LUBRIFIANTE SPRAY 1000 USAGES 250\u00a0ml. AVEC CANULE\"}]},{\"@type\":\"WebSite\",\"@id\":\"https:\/\/envasadoxiomara.com\/#website\",\"url\":\"https:\/\/envasadoxiomara.com\/\",\"name\":\"Envasados Xiomara\",\"description\":\"\",\"publisher\":{\"@id\":\"https:\/\/envasadoxiomara.com\/#organization\"},\"alternateName\":\"F\u00e1brica de aerosoles\",\"potentialAction\":[{\"@type\":\"SearchAction\",\"target\":{\"@type\":\"EntryPoint\",\"urlTemplate\":\"https:\/\/envasadoxiomara.com\/?s={search_term_string}\"},\"query-input\":{\"@type\":\"PropertyValueSpecification\",\"valueRequired\":true,\"valueName\":\"search_term_string\"}}],\"inLanguage\":\"fr-FR\"},{\"@type\":\"Organization\",\"@id\":\"https:\/\/envasadoxiomara.com\/#organization\",\"name\":\"Envasado Xiomara\",\"url\":\"https:\/\/envasadoxiomara.com\/\",\"logo\":{\"@type\":\"ImageObject\",\"inLanguage\":\"fr-FR\",\"@id\":\"https:\/\/envasadoxiomara.com\/#\/schema\/logo\/image\/\",\"url\":\"https:\/\/envasadoxiomara.com\/wp-content\/uploads\/2017\/04\/logo-empresa-aerosoles-xiomara.jpg\",\"contentUrl\":\"https:\/\/envasadoxiomara.com\/wp-content\/uploads\/2017\/04\/logo-empresa-aerosoles-xiomara.jpg\",\"width\":434,\"height\":198,\"caption\":\"Envasado Xiomara\"},\"image\":{\"@id\":\"https:\/\/envasadoxiomara.com\/#\/schema\/logo\/image\/\"}}]}<\/script>\n<!-- \/ Yoast SEO plugin. -->","yoast_head_json":{"title":"HUILE LUBRIFIANTE SPRAY 1000 USAGES 250\u00a0ml. AVEC CANULE | Envasados Xiomara","description":"HUILE LUBRIFIANTE SPRAY 1000 USAGES 250\u00a0ml. AVEC CANULE Descubre nuestro amplio cat\u00e1logo.","robots":{"index":"index","follow":"follow","max-snippet":"max-snippet:-1","max-image-preview":"max-image-preview:large","max-video-preview":"max-video-preview:-1"},"canonical":"https:\/\/envasadoxiomara.com\/fr\/tienda\/automobile-et-diy\/produits-pour-lautomobile\/sprays-automobiles\/huile-lubrifiante-spray-1000-usages-250-ml-avec-canule\/","og_locale":"fr_FR","og_type":"article","og_title":"HUILE LUBRIFIANTE SPRAY 1000 USAGES 250\u00a0ml. AVEC CANULE | Envasados Xiomara","og_description":"HUILE LUBRIFIANTE SPRAY 1000 USAGES 250\u00a0ml. AVEC CANULE Descubre nuestro amplio cat\u00e1logo.","og_url":"https:\/\/envasadoxiomara.com\/fr\/tienda\/automobile-et-diy\/produits-pour-lautomobile\/sprays-automobiles\/huile-lubrifiante-spray-1000-usages-250-ml-avec-canule\/","og_site_name":"Envasados Xiomara","og_image":[{"width":600,"height":600,"url":"https:\/\/envasadoxiomara.com\/wp-content\/uploads\/2020\/06\/6469.png","type":"image\/png"}],"twitter_card":"summary_large_image","twitter_misc":{"Est. reading time":"1 minute"},"schema":{"@context":"https:\/\/schema.org","@graph":[{"@type":"WebPage","@id":"https:\/\/envasadoxiomara.com\/fr\/tienda\/automobile-et-diy\/produits-pour-lautomobile\/sprays-automobiles\/huile-lubrifiante-spray-1000-usages-250-ml-avec-canule\/","url":"https:\/\/envasadoxiomara.com\/fr\/tienda\/automobile-et-diy\/produits-pour-lautomobile\/sprays-automobiles\/huile-lubrifiante-spray-1000-usages-250-ml-avec-canule\/","name":"HUILE LUBRIFIANTE SPRAY 1000 USAGES 250\u00a0ml. AVEC CANULE | Envasados Xiomara","isPartOf":{"@id":"https:\/\/envasadoxiomara.com\/#website"},"primaryImageOfPage":{"@id":"https:\/\/envasadoxiomara.com\/fr\/tienda\/automobile-et-diy\/produits-pour-lautomobile\/sprays-automobiles\/huile-lubrifiante-spray-1000-usages-250-ml-avec-canule\/#primaryimage"},"image":{"@id":"https:\/\/envasadoxiomara.com\/fr\/tienda\/automobile-et-diy\/produits-pour-lautomobile\/sprays-automobiles\/huile-lubrifiante-spray-1000-usages-250-ml-avec-canule\/#primaryimage"},"thumbnailUrl":"https:\/\/envasadoxiomara.com\/wp-content\/uploads\/2020\/06\/6469.png","datePublished":"2020-06-19T09:44:41+00:00","description":"HUILE LUBRIFIANTE SPRAY 1000 USAGES 250\u00a0ml. AVEC CANULE Descubre nuestro amplio cat\u00e1logo.","breadcrumb":{"@id":"https:\/\/envasadoxiomara.com\/fr\/tienda\/automobile-et-diy\/produits-pour-lautomobile\/sprays-automobiles\/huile-lubrifiante-spray-1000-usages-250-ml-avec-canule\/#breadcrumb"},"inLanguage":"fr-FR","potentialAction":[{"@type":"ReadAction","target":["https:\/\/envasadoxiomara.com\/fr\/tienda\/automobile-et-diy\/produits-pour-lautomobile\/sprays-automobiles\/huile-lubrifiante-spray-1000-usages-250-ml-avec-canule\/"]}]},{"@type":"ImageObject","inLanguage":"fr-FR","@id":"https:\/\/envasadoxiomara.com\/fr\/tienda\/automobile-et-diy\/produits-pour-lautomobile\/sprays-automobiles\/huile-lubrifiante-spray-1000-usages-250-ml-avec-canule\/#primaryimage","url":"https:\/\/envasadoxiomara.com\/wp-content\/uploads\/2020\/06\/6469.png","contentUrl":"https:\/\/envasadoxiomara.com\/wp-content\/uploads\/2020\/06\/6469.png","width":600,"height":600,"caption":"Aceite Lubricante Antioxidante"},{"@type":"BreadcrumbList","@id":"https:\/\/envasadoxiomara.com\/fr\/tienda\/automobile-et-diy\/produits-pour-lautomobile\/sprays-automobiles\/huile-lubrifiante-spray-1000-usages-250-ml-avec-canule\/#breadcrumb","itemListElement":[{"@type":"ListItem","position":1,"name":"Portada","item":"https:\/\/envasadoxiomara.com\/fr\/fabricant-daerosols-en-espagne\/"},{"@type":"ListItem","position":2,"name":"Tienda","item":"https:\/\/envasadoxiomara.com\/tienda\/"},{"@type":"ListItem","position":3,"name":"HUILE LUBRIFIANTE SPRAY 1000 USAGES 250\u00a0ml. AVEC CANULE"}]},{"@type":"WebSite","@id":"https:\/\/envasadoxiomara.com\/#website","url":"https:\/\/envasadoxiomara.com\/","name":"Envasados Xiomara","description":"","publisher":{"@id":"https:\/\/envasadoxiomara.com\/#organization"},"alternateName":"F\u00e1brica de aerosoles","potentialAction":[{"@type":"SearchAction","target":{"@type":"EntryPoint","urlTemplate":"https:\/\/envasadoxiomara.com\/?s={search_term_string}"},"query-input":{"@type":"PropertyValueSpecification","valueRequired":true,"valueName":"search_term_string"}}],"inLanguage":"fr-FR"},{"@type":"Organization","@id":"https:\/\/envasadoxiomara.com\/#organization","name":"Envasado Xiomara","url":"https:\/\/envasadoxiomara.com\/","logo":{"@type":"ImageObject","inLanguage":"fr-FR","@id":"https:\/\/envasadoxiomara.com\/#\/schema\/logo\/image\/","url":"https:\/\/envasadoxiomara.com\/wp-content\/uploads\/2017\/04\/logo-empresa-aerosoles-xiomara.jpg","contentUrl":"https:\/\/envasadoxiomara.com\/wp-content\/uploads\/2017\/04\/logo-empresa-aerosoles-xiomara.jpg","width":434,"height":198,"caption":"Envasado Xiomara"},"image":{"@id":"https:\/\/envasadoxiomara.com\/#\/schema\/logo\/image\/"}}]}},"brands":[],"_links":{"self":[{"href":"https:\/\/envasadoxiomara.com\/fr\/wp-json\/wp\/v2\/product\/11143","targetHints":{"allow":["GET"]}}],"collection":[{"href":"https:\/\/envasadoxiomara.com\/fr\/wp-json\/wp\/v2\/product"}],"about":[{"href":"https:\/\/envasadoxiomara.com\/fr\/wp-json\/wp\/v2\/types\/product"}],"replies":[{"embeddable":true,"href":"https:\/\/envasadoxiomara.com\/fr\/wp-json\/wp\/v2\/comments?post=11143"}],"wp:featuredmedia":[{"embeddable":true,"href":"https:\/\/envasadoxiomara.com\/fr\/wp-json\/wp\/v2\/media\/10359"}],"wp:attachment":[{"href":"https:\/\/envasadoxiomara.com\/fr\/wp-json\/wp\/v2\/media?parent=11143"}],"wp:term":[{"taxonomy":"pwb-brand","embeddable":true,"href":"https:\/\/envasadoxiomara.com\/fr\/wp-json\/wp\/v2\/pwb-brand?post=11143"},{"taxonomy":"product_brand","embeddable":true,"href":"https:\/\/envasadoxiomara.com\/fr\/wp-json\/wp\/v2\/product_brand?post=11143"},{"taxonomy":"product_cat","embeddable":true,"href":"https:\/\/envasadoxiomara.com\/fr\/wp-json\/wp\/v2\/product_cat?post=11143"},{"taxonomy":"product_tag","embeddable":true,"href":"https:\/\/envasadoxiomara.com\/fr\/wp-json\/wp\/v2\/product_tag?post=11143"}],"curies":[{"name":"wp","href":"https:\/\/api.w.org\/{rel}","templated":true}]}}