{"id":11166,"date":"2020-06-19T09:44:40","date_gmt":"2020-06-19T09:44:40","guid":{"rendered":"https:\/\/envasadoxiomara.com\/tienda\/non class\u00e9\/nettoyant-de-tableau-de-bord-spray-citron-250-ml\/"},"modified":"2020-06-19T09:44:40","modified_gmt":"2020-06-19T09:44:40","slug":"nettoyant-de-tableau-de-bord-spray-citron-250-ml","status":"publish","type":"product","link":"https:\/\/envasadoxiomara.com\/fr\/tienda\/automobile-et-diy\/produits-pour-lautomobile\/sprays-automobiles\/nettoyant-de-tableau-de-bord-spray-citron-250-ml\/","title":{"rendered":"NETTOYANT DE TABLEAU DE BORD SPRAY CITRON 250\u00a0ml"},"content":{"rendered":"<p>Le nettoyant pour tableau de bord en spray Aledia renouvelle l\u2019aspect original des tableaux de bord et des plafonds en laissant un agr\u00e9able parfum citronn\u00e9. Il nettoie, fait briller et prot\u00e8ge les surfaces en vinyle, plastique, ska\u00ef, cuir, etc. Gr\u00e2ce \u00e0 son effet antistatique, il \u00e9vite que la poussi\u00e8re ne revienne sur les surfaces nettoy\u00e9es.<\/p>\n<h6><strong>Mode d\u2019emploi<\/strong><\/h6>\n<p>Agiter le produit avant utilisation. Vaporiser le produit sur un chiffon propre et appliquer sur la surface souhait\u00e9e.<\/p>\n","protected":false},"excerpt":{"rendered":"<p>Le nettoyant pour tableau de bord en spray Aledia renouvelle l\u2019aspect original des tableaux de bord et des plafonds en laissant un agr\u00e9able parfum citronn\u00e9. Il<span class=\"excerpt-hellip\"> [\u2026]<\/span><\/p>\n","protected":false},"featured_media":10379,"comment_status":"open","ping_status":"closed","template":"","meta":[],"pwb-brand":[406],"product_brand":[],"product_cat":[218,219,220],"product_tag":[],"class_list":{"0":"post-11166","1":"product","2":"type-product","3":"status-publish","4":"has-post-thumbnail","6":"pwb-brand-aledia-fr","7":"product_cat-automobile-et-diy","8":"product_cat-produits-pour-lautomobile","9":"product_cat-sprays-automobiles","10":"pa_ean-bptm00006690-fr","12":"first","13":"instock","14":"product-type-simple"},"yoast_head":"<!-- This site is optimized with the Yoast SEO plugin v25.2 - https:\/\/yoast.com\/wordpress\/plugins\/seo\/ -->\n<title>NETTOYANT DE TABLEAU DE BORD SPRAY CITRON 250\u00a0ml | Envasados Xiomara<\/title>\n<meta name=\"description\" content=\"NETTOYANT DE TABLEAU DE BORD SPRAY CITRON 250\u00a0ml Descubre nuestro amplio cat\u00e1logo.\" \/>\n<meta name=\"robots\" content=\"index, follow, max-snippet:-1, max-image-preview:large, max-video-preview:-1\" \/>\n<link rel=\"canonical\" href=\"https:\/\/envasadoxiomara.com\/fr\/tienda\/automobile-et-diy\/produits-pour-lautomobile\/sprays-automobiles\/nettoyant-de-tableau-de-bord-spray-citron-250-ml\/\" \/>\n<meta property=\"og:locale\" content=\"fr_FR\" \/>\n<meta property=\"og:type\" content=\"article\" \/>\n<meta property=\"og:title\" content=\"NETTOYANT DE TABLEAU DE BORD SPRAY CITRON 250\u00a0ml | Envasados Xiomara\" \/>\n<meta property=\"og:description\" content=\"NETTOYANT DE TABLEAU DE BORD SPRAY CITRON 250\u00a0ml Descubre nuestro amplio cat\u00e1logo.\" \/>\n<meta property=\"og:url\" content=\"https:\/\/envasadoxiomara.com\/fr\/tienda\/automobile-et-diy\/produits-pour-lautomobile\/sprays-automobiles\/nettoyant-de-tableau-de-bord-spray-citron-250-ml\/\" \/>\n<meta property=\"og:site_name\" content=\"Envasados Xiomara\" \/>\n<meta property=\"og:image\" content=\"https:\/\/envasadoxiomara.com\/wp-content\/uploads\/2020\/06\/6690.png\" \/>\n\t<meta property=\"og:image:width\" content=\"600\" \/>\n\t<meta property=\"og:image:height\" content=\"600\" \/>\n\t<meta property=\"og:image:type\" content=\"image\/png\" \/>\n<meta name=\"twitter:card\" content=\"summary_large_image\" \/>\n<script type=\"application\/ld+json\" class=\"yoast-schema-graph\">{\"@context\":\"https:\/\/schema.org\",\"@graph\":[{\"@type\":\"WebPage\",\"@id\":\"https:\/\/envasadoxiomara.com\/fr\/tienda\/automobile-et-diy\/produits-pour-lautomobile\/sprays-automobiles\/nettoyant-de-tableau-de-bord-spray-citron-250-ml\/\",\"url\":\"https:\/\/envasadoxiomara.com\/fr\/tienda\/automobile-et-diy\/produits-pour-lautomobile\/sprays-automobiles\/nettoyant-de-tableau-de-bord-spray-citron-250-ml\/\",\"name\":\"NETTOYANT DE TABLEAU DE BORD SPRAY CITRON 250\u00a0ml | Envasados Xiomara\",\"isPartOf\":{\"@id\":\"https:\/\/envasadoxiomara.com\/#website\"},\"primaryImageOfPage\":{\"@id\":\"https:\/\/envasadoxiomara.com\/fr\/tienda\/automobile-et-diy\/produits-pour-lautomobile\/sprays-automobiles\/nettoyant-de-tableau-de-bord-spray-citron-250-ml\/#primaryimage\"},\"image\":{\"@id\":\"https:\/\/envasadoxiomara.com\/fr\/tienda\/automobile-et-diy\/produits-pour-lautomobile\/sprays-automobiles\/nettoyant-de-tableau-de-bord-spray-citron-250-ml\/#primaryimage\"},\"thumbnailUrl\":\"https:\/\/envasadoxiomara.com\/wp-content\/uploads\/2020\/06\/6690.png\",\"datePublished\":\"2020-06-19T09:44:40+00:00\",\"description\":\"NETTOYANT DE TABLEAU DE BORD SPRAY CITRON 250\u00a0ml Descubre nuestro amplio cat\u00e1logo.\",\"breadcrumb\":{\"@id\":\"https:\/\/envasadoxiomara.com\/fr\/tienda\/automobile-et-diy\/produits-pour-lautomobile\/sprays-automobiles\/nettoyant-de-tableau-de-bord-spray-citron-250-ml\/#breadcrumb\"},\"inLanguage\":\"fr-FR\",\"potentialAction\":[{\"@type\":\"ReadAction\",\"target\":[\"https:\/\/envasadoxiomara.com\/fr\/tienda\/automobile-et-diy\/produits-pour-lautomobile\/sprays-automobiles\/nettoyant-de-tableau-de-bord-spray-citron-250-ml\/\"]}]},{\"@type\":\"ImageObject\",\"inLanguage\":\"fr-FR\",\"@id\":\"https:\/\/envasadoxiomara.com\/fr\/tienda\/automobile-et-diy\/produits-pour-lautomobile\/sprays-automobiles\/nettoyant-de-tableau-de-bord-spray-citron-250-ml\/#primaryimage\",\"url\":\"https:\/\/envasadoxiomara.com\/wp-content\/uploads\/2020\/06\/6690.png\",\"contentUrl\":\"https:\/\/envasadoxiomara.com\/wp-content\/uploads\/2020\/06\/6690.png\",\"width\":600,\"height\":600,\"caption\":\"Limpia salpicaderos\"},{\"@type\":\"BreadcrumbList\",\"@id\":\"https:\/\/envasadoxiomara.com\/fr\/tienda\/automobile-et-diy\/produits-pour-lautomobile\/sprays-automobiles\/nettoyant-de-tableau-de-bord-spray-citron-250-ml\/#breadcrumb\",\"itemListElement\":[{\"@type\":\"ListItem\",\"position\":1,\"name\":\"Portada\",\"item\":\"https:\/\/envasadoxiomara.com\/fr\/fabricant-daerosols-en-espagne\/\"},{\"@type\":\"ListItem\",\"position\":2,\"name\":\"Tienda\",\"item\":\"https:\/\/envasadoxiomara.com\/tienda\/\"},{\"@type\":\"ListItem\",\"position\":3,\"name\":\"NETTOYANT DE TABLEAU DE BORD SPRAY CITRON 250\u00a0ml\"}]},{\"@type\":\"WebSite\",\"@id\":\"https:\/\/envasadoxiomara.com\/#website\",\"url\":\"https:\/\/envasadoxiomara.com\/\",\"name\":\"Envasados Xiomara\",\"description\":\"\",\"publisher\":{\"@id\":\"https:\/\/envasadoxiomara.com\/#organization\"},\"alternateName\":\"F\u00e1brica de aerosoles\",\"potentialAction\":[{\"@type\":\"SearchAction\",\"target\":{\"@type\":\"EntryPoint\",\"urlTemplate\":\"https:\/\/envasadoxiomara.com\/?s={search_term_string}\"},\"query-input\":{\"@type\":\"PropertyValueSpecification\",\"valueRequired\":true,\"valueName\":\"search_term_string\"}}],\"inLanguage\":\"fr-FR\"},{\"@type\":\"Organization\",\"@id\":\"https:\/\/envasadoxiomara.com\/#organization\",\"name\":\"Envasado Xiomara\",\"url\":\"https:\/\/envasadoxiomara.com\/\",\"logo\":{\"@type\":\"ImageObject\",\"inLanguage\":\"fr-FR\",\"@id\":\"https:\/\/envasadoxiomara.com\/#\/schema\/logo\/image\/\",\"url\":\"https:\/\/envasadoxiomara.com\/wp-content\/uploads\/2017\/04\/logo-empresa-aerosoles-xiomara.jpg\",\"contentUrl\":\"https:\/\/envasadoxiomara.com\/wp-content\/uploads\/2017\/04\/logo-empresa-aerosoles-xiomara.jpg\",\"width\":434,\"height\":198,\"caption\":\"Envasado Xiomara\"},\"image\":{\"@id\":\"https:\/\/envasadoxiomara.com\/#\/schema\/logo\/image\/\"}}]}<\/script>\n<!-- \/ Yoast SEO plugin. -->","yoast_head_json":{"title":"NETTOYANT DE TABLEAU DE BORD SPRAY CITRON 250\u00a0ml | Envasados Xiomara","description":"NETTOYANT DE TABLEAU DE BORD SPRAY CITRON 250\u00a0ml Descubre nuestro amplio cat\u00e1logo.","robots":{"index":"index","follow":"follow","max-snippet":"max-snippet:-1","max-image-preview":"max-image-preview:large","max-video-preview":"max-video-preview:-1"},"canonical":"https:\/\/envasadoxiomara.com\/fr\/tienda\/automobile-et-diy\/produits-pour-lautomobile\/sprays-automobiles\/nettoyant-de-tableau-de-bord-spray-citron-250-ml\/","og_locale":"fr_FR","og_type":"article","og_title":"NETTOYANT DE TABLEAU DE BORD SPRAY CITRON 250\u00a0ml | Envasados Xiomara","og_description":"NETTOYANT DE TABLEAU DE BORD SPRAY CITRON 250\u00a0ml Descubre nuestro amplio cat\u00e1logo.","og_url":"https:\/\/envasadoxiomara.com\/fr\/tienda\/automobile-et-diy\/produits-pour-lautomobile\/sprays-automobiles\/nettoyant-de-tableau-de-bord-spray-citron-250-ml\/","og_site_name":"Envasados Xiomara","og_image":[{"width":600,"height":600,"url":"https:\/\/envasadoxiomara.com\/wp-content\/uploads\/2020\/06\/6690.png","type":"image\/png"}],"twitter_card":"summary_large_image","schema":{"@context":"https:\/\/schema.org","@graph":[{"@type":"WebPage","@id":"https:\/\/envasadoxiomara.com\/fr\/tienda\/automobile-et-diy\/produits-pour-lautomobile\/sprays-automobiles\/nettoyant-de-tableau-de-bord-spray-citron-250-ml\/","url":"https:\/\/envasadoxiomara.com\/fr\/tienda\/automobile-et-diy\/produits-pour-lautomobile\/sprays-automobiles\/nettoyant-de-tableau-de-bord-spray-citron-250-ml\/","name":"NETTOYANT DE TABLEAU DE BORD SPRAY CITRON 250\u00a0ml | Envasados Xiomara","isPartOf":{"@id":"https:\/\/envasadoxiomara.com\/#website"},"primaryImageOfPage":{"@id":"https:\/\/envasadoxiomara.com\/fr\/tienda\/automobile-et-diy\/produits-pour-lautomobile\/sprays-automobiles\/nettoyant-de-tableau-de-bord-spray-citron-250-ml\/#primaryimage"},"image":{"@id":"https:\/\/envasadoxiomara.com\/fr\/tienda\/automobile-et-diy\/produits-pour-lautomobile\/sprays-automobiles\/nettoyant-de-tableau-de-bord-spray-citron-250-ml\/#primaryimage"},"thumbnailUrl":"https:\/\/envasadoxiomara.com\/wp-content\/uploads\/2020\/06\/6690.png","datePublished":"2020-06-19T09:44:40+00:00","description":"NETTOYANT DE TABLEAU DE BORD SPRAY CITRON 250\u00a0ml Descubre nuestro amplio cat\u00e1logo.","breadcrumb":{"@id":"https:\/\/envasadoxiomara.com\/fr\/tienda\/automobile-et-diy\/produits-pour-lautomobile\/sprays-automobiles\/nettoyant-de-tableau-de-bord-spray-citron-250-ml\/#breadcrumb"},"inLanguage":"fr-FR","potentialAction":[{"@type":"ReadAction","target":["https:\/\/envasadoxiomara.com\/fr\/tienda\/automobile-et-diy\/produits-pour-lautomobile\/sprays-automobiles\/nettoyant-de-tableau-de-bord-spray-citron-250-ml\/"]}]},{"@type":"ImageObject","inLanguage":"fr-FR","@id":"https:\/\/envasadoxiomara.com\/fr\/tienda\/automobile-et-diy\/produits-pour-lautomobile\/sprays-automobiles\/nettoyant-de-tableau-de-bord-spray-citron-250-ml\/#primaryimage","url":"https:\/\/envasadoxiomara.com\/wp-content\/uploads\/2020\/06\/6690.png","contentUrl":"https:\/\/envasadoxiomara.com\/wp-content\/uploads\/2020\/06\/6690.png","width":600,"height":600,"caption":"Limpia salpicaderos"},{"@type":"BreadcrumbList","@id":"https:\/\/envasadoxiomara.com\/fr\/tienda\/automobile-et-diy\/produits-pour-lautomobile\/sprays-automobiles\/nettoyant-de-tableau-de-bord-spray-citron-250-ml\/#breadcrumb","itemListElement":[{"@type":"ListItem","position":1,"name":"Portada","item":"https:\/\/envasadoxiomara.com\/fr\/fabricant-daerosols-en-espagne\/"},{"@type":"ListItem","position":2,"name":"Tienda","item":"https:\/\/envasadoxiomara.com\/tienda\/"},{"@type":"ListItem","position":3,"name":"NETTOYANT DE TABLEAU DE BORD SPRAY CITRON 250\u00a0ml"}]},{"@type":"WebSite","@id":"https:\/\/envasadoxiomara.com\/#website","url":"https:\/\/envasadoxiomara.com\/","name":"Envasados Xiomara","description":"","publisher":{"@id":"https:\/\/envasadoxiomara.com\/#organization"},"alternateName":"F\u00e1brica de aerosoles","potentialAction":[{"@type":"SearchAction","target":{"@type":"EntryPoint","urlTemplate":"https:\/\/envasadoxiomara.com\/?s={search_term_string}"},"query-input":{"@type":"PropertyValueSpecification","valueRequired":true,"valueName":"search_term_string"}}],"inLanguage":"fr-FR"},{"@type":"Organization","@id":"https:\/\/envasadoxiomara.com\/#organization","name":"Envasado Xiomara","url":"https:\/\/envasadoxiomara.com\/","logo":{"@type":"ImageObject","inLanguage":"fr-FR","@id":"https:\/\/envasadoxiomara.com\/#\/schema\/logo\/image\/","url":"https:\/\/envasadoxiomara.com\/wp-content\/uploads\/2017\/04\/logo-empresa-aerosoles-xiomara.jpg","contentUrl":"https:\/\/envasadoxiomara.com\/wp-content\/uploads\/2017\/04\/logo-empresa-aerosoles-xiomara.jpg","width":434,"height":198,"caption":"Envasado Xiomara"},"image":{"@id":"https:\/\/envasadoxiomara.com\/#\/schema\/logo\/image\/"}}]}},"brands":[{"id":406,"name":"Aledia","slug":"aledia-fr"}],"_links":{"self":[{"href":"https:\/\/envasadoxiomara.com\/fr\/wp-json\/wp\/v2\/product\/11166","targetHints":{"allow":["GET"]}}],"collection":[{"href":"https:\/\/envasadoxiomara.com\/fr\/wp-json\/wp\/v2\/product"}],"about":[{"href":"https:\/\/envasadoxiomara.com\/fr\/wp-json\/wp\/v2\/types\/product"}],"replies":[{"embeddable":true,"href":"https:\/\/envasadoxiomara.com\/fr\/wp-json\/wp\/v2\/comments?post=11166"}],"wp:featuredmedia":[{"embeddable":true,"href":"https:\/\/envasadoxiomara.com\/fr\/wp-json\/wp\/v2\/media\/10379"}],"wp:attachment":[{"href":"https:\/\/envasadoxiomara.com\/fr\/wp-json\/wp\/v2\/media?parent=11166"}],"wp:term":[{"taxonomy":"pwb-brand","embeddable":true,"href":"https:\/\/envasadoxiomara.com\/fr\/wp-json\/wp\/v2\/pwb-brand?post=11166"},{"taxonomy":"product_brand","embeddable":true,"href":"https:\/\/envasadoxiomara.com\/fr\/wp-json\/wp\/v2\/product_brand?post=11166"},{"taxonomy":"product_cat","embeddable":true,"href":"https:\/\/envasadoxiomara.com\/fr\/wp-json\/wp\/v2\/product_cat?post=11166"},{"taxonomy":"product_tag","embeddable":true,"href":"https:\/\/envasadoxiomara.com\/fr\/wp-json\/wp\/v2\/product_tag?post=11166"}],"curies":[{"name":"wp","href":"https:\/\/api.w.org\/{rel}","templated":true}]}}