{"id":11348,"date":"2020-06-19T09:44:39","date_gmt":"2020-06-19T09:44:39","guid":{"rendered":"https:\/\/envasadoxiomara.com\/tienda\/non class\u00e9\/nettoyant-pour-tapis-500-ml-brosse\/"},"modified":"2020-06-19T09:44:39","modified_gmt":"2020-06-19T09:44:39","slug":"nettoyant-pour-tapis-500-ml-brosse","status":"publish","type":"product","link":"https:\/\/envasadoxiomara.com\/fr\/tienda\/pharmacie-et-nettoyage\/nettoyants-menagers\/usage-general\/nettoyant-pour-tapis-500-ml-brosse\/","title":{"rendered":"NETTOYANT POUR TAPIS 500 ML. BROSSE"},"content":{"rendered":"<p>Le nettoyant pour tapis Aledia nettoie en profondeur tous les types de tapis et moquettes en laine, coton et fibres synth\u00e9tiques, sans en alt\u00e9rer les couleurs. S\u00e9chage rapide.<\/p>\n<h6><strong>Mode d\u2019emploi<\/strong><\/h6>\n<p>Agitez le r\u00e9cipient, appliquez le produit \u00e0 une distance de 60 cm, sur une zone d\u2019environ 1 m2. Frottez avec la brosse du bouchon ou une \u00e9ponge humide jusqu\u2019\u00e0 disparition de la mousse, en essayant de soulever les fibres. Rincez l\u2019\u00e9ponge et r\u00e9p\u00e9tez toute l\u2019op\u00e9ration autant de fois que n\u00e9cessaire sur toute la surface \u00e0 nettoyer. Laissez s\u00e9cher compl\u00e8tement (environ 3 heures) et passez l\u2019aspirateur.<\/p>\n","protected":false},"excerpt":{"rendered":"<p>Le nettoyant pour tapis Aledia nettoie en profondeur tous les types de tapis et moquettes en laine, coton et fibres synth\u00e9tiques, sans en alt\u00e9rer les couleurs.<span class=\"excerpt-hellip\"> [\u2026]<\/span><\/p>\n","protected":false},"featured_media":13589,"comment_status":"open","ping_status":"closed","template":"","meta":[],"pwb-brand":[406],"product_brand":[],"product_cat":[233,225,234],"product_tag":[],"class_list":{"0":"post-11348","1":"product","2":"type-product","3":"status-publish","4":"has-post-thumbnail","6":"pwb-brand-aledia-fr","7":"product_cat-nettoyants-menagers","8":"product_cat-pharmacie-et-nettoyage","9":"product_cat-usage-general","11":"first","12":"instock","13":"product-type-simple"},"yoast_head":"<!-- This site is optimized with the Yoast SEO plugin v25.2 - https:\/\/yoast.com\/wordpress\/plugins\/seo\/ -->\n<title>NETTOYANT POUR TAPIS 500 ML. BROSSE | Envasados Xiomara<\/title>\n<meta name=\"description\" content=\"NETTOYANT POUR TAPIS 500 ML. BROSSE Descubre nuestro amplio cat\u00e1logo.\" \/>\n<meta name=\"robots\" content=\"index, follow, max-snippet:-1, max-image-preview:large, max-video-preview:-1\" \/>\n<link rel=\"canonical\" href=\"https:\/\/envasadoxiomara.com\/fr\/tienda\/pharmacie-et-nettoyage\/nettoyants-menagers\/usage-general\/nettoyant-pour-tapis-500-ml-brosse\/\" \/>\n<meta property=\"og:locale\" content=\"fr_FR\" \/>\n<meta property=\"og:type\" content=\"article\" \/>\n<meta property=\"og:title\" content=\"NETTOYANT POUR TAPIS 500 ML. BROSSE | Envasados Xiomara\" \/>\n<meta property=\"og:description\" content=\"NETTOYANT POUR TAPIS 500 ML. BROSSE Descubre nuestro amplio cat\u00e1logo.\" \/>\n<meta property=\"og:url\" content=\"https:\/\/envasadoxiomara.com\/fr\/tienda\/pharmacie-et-nettoyage\/nettoyants-menagers\/usage-general\/nettoyant-pour-tapis-500-ml-brosse\/\" \/>\n<meta property=\"og:site_name\" content=\"Envasados Xiomara\" \/>\n<meta property=\"og:image\" content=\"https:\/\/envasadoxiomara.com\/wp-content\/uploads\/2020\/06\/0199-LIMPIA-ALFOMBRAS-500.png.png\" \/>\n\t<meta property=\"og:image:width\" content=\"600\" \/>\n\t<meta property=\"og:image:height\" content=\"600\" \/>\n\t<meta property=\"og:image:type\" content=\"image\/png\" \/>\n<meta name=\"twitter:card\" content=\"summary_large_image\" \/>\n<meta name=\"twitter:label1\" content=\"Est. reading time\" \/>\n\t<meta name=\"twitter:data1\" content=\"1 minute\" \/>\n<script type=\"application\/ld+json\" class=\"yoast-schema-graph\">{\"@context\":\"https:\/\/schema.org\",\"@graph\":[{\"@type\":\"WebPage\",\"@id\":\"https:\/\/envasadoxiomara.com\/fr\/tienda\/pharmacie-et-nettoyage\/nettoyants-menagers\/usage-general\/nettoyant-pour-tapis-500-ml-brosse\/\",\"url\":\"https:\/\/envasadoxiomara.com\/fr\/tienda\/pharmacie-et-nettoyage\/nettoyants-menagers\/usage-general\/nettoyant-pour-tapis-500-ml-brosse\/\",\"name\":\"NETTOYANT POUR TAPIS 500 ML. BROSSE | Envasados Xiomara\",\"isPartOf\":{\"@id\":\"https:\/\/envasadoxiomara.com\/#website\"},\"primaryImageOfPage\":{\"@id\":\"https:\/\/envasadoxiomara.com\/fr\/tienda\/pharmacie-et-nettoyage\/nettoyants-menagers\/usage-general\/nettoyant-pour-tapis-500-ml-brosse\/#primaryimage\"},\"image\":{\"@id\":\"https:\/\/envasadoxiomara.com\/fr\/tienda\/pharmacie-et-nettoyage\/nettoyants-menagers\/usage-general\/nettoyant-pour-tapis-500-ml-brosse\/#primaryimage\"},\"thumbnailUrl\":\"https:\/\/envasadoxiomara.com\/wp-content\/uploads\/2020\/06\/0199-LIMPIA-ALFOMBRAS-500.png.png\",\"datePublished\":\"2020-06-19T09:44:39+00:00\",\"description\":\"NETTOYANT POUR TAPIS 500 ML. BROSSE Descubre nuestro amplio cat\u00e1logo.\",\"breadcrumb\":{\"@id\":\"https:\/\/envasadoxiomara.com\/fr\/tienda\/pharmacie-et-nettoyage\/nettoyants-menagers\/usage-general\/nettoyant-pour-tapis-500-ml-brosse\/#breadcrumb\"},\"inLanguage\":\"fr-FR\",\"potentialAction\":[{\"@type\":\"ReadAction\",\"target\":[\"https:\/\/envasadoxiomara.com\/fr\/tienda\/pharmacie-et-nettoyage\/nettoyants-menagers\/usage-general\/nettoyant-pour-tapis-500-ml-brosse\/\"]}]},{\"@type\":\"ImageObject\",\"inLanguage\":\"fr-FR\",\"@id\":\"https:\/\/envasadoxiomara.com\/fr\/tienda\/pharmacie-et-nettoyage\/nettoyants-menagers\/usage-general\/nettoyant-pour-tapis-500-ml-brosse\/#primaryimage\",\"url\":\"https:\/\/envasadoxiomara.com\/wp-content\/uploads\/2020\/06\/0199-LIMPIA-ALFOMBRAS-500.png.png\",\"contentUrl\":\"https:\/\/envasadoxiomara.com\/wp-content\/uploads\/2020\/06\/0199-LIMPIA-ALFOMBRAS-500.png.png\",\"width\":600,\"height\":600,\"caption\":\"limpia alfombras\"},{\"@type\":\"BreadcrumbList\",\"@id\":\"https:\/\/envasadoxiomara.com\/fr\/tienda\/pharmacie-et-nettoyage\/nettoyants-menagers\/usage-general\/nettoyant-pour-tapis-500-ml-brosse\/#breadcrumb\",\"itemListElement\":[{\"@type\":\"ListItem\",\"position\":1,\"name\":\"Portada\",\"item\":\"https:\/\/envasadoxiomara.com\/fr\/fabricant-daerosols-en-espagne\/\"},{\"@type\":\"ListItem\",\"position\":2,\"name\":\"Tienda\",\"item\":\"https:\/\/envasadoxiomara.com\/tienda\/\"},{\"@type\":\"ListItem\",\"position\":3,\"name\":\"NETTOYANT POUR TAPIS 500 ML. BROSSE\"}]},{\"@type\":\"WebSite\",\"@id\":\"https:\/\/envasadoxiomara.com\/#website\",\"url\":\"https:\/\/envasadoxiomara.com\/\",\"name\":\"Envasados Xiomara\",\"description\":\"\",\"publisher\":{\"@id\":\"https:\/\/envasadoxiomara.com\/#organization\"},\"alternateName\":\"F\u00e1brica de aerosoles\",\"potentialAction\":[{\"@type\":\"SearchAction\",\"target\":{\"@type\":\"EntryPoint\",\"urlTemplate\":\"https:\/\/envasadoxiomara.com\/?s={search_term_string}\"},\"query-input\":{\"@type\":\"PropertyValueSpecification\",\"valueRequired\":true,\"valueName\":\"search_term_string\"}}],\"inLanguage\":\"fr-FR\"},{\"@type\":\"Organization\",\"@id\":\"https:\/\/envasadoxiomara.com\/#organization\",\"name\":\"Envasado Xiomara\",\"url\":\"https:\/\/envasadoxiomara.com\/\",\"logo\":{\"@type\":\"ImageObject\",\"inLanguage\":\"fr-FR\",\"@id\":\"https:\/\/envasadoxiomara.com\/#\/schema\/logo\/image\/\",\"url\":\"https:\/\/envasadoxiomara.com\/wp-content\/uploads\/2017\/04\/logo-empresa-aerosoles-xiomara.jpg\",\"contentUrl\":\"https:\/\/envasadoxiomara.com\/wp-content\/uploads\/2017\/04\/logo-empresa-aerosoles-xiomara.jpg\",\"width\":434,\"height\":198,\"caption\":\"Envasado Xiomara\"},\"image\":{\"@id\":\"https:\/\/envasadoxiomara.com\/#\/schema\/logo\/image\/\"}}]}<\/script>\n<!-- \/ Yoast SEO plugin. -->","yoast_head_json":{"title":"NETTOYANT POUR TAPIS 500 ML. BROSSE | Envasados Xiomara","description":"NETTOYANT POUR TAPIS 500 ML. BROSSE Descubre nuestro amplio cat\u00e1logo.","robots":{"index":"index","follow":"follow","max-snippet":"max-snippet:-1","max-image-preview":"max-image-preview:large","max-video-preview":"max-video-preview:-1"},"canonical":"https:\/\/envasadoxiomara.com\/fr\/tienda\/pharmacie-et-nettoyage\/nettoyants-menagers\/usage-general\/nettoyant-pour-tapis-500-ml-brosse\/","og_locale":"fr_FR","og_type":"article","og_title":"NETTOYANT POUR TAPIS 500 ML. BROSSE | Envasados Xiomara","og_description":"NETTOYANT POUR TAPIS 500 ML. BROSSE Descubre nuestro amplio cat\u00e1logo.","og_url":"https:\/\/envasadoxiomara.com\/fr\/tienda\/pharmacie-et-nettoyage\/nettoyants-menagers\/usage-general\/nettoyant-pour-tapis-500-ml-brosse\/","og_site_name":"Envasados Xiomara","og_image":[{"width":600,"height":600,"url":"https:\/\/envasadoxiomara.com\/wp-content\/uploads\/2020\/06\/0199-LIMPIA-ALFOMBRAS-500.png.png","type":"image\/png"}],"twitter_card":"summary_large_image","twitter_misc":{"Est. reading time":"1 minute"},"schema":{"@context":"https:\/\/schema.org","@graph":[{"@type":"WebPage","@id":"https:\/\/envasadoxiomara.com\/fr\/tienda\/pharmacie-et-nettoyage\/nettoyants-menagers\/usage-general\/nettoyant-pour-tapis-500-ml-brosse\/","url":"https:\/\/envasadoxiomara.com\/fr\/tienda\/pharmacie-et-nettoyage\/nettoyants-menagers\/usage-general\/nettoyant-pour-tapis-500-ml-brosse\/","name":"NETTOYANT POUR TAPIS 500 ML. BROSSE | Envasados Xiomara","isPartOf":{"@id":"https:\/\/envasadoxiomara.com\/#website"},"primaryImageOfPage":{"@id":"https:\/\/envasadoxiomara.com\/fr\/tienda\/pharmacie-et-nettoyage\/nettoyants-menagers\/usage-general\/nettoyant-pour-tapis-500-ml-brosse\/#primaryimage"},"image":{"@id":"https:\/\/envasadoxiomara.com\/fr\/tienda\/pharmacie-et-nettoyage\/nettoyants-menagers\/usage-general\/nettoyant-pour-tapis-500-ml-brosse\/#primaryimage"},"thumbnailUrl":"https:\/\/envasadoxiomara.com\/wp-content\/uploads\/2020\/06\/0199-LIMPIA-ALFOMBRAS-500.png.png","datePublished":"2020-06-19T09:44:39+00:00","description":"NETTOYANT POUR TAPIS 500 ML. BROSSE Descubre nuestro amplio cat\u00e1logo.","breadcrumb":{"@id":"https:\/\/envasadoxiomara.com\/fr\/tienda\/pharmacie-et-nettoyage\/nettoyants-menagers\/usage-general\/nettoyant-pour-tapis-500-ml-brosse\/#breadcrumb"},"inLanguage":"fr-FR","potentialAction":[{"@type":"ReadAction","target":["https:\/\/envasadoxiomara.com\/fr\/tienda\/pharmacie-et-nettoyage\/nettoyants-menagers\/usage-general\/nettoyant-pour-tapis-500-ml-brosse\/"]}]},{"@type":"ImageObject","inLanguage":"fr-FR","@id":"https:\/\/envasadoxiomara.com\/fr\/tienda\/pharmacie-et-nettoyage\/nettoyants-menagers\/usage-general\/nettoyant-pour-tapis-500-ml-brosse\/#primaryimage","url":"https:\/\/envasadoxiomara.com\/wp-content\/uploads\/2020\/06\/0199-LIMPIA-ALFOMBRAS-500.png.png","contentUrl":"https:\/\/envasadoxiomara.com\/wp-content\/uploads\/2020\/06\/0199-LIMPIA-ALFOMBRAS-500.png.png","width":600,"height":600,"caption":"limpia alfombras"},{"@type":"BreadcrumbList","@id":"https:\/\/envasadoxiomara.com\/fr\/tienda\/pharmacie-et-nettoyage\/nettoyants-menagers\/usage-general\/nettoyant-pour-tapis-500-ml-brosse\/#breadcrumb","itemListElement":[{"@type":"ListItem","position":1,"name":"Portada","item":"https:\/\/envasadoxiomara.com\/fr\/fabricant-daerosols-en-espagne\/"},{"@type":"ListItem","position":2,"name":"Tienda","item":"https:\/\/envasadoxiomara.com\/tienda\/"},{"@type":"ListItem","position":3,"name":"NETTOYANT POUR TAPIS 500 ML. BROSSE"}]},{"@type":"WebSite","@id":"https:\/\/envasadoxiomara.com\/#website","url":"https:\/\/envasadoxiomara.com\/","name":"Envasados Xiomara","description":"","publisher":{"@id":"https:\/\/envasadoxiomara.com\/#organization"},"alternateName":"F\u00e1brica de aerosoles","potentialAction":[{"@type":"SearchAction","target":{"@type":"EntryPoint","urlTemplate":"https:\/\/envasadoxiomara.com\/?s={search_term_string}"},"query-input":{"@type":"PropertyValueSpecification","valueRequired":true,"valueName":"search_term_string"}}],"inLanguage":"fr-FR"},{"@type":"Organization","@id":"https:\/\/envasadoxiomara.com\/#organization","name":"Envasado Xiomara","url":"https:\/\/envasadoxiomara.com\/","logo":{"@type":"ImageObject","inLanguage":"fr-FR","@id":"https:\/\/envasadoxiomara.com\/#\/schema\/logo\/image\/","url":"https:\/\/envasadoxiomara.com\/wp-content\/uploads\/2017\/04\/logo-empresa-aerosoles-xiomara.jpg","contentUrl":"https:\/\/envasadoxiomara.com\/wp-content\/uploads\/2017\/04\/logo-empresa-aerosoles-xiomara.jpg","width":434,"height":198,"caption":"Envasado Xiomara"},"image":{"@id":"https:\/\/envasadoxiomara.com\/#\/schema\/logo\/image\/"}}]}},"brands":[{"id":406,"name":"Aledia","slug":"aledia-fr"}],"_links":{"self":[{"href":"https:\/\/envasadoxiomara.com\/fr\/wp-json\/wp\/v2\/product\/11348","targetHints":{"allow":["GET"]}}],"collection":[{"href":"https:\/\/envasadoxiomara.com\/fr\/wp-json\/wp\/v2\/product"}],"about":[{"href":"https:\/\/envasadoxiomara.com\/fr\/wp-json\/wp\/v2\/types\/product"}],"replies":[{"embeddable":true,"href":"https:\/\/envasadoxiomara.com\/fr\/wp-json\/wp\/v2\/comments?post=11348"}],"wp:featuredmedia":[{"embeddable":true,"href":"https:\/\/envasadoxiomara.com\/fr\/wp-json\/wp\/v2\/media\/13589"}],"wp:attachment":[{"href":"https:\/\/envasadoxiomara.com\/fr\/wp-json\/wp\/v2\/media?parent=11348"}],"wp:term":[{"taxonomy":"pwb-brand","embeddable":true,"href":"https:\/\/envasadoxiomara.com\/fr\/wp-json\/wp\/v2\/pwb-brand?post=11348"},{"taxonomy":"product_brand","embeddable":true,"href":"https:\/\/envasadoxiomara.com\/fr\/wp-json\/wp\/v2\/product_brand?post=11348"},{"taxonomy":"product_cat","embeddable":true,"href":"https:\/\/envasadoxiomara.com\/fr\/wp-json\/wp\/v2\/product_cat?post=11348"},{"taxonomy":"product_tag","embeddable":true,"href":"https:\/\/envasadoxiomara.com\/fr\/wp-json\/wp\/v2\/product_tag?post=11348"}],"curies":[{"name":"wp","href":"https:\/\/api.w.org\/{rel}","templated":true}]}}