{"id":11360,"date":"2020-06-19T09:44:41","date_gmt":"2020-06-19T09:44:41","guid":{"rendered":"https:\/\/envasadoxiomara.com\/tienda\/non class\u00e9\/detachant-spray-150-ml\/"},"modified":"2020-06-19T09:44:41","modified_gmt":"2020-06-19T09:44:41","slug":"detachant-spray-150-ml","status":"publish","type":"product","link":"https:\/\/envasadoxiomara.com\/fr\/tienda\/pharmacie-et-nettoyage\/nettoyants-menagers\/usage-general\/detachant-spray-150-ml\/","title":{"rendered":"D\u00c9TACHANT SPRAY 150\u00a0ml"},"content":{"rendered":"<p>Le d\u00e9tachant spray Aledia \u00e9limine les taches sans besoin de frotter. Il est sp\u00e9cialement formul\u00e9 pour \u00e9liminer les taches grasses.<\/p>\n<h6><strong>Mode d\u2019emploi<\/strong><\/h6>\n<p>Retirer les r\u00e9sidus de la tache, agiter le r\u00e9cipient et vaporiser sur la tache \u00e0 une distance de 15 cm, en gardant le r\u00e9cipient en position verticale. Attendre jusqu\u2019\u00e0 ce que la poudre qui recouvre la tache soit totalement s\u00e8che. Ensuite, brosser et recommencer si n\u00e9cessaire. Sur des taches r\u00e9sistantes, appliquer sur les deux c\u00f4t\u00e9s du tissu.<\/p>\n","protected":false},"excerpt":{"rendered":"<p>Le d\u00e9tachant spray Aledia \u00e9limine les taches sans besoin de frotter. Il est sp\u00e9cialement formul\u00e9 pour \u00e9liminer les taches grasses. Mode d\u2019emploi Retirer les r\u00e9sidus de<span class=\"excerpt-hellip\"> [\u2026]<\/span><\/p>\n","protected":false},"featured_media":13577,"comment_status":"open","ping_status":"closed","template":"","meta":[],"pwb-brand":[406],"product_brand":[],"product_cat":[233,225,234],"product_tag":[],"class_list":{"0":"post-11360","1":"product","2":"type-product","3":"status-publish","4":"has-post-thumbnail","6":"pwb-brand-aledia-fr","7":"product_cat-nettoyants-menagers","8":"product_cat-pharmacie-et-nettoyage","9":"product_cat-usage-general","11":"first","12":"instock","13":"product-type-simple"},"yoast_head":"<!-- This site is optimized with the Yoast SEO plugin v25.2 - https:\/\/yoast.com\/wordpress\/plugins\/seo\/ -->\n<title>D\u00c9TACHANT SPRAY 150\u00a0ml | Envasados Xiomara<\/title>\n<meta name=\"description\" content=\"D\u00c9TACHANT SPRAY 150\u00a0ml Descubre nuestro amplio cat\u00e1logo.\" \/>\n<meta name=\"robots\" content=\"index, follow, max-snippet:-1, max-image-preview:large, max-video-preview:-1\" \/>\n<link rel=\"canonical\" href=\"https:\/\/envasadoxiomara.com\/fr\/tienda\/pharmacie-et-nettoyage\/nettoyants-menagers\/usage-general\/detachant-spray-150-ml\/\" \/>\n<meta property=\"og:locale\" content=\"fr_FR\" \/>\n<meta property=\"og:type\" content=\"article\" \/>\n<meta property=\"og:title\" content=\"D\u00c9TACHANT SPRAY 150\u00a0ml | Envasados Xiomara\" \/>\n<meta property=\"og:description\" content=\"D\u00c9TACHANT SPRAY 150\u00a0ml Descubre nuestro amplio cat\u00e1logo.\" \/>\n<meta property=\"og:url\" content=\"https:\/\/envasadoxiomara.com\/fr\/tienda\/pharmacie-et-nettoyage\/nettoyants-menagers\/usage-general\/detachant-spray-150-ml\/\" \/>\n<meta property=\"og:site_name\" content=\"Envasados Xiomara\" \/>\n<meta property=\"og:image\" content=\"https:\/\/envasadoxiomara.com\/wp-content\/uploads\/2020\/06\/0065-QUITAMANCHAS-ALEDIA.png.png\" \/>\n\t<meta property=\"og:image:width\" content=\"600\" \/>\n\t<meta property=\"og:image:height\" content=\"600\" \/>\n\t<meta property=\"og:image:type\" content=\"image\/png\" \/>\n<meta name=\"twitter:card\" content=\"summary_large_image\" \/>\n<script type=\"application\/ld+json\" class=\"yoast-schema-graph\">{\"@context\":\"https:\/\/schema.org\",\"@graph\":[{\"@type\":\"WebPage\",\"@id\":\"https:\/\/envasadoxiomara.com\/fr\/tienda\/pharmacie-et-nettoyage\/nettoyants-menagers\/usage-general\/detachant-spray-150-ml\/\",\"url\":\"https:\/\/envasadoxiomara.com\/fr\/tienda\/pharmacie-et-nettoyage\/nettoyants-menagers\/usage-general\/detachant-spray-150-ml\/\",\"name\":\"D\u00c9TACHANT SPRAY 150\u00a0ml | Envasados Xiomara\",\"isPartOf\":{\"@id\":\"https:\/\/envasadoxiomara.com\/#website\"},\"primaryImageOfPage\":{\"@id\":\"https:\/\/envasadoxiomara.com\/fr\/tienda\/pharmacie-et-nettoyage\/nettoyants-menagers\/usage-general\/detachant-spray-150-ml\/#primaryimage\"},\"image\":{\"@id\":\"https:\/\/envasadoxiomara.com\/fr\/tienda\/pharmacie-et-nettoyage\/nettoyants-menagers\/usage-general\/detachant-spray-150-ml\/#primaryimage\"},\"thumbnailUrl\":\"https:\/\/envasadoxiomara.com\/wp-content\/uploads\/2020\/06\/0065-QUITAMANCHAS-ALEDIA.png.png\",\"datePublished\":\"2020-06-19T09:44:41+00:00\",\"description\":\"D\u00c9TACHANT SPRAY 150\u00a0ml Descubre nuestro amplio cat\u00e1logo.\",\"breadcrumb\":{\"@id\":\"https:\/\/envasadoxiomara.com\/fr\/tienda\/pharmacie-et-nettoyage\/nettoyants-menagers\/usage-general\/detachant-spray-150-ml\/#breadcrumb\"},\"inLanguage\":\"fr-FR\",\"potentialAction\":[{\"@type\":\"ReadAction\",\"target\":[\"https:\/\/envasadoxiomara.com\/fr\/tienda\/pharmacie-et-nettoyage\/nettoyants-menagers\/usage-general\/detachant-spray-150-ml\/\"]}]},{\"@type\":\"ImageObject\",\"inLanguage\":\"fr-FR\",\"@id\":\"https:\/\/envasadoxiomara.com\/fr\/tienda\/pharmacie-et-nettoyage\/nettoyants-menagers\/usage-general\/detachant-spray-150-ml\/#primaryimage\",\"url\":\"https:\/\/envasadoxiomara.com\/wp-content\/uploads\/2020\/06\/0065-QUITAMANCHAS-ALEDIA.png.png\",\"contentUrl\":\"https:\/\/envasadoxiomara.com\/wp-content\/uploads\/2020\/06\/0065-QUITAMANCHAS-ALEDIA.png.png\",\"width\":600,\"height\":600,\"caption\":\"quita manchas aldea\"},{\"@type\":\"BreadcrumbList\",\"@id\":\"https:\/\/envasadoxiomara.com\/fr\/tienda\/pharmacie-et-nettoyage\/nettoyants-menagers\/usage-general\/detachant-spray-150-ml\/#breadcrumb\",\"itemListElement\":[{\"@type\":\"ListItem\",\"position\":1,\"name\":\"Portada\",\"item\":\"https:\/\/envasadoxiomara.com\/fr\/fabricant-daerosols-en-espagne\/\"},{\"@type\":\"ListItem\",\"position\":2,\"name\":\"Tienda\",\"item\":\"https:\/\/envasadoxiomara.com\/tienda\/\"},{\"@type\":\"ListItem\",\"position\":3,\"name\":\"D\u00c9TACHANT SPRAY 150\u00a0ml\"}]},{\"@type\":\"WebSite\",\"@id\":\"https:\/\/envasadoxiomara.com\/#website\",\"url\":\"https:\/\/envasadoxiomara.com\/\",\"name\":\"Envasados Xiomara\",\"description\":\"\",\"publisher\":{\"@id\":\"https:\/\/envasadoxiomara.com\/#organization\"},\"alternateName\":\"F\u00e1brica de aerosoles\",\"potentialAction\":[{\"@type\":\"SearchAction\",\"target\":{\"@type\":\"EntryPoint\",\"urlTemplate\":\"https:\/\/envasadoxiomara.com\/?s={search_term_string}\"},\"query-input\":{\"@type\":\"PropertyValueSpecification\",\"valueRequired\":true,\"valueName\":\"search_term_string\"}}],\"inLanguage\":\"fr-FR\"},{\"@type\":\"Organization\",\"@id\":\"https:\/\/envasadoxiomara.com\/#organization\",\"name\":\"Envasado Xiomara\",\"url\":\"https:\/\/envasadoxiomara.com\/\",\"logo\":{\"@type\":\"ImageObject\",\"inLanguage\":\"fr-FR\",\"@id\":\"https:\/\/envasadoxiomara.com\/#\/schema\/logo\/image\/\",\"url\":\"https:\/\/envasadoxiomara.com\/wp-content\/uploads\/2017\/04\/logo-empresa-aerosoles-xiomara.jpg\",\"contentUrl\":\"https:\/\/envasadoxiomara.com\/wp-content\/uploads\/2017\/04\/logo-empresa-aerosoles-xiomara.jpg\",\"width\":434,\"height\":198,\"caption\":\"Envasado Xiomara\"},\"image\":{\"@id\":\"https:\/\/envasadoxiomara.com\/#\/schema\/logo\/image\/\"}}]}<\/script>\n<!-- \/ Yoast SEO plugin. -->","yoast_head_json":{"title":"D\u00c9TACHANT SPRAY 150\u00a0ml | Envasados Xiomara","description":"D\u00c9TACHANT SPRAY 150\u00a0ml Descubre nuestro amplio cat\u00e1logo.","robots":{"index":"index","follow":"follow","max-snippet":"max-snippet:-1","max-image-preview":"max-image-preview:large","max-video-preview":"max-video-preview:-1"},"canonical":"https:\/\/envasadoxiomara.com\/fr\/tienda\/pharmacie-et-nettoyage\/nettoyants-menagers\/usage-general\/detachant-spray-150-ml\/","og_locale":"fr_FR","og_type":"article","og_title":"D\u00c9TACHANT SPRAY 150\u00a0ml | Envasados Xiomara","og_description":"D\u00c9TACHANT SPRAY 150\u00a0ml Descubre nuestro amplio cat\u00e1logo.","og_url":"https:\/\/envasadoxiomara.com\/fr\/tienda\/pharmacie-et-nettoyage\/nettoyants-menagers\/usage-general\/detachant-spray-150-ml\/","og_site_name":"Envasados Xiomara","og_image":[{"width":600,"height":600,"url":"https:\/\/envasadoxiomara.com\/wp-content\/uploads\/2020\/06\/0065-QUITAMANCHAS-ALEDIA.png.png","type":"image\/png"}],"twitter_card":"summary_large_image","schema":{"@context":"https:\/\/schema.org","@graph":[{"@type":"WebPage","@id":"https:\/\/envasadoxiomara.com\/fr\/tienda\/pharmacie-et-nettoyage\/nettoyants-menagers\/usage-general\/detachant-spray-150-ml\/","url":"https:\/\/envasadoxiomara.com\/fr\/tienda\/pharmacie-et-nettoyage\/nettoyants-menagers\/usage-general\/detachant-spray-150-ml\/","name":"D\u00c9TACHANT SPRAY 150\u00a0ml | Envasados Xiomara","isPartOf":{"@id":"https:\/\/envasadoxiomara.com\/#website"},"primaryImageOfPage":{"@id":"https:\/\/envasadoxiomara.com\/fr\/tienda\/pharmacie-et-nettoyage\/nettoyants-menagers\/usage-general\/detachant-spray-150-ml\/#primaryimage"},"image":{"@id":"https:\/\/envasadoxiomara.com\/fr\/tienda\/pharmacie-et-nettoyage\/nettoyants-menagers\/usage-general\/detachant-spray-150-ml\/#primaryimage"},"thumbnailUrl":"https:\/\/envasadoxiomara.com\/wp-content\/uploads\/2020\/06\/0065-QUITAMANCHAS-ALEDIA.png.png","datePublished":"2020-06-19T09:44:41+00:00","description":"D\u00c9TACHANT SPRAY 150\u00a0ml Descubre nuestro amplio cat\u00e1logo.","breadcrumb":{"@id":"https:\/\/envasadoxiomara.com\/fr\/tienda\/pharmacie-et-nettoyage\/nettoyants-menagers\/usage-general\/detachant-spray-150-ml\/#breadcrumb"},"inLanguage":"fr-FR","potentialAction":[{"@type":"ReadAction","target":["https:\/\/envasadoxiomara.com\/fr\/tienda\/pharmacie-et-nettoyage\/nettoyants-menagers\/usage-general\/detachant-spray-150-ml\/"]}]},{"@type":"ImageObject","inLanguage":"fr-FR","@id":"https:\/\/envasadoxiomara.com\/fr\/tienda\/pharmacie-et-nettoyage\/nettoyants-menagers\/usage-general\/detachant-spray-150-ml\/#primaryimage","url":"https:\/\/envasadoxiomara.com\/wp-content\/uploads\/2020\/06\/0065-QUITAMANCHAS-ALEDIA.png.png","contentUrl":"https:\/\/envasadoxiomara.com\/wp-content\/uploads\/2020\/06\/0065-QUITAMANCHAS-ALEDIA.png.png","width":600,"height":600,"caption":"quita manchas aldea"},{"@type":"BreadcrumbList","@id":"https:\/\/envasadoxiomara.com\/fr\/tienda\/pharmacie-et-nettoyage\/nettoyants-menagers\/usage-general\/detachant-spray-150-ml\/#breadcrumb","itemListElement":[{"@type":"ListItem","position":1,"name":"Portada","item":"https:\/\/envasadoxiomara.com\/fr\/fabricant-daerosols-en-espagne\/"},{"@type":"ListItem","position":2,"name":"Tienda","item":"https:\/\/envasadoxiomara.com\/tienda\/"},{"@type":"ListItem","position":3,"name":"D\u00c9TACHANT SPRAY 150\u00a0ml"}]},{"@type":"WebSite","@id":"https:\/\/envasadoxiomara.com\/#website","url":"https:\/\/envasadoxiomara.com\/","name":"Envasados Xiomara","description":"","publisher":{"@id":"https:\/\/envasadoxiomara.com\/#organization"},"alternateName":"F\u00e1brica de aerosoles","potentialAction":[{"@type":"SearchAction","target":{"@type":"EntryPoint","urlTemplate":"https:\/\/envasadoxiomara.com\/?s={search_term_string}"},"query-input":{"@type":"PropertyValueSpecification","valueRequired":true,"valueName":"search_term_string"}}],"inLanguage":"fr-FR"},{"@type":"Organization","@id":"https:\/\/envasadoxiomara.com\/#organization","name":"Envasado Xiomara","url":"https:\/\/envasadoxiomara.com\/","logo":{"@type":"ImageObject","inLanguage":"fr-FR","@id":"https:\/\/envasadoxiomara.com\/#\/schema\/logo\/image\/","url":"https:\/\/envasadoxiomara.com\/wp-content\/uploads\/2017\/04\/logo-empresa-aerosoles-xiomara.jpg","contentUrl":"https:\/\/envasadoxiomara.com\/wp-content\/uploads\/2017\/04\/logo-empresa-aerosoles-xiomara.jpg","width":434,"height":198,"caption":"Envasado Xiomara"},"image":{"@id":"https:\/\/envasadoxiomara.com\/#\/schema\/logo\/image\/"}}]}},"brands":[{"id":406,"name":"Aledia","slug":"aledia-fr"}],"_links":{"self":[{"href":"https:\/\/envasadoxiomara.com\/fr\/wp-json\/wp\/v2\/product\/11360","targetHints":{"allow":["GET"]}}],"collection":[{"href":"https:\/\/envasadoxiomara.com\/fr\/wp-json\/wp\/v2\/product"}],"about":[{"href":"https:\/\/envasadoxiomara.com\/fr\/wp-json\/wp\/v2\/types\/product"}],"replies":[{"embeddable":true,"href":"https:\/\/envasadoxiomara.com\/fr\/wp-json\/wp\/v2\/comments?post=11360"}],"wp:featuredmedia":[{"embeddable":true,"href":"https:\/\/envasadoxiomara.com\/fr\/wp-json\/wp\/v2\/media\/13577"}],"wp:attachment":[{"href":"https:\/\/envasadoxiomara.com\/fr\/wp-json\/wp\/v2\/media?parent=11360"}],"wp:term":[{"taxonomy":"pwb-brand","embeddable":true,"href":"https:\/\/envasadoxiomara.com\/fr\/wp-json\/wp\/v2\/pwb-brand?post=11360"},{"taxonomy":"product_brand","embeddable":true,"href":"https:\/\/envasadoxiomara.com\/fr\/wp-json\/wp\/v2\/product_brand?post=11360"},{"taxonomy":"product_cat","embeddable":true,"href":"https:\/\/envasadoxiomara.com\/fr\/wp-json\/wp\/v2\/product_cat?post=11360"},{"taxonomy":"product_tag","embeddable":true,"href":"https:\/\/envasadoxiomara.com\/fr\/wp-json\/wp\/v2\/product_tag?post=11360"}],"curies":[{"name":"wp","href":"https:\/\/api.w.org\/{rel}","templated":true}]}}