{"id":11472,"date":"2020-06-19T09:42:35","date_gmt":"2020-06-19T09:42:35","guid":{"rendered":"https:\/\/envasadoxiomara.com\/tienda\/non class\u00e9\/diffuseur-automatique-pour-recharge-250-ml\/"},"modified":"2020-06-19T09:42:35","modified_gmt":"2020-06-19T09:42:35","slug":"diffuseur-automatique-pour-recharge-250-ml","status":"publish","type":"product","link":"https:\/\/envasadoxiomara.com\/fr\/tienda\/pharmacie-et-nettoyage\/desodorisants\/pistolet-a-peinture\/diffuseur-automatique-pour-recharge-250-ml\/","title":{"rendered":"DIFFUSEUR AUTOMATIQUE POUR RECHARGE 250\u00a0ml"},"content":{"rendered":"<p>Diffuseur qui pulv\u00e9rise automatiquement le parfum \u00e0 intervalles r\u00e9guliers. Les intervalles de dosage du d\u00e9sodorisant peuvent \u00eatre programm\u00e9s\u00a0: toutes les 7\u201930, 15 ou 30 minutes. Il fonctionne avec des piles et il est possible de le suspendre au mur. Ce distributeur est compatible avec des recharges de d\u00e9sodorisants universels de 250\u00a0ml.<\/p>\n","protected":false},"excerpt":{"rendered":"<p>Diffuseur qui pulv\u00e9rise automatiquement le parfum \u00e0 intervalles r\u00e9guliers. Les intervalles de dosage du d\u00e9sodorisant peuvent \u00eatre programm\u00e9s\u00a0: toutes les 7\u201930, 15 ou 30 minutes. Il<span class=\"excerpt-hellip\"> [\u2026]<\/span><\/p>\n","protected":false},"featured_media":11084,"comment_status":"open","ping_status":"closed","template":"","meta":[],"pwb-brand":[409],"product_brand":[],"product_cat":[226,227,225,228],"product_tag":[],"class_list":{"0":"post-11472","1":"product","2":"type-product","3":"status-publish","4":"has-post-thumbnail","6":"pwb-brand-aire-fresco-fr","7":"product_cat-desodorisants-aerosols","8":"product_cat-desodorisants","9":"product_cat-pharmacie-et-nettoyage","10":"product_cat-pistolet-a-peinture","12":"first","13":"instock","14":"product-type-simple"},"yoast_head":"<!-- This site is optimized with the Yoast SEO plugin v25.2 - https:\/\/yoast.com\/wordpress\/plugins\/seo\/ -->\n<title>DIFFUSEUR AUTOMATIQUE POUR RECHARGE 250\u00a0ml | Envasados Xiomara<\/title>\n<meta name=\"description\" content=\"DIFFUSEUR AUTOMATIQUE POUR RECHARGE 250\u00a0ml Descubre nuestro amplio cat\u00e1logo.\" \/>\n<meta name=\"robots\" content=\"index, follow, max-snippet:-1, max-image-preview:large, max-video-preview:-1\" \/>\n<link rel=\"canonical\" href=\"https:\/\/envasadoxiomara.com\/fr\/tienda\/pharmacie-et-nettoyage\/desodorisants\/pistolet-a-peinture\/diffuseur-automatique-pour-recharge-250-ml\/\" \/>\n<meta property=\"og:locale\" content=\"fr_FR\" \/>\n<meta property=\"og:type\" content=\"article\" \/>\n<meta property=\"og:title\" content=\"DIFFUSEUR AUTOMATIQUE POUR RECHARGE 250\u00a0ml | Envasados Xiomara\" \/>\n<meta property=\"og:description\" content=\"DIFFUSEUR AUTOMATIQUE POUR RECHARGE 250\u00a0ml Descubre nuestro amplio cat\u00e1logo.\" \/>\n<meta property=\"og:url\" content=\"https:\/\/envasadoxiomara.com\/fr\/tienda\/pharmacie-et-nettoyage\/desodorisants\/pistolet-a-peinture\/diffuseur-automatique-pour-recharge-250-ml\/\" \/>\n<meta property=\"og:site_name\" content=\"Envasados Xiomara\" \/>\n<meta property=\"og:image\" content=\"https:\/\/envasadoxiomara.com\/wp-content\/uploads\/2020\/06\/DISPENSADOR.png\" \/>\n\t<meta property=\"og:image:width\" content=\"600\" \/>\n\t<meta property=\"og:image:height\" content=\"600\" \/>\n\t<meta property=\"og:image:type\" content=\"image\/png\" \/>\n<meta name=\"twitter:card\" content=\"summary_large_image\" \/>\n<script type=\"application\/ld+json\" class=\"yoast-schema-graph\">{\"@context\":\"https:\/\/schema.org\",\"@graph\":[{\"@type\":\"WebPage\",\"@id\":\"https:\/\/envasadoxiomara.com\/fr\/tienda\/pharmacie-et-nettoyage\/desodorisants\/pistolet-a-peinture\/diffuseur-automatique-pour-recharge-250-ml\/\",\"url\":\"https:\/\/envasadoxiomara.com\/fr\/tienda\/pharmacie-et-nettoyage\/desodorisants\/pistolet-a-peinture\/diffuseur-automatique-pour-recharge-250-ml\/\",\"name\":\"DIFFUSEUR AUTOMATIQUE POUR RECHARGE 250\u00a0ml | Envasados Xiomara\",\"isPartOf\":{\"@id\":\"https:\/\/envasadoxiomara.com\/#website\"},\"primaryImageOfPage\":{\"@id\":\"https:\/\/envasadoxiomara.com\/fr\/tienda\/pharmacie-et-nettoyage\/desodorisants\/pistolet-a-peinture\/diffuseur-automatique-pour-recharge-250-ml\/#primaryimage\"},\"image\":{\"@id\":\"https:\/\/envasadoxiomara.com\/fr\/tienda\/pharmacie-et-nettoyage\/desodorisants\/pistolet-a-peinture\/diffuseur-automatique-pour-recharge-250-ml\/#primaryimage\"},\"thumbnailUrl\":\"https:\/\/envasadoxiomara.com\/wp-content\/uploads\/2020\/06\/DISPENSADOR.png\",\"datePublished\":\"2020-06-19T09:42:35+00:00\",\"description\":\"DIFFUSEUR AUTOMATIQUE POUR RECHARGE 250\u00a0ml Descubre nuestro amplio cat\u00e1logo.\",\"breadcrumb\":{\"@id\":\"https:\/\/envasadoxiomara.com\/fr\/tienda\/pharmacie-et-nettoyage\/desodorisants\/pistolet-a-peinture\/diffuseur-automatique-pour-recharge-250-ml\/#breadcrumb\"},\"inLanguage\":\"fr-FR\",\"potentialAction\":[{\"@type\":\"ReadAction\",\"target\":[\"https:\/\/envasadoxiomara.com\/fr\/tienda\/pharmacie-et-nettoyage\/desodorisants\/pistolet-a-peinture\/diffuseur-automatique-pour-recharge-250-ml\/\"]}]},{\"@type\":\"ImageObject\",\"inLanguage\":\"fr-FR\",\"@id\":\"https:\/\/envasadoxiomara.com\/fr\/tienda\/pharmacie-et-nettoyage\/desodorisants\/pistolet-a-peinture\/diffuseur-automatique-pour-recharge-250-ml\/#primaryimage\",\"url\":\"https:\/\/envasadoxiomara.com\/wp-content\/uploads\/2020\/06\/DISPENSADOR.png\",\"contentUrl\":\"https:\/\/envasadoxiomara.com\/wp-content\/uploads\/2020\/06\/DISPENSADOR.png\",\"width\":600,\"height\":600,\"caption\":\"dispensador\"},{\"@type\":\"BreadcrumbList\",\"@id\":\"https:\/\/envasadoxiomara.com\/fr\/tienda\/pharmacie-et-nettoyage\/desodorisants\/pistolet-a-peinture\/diffuseur-automatique-pour-recharge-250-ml\/#breadcrumb\",\"itemListElement\":[{\"@type\":\"ListItem\",\"position\":1,\"name\":\"Portada\",\"item\":\"https:\/\/envasadoxiomara.com\/fr\/fabricant-daerosols-en-espagne\/\"},{\"@type\":\"ListItem\",\"position\":2,\"name\":\"Tienda\",\"item\":\"https:\/\/envasadoxiomara.com\/tienda\/\"},{\"@type\":\"ListItem\",\"position\":3,\"name\":\"DIFFUSEUR AUTOMATIQUE POUR RECHARGE 250\u00a0ml\"}]},{\"@type\":\"WebSite\",\"@id\":\"https:\/\/envasadoxiomara.com\/#website\",\"url\":\"https:\/\/envasadoxiomara.com\/\",\"name\":\"Envasados Xiomara\",\"description\":\"\",\"publisher\":{\"@id\":\"https:\/\/envasadoxiomara.com\/#organization\"},\"alternateName\":\"F\u00e1brica de aerosoles\",\"potentialAction\":[{\"@type\":\"SearchAction\",\"target\":{\"@type\":\"EntryPoint\",\"urlTemplate\":\"https:\/\/envasadoxiomara.com\/?s={search_term_string}\"},\"query-input\":{\"@type\":\"PropertyValueSpecification\",\"valueRequired\":true,\"valueName\":\"search_term_string\"}}],\"inLanguage\":\"fr-FR\"},{\"@type\":\"Organization\",\"@id\":\"https:\/\/envasadoxiomara.com\/#organization\",\"name\":\"Envasado Xiomara\",\"url\":\"https:\/\/envasadoxiomara.com\/\",\"logo\":{\"@type\":\"ImageObject\",\"inLanguage\":\"fr-FR\",\"@id\":\"https:\/\/envasadoxiomara.com\/#\/schema\/logo\/image\/\",\"url\":\"https:\/\/envasadoxiomara.com\/wp-content\/uploads\/2017\/04\/logo-empresa-aerosoles-xiomara.jpg\",\"contentUrl\":\"https:\/\/envasadoxiomara.com\/wp-content\/uploads\/2017\/04\/logo-empresa-aerosoles-xiomara.jpg\",\"width\":434,\"height\":198,\"caption\":\"Envasado Xiomara\"},\"image\":{\"@id\":\"https:\/\/envasadoxiomara.com\/#\/schema\/logo\/image\/\"}}]}<\/script>\n<!-- \/ Yoast SEO plugin. -->","yoast_head_json":{"title":"DIFFUSEUR AUTOMATIQUE POUR RECHARGE 250\u00a0ml | Envasados Xiomara","description":"DIFFUSEUR AUTOMATIQUE POUR RECHARGE 250\u00a0ml Descubre nuestro amplio cat\u00e1logo.","robots":{"index":"index","follow":"follow","max-snippet":"max-snippet:-1","max-image-preview":"max-image-preview:large","max-video-preview":"max-video-preview:-1"},"canonical":"https:\/\/envasadoxiomara.com\/fr\/tienda\/pharmacie-et-nettoyage\/desodorisants\/pistolet-a-peinture\/diffuseur-automatique-pour-recharge-250-ml\/","og_locale":"fr_FR","og_type":"article","og_title":"DIFFUSEUR AUTOMATIQUE POUR RECHARGE 250\u00a0ml | Envasados Xiomara","og_description":"DIFFUSEUR AUTOMATIQUE POUR RECHARGE 250\u00a0ml Descubre nuestro amplio cat\u00e1logo.","og_url":"https:\/\/envasadoxiomara.com\/fr\/tienda\/pharmacie-et-nettoyage\/desodorisants\/pistolet-a-peinture\/diffuseur-automatique-pour-recharge-250-ml\/","og_site_name":"Envasados Xiomara","og_image":[{"width":600,"height":600,"url":"https:\/\/envasadoxiomara.com\/wp-content\/uploads\/2020\/06\/DISPENSADOR.png","type":"image\/png"}],"twitter_card":"summary_large_image","schema":{"@context":"https:\/\/schema.org","@graph":[{"@type":"WebPage","@id":"https:\/\/envasadoxiomara.com\/fr\/tienda\/pharmacie-et-nettoyage\/desodorisants\/pistolet-a-peinture\/diffuseur-automatique-pour-recharge-250-ml\/","url":"https:\/\/envasadoxiomara.com\/fr\/tienda\/pharmacie-et-nettoyage\/desodorisants\/pistolet-a-peinture\/diffuseur-automatique-pour-recharge-250-ml\/","name":"DIFFUSEUR AUTOMATIQUE POUR RECHARGE 250\u00a0ml | Envasados Xiomara","isPartOf":{"@id":"https:\/\/envasadoxiomara.com\/#website"},"primaryImageOfPage":{"@id":"https:\/\/envasadoxiomara.com\/fr\/tienda\/pharmacie-et-nettoyage\/desodorisants\/pistolet-a-peinture\/diffuseur-automatique-pour-recharge-250-ml\/#primaryimage"},"image":{"@id":"https:\/\/envasadoxiomara.com\/fr\/tienda\/pharmacie-et-nettoyage\/desodorisants\/pistolet-a-peinture\/diffuseur-automatique-pour-recharge-250-ml\/#primaryimage"},"thumbnailUrl":"https:\/\/envasadoxiomara.com\/wp-content\/uploads\/2020\/06\/DISPENSADOR.png","datePublished":"2020-06-19T09:42:35+00:00","description":"DIFFUSEUR AUTOMATIQUE POUR RECHARGE 250\u00a0ml Descubre nuestro amplio cat\u00e1logo.","breadcrumb":{"@id":"https:\/\/envasadoxiomara.com\/fr\/tienda\/pharmacie-et-nettoyage\/desodorisants\/pistolet-a-peinture\/diffuseur-automatique-pour-recharge-250-ml\/#breadcrumb"},"inLanguage":"fr-FR","potentialAction":[{"@type":"ReadAction","target":["https:\/\/envasadoxiomara.com\/fr\/tienda\/pharmacie-et-nettoyage\/desodorisants\/pistolet-a-peinture\/diffuseur-automatique-pour-recharge-250-ml\/"]}]},{"@type":"ImageObject","inLanguage":"fr-FR","@id":"https:\/\/envasadoxiomara.com\/fr\/tienda\/pharmacie-et-nettoyage\/desodorisants\/pistolet-a-peinture\/diffuseur-automatique-pour-recharge-250-ml\/#primaryimage","url":"https:\/\/envasadoxiomara.com\/wp-content\/uploads\/2020\/06\/DISPENSADOR.png","contentUrl":"https:\/\/envasadoxiomara.com\/wp-content\/uploads\/2020\/06\/DISPENSADOR.png","width":600,"height":600,"caption":"dispensador"},{"@type":"BreadcrumbList","@id":"https:\/\/envasadoxiomara.com\/fr\/tienda\/pharmacie-et-nettoyage\/desodorisants\/pistolet-a-peinture\/diffuseur-automatique-pour-recharge-250-ml\/#breadcrumb","itemListElement":[{"@type":"ListItem","position":1,"name":"Portada","item":"https:\/\/envasadoxiomara.com\/fr\/fabricant-daerosols-en-espagne\/"},{"@type":"ListItem","position":2,"name":"Tienda","item":"https:\/\/envasadoxiomara.com\/tienda\/"},{"@type":"ListItem","position":3,"name":"DIFFUSEUR AUTOMATIQUE POUR RECHARGE 250\u00a0ml"}]},{"@type":"WebSite","@id":"https:\/\/envasadoxiomara.com\/#website","url":"https:\/\/envasadoxiomara.com\/","name":"Envasados Xiomara","description":"","publisher":{"@id":"https:\/\/envasadoxiomara.com\/#organization"},"alternateName":"F\u00e1brica de aerosoles","potentialAction":[{"@type":"SearchAction","target":{"@type":"EntryPoint","urlTemplate":"https:\/\/envasadoxiomara.com\/?s={search_term_string}"},"query-input":{"@type":"PropertyValueSpecification","valueRequired":true,"valueName":"search_term_string"}}],"inLanguage":"fr-FR"},{"@type":"Organization","@id":"https:\/\/envasadoxiomara.com\/#organization","name":"Envasado Xiomara","url":"https:\/\/envasadoxiomara.com\/","logo":{"@type":"ImageObject","inLanguage":"fr-FR","@id":"https:\/\/envasadoxiomara.com\/#\/schema\/logo\/image\/","url":"https:\/\/envasadoxiomara.com\/wp-content\/uploads\/2017\/04\/logo-empresa-aerosoles-xiomara.jpg","contentUrl":"https:\/\/envasadoxiomara.com\/wp-content\/uploads\/2017\/04\/logo-empresa-aerosoles-xiomara.jpg","width":434,"height":198,"caption":"Envasado Xiomara"},"image":{"@id":"https:\/\/envasadoxiomara.com\/#\/schema\/logo\/image\/"}}]}},"brands":[{"id":409,"name":"Aire fresco","slug":"aire-fresco-fr"}],"_links":{"self":[{"href":"https:\/\/envasadoxiomara.com\/fr\/wp-json\/wp\/v2\/product\/11472","targetHints":{"allow":["GET"]}}],"collection":[{"href":"https:\/\/envasadoxiomara.com\/fr\/wp-json\/wp\/v2\/product"}],"about":[{"href":"https:\/\/envasadoxiomara.com\/fr\/wp-json\/wp\/v2\/types\/product"}],"replies":[{"embeddable":true,"href":"https:\/\/envasadoxiomara.com\/fr\/wp-json\/wp\/v2\/comments?post=11472"}],"wp:featuredmedia":[{"embeddable":true,"href":"https:\/\/envasadoxiomara.com\/fr\/wp-json\/wp\/v2\/media\/11084"}],"wp:attachment":[{"href":"https:\/\/envasadoxiomara.com\/fr\/wp-json\/wp\/v2\/media?parent=11472"}],"wp:term":[{"taxonomy":"pwb-brand","embeddable":true,"href":"https:\/\/envasadoxiomara.com\/fr\/wp-json\/wp\/v2\/pwb-brand?post=11472"},{"taxonomy":"product_brand","embeddable":true,"href":"https:\/\/envasadoxiomara.com\/fr\/wp-json\/wp\/v2\/product_brand?post=11472"},{"taxonomy":"product_cat","embeddable":true,"href":"https:\/\/envasadoxiomara.com\/fr\/wp-json\/wp\/v2\/product_cat?post=11472"},{"taxonomy":"product_tag","embeddable":true,"href":"https:\/\/envasadoxiomara.com\/fr\/wp-json\/wp\/v2\/product_tag?post=11472"}],"curies":[{"name":"wp","href":"https:\/\/api.w.org\/{rel}","templated":true}]}}