{"id":11677,"date":"2020-06-19T09:42:33","date_gmt":"2020-06-19T09:42:33","guid":{"rendered":"https:\/\/envasadoxiomara.com\/tienda\/non class\u00e9\/recharge-aerosol-automatique-parfum-frais-250-ml\/"},"modified":"2020-06-19T09:42:33","modified_gmt":"2020-06-19T09:42:33","slug":"recharge-aerosol-automatique-parfum-frais-250-ml","status":"publish","type":"product","link":"https:\/\/envasadoxiomara.com\/fr\/tienda\/pharmacie-et-nettoyage\/desodorisants\/pistolet-a-peinture\/recharge-aerosol-automatique-parfum-frais-250-ml\/","title":{"rendered":"RECHARGE A\u00c9ROSOL AUTOMATIQUE PARFUM FRAIS 250\u00a0ml"},"content":{"rendered":"<p>La recharge de d\u00e9sodorisant spray Air Frais peut s\u2019utiliser manuellement ou avec tout type de diffuseur automatique d\u2019a\u00e9rosols. Il \u00e9limine les mauvaises odeurs procurant une agr\u00e9able fra\u00eecheur naturelle jusqu\u2019\u00e0 60 jours.<\/p>\n","protected":false},"excerpt":{"rendered":"<p>La recharge de d\u00e9sodorisant spray Air Frais peut s\u2019utiliser manuellement ou avec tout type de diffuseur automatique d\u2019a\u00e9rosols. Il \u00e9limine les mauvaises odeurs procurant une agr\u00e9able<span class=\"excerpt-hellip\"> [\u2026]<\/span><\/p>\n","protected":false},"featured_media":11004,"comment_status":"open","ping_status":"closed","template":"","meta":[],"pwb-brand":[409],"product_brand":[],"product_cat":[226,227,225,228],"product_tag":[],"class_list":{"0":"post-11677","1":"product","2":"type-product","3":"status-publish","4":"has-post-thumbnail","6":"pwb-brand-aire-fresco-fr","7":"product_cat-desodorisants-aerosols","8":"product_cat-desodorisants","9":"product_cat-pharmacie-et-nettoyage","10":"product_cat-pistolet-a-peinture","12":"first","13":"instock","14":"product-type-simple"},"yoast_head":"<!-- This site is optimized with the Yoast SEO plugin v25.2 - https:\/\/yoast.com\/wordpress\/plugins\/seo\/ -->\n<title>RECHARGE A\u00c9ROSOL AUTOMATIQUE PARFUM FRAIS 250\u00a0ml | Envasados Xiomara<\/title>\n<meta name=\"description\" content=\"RECHARGE A\u00c9ROSOL AUTOMATIQUE PARFUM FRAIS 250\u00a0ml Descubre nuestro amplio cat\u00e1logo.\" \/>\n<meta name=\"robots\" content=\"index, follow, max-snippet:-1, max-image-preview:large, max-video-preview:-1\" \/>\n<link rel=\"canonical\" href=\"https:\/\/envasadoxiomara.com\/fr\/tienda\/pharmacie-et-nettoyage\/desodorisants\/pistolet-a-peinture\/recharge-aerosol-automatique-parfum-frais-250-ml\/\" \/>\n<meta property=\"og:locale\" content=\"fr_FR\" \/>\n<meta property=\"og:type\" content=\"article\" \/>\n<meta property=\"og:title\" content=\"RECHARGE A\u00c9ROSOL AUTOMATIQUE PARFUM FRAIS 250\u00a0ml | Envasados Xiomara\" \/>\n<meta property=\"og:description\" content=\"RECHARGE A\u00c9ROSOL AUTOMATIQUE PARFUM FRAIS 250\u00a0ml Descubre nuestro amplio cat\u00e1logo.\" \/>\n<meta property=\"og:url\" content=\"https:\/\/envasadoxiomara.com\/fr\/tienda\/pharmacie-et-nettoyage\/desodorisants\/pistolet-a-peinture\/recharge-aerosol-automatique-parfum-frais-250-ml\/\" \/>\n<meta property=\"og:site_name\" content=\"Envasados Xiomara\" \/>\n<meta property=\"og:image\" content=\"https:\/\/envasadoxiomara.com\/wp-content\/uploads\/2020\/06\/6432.png\" \/>\n\t<meta property=\"og:image:width\" content=\"599\" \/>\n\t<meta property=\"og:image:height\" content=\"600\" \/>\n\t<meta property=\"og:image:type\" content=\"image\/png\" \/>\n<meta name=\"twitter:card\" content=\"summary_large_image\" \/>\n<script type=\"application\/ld+json\" class=\"yoast-schema-graph\">{\"@context\":\"https:\/\/schema.org\",\"@graph\":[{\"@type\":\"WebPage\",\"@id\":\"https:\/\/envasadoxiomara.com\/fr\/tienda\/pharmacie-et-nettoyage\/desodorisants\/pistolet-a-peinture\/recharge-aerosol-automatique-parfum-frais-250-ml\/\",\"url\":\"https:\/\/envasadoxiomara.com\/fr\/tienda\/pharmacie-et-nettoyage\/desodorisants\/pistolet-a-peinture\/recharge-aerosol-automatique-parfum-frais-250-ml\/\",\"name\":\"RECHARGE A\u00c9ROSOL AUTOMATIQUE PARFUM FRAIS 250\u00a0ml | Envasados Xiomara\",\"isPartOf\":{\"@id\":\"https:\/\/envasadoxiomara.com\/#website\"},\"primaryImageOfPage\":{\"@id\":\"https:\/\/envasadoxiomara.com\/fr\/tienda\/pharmacie-et-nettoyage\/desodorisants\/pistolet-a-peinture\/recharge-aerosol-automatique-parfum-frais-250-ml\/#primaryimage\"},\"image\":{\"@id\":\"https:\/\/envasadoxiomara.com\/fr\/tienda\/pharmacie-et-nettoyage\/desodorisants\/pistolet-a-peinture\/recharge-aerosol-automatique-parfum-frais-250-ml\/#primaryimage\"},\"thumbnailUrl\":\"https:\/\/envasadoxiomara.com\/wp-content\/uploads\/2020\/06\/6432.png\",\"datePublished\":\"2020-06-19T09:42:33+00:00\",\"description\":\"RECHARGE A\u00c9ROSOL AUTOMATIQUE PARFUM FRAIS 250\u00a0ml Descubre nuestro amplio cat\u00e1logo.\",\"breadcrumb\":{\"@id\":\"https:\/\/envasadoxiomara.com\/fr\/tienda\/pharmacie-et-nettoyage\/desodorisants\/pistolet-a-peinture\/recharge-aerosol-automatique-parfum-frais-250-ml\/#breadcrumb\"},\"inLanguage\":\"fr-FR\",\"potentialAction\":[{\"@type\":\"ReadAction\",\"target\":[\"https:\/\/envasadoxiomara.com\/fr\/tienda\/pharmacie-et-nettoyage\/desodorisants\/pistolet-a-peinture\/recharge-aerosol-automatique-parfum-frais-250-ml\/\"]}]},{\"@type\":\"ImageObject\",\"inLanguage\":\"fr-FR\",\"@id\":\"https:\/\/envasadoxiomara.com\/fr\/tienda\/pharmacie-et-nettoyage\/desodorisants\/pistolet-a-peinture\/recharge-aerosol-automatique-parfum-frais-250-ml\/#primaryimage\",\"url\":\"https:\/\/envasadoxiomara.com\/wp-content\/uploads\/2020\/06\/6432.png\",\"contentUrl\":\"https:\/\/envasadoxiomara.com\/wp-content\/uploads\/2020\/06\/6432.png\",\"width\":599,\"height\":600,\"caption\":\"ambientador para dispensador colonia fresca aire fresco\"},{\"@type\":\"BreadcrumbList\",\"@id\":\"https:\/\/envasadoxiomara.com\/fr\/tienda\/pharmacie-et-nettoyage\/desodorisants\/pistolet-a-peinture\/recharge-aerosol-automatique-parfum-frais-250-ml\/#breadcrumb\",\"itemListElement\":[{\"@type\":\"ListItem\",\"position\":1,\"name\":\"Portada\",\"item\":\"https:\/\/envasadoxiomara.com\/fr\/fabricant-daerosols-en-espagne\/\"},{\"@type\":\"ListItem\",\"position\":2,\"name\":\"Tienda\",\"item\":\"https:\/\/envasadoxiomara.com\/tienda\/\"},{\"@type\":\"ListItem\",\"position\":3,\"name\":\"RECHARGE A\u00c9ROSOL AUTOMATIQUE PARFUM FRAIS 250\u00a0ml\"}]},{\"@type\":\"WebSite\",\"@id\":\"https:\/\/envasadoxiomara.com\/#website\",\"url\":\"https:\/\/envasadoxiomara.com\/\",\"name\":\"Envasados Xiomara\",\"description\":\"\",\"publisher\":{\"@id\":\"https:\/\/envasadoxiomara.com\/#organization\"},\"alternateName\":\"F\u00e1brica de aerosoles\",\"potentialAction\":[{\"@type\":\"SearchAction\",\"target\":{\"@type\":\"EntryPoint\",\"urlTemplate\":\"https:\/\/envasadoxiomara.com\/?s={search_term_string}\"},\"query-input\":{\"@type\":\"PropertyValueSpecification\",\"valueRequired\":true,\"valueName\":\"search_term_string\"}}],\"inLanguage\":\"fr-FR\"},{\"@type\":\"Organization\",\"@id\":\"https:\/\/envasadoxiomara.com\/#organization\",\"name\":\"Envasado Xiomara\",\"url\":\"https:\/\/envasadoxiomara.com\/\",\"logo\":{\"@type\":\"ImageObject\",\"inLanguage\":\"fr-FR\",\"@id\":\"https:\/\/envasadoxiomara.com\/#\/schema\/logo\/image\/\",\"url\":\"https:\/\/envasadoxiomara.com\/wp-content\/uploads\/2017\/04\/logo-empresa-aerosoles-xiomara.jpg\",\"contentUrl\":\"https:\/\/envasadoxiomara.com\/wp-content\/uploads\/2017\/04\/logo-empresa-aerosoles-xiomara.jpg\",\"width\":434,\"height\":198,\"caption\":\"Envasado Xiomara\"},\"image\":{\"@id\":\"https:\/\/envasadoxiomara.com\/#\/schema\/logo\/image\/\"}}]}<\/script>\n<!-- \/ Yoast SEO plugin. -->","yoast_head_json":{"title":"RECHARGE A\u00c9ROSOL AUTOMATIQUE PARFUM FRAIS 250\u00a0ml | Envasados Xiomara","description":"RECHARGE A\u00c9ROSOL AUTOMATIQUE PARFUM FRAIS 250\u00a0ml Descubre nuestro amplio cat\u00e1logo.","robots":{"index":"index","follow":"follow","max-snippet":"max-snippet:-1","max-image-preview":"max-image-preview:large","max-video-preview":"max-video-preview:-1"},"canonical":"https:\/\/envasadoxiomara.com\/fr\/tienda\/pharmacie-et-nettoyage\/desodorisants\/pistolet-a-peinture\/recharge-aerosol-automatique-parfum-frais-250-ml\/","og_locale":"fr_FR","og_type":"article","og_title":"RECHARGE A\u00c9ROSOL AUTOMATIQUE PARFUM FRAIS 250\u00a0ml | Envasados Xiomara","og_description":"RECHARGE A\u00c9ROSOL AUTOMATIQUE PARFUM FRAIS 250\u00a0ml Descubre nuestro amplio cat\u00e1logo.","og_url":"https:\/\/envasadoxiomara.com\/fr\/tienda\/pharmacie-et-nettoyage\/desodorisants\/pistolet-a-peinture\/recharge-aerosol-automatique-parfum-frais-250-ml\/","og_site_name":"Envasados Xiomara","og_image":[{"width":599,"height":600,"url":"https:\/\/envasadoxiomara.com\/wp-content\/uploads\/2020\/06\/6432.png","type":"image\/png"}],"twitter_card":"summary_large_image","schema":{"@context":"https:\/\/schema.org","@graph":[{"@type":"WebPage","@id":"https:\/\/envasadoxiomara.com\/fr\/tienda\/pharmacie-et-nettoyage\/desodorisants\/pistolet-a-peinture\/recharge-aerosol-automatique-parfum-frais-250-ml\/","url":"https:\/\/envasadoxiomara.com\/fr\/tienda\/pharmacie-et-nettoyage\/desodorisants\/pistolet-a-peinture\/recharge-aerosol-automatique-parfum-frais-250-ml\/","name":"RECHARGE A\u00c9ROSOL AUTOMATIQUE PARFUM FRAIS 250\u00a0ml | Envasados Xiomara","isPartOf":{"@id":"https:\/\/envasadoxiomara.com\/#website"},"primaryImageOfPage":{"@id":"https:\/\/envasadoxiomara.com\/fr\/tienda\/pharmacie-et-nettoyage\/desodorisants\/pistolet-a-peinture\/recharge-aerosol-automatique-parfum-frais-250-ml\/#primaryimage"},"image":{"@id":"https:\/\/envasadoxiomara.com\/fr\/tienda\/pharmacie-et-nettoyage\/desodorisants\/pistolet-a-peinture\/recharge-aerosol-automatique-parfum-frais-250-ml\/#primaryimage"},"thumbnailUrl":"https:\/\/envasadoxiomara.com\/wp-content\/uploads\/2020\/06\/6432.png","datePublished":"2020-06-19T09:42:33+00:00","description":"RECHARGE A\u00c9ROSOL AUTOMATIQUE PARFUM FRAIS 250\u00a0ml Descubre nuestro amplio cat\u00e1logo.","breadcrumb":{"@id":"https:\/\/envasadoxiomara.com\/fr\/tienda\/pharmacie-et-nettoyage\/desodorisants\/pistolet-a-peinture\/recharge-aerosol-automatique-parfum-frais-250-ml\/#breadcrumb"},"inLanguage":"fr-FR","potentialAction":[{"@type":"ReadAction","target":["https:\/\/envasadoxiomara.com\/fr\/tienda\/pharmacie-et-nettoyage\/desodorisants\/pistolet-a-peinture\/recharge-aerosol-automatique-parfum-frais-250-ml\/"]}]},{"@type":"ImageObject","inLanguage":"fr-FR","@id":"https:\/\/envasadoxiomara.com\/fr\/tienda\/pharmacie-et-nettoyage\/desodorisants\/pistolet-a-peinture\/recharge-aerosol-automatique-parfum-frais-250-ml\/#primaryimage","url":"https:\/\/envasadoxiomara.com\/wp-content\/uploads\/2020\/06\/6432.png","contentUrl":"https:\/\/envasadoxiomara.com\/wp-content\/uploads\/2020\/06\/6432.png","width":599,"height":600,"caption":"ambientador para dispensador colonia fresca aire fresco"},{"@type":"BreadcrumbList","@id":"https:\/\/envasadoxiomara.com\/fr\/tienda\/pharmacie-et-nettoyage\/desodorisants\/pistolet-a-peinture\/recharge-aerosol-automatique-parfum-frais-250-ml\/#breadcrumb","itemListElement":[{"@type":"ListItem","position":1,"name":"Portada","item":"https:\/\/envasadoxiomara.com\/fr\/fabricant-daerosols-en-espagne\/"},{"@type":"ListItem","position":2,"name":"Tienda","item":"https:\/\/envasadoxiomara.com\/tienda\/"},{"@type":"ListItem","position":3,"name":"RECHARGE A\u00c9ROSOL AUTOMATIQUE PARFUM FRAIS 250\u00a0ml"}]},{"@type":"WebSite","@id":"https:\/\/envasadoxiomara.com\/#website","url":"https:\/\/envasadoxiomara.com\/","name":"Envasados Xiomara","description":"","publisher":{"@id":"https:\/\/envasadoxiomara.com\/#organization"},"alternateName":"F\u00e1brica de aerosoles","potentialAction":[{"@type":"SearchAction","target":{"@type":"EntryPoint","urlTemplate":"https:\/\/envasadoxiomara.com\/?s={search_term_string}"},"query-input":{"@type":"PropertyValueSpecification","valueRequired":true,"valueName":"search_term_string"}}],"inLanguage":"fr-FR"},{"@type":"Organization","@id":"https:\/\/envasadoxiomara.com\/#organization","name":"Envasado Xiomara","url":"https:\/\/envasadoxiomara.com\/","logo":{"@type":"ImageObject","inLanguage":"fr-FR","@id":"https:\/\/envasadoxiomara.com\/#\/schema\/logo\/image\/","url":"https:\/\/envasadoxiomara.com\/wp-content\/uploads\/2017\/04\/logo-empresa-aerosoles-xiomara.jpg","contentUrl":"https:\/\/envasadoxiomara.com\/wp-content\/uploads\/2017\/04\/logo-empresa-aerosoles-xiomara.jpg","width":434,"height":198,"caption":"Envasado Xiomara"},"image":{"@id":"https:\/\/envasadoxiomara.com\/#\/schema\/logo\/image\/"}}]}},"brands":[{"id":409,"name":"Aire fresco","slug":"aire-fresco-fr"}],"_links":{"self":[{"href":"https:\/\/envasadoxiomara.com\/fr\/wp-json\/wp\/v2\/product\/11677","targetHints":{"allow":["GET"]}}],"collection":[{"href":"https:\/\/envasadoxiomara.com\/fr\/wp-json\/wp\/v2\/product"}],"about":[{"href":"https:\/\/envasadoxiomara.com\/fr\/wp-json\/wp\/v2\/types\/product"}],"replies":[{"embeddable":true,"href":"https:\/\/envasadoxiomara.com\/fr\/wp-json\/wp\/v2\/comments?post=11677"}],"wp:featuredmedia":[{"embeddable":true,"href":"https:\/\/envasadoxiomara.com\/fr\/wp-json\/wp\/v2\/media\/11004"}],"wp:attachment":[{"href":"https:\/\/envasadoxiomara.com\/fr\/wp-json\/wp\/v2\/media?parent=11677"}],"wp:term":[{"taxonomy":"pwb-brand","embeddable":true,"href":"https:\/\/envasadoxiomara.com\/fr\/wp-json\/wp\/v2\/pwb-brand?post=11677"},{"taxonomy":"product_brand","embeddable":true,"href":"https:\/\/envasadoxiomara.com\/fr\/wp-json\/wp\/v2\/product_brand?post=11677"},{"taxonomy":"product_cat","embeddable":true,"href":"https:\/\/envasadoxiomara.com\/fr\/wp-json\/wp\/v2\/product_cat?post=11677"},{"taxonomy":"product_tag","embeddable":true,"href":"https:\/\/envasadoxiomara.com\/fr\/wp-json\/wp\/v2\/product_tag?post=11677"}],"curies":[{"name":"wp","href":"https:\/\/api.w.org\/{rel}","templated":true}]}}